{"id":47,"date":"2021-08-26T13:22:07","date_gmt":"2021-08-26T12:22:07","guid":{"rendered":"http:\/\/dummy.xtemos.com\/woodmart2\/elementor\/?page_id=47"},"modified":"2025-11-25T08:47:13","modified_gmt":"2025-11-25T07:47:13","slug":"%e4%bf%a1%e8%aa%89%e8%89%af%e5%a5%bd%e7%9a%84-gbl-%e5%95%86%e5%ba%97","status":"publish","type":"page","link":"https:\/\/ko-tropfen-kaufen.com\/zh\/%e4%bf%a1%e8%aa%89%e8%89%af%e5%a5%bd%e7%9a%84-gbl-%e5%95%86%e5%ba%97\/","title":{"rendered":"\u5546\u5e97"},"content":{"rendered":"<div id=\"ez-toc-container\" class=\"ez-toc-v2_0_82_2 counter-hierarchy ez-toc-counter ez-toc-grey ez-toc-container-direction\">\n<div class=\"ez-toc-title-container\">\n<p class=\"ez-toc-title\" style=\"cursor:inherit\">\u76ee\u5f55<\/p>\n<span class=\"ez-toc-title-toggle\"><a href=\"#\" class=\"ez-toc-pull-right ez-toc-btn ez-toc-btn-xs ez-toc-btn-default ez-toc-toggle\" aria-label=\"\u5207\u6362\u76ee\u5f55\"><span class=\"ez-toc-js-icon-con\"><span class=\"\"><span class=\"eztoc-hide\" style=\"display:none;\">\u5207\u6362<\/span><span class=\"ez-toc-icon-toggle-span\"><svg style=\"fill: #999;color:#999\" xmlns=\"http:\/\/www.w3.org\/2000\/svg\" class=\"list-377408\" width=\"20px\" height=\"20px\" viewbox=\"0 0 24 24\" fill=\"none\"><path d=\"M6 6H4v2h2V6zm14 0H8v2h12V6zM4 11h2v2H4v-2zm16 0H8v2h12v-2zM4 16h2v2H4v-2zm16 0H8v2h12v-2z\" fill=\"currentColor\"><\/path><\/svg><svg style=\"fill: #999;color:#999\" class=\"arrow-unsorted-368013\" xmlns=\"http:\/\/www.w3.org\/2000\/svg\" width=\"10px\" height=\"10px\" viewbox=\"0 0 24 24\" version=\"1.2\" baseprofile=\"tiny\"><path d=\"M18.2 9.3l-6.2-6.3-6.2 6.3c-.2.2-.3.4-.3.7s.1.5.3.7c.2.2.4.3.7.3h11c.3 0 .5-.1.7-.3.2-.2.3-.5.3-.7s-.1-.5-.3-.7zM5.8 14.7l6.2 6.3 6.2-6.3c.2-.2.3-.5.3-.7s-.1-.5-.3-.7c-.2-.2-.4-.3-.7-.3h-11c-.3 0-.5.1-.7.3-.2.2-.3.5-.3.7s.1.5.3.7z\"\/><\/svg><\/span><\/span><\/span><\/a><\/span><\/div>\n<nav><ul class='ez-toc-list ez-toc-list-level-1' ><li class='ez-toc-page-1 ez-toc-heading-level-2'><a class=\"ez-toc-link ez-toc-heading-1\" href=\"https:\/\/ko-tropfen-kaufen.com\/zh\/%e4%bf%a1%e8%aa%89%e8%89%af%e5%a5%bd%e7%9a%84-gbl-%e5%95%86%e5%ba%97\/#Serioser_GBL_Shop_Deutschland_ko-tropfen-kaufen\" >\u4fe1\u8a89\u826f\u597d\u7684\u5fb7\u56fd GBL \u5546\u5e97 ko-tropfen-kaufen<\/a><\/li><li class='ez-toc-page-1 ez-toc-heading-level-2'><a class=\"ez-toc-link ez-toc-heading-2\" href=\"https:\/\/ko-tropfen-kaufen.com\/zh\/%e4%bf%a1%e8%aa%89%e8%89%af%e5%a5%bd%e7%9a%84-gbl-%e5%95%86%e5%ba%97\/#Hochste_Qualitat_GBLGHB_zu_wettbewerbsfahigen_Preisen\" >\u6700\u9ad8\u8d28\u91cf\u7684 GBL\/GHB\uff0c\u6781\u5177\u7ade\u4e89\u529b\u7684\u4ef7\u683c<\/a><\/li><\/ul><\/nav><\/div>\n<h2 class=\"wp-block-heading\" id=\"h-serioser-gbl-shop-deutschland-ko-tropfen-kaufen\"><span class=\"ez-toc-section\" id=\"Serioser_GBL_Shop_Deutschland_ko-tropfen-kaufen\"><\/span>\u4fe1\u8a89\u826f\u597d\u7684\u5fb7\u56fd GBL \u5546\u5e97 ko-tropfen-kaufen<span class=\"ez-toc-section-end\"><\/span><\/h2>\n\n\n\n<p>\u60a8\u5728\u5bfb\u627e\u503c\u5f97\u4fe1\u8d56\u7684 GBL\uff08\u03b3-\u4e01\u5185\u916f\uff09\u4f9b\u5e94\u5546\u5417\uff1f <a href=\"https:\/\/ko-tropfen-kaufen.com\/\">ko-tropfen-kaufen.com<\/a> \u5728\u5fb7\u56fd\uff01\u6211\u4eec\u4e3a\u60a8\u63d0\u4f9b<\/p>\n\n\n\n<h2 class=\"wp-block-heading\" id=\"h-hochste-qualitat-gbl-ghb-zu-wettbewerbsfahigen-preisen\"><span class=\"ez-toc-section\" id=\"Hochste_Qualitat_GBLGHB_zu_wettbewerbsfahigen_Preisen\"><\/span>\u6700\u9ad8\u8d28\u91cf\u7684 GBL\/GHB\uff0c\u6781\u5177\u7ade\u4e89\u529b\u7684\u4ef7\u683c<span class=\"ez-toc-section-end\"><\/span><\/h2>\n\n\n\n<ul class=\"wp-block-list\">\n<li>\u8c28\u614e\u3001\u5b89\u5168\u7684\u4ea4\u4ed8<\/li>\n\n\n\n<li>\u5feb\u901f\u5904\u7406\u60a8\u7684\u8ba2\u5355<\/li>\n\n\n\n<li>\u5168\u9762\u7684\u5ba2\u6237\u670d\u52a1<\/li>\n<\/ul>\n\n\n\n<p>\u6211\u4eec\u81f4\u529b\u4e8e\u4e3a\u5ba2\u6237\u63d0\u4f9b\u6700\u4f73\u7684 GBL \u4f53\u9a8c\u3002\u4eca\u5929\u5c31\u5411\u6211\u4eec\u8ba2\u8d2d\u5427\uff01<\/p>\n\n\n\n<p>\u65e5\uff1a <a href=\"https:\/\/ko-tropfen-kaufen.com\/product-category\/ko-tropfen-wo-kaufen\/\">KO \u964d\u4ef7 \u5728\u54ea\u91cc\u8d2d\u4e70<\/a>, GBL Shop, \u8d2d\u4e70\u4f3d\u9a6c\u4e01\u5185\u916f, \u5fb7\u56fd, \u4fe1\u8a89\u597d, \u8c28\u614e, \u5b89\u5168, GHB, \u8ba2\u5355<\/p>\n\n\n\n<blockquote class=\"wp-block-quote is-layout-flow wp-block-quote-is-layout-flow\">\n<p>(\u514d\u8d23\u58f0\u660e <a href=\"https:\/\/www.die-anwalts-kanzlei.de\/ghb-gbl-die-partydroge-und-das-btmg\/\" target=\"_blank\" rel=\"noopener\">\u8bf7\u4e86\u89e3\u300aGBL\u300b\u7684\u6cd5\u5f8b\u89c4\u5b9a<\/a> \u5728\u60a8\u6240\u5728\u5730\u533a\uff09<\/p>\n<\/blockquote>","protected":false},"excerpt":{"rendered":"<p>Seri\u00f6ser GBL Shop Deutschland ko-tropfen-kaufen Sie suchen einen vertrauensw\u00fcrdigen Anbieter von GBL (Gamma-Butyrolacton)? ko-tropfen-kaufen.com in Deutschland ist hier! Wir bieten Ihnen: H\u00f6chste Qualit\u00e4t GBL\/GHB zu wettbewerbsf\u00e4higen Preisen Wir sind bestrebt, unseren Kunden das beste GBL-Erlebnis zu bieten. Bestellen Sie noch heute bei uns! Tag: KO Tropfen Wo Kaufen, GBL Shop, Gamma-Butyrolacton kaufen, Deutschland, seri\u00f6s, diskret, [&hellip;]<\/p>\n","protected":false},"author":2,"featured_media":0,"parent":0,"menu_order":0,"comment_status":"closed","ping_status":"closed","template":"","meta":{"footnotes":""},"class_list":["post-47","page","type-page","status-publish","hentry"],"blocksy_meta":[],"jetpack_sharing_enabled":true,"_links":{"self":[{"href":"https:\/\/ko-tropfen-kaufen.com\/zh\/wp-json\/wp\/v2\/pages\/47","targetHints":{"allow":["GET"]}}],"collection":[{"href":"https:\/\/ko-tropfen-kaufen.com\/zh\/wp-json\/wp\/v2\/pages"}],"about":[{"href":"https:\/\/ko-tropfen-kaufen.com\/zh\/wp-json\/wp\/v2\/types\/page"}],"author":[{"embeddable":true,"href":"https:\/\/ko-tropfen-kaufen.com\/zh\/wp-json\/wp\/v2\/users\/2"}],"replies":[{"embeddable":true,"href":"https:\/\/ko-tropfen-kaufen.com\/zh\/wp-json\/wp\/v2\/comments?post=47"}],"version-history":[{"count":5,"href":"https:\/\/ko-tropfen-kaufen.com\/zh\/wp-json\/wp\/v2\/pages\/47\/revisions"}],"predecessor-version":[{"id":16275,"href":"https:\/\/ko-tropfen-kaufen.com\/zh\/wp-json\/wp\/v2\/pages\/47\/revisions\/16275"}],"wp:attachment":[{"href":"https:\/\/ko-tropfen-kaufen.com\/zh\/wp-json\/wp\/v2\/media?parent=47"}],"curies":[{"name":"wp","href":"https:\/\/api.w.org\/{rel}","templated":true}]}}