{"id":15725,"date":"2024-11-25T21:57:31","date_gmt":"2024-11-25T20:57:31","guid":{"rendered":"https:\/\/ko-tropfen-kaufen.com\/?page_id=15725"},"modified":"2025-11-24T16:12:14","modified_gmt":"2025-11-24T15:12:14","slug":"%e4%b8%80%e8%88%ac%e6%9d%a1%e6%ac%be%e5%92%8c%e6%9d%a1%e4%bb%b6","status":"publish","type":"page","link":"https:\/\/ko-tropfen-kaufen.com\/zh\/%e4%b8%80%e8%88%ac%e6%9d%a1%e6%ac%be%e5%92%8c%e6%9d%a1%e4%bb%b6\/","title":{"rendered":"\u4e00\u822c\u6761\u6b3e\u548c\u6761\u4ef6"},"content":{"rendered":"<div id=\"ez-toc-container\" class=\"ez-toc-v2_0_82_2 counter-hierarchy ez-toc-counter ez-toc-grey ez-toc-container-direction\">\n<div class=\"ez-toc-title-container\">\n<p class=\"ez-toc-title\" style=\"cursor:inherit\">\u76ee\u5f55<\/p>\n<span class=\"ez-toc-title-toggle\"><a href=\"#\" class=\"ez-toc-pull-right ez-toc-btn ez-toc-btn-xs ez-toc-btn-default ez-toc-toggle\" aria-label=\"\u5207\u6362\u76ee\u5f55\"><span class=\"ez-toc-js-icon-con\"><span class=\"\"><span class=\"eztoc-hide\" style=\"display:none;\">\u5207\u6362<\/span><span class=\"ez-toc-icon-toggle-span\"><svg style=\"fill: #999;color:#999\" xmlns=\"http:\/\/www.w3.org\/2000\/svg\" class=\"list-377408\" width=\"20px\" height=\"20px\" viewbox=\"0 0 24 24\" fill=\"none\"><path d=\"M6 6H4v2h2V6zm14 0H8v2h12V6zM4 11h2v2H4v-2zm16 0H8v2h12v-2zM4 16h2v2H4v-2zm16 0H8v2h12v-2z\" fill=\"currentColor\"><\/path><\/svg><svg style=\"fill: #999;color:#999\" class=\"arrow-unsorted-368013\" xmlns=\"http:\/\/www.w3.org\/2000\/svg\" width=\"10px\" height=\"10px\" viewbox=\"0 0 24 24\" version=\"1.2\" baseprofile=\"tiny\"><path d=\"M18.2 9.3l-6.2-6.3-6.2 6.3c-.2.2-.3.4-.3.7s.1.5.3.7c.2.2.4.3.7.3h11c.3 0 .5-.1.7-.3.2-.2.3-.5.3-.7s-.1-.5-.3-.7zM5.8 14.7l6.2 6.3 6.2-6.3c.2-.2.3-.5.3-.7s-.1-.5-.3-.7c-.2-.2-.4-.3-.7-.3h-11c-.3 0-.5.1-.7.3-.2.2-.3.5-.3.7s.1.5.3.7z\"\/><\/svg><\/span><\/span><\/span><\/a><\/span><\/div>\n<nav><ul class='ez-toc-list ez-toc-list-level-1' ><li class='ez-toc-page-1 ez-toc-heading-level-3'><a class=\"ez-toc-link ez-toc-heading-1\" href=\"https:\/\/ko-tropfen-kaufen.com\/zh\/%e4%b8%80%e8%88%ac%e6%9d%a1%e6%ac%be%e5%92%8c%e6%9d%a1%e4%bb%b6\/#Ko-Tropfen-Kaufencom\" >\u8d2d\u4e70-co-drops.com<\/a><\/li><li class='ez-toc-page-1 ez-toc-heading-level-3'><a class=\"ez-toc-link ez-toc-heading-2\" href=\"https:\/\/ko-tropfen-kaufen.com\/zh\/%e4%b8%80%e8%88%ac%e6%9d%a1%e6%ac%be%e5%92%8c%e6%9d%a1%e4%bb%b6\/#1_Allgemeine_Bedingungen\" >1. \u4e00\u822c\u6761\u4ef6<\/a><\/li><li class='ez-toc-page-1 ez-toc-heading-level-3'><a class=\"ez-toc-link ez-toc-heading-3\" href=\"https:\/\/ko-tropfen-kaufen.com\/zh\/%e4%b8%80%e8%88%ac%e6%9d%a1%e6%ac%be%e5%92%8c%e6%9d%a1%e4%bb%b6\/#2_Bestellungen_und_Zahlungen\" >2. \u8ba2\u5355\u548c\u4ed8\u6b3e<\/a><\/li><li class='ez-toc-page-1 ez-toc-heading-level-3'><a class=\"ez-toc-link ez-toc-heading-4\" href=\"https:\/\/ko-tropfen-kaufen.com\/zh\/%e4%b8%80%e8%88%ac%e6%9d%a1%e6%ac%be%e5%92%8c%e6%9d%a1%e4%bb%b6\/#3_Versand_und_Lieferung\" >3. \u53d1\u9001\u548c\u4ea4\u4ed8<\/a><\/li><li class='ez-toc-page-1 ez-toc-heading-level-3'><a class=\"ez-toc-link ez-toc-heading-5\" href=\"https:\/\/ko-tropfen-kaufen.com\/zh\/%e4%b8%80%e8%88%ac%e6%9d%a1%e6%ac%be%e5%92%8c%e6%9d%a1%e4%bb%b6\/#4_Ruckgabe_und_Ruckerstattung\" >4. \u9000\u8d27\u548c\u9000\u6b3e<\/a><\/li><li class='ez-toc-page-1 ez-toc-heading-level-3'><a class=\"ez-toc-link ez-toc-heading-6\" href=\"https:\/\/ko-tropfen-kaufen.com\/zh\/%e4%b8%80%e8%88%ac%e6%9d%a1%e6%ac%be%e5%92%8c%e6%9d%a1%e4%bb%b6\/#5_Haftungsausschluss\" >5. \u514d\u8d23\u58f0\u660e<\/a><\/li><li class='ez-toc-page-1 ez-toc-heading-level-3'><a class=\"ez-toc-link ez-toc-heading-7\" href=\"https:\/\/ko-tropfen-kaufen.com\/zh\/%e4%b8%80%e8%88%ac%e6%9d%a1%e6%ac%be%e5%92%8c%e6%9d%a1%e4%bb%b6\/#6_Datenschutz\" >6. \u6570\u636e\u4fdd\u62a4<\/a><\/li><li class='ez-toc-page-1 ez-toc-heading-level-3'><a class=\"ez-toc-link ez-toc-heading-8\" href=\"https:\/\/ko-tropfen-kaufen.com\/zh\/%e4%b8%80%e8%88%ac%e6%9d%a1%e6%ac%be%e5%92%8c%e6%9d%a1%e4%bb%b6\/#7_Geistiges_Eigentum\" >7 \u77e5\u8bc6\u4ea7\u6743<\/a><\/li><li class='ez-toc-page-1 ez-toc-heading-level-3'><a class=\"ez-toc-link ez-toc-heading-9\" href=\"https:\/\/ko-tropfen-kaufen.com\/zh\/%e4%b8%80%e8%88%ac%e6%9d%a1%e6%ac%be%e5%92%8c%e6%9d%a1%e4%bb%b6\/#8_Anwendbares_Recht\" >8 \u9002\u7528\u6cd5\u5f8b<\/a><\/li><li class='ez-toc-page-1 ez-toc-heading-level-3'><a class=\"ez-toc-link ez-toc-heading-10\" href=\"https:\/\/ko-tropfen-kaufen.com\/zh\/%e4%b8%80%e8%88%ac%e6%9d%a1%e6%ac%be%e5%92%8c%e6%9d%a1%e4%bb%b6\/#9_Kontakt\" >9. \u8054\u7cfb<\/a><\/li><\/ul><\/nav><\/div>\n<h3 class=\"wp-block-heading\" id=\"h-ko-tropfen-kaufen-com\"><span class=\"ez-toc-section\" id=\"Ko-Tropfen-Kaufencom\"><\/span>\u8d2d\u4e70-co-drops.com<span class=\"ez-toc-section-end\"><\/span><\/h3>\n\n\n\n<p>\u6b22\u8fce\u6765\u5230 <a href=\"https:\/\/ko-tropfen-kaufen.com?v=820eb5b696ea\">\u8d2d\u4e70-co-drops.com<\/a>.\u8bbf\u95ee\u6211\u4eec\u7684\u7f51\u7ad9\u5e76\u4f7f\u7528\u6211\u4eec\u7684\u670d\u52a1\uff0c\u5373\u8868\u793a\u60a8\u540c\u610f\u4ee5\u4e0b\u4e00\u822c\u6761\u6b3e\u548c\u6761\u4ef6 (GTC)\u3002\u8bf7\u4ed4\u7ec6\u9605\u8bfb\u3002<\/p>\n\n\n\n<h3 class=\"wp-block-heading\" id=\"h-1-allgemeine-bedingungen\"><span class=\"ez-toc-section\" id=\"1_Allgemeine_Bedingungen\"><\/span>1. \u4e00\u822c\u6761\u4ef6<span class=\"ez-toc-section-end\"><\/span><\/h3>\n\n\n\n<p>1.1. <strong>\u7f51\u7ad9\u7684\u4f7f\u7528\uff1a<\/strong> \u4f7f\u7528\u6211\u4eec\u7684\u7f51\u7ad9\u5373\u8868\u793a\u60a8\u540c\u610f\u8fd9\u4e9b\u6761\u6b3e\u548c\u6761\u4ef6\uff0c\u5e76\u627f\u8bfa\u9075\u5b88\u6240\u6709\u9002\u7528\u7684\u6cd5\u5f8b\u548c\u6cd5\u89c4\u3002<\/p>\n\n\n\n<p>1.2. <strong>\u53d8\u5316\uff1a<\/strong> \u6211\u4eec\u4fdd\u7559\u968f\u65f6\u4fee\u8ba2\u672c GTC \u7684\u6743\u5229\u3002\u4fee\u6539\u5185\u5bb9\u5c06\u5728\u672c\u9875\u9762\u516c\u5e03\u5e76\u7acb\u5373\u751f\u6548\u3002\u5982\u679c\u60a8\u7ee7\u7eed\u4f7f\u7528\u672c\u7f51\u7ad9\uff0c\u5373\u8868\u793a\u60a8\u63a5\u53d7\u4fee\u6539\u540e\u7684\u6761\u6b3e\u3002<\/p>\n\n\n\n<h3 class=\"wp-block-heading\" id=\"h-2-bestellungen-und-zahlungen\"><span class=\"ez-toc-section\" id=\"2_Bestellungen_und_Zahlungen\"><\/span>2. \u8ba2\u5355\u548c\u4ed8\u6b3e<span class=\"ez-toc-section-end\"><\/span><\/h3>\n\n\n\n<p>2.1. <strong>\u8ba2\u8d2d\u6d41\u7a0b\uff1a<\/strong> \u5728\u6211\u4eec\u7f51\u7ad9\u4e0a\u4e0b\u8fbe\u7684\u6240\u6709\u8ba2\u5355\u5747\u5177\u6709\u7ea6\u675f\u529b\u3002\u4e00\u65e6\u8ba2\u5355\u6210\u529f\u4e0b\u8fbe\uff0c\u60a8\u5c06\u901a\u8fc7\u7535\u5b50\u90ae\u4ef6\u6536\u5230\u8ba2\u5355\u786e\u8ba4\u51fd\u3002<\/p>\n\n\n\n<p>2.2. <strong>\u4ef7\u683c<\/strong> \u7f51\u7ad9\u4e0a\u7684\u6240\u6709\u62a5\u4ef7\u5747\u5305\u542b\u589e\u503c\u7a0e\uff0c\u4f46\u4e0d\u5305\u62ec\u8fd0\u8d39\u3002\u6211\u4eec\u4fdd\u7559\u968f\u65f6\u66f4\u6539\u4ef7\u683c\u7684\u6743\u5229\u3002<\/p>\n\n\n\n<p>2.3. <strong>\u4ed8\u6b3e\u65b9\u5f0f\uff1a<\/strong> \u6211\u4eec\u63a5\u53d7\u5404\u79cd\u4ed8\u6b3e\u65b9\u5f0f\uff0c\u5177\u4f53\u4ed8\u6b3e\u65b9\u5f0f\u5728\u8ba2\u8d2d\u8fc7\u7a0b\u4e2d\u8bf4\u660e\u3002\u4ed8\u6b3e\u5fc5\u987b\u5728\u8ba2\u8d2d\u4ea7\u54c1\u53d1\u8d27\u524d\u5b8c\u6210\u3002<\/p>\n\n\n\n<h3 class=\"wp-block-heading\" id=\"h-3-versand-und-lieferung\"><span class=\"ez-toc-section\" id=\"3_Versand_und_Lieferung\"><\/span>3. \u53d1\u9001\u548c\u4ea4\u4ed8<span class=\"ez-toc-section-end\"><\/span><\/h3>\n\n\n\n<p>3.1. <strong>\u8c03\u5ea6\uff1a<\/strong> \u6211\u4eec\u5728\u5fb7\u56fd\u5883\u5185\u548c\u56fd\u9645\u8303\u56f4\u5185\u8fd0\u9001\u4ea7\u54c1\u3002\u8ba2\u8d2d\u8fc7\u7a0b\u4e2d\u4f1a\u663e\u793a\u8fd0\u8d39\u548c\u4ea4\u8d27\u65f6\u95f4\u3002<\/p>\n\n\n\n<p>3.2. <strong>\u4ea4\u8d27\u65f6\u95f4\uff1a<\/strong> \u9001\u8d27\u65f6\u95f4\u53ef\u80fd\u56e0\u8fd0\u9001\u76ee\u7684\u5730\u800c\u5f02\u3002\u6211\u4eec\u4f1a\u5c3d\u529b\u5c3d\u5feb\u53d1\u9001\u60a8\u7684\u8ba2\u5355\u3002\u7531\u4e8e\u4e0d\u53ef\u9884\u89c1\u7684\u60c5\u51b5\u800c\u9020\u6210\u7684\u5ef6\u8bef\u4e0d\u5728\u6211\u4eec\u7684\u63a7\u5236\u8303\u56f4\u4e4b\u5185\u3002<\/p>\n\n\n\n<h3 class=\"wp-block-heading\" id=\"h-4-ruckgabe-und-ruckerstattung\"><span class=\"ez-toc-section\" id=\"4_Ruckgabe_und_Ruckerstattung\"><\/span>4. \u9000\u8d27\u548c\u9000\u6b3e<span class=\"ez-toc-section-end\"><\/span><\/h3>\n\n\n\n<p>4.1. <strong>\u8fd4\u56de\u6743\uff1a<\/strong> \u60a8\u6709\u6743\u5728\u6536\u5230\u4ea7\u54c1\u540e 30 \u5929\u5185\u9000\u8d27\u3002\u4ea7\u54c1\u5fc5\u987b\u5728\u672a\u5f00\u5c01\u548c\u672a\u4f7f\u7528\u7684\u539f\u59cb\u72b6\u6001\u4e0b\u9000\u56de\u3002<\/p>\n\n\n\n<p>4.2. <strong>\u62a5\u9500\uff1a<\/strong> \u5728\u6536\u5230\u5e76\u68c0\u67e5\u9000\u56de\u7684\u4ea7\u54c1\u540e\uff0c\u6211\u4eec\u5c06\u5728 5-7 \u4e2a\u5de5\u4f5c\u65e5\u5185\u6309\u7167\u539f\u59cb\u4ed8\u6b3e\u65b9\u5f0f\u9000\u6b3e\u3002<\/p>\n\n\n\n<h3 class=\"wp-block-heading\" id=\"h-5-haftungsausschluss\"><span class=\"ez-toc-section\" id=\"5_Haftungsausschluss\"><\/span>5. \u514d\u8d23\u58f0\u660e<span class=\"ez-toc-section-end\"><\/span><\/h3>\n\n\n\n<p>5.1. <strong>\u7f51\u7ad9\u5185\u5bb9\uff1a<\/strong> \u5c3d\u7ba1\u6211\u4eec\u52aa\u529b\u63d0\u4f9b\u51c6\u786e\u7684\u6700\u65b0\u4fe1\u606f\uff0c\u4f46\u6211\u4eec\u5bf9\u7f51\u7ad9\u5185\u5bb9\u7684\u51c6\u786e\u6027\u3001\u5b8c\u6574\u6027\u6216\u53ca\u65f6\u6027\u4e0d\u627f\u62c5\u4efb\u4f55\u8d23\u4efb\u3002<\/p>\n\n\n\n<p>5.2. <strong>\u5916\u90e8\u94fe\u63a5\uff1a<\/strong> \u6211\u4eec\u7684\u7f51\u7ad9\u53ef\u80fd\u5305\u542b\u5916\u90e8\u7f51\u7ad9\u7684\u94fe\u63a5\u3002\u6211\u4eec\u4e0d\u5bf9\u8fd9\u4e9b\u7f51\u7ad9\u7684\u5185\u5bb9\u6216\u9690\u79c1\u4fdd\u62a4\u63aa\u65bd\u8d1f\u8d23\u3002<\/p>\n\n\n\n<h3 class=\"wp-block-heading\" id=\"h-6-datenschutz\"><span class=\"ez-toc-section\" id=\"6_Datenschutz\"><\/span>6. \u6570\u636e\u4fdd\u62a4<span class=\"ez-toc-section-end\"><\/span><\/h3>\n\n\n\n<p>6.1. <strong>\u9690\u79c1\u653f\u7b56\uff1a<\/strong> \u6211\u4eec\u7684\u9690\u79c1\u653f\u7b56\u63cf\u8ff0\u4e86\u6211\u4eec\u5982\u4f55\u6536\u96c6\u3001\u4f7f\u7528\u548c\u4fdd\u62a4\u60a8\u7684\u4e2a\u4eba\u6570\u636e\uff0c\u662f\u672c GTC \u4e0d\u53ef\u5206\u5272\u7684\u4e00\u90e8\u5206\u3002<\/p>\n\n\n\n<h3 class=\"wp-block-heading\" id=\"h-7-geistiges-eigentum\"><span class=\"ez-toc-section\" id=\"7_Geistiges_Eigentum\"><\/span>7 \u77e5\u8bc6\u4ea7\u6743<span class=\"ez-toc-section-end\"><\/span><\/h3>\n\n\n\n<p>7.1. <strong>\u7248\u6743\u6240\u6709\uff1a<\/strong> \u6211\u4eec\u7f51\u7ad9\u4e0a\u7684\u6240\u6709\u5185\u5bb9\uff0c\u5305\u62ec\u6587\u672c\u3001\u56fe\u50cf\u548c\u56fe\u5f62\uff0c\u5747\u53d7\u7248\u6743\u4fdd\u62a4\u3002\u672a\u7ecf\u6211\u4eec\u660e\u786e\u7684\u4e66\u9762\u540c\u610f\uff0c\u7981\u6b62\u4f7f\u7528\u8fd9\u4e9b\u5185\u5bb9\u3002<\/p>\n\n\n\n<h3 class=\"wp-block-heading\" id=\"h-8-anwendbares-recht\"><span class=\"ez-toc-section\" id=\"8_Anwendbares_Recht\"><\/span>8 \u9002\u7528\u6cd5\u5f8b<span class=\"ez-toc-section-end\"><\/span><\/h3>\n\n\n\n<p>8.1. <strong>\u53f8\u6cd5\u7ba1\u8f96\u5730\uff1a<\/strong> \u672c GTC \u53d7\u5fb7\u56fd\u6cd5\u5f8b\u7ba1\u8f96\u3002\u5982\u679c\u53d1\u751f\u4e89\u8bae\uff0c\u6211\u516c\u53f8\u7684\u6ce8\u518c\u5730\u4e3a\u53f8\u6cd5\u7ba1\u8f96\u5730\u3002<\/p>\n\n\n\n<h3 class=\"wp-block-heading\" id=\"h-9-kontakt\"><span class=\"ez-toc-section\" id=\"9_Kontakt\"><\/span>9. \u8054\u7cfb<span class=\"ez-toc-section-end\"><\/span><\/h3>\n\n\n\n<p>\u5982\u679c\u60a8\u5bf9\u8fd9\u4e9b GTC \u6709\u4efb\u4f55\u7591\u95ee\uff0c\u8bf7\u901a\u8fc7\u4ee5\u4e0b\u65b9\u5f0f\u8054\u7cfb\u6211\u4eec <a>support@ko-tropfen-kaufen.com<\/a>.\u6211\u4eec\u59cb\u7ec8\u81f4\u529b\u4e8e\u8fc5\u901f\u5706\u6ee1\u5730\u89e3\u51b3\u60a8\u7684\u95ee\u9898\u3002<\/p>\n\n\n\n<p>\u611f\u8c22\u60a8\u5728 Ko-Tropfen-Kaufen.com \u4e0a\u8d2d\u7269\uff01<\/p>","protected":false},"excerpt":{"rendered":"<p>Ko-Tropfen-Kaufen.com Willkommen bei Ko-Tropfen-Kaufen.com. Durch den Zugriff auf unsere Website und die Nutzung unserer Dienste stimmen Sie den folgenden Allgemeinen Gesch\u00e4ftsbedingungen (AGB) zu. Bitte lesen Sie diese sorgf\u00e4ltig durch. 1. Allgemeine Bedingungen 1.1. Nutzung der Website: Durch die Nutzung unserer Website erkl\u00e4ren Sie sich mit diesen AGB einverstanden und verpflichten sich, alle geltenden Gesetze und [&hellip;]<\/p>\n","protected":false},"author":2,"featured_media":0,"parent":0,"menu_order":0,"comment_status":"closed","ping_status":"closed","template":"","meta":{"footnotes":""},"class_list":["post-15725","page","type-page","status-publish","hentry"],"blocksy_meta":[],"jetpack_sharing_enabled":true,"_links":{"self":[{"href":"https:\/\/ko-tropfen-kaufen.com\/zh\/wp-json\/wp\/v2\/pages\/15725","targetHints":{"allow":["GET"]}}],"collection":[{"href":"https:\/\/ko-tropfen-kaufen.com\/zh\/wp-json\/wp\/v2\/pages"}],"about":[{"href":"https:\/\/ko-tropfen-kaufen.com\/zh\/wp-json\/wp\/v2\/types\/page"}],"author":[{"embeddable":true,"href":"https:\/\/ko-tropfen-kaufen.com\/zh\/wp-json\/wp\/v2\/users\/2"}],"replies":[{"embeddable":true,"href":"https:\/\/ko-tropfen-kaufen.com\/zh\/wp-json\/wp\/v2\/comments?post=15725"}],"version-history":[{"count":1,"href":"https:\/\/ko-tropfen-kaufen.com\/zh\/wp-json\/wp\/v2\/pages\/15725\/revisions"}],"predecessor-version":[{"id":15726,"href":"https:\/\/ko-tropfen-kaufen.com\/zh\/wp-json\/wp\/v2\/pages\/15725\/revisions\/15726"}],"wp:attachment":[{"href":"https:\/\/ko-tropfen-kaufen.com\/zh\/wp-json\/wp\/v2\/media?parent=15725"}],"curies":[{"name":"wp","href":"https:\/\/api.w.org\/{rel}","templated":true}]}}