{"id":15720,"date":"2024-11-25T20:38:37","date_gmt":"2024-11-25T20:38:37","guid":{"rendered":"https:\/\/ko-tropfen-kaufen.com\/?page_id=15720"},"modified":"2024-11-25T20:38:42","modified_gmt":"2024-11-25T20:38:42","slug":"%e9%9a%90%e7%a7%81%e6%94%bf%e7%ad%96","status":"publish","type":"page","link":"https:\/\/ko-tropfen-kaufen.com\/zh\/%e9%9a%90%e7%a7%81%e6%94%bf%e7%ad%96\/","title":{"rendered":"\u9690\u79c1\u653f\u7b56"},"content":{"rendered":"<div id=\"ez-toc-container\" class=\"ez-toc-v2_0_82_2 counter-hierarchy ez-toc-counter ez-toc-grey ez-toc-container-direction\">\n<div class=\"ez-toc-title-container\">\n<p class=\"ez-toc-title\" style=\"cursor:inherit\">\u76ee\u5f55<\/p>\n<span class=\"ez-toc-title-toggle\"><a href=\"#\" class=\"ez-toc-pull-right ez-toc-btn ez-toc-btn-xs ez-toc-btn-default ez-toc-toggle\" aria-label=\"\u5207\u6362\u76ee\u5f55\"><span class=\"ez-toc-js-icon-con\"><span class=\"\"><span class=\"eztoc-hide\" style=\"display:none;\">\u5207\u6362<\/span><span class=\"ez-toc-icon-toggle-span\"><svg style=\"fill: #999;color:#999\" xmlns=\"http:\/\/www.w3.org\/2000\/svg\" class=\"list-377408\" width=\"20px\" height=\"20px\" viewbox=\"0 0 24 24\" fill=\"none\"><path d=\"M6 6H4v2h2V6zm14 0H8v2h12V6zM4 11h2v2H4v-2zm16 0H8v2h12v-2zM4 16h2v2H4v-2zm16 0H8v2h12v-2z\" fill=\"currentColor\"><\/path><\/svg><svg style=\"fill: #999;color:#999\" class=\"arrow-unsorted-368013\" xmlns=\"http:\/\/www.w3.org\/2000\/svg\" width=\"10px\" height=\"10px\" viewbox=\"0 0 24 24\" version=\"1.2\" baseprofile=\"tiny\"><path d=\"M18.2 9.3l-6.2-6.3-6.2 6.3c-.2.2-.3.4-.3.7s.1.5.3.7c.2.2.4.3.7.3h11c.3 0 .5-.1.7-.3.2-.2.3-.5.3-.7s-.1-.5-.3-.7zM5.8 14.7l6.2 6.3 6.2-6.3c.2-.2.3-.5.3-.7s-.1-.5-.3-.7c-.2-.2-.4-.3-.7-.3h-11c-.3 0-.5.1-.7.3-.2.2-.3.5-.3.7s.1.5.3.7z\"\/><\/svg><\/span><\/span><\/span><\/a><\/span><\/div>\n<nav><ul class='ez-toc-list ez-toc-list-level-1' ><li class='ez-toc-page-1 ez-toc-heading-level-3'><a class=\"ez-toc-link ez-toc-heading-1\" href=\"https:\/\/ko-tropfen-kaufen.com\/zh\/%e9%9a%90%e7%a7%81%e6%94%bf%e7%ad%96\/#Ko-Tropfen-Kaufencom_Datenschutzrichtlinie\" >Ko-Tropfen-Kaufen.com \u9690\u79c1\u653f\u7b56<\/a><\/li><li class='ez-toc-page-1 ez-toc-heading-level-3'><a class=\"ez-toc-link ez-toc-heading-2\" href=\"https:\/\/ko-tropfen-kaufen.com\/zh\/%e9%9a%90%e7%a7%81%e6%94%bf%e7%ad%96\/#Erfassung_und_Verwendung_von_Daten\" >\u6570\u636e\u7684\u6536\u96c6\u548c\u4f7f\u7528<\/a><ul class='ez-toc-list-level-4' ><li class='ez-toc-heading-level-4'><a class=\"ez-toc-link ez-toc-heading-3\" href=\"https:\/\/ko-tropfen-kaufen.com\/zh\/%e9%9a%90%e7%a7%81%e6%94%bf%e7%ad%96\/#Personliche_Daten\" >\u4e2a\u4eba\u8d44\u6599<\/a><\/li><li class='ez-toc-page-1 ez-toc-heading-level-4'><a class=\"ez-toc-link ez-toc-heading-4\" href=\"https:\/\/ko-tropfen-kaufen.com\/zh\/%e9%9a%90%e7%a7%81%e6%94%bf%e7%ad%96\/#Automatisch_erfasste_Daten\" >\u81ea\u52a8\u8bb0\u5f55\u6570\u636e<\/a><\/li><\/ul><\/li><li class='ez-toc-page-1 ez-toc-heading-level-3'><a class=\"ez-toc-link ez-toc-heading-5\" href=\"https:\/\/ko-tropfen-kaufen.com\/zh\/%e9%9a%90%e7%a7%81%e6%94%bf%e7%ad%96\/#Verwendung_von_Cookies\" >cookie \u7684\u4f7f\u7528<\/a><\/li><li class='ez-toc-page-1 ez-toc-heading-level-3'><a class=\"ez-toc-link ez-toc-heading-6\" href=\"https:\/\/ko-tropfen-kaufen.com\/zh\/%e9%9a%90%e7%a7%81%e6%94%bf%e7%ad%96\/#Weitergabe_von_Daten\" >\u8f6c\u53d1\u6570\u636e<\/a><\/li><li class='ez-toc-page-1 ez-toc-heading-level-3'><a class=\"ez-toc-link ez-toc-heading-7\" href=\"https:\/\/ko-tropfen-kaufen.com\/zh\/%e9%9a%90%e7%a7%81%e6%94%bf%e7%ad%96\/#Datensicherheit\" >\u6570\u636e\u5b89\u5168<\/a><\/li><li class='ez-toc-page-1 ez-toc-heading-level-3'><a class=\"ez-toc-link ez-toc-heading-8\" href=\"https:\/\/ko-tropfen-kaufen.com\/zh\/%e9%9a%90%e7%a7%81%e6%94%bf%e7%ad%96\/#Ihre_Rechte\" >\u60a8\u7684\u6743\u5229<\/a><\/li><li class='ez-toc-page-1 ez-toc-heading-level-3'><a class=\"ez-toc-link ez-toc-heading-9\" href=\"https:\/\/ko-tropfen-kaufen.com\/zh\/%e9%9a%90%e7%a7%81%e6%94%bf%e7%ad%96\/#Anderungen_an_dieser_Datenschutzrichtlinie\" >\u672c\u9690\u79c1\u653f\u7b56\u7684\u53d8\u66f4<\/a><\/li><li class='ez-toc-page-1 ez-toc-heading-level-3'><a class=\"ez-toc-link ez-toc-heading-10\" href=\"https:\/\/ko-tropfen-kaufen.com\/zh\/%e9%9a%90%e7%a7%81%e6%94%bf%e7%ad%96\/#Kontakt\" >\u8054\u7cfb\u6211\u4eec<\/a><\/li><\/ul><\/nav><\/div>\n<h3 class=\"wp-block-heading\" id=\"h-ko-tropfen-kaufen-com-datenschutzrichtlinie\"><span class=\"ez-toc-section\" id=\"Ko-Tropfen-Kaufencom_Datenschutzrichtlinie\"><\/span>Ko-Tropfen-Kaufen.com \u9690\u79c1\u653f\u7b56<span class=\"ez-toc-section-end\"><\/span><\/h3>\n\n\n\n<p>\u4e0e <a href=\"https:\/\/ko-tropfen-kaufen.com?v=820eb5b696ea\">\u8d2d\u4e70-co-drops.com<\/a> \u6211\u4eec\u975e\u5e38\u91cd\u89c6\u4fdd\u62a4\u60a8\u7684\u9690\u79c1\u548c\u4e2a\u4eba\u6570\u636e\u7684\u5b89\u5168\u3002\u672c\u9690\u79c1\u653f\u7b56\u89e3\u91ca\u4e86\u6211\u4eec\u6536\u96c6\u54ea\u4e9b\u4fe1\u606f\u3001\u5982\u4f55\u4f7f\u7528\u8fd9\u4e9b\u4fe1\u606f\u4ee5\u53ca\u91c7\u53d6\u54ea\u4e9b\u63aa\u65bd\u4fdd\u62a4\u60a8\u7684\u6570\u636e\u3002<\/p>\n\n\n\n<h3 class=\"wp-block-heading\" id=\"h-erfassung-und-verwendung-von-daten\"><span class=\"ez-toc-section\" id=\"Erfassung_und_Verwendung_von_Daten\"><\/span>\u6570\u636e\u7684\u6536\u96c6\u548c\u4f7f\u7528<span class=\"ez-toc-section-end\"><\/span><\/h3>\n\n\n\n<h4 class=\"wp-block-heading\" id=\"h-personliche-daten\"><span class=\"ez-toc-section\" id=\"Personliche_Daten\"><\/span>\u4e2a\u4eba\u8d44\u6599<span class=\"ez-toc-section-end\"><\/span><\/h4>\n\n\n\n<p>\u6211\u4eec\u6536\u96c6\u60a8\u5728\u4f7f\u7528\u6211\u4eec\u7684\u7f51\u7ad9\u65f6\u81ea\u613f\u63d0\u4f9b\u7ed9\u6211\u4eec\u7684\u4e2a\u4eba\u6570\u636e\uff0c\u4f8b\u5982<\/p>\n\n\n\n<ul class=\"wp-block-list\">\n<li>\u540d\u79f0<\/li>\n\n\n\n<li>\u5730\u5740<\/li>\n\n\n\n<li>\u7535\u5b50\u90ae\u4ef6\u5730\u5740<\/li>\n\n\n\n<li>\u7535\u8bdd\u53f7\u7801<\/li>\n\n\n\n<li>\u4ed8\u6b3e\u4fe1\u606f<\/li>\n<\/ul>\n\n\n\n<p>\u8fd9\u4e9b\u4fe1\u606f\u7528\u4e8e\u5904\u7406\u60a8\u7684\u8ba2\u5355\u3001\u63d0\u4f9b\u5ba2\u6237\u652f\u6301\u4ee5\u53ca\u5411\u60a8\u53d1\u9001\u76f8\u5173\u4fe1\u606f\u548c\u4f18\u60e0\u3002<\/p>\n\n\n\n<h4 class=\"wp-block-heading\" id=\"h-automatisch-erfasste-daten\"><span class=\"ez-toc-section\" id=\"Automatisch_erfasste_Daten\"><\/span>\u81ea\u52a8\u8bb0\u5f55\u6570\u636e<span class=\"ez-toc-section-end\"><\/span><\/h4>\n\n\n\n<p>\u5f53\u60a8\u8bbf\u95ee\u6211\u4eec\u7684\u7f51\u7ad9\u65f6\uff0c\u6211\u4eec\u4f1a\u81ea\u52a8\u6536\u96c6\u6709\u5173\u60a8\u7684\u8bbe\u5907\u548c\u60a8\u4f7f\u7528\u6211\u4eec\u7f51\u7ad9\u7684\u67d0\u4e9b\u4fe1\u606f\uff0c\u5305\u62ec<\/p>\n\n\n\n<ul class=\"wp-block-list\">\n<li>IP \u5730\u5740<\/li>\n\n\n\n<li>\u6d4f\u89c8\u5668\u7c7b\u578b\u548c\u7248\u672c<\/li>\n\n\n\n<li>\u53c2\u8003 URL<\/li>\n\n\n\n<li>\u8bbf\u95ee\u65e5\u671f\u548c\u65f6\u95f4<\/li>\n\n\n\n<li>\u8bbf\u95ee\u8fc7\u7684\u9875\u9762\u548c\u70b9\u51fb\u8fc7\u7684\u94fe\u63a5<\/li>\n<\/ul>\n\n\n\n<p>\u8fd9\u4e9b\u4fe1\u606f\u6709\u52a9\u4e8e\u6211\u4eec\u6539\u8fdb\u7f51\u7ad9\uff0c\u4f18\u5316\u7528\u6237\u4f53\u9a8c\u3002<\/p>\n\n\n\n<h3 class=\"wp-block-heading\" id=\"h-verwendung-von-cookies\"><span class=\"ez-toc-section\" id=\"Verwendung_von_Cookies\"><\/span>cookie \u7684\u4f7f\u7528<span class=\"ez-toc-section-end\"><\/span><\/h3>\n\n\n\n<p>\u6211\u4eec\u7684\u7f51\u7ad9\u4f7f\u7528 Cookie \u6765\u6539\u5584\u60a8\u7684\u7528\u6237\u4f53\u9a8c\u5e76\u63d0\u4f9b\u67d0\u4e9b\u529f\u80fd\u3002Cookie \u662f\u5b58\u50a8\u5728\u60a8\u8bbe\u5907\u4e0a\u7684\u5c0f\u578b\u6587\u672c\u6587\u4ef6\u3002\u60a8\u53ef\u4ee5\u5728\u6d4f\u89c8\u5668\u8bbe\u7f6e\u4e2d\u7981\u7528 Cookie\uff0c\u4f46\u8fd9\u53ef\u80fd\u4f1a\u5f71\u54cd\u6211\u4eec\u7f51\u7ad9\u7684\u529f\u80fd\u3002<\/p>\n\n\n\n<h3 class=\"wp-block-heading\" id=\"h-weitergabe-von-daten\"><span class=\"ez-toc-section\" id=\"Weitergabe_von_Daten\"><\/span>\u8f6c\u53d1\u6570\u636e<span class=\"ez-toc-section-end\"><\/span><\/h3>\n\n\n\n<p>\u9664\u4ee5\u4e0b\u60c5\u51b5\u5916\uff0c\u6211\u4eec\u4e0d\u4f1a\u5c06\u60a8\u7684\u4e2a\u4eba\u6570\u636e\u63d0\u4f9b\u7ed9\u7b2c\u4e09\u65b9\uff1a<\/p>\n\n\n\n<ul class=\"wp-block-list\">\n<li><strong>\u670d\u52a1\u63d0\u4f9b\u5546\uff1a<\/strong> \u6211\u4eec\u4e0e\u503c\u5f97\u4fe1\u8d56\u7684\u670d\u52a1\u4f9b\u5e94\u5546\u5408\u4f5c\uff0c\u7531\u4ed6\u4eec\u4ee3\u8868\u6211\u4eec\u6267\u884c\u67d0\u4e9b\u4efb\u52a1\uff0c\u5982\u4ed8\u6b3e\u5904\u7406\u548c\u8fd0\u8f93\u3002\u8fd9\u4e9b\u670d\u52a1\u63d0\u4f9b\u5546\u53ea\u80fd\u8bbf\u95ee\u4ed6\u4eec\u5b8c\u6210\u4efb\u52a1\u6240\u9700\u7684\u4fe1\u606f\uff0c\u5e76\u6709\u5408\u540c\u4e49\u52a1\u4fdd\u62a4\u60a8\u7684\u6570\u636e\u3002<\/li>\n\n\n\n<li><strong>\u6cd5\u5f8b\u8981\u6c42\uff1a<\/strong> \u5982\u679c\u6cd5\u5f8b\u8981\u6c42\u6216\u4e3a\u4e86\u4fdd\u62a4\u6211\u4eec\u7684\u6743\u5229\uff0c\u6211\u4eec\u53ef\u80fd\u4f1a\u62ab\u9732\u60a8\u7684\u4fe1\u606f\u3002<\/li>\n<\/ul>\n\n\n\n<h3 class=\"wp-block-heading\" id=\"h-datensicherheit\"><span class=\"ez-toc-section\" id=\"Datensicherheit\"><\/span>\u6570\u636e\u5b89\u5168<span class=\"ez-toc-section-end\"><\/span><\/h3>\n\n\n\n<p>\u6211\u4eec\u91c7\u7528\u9002\u5f53\u7684\u6280\u672f\u548c\u7ec4\u7ec7\u63aa\u65bd\u4fdd\u62a4\u60a8\u7684\u4e2a\u4eba\u6570\u636e\uff0c\u9632\u6b62\u672a\u7ecf\u6388\u6743\u7684\u8bbf\u95ee\u3001\u4e22\u5931\u6216\u6ee5\u7528\u3002\u8fd9\u4e9b\u63aa\u65bd\u5305\u62ec\u5bf9\u654f\u611f\u4fe1\u606f\u8fdb\u884c\u52a0\u5bc6\u548c\u5b9a\u671f\u5b89\u5168\u68c0\u67e5\u3002<\/p>\n\n\n\n<h3 class=\"wp-block-heading\" id=\"h-ihre-rechte\"><span class=\"ez-toc-section\" id=\"Ihre_Rechte\"><\/span>\u60a8\u7684\u6743\u5229<span class=\"ez-toc-section-end\"><\/span><\/h3>\n\n\n\n<p>\u60a8\u6709\u6743\u968f\u65f6\u4e86\u89e3\u6211\u4eec\u6240\u5b58\u50a8\u7684\u4e2a\u4eba\u6570\u636e\u7684\u76f8\u5173\u4fe1\u606f\uff0c\u6709\u6743\u8981\u6c42\u66f4\u6b63\u6216\u5220\u9664\u8fd9\u4e9b\u6570\u636e\uff0c\u6709\u6743\u53cd\u5bf9\u5904\u7406\u60a8\u7684\u6570\u636e\u3002\u4e3a\u6b64\uff0c\u8bf7\u901a\u8fc7\u4ee5\u4e0b\u65b9\u5f0f\u8054\u7cfb\u6211\u4eec <a>support@ko-tropfen-kaufen.com<\/a>.<\/p>\n\n\n\n<h3 class=\"wp-block-heading\" id=\"h-anderungen-an-dieser-datenschutzrichtlinie\"><span class=\"ez-toc-section\" id=\"Anderungen_an_dieser_Datenschutzrichtlinie\"><\/span>\u672c\u9690\u79c1\u653f\u7b56\u7684\u53d8\u66f4<span class=\"ez-toc-section-end\"><\/span><\/h3>\n\n\n\n<p>\u6211\u4eec\u4fdd\u7559\u968f\u65f6\u66f4\u65b0\u672c\u9690\u79c1\u653f\u7b56\u7684\u6743\u5229\u3002\u66f4\u65b0\u5185\u5bb9\u5c06\u5728\u672c\u9875\u9762\u516c\u5e03\u5e76\u7acb\u5373\u751f\u6548\u3002\u6211\u4eec\u5efa\u8bae\u60a8\u5b9a\u671f\u67e5\u770b\u672c\u653f\u7b56\u3002<\/p>\n\n\n\n<h3 class=\"wp-block-heading\" id=\"h-kontakt\"><span class=\"ez-toc-section\" id=\"Kontakt\"><\/span>\u8054\u7cfb\u6211\u4eec<span class=\"ez-toc-section-end\"><\/span><\/h3>\n\n\n\n<p>\u5982\u679c\u60a8\u5bf9\u6211\u4eec\u7684\u9690\u79c1\u653f\u7b56\u6709\u4efb\u4f55\u95ee\u9898\u6216\u7591\u8651\uff0c\u8bf7\u901a\u8fc7\u4ee5\u4e0b\u65b9\u5f0f\u8054\u7cfb\u6211\u4eec <a>support@ko-tropfen-kaufen.com<\/a>.\u6211\u4eec\u59cb\u7ec8\u81f4\u529b\u4e8e\u8fc5\u901f\u5706\u6ee1\u5730\u89e3\u51b3\u60a8\u7684\u95ee\u9898\u3002<\/p>\n\n\n\n<p>\u611f\u8c22\u60a8\u5bf9 Ko-Tropfen-Kaufen.com \u7684\u4fe1\u4efb\uff01<\/p>","protected":false},"excerpt":{"rendered":"<p>Ko-Tropfen-Kaufen.com Datenschutzrichtlinie Bei Ko-Tropfen-Kaufen.com legen wir gro\u00dfen Wert auf den Schutz Ihrer Privatsph\u00e4re und die Sicherheit Ihrer pers\u00f6nlichen Daten. Diese Datenschutzrichtlinie erkl\u00e4rt, welche Informationen wir sammeln, wie wir sie verwenden und welche Ma\u00dfnahmen wir ergreifen, um Ihre Daten zu sch\u00fctzen. Erfassung und Verwendung von Daten Pers\u00f6nliche Daten Wir erfassen pers\u00f6nliche Daten, die Sie uns freiwillig [&hellip;]<\/p>\n","protected":false},"author":2,"featured_media":0,"parent":0,"menu_order":0,"comment_status":"closed","ping_status":"closed","template":"","meta":{"footnotes":""},"class_list":["post-15720","page","type-page","status-publish","hentry"],"blocksy_meta":[],"jetpack_sharing_enabled":true,"_links":{"self":[{"href":"https:\/\/ko-tropfen-kaufen.com\/zh\/wp-json\/wp\/v2\/pages\/15720","targetHints":{"allow":["GET"]}}],"collection":[{"href":"https:\/\/ko-tropfen-kaufen.com\/zh\/wp-json\/wp\/v2\/pages"}],"about":[{"href":"https:\/\/ko-tropfen-kaufen.com\/zh\/wp-json\/wp\/v2\/types\/page"}],"author":[{"embeddable":true,"href":"https:\/\/ko-tropfen-kaufen.com\/zh\/wp-json\/wp\/v2\/users\/2"}],"replies":[{"embeddable":true,"href":"https:\/\/ko-tropfen-kaufen.com\/zh\/wp-json\/wp\/v2\/comments?post=15720"}],"version-history":[{"count":1,"href":"https:\/\/ko-tropfen-kaufen.com\/zh\/wp-json\/wp\/v2\/pages\/15720\/revisions"}],"predecessor-version":[{"id":15721,"href":"https:\/\/ko-tropfen-kaufen.com\/zh\/wp-json\/wp\/v2\/pages\/15720\/revisions\/15721"}],"wp:attachment":[{"href":"https:\/\/ko-tropfen-kaufen.com\/zh\/wp-json\/wp\/v2\/media?parent=15720"}],"curies":[{"name":"wp","href":"https:\/\/api.w.org\/{rel}","templated":true}]}}