{"id":15715,"date":"2024-11-25T20:20:18","date_gmt":"2024-11-25T20:20:18","guid":{"rendered":"https:\/\/ko-tropfen-kaufen.com\/?page_id=15715"},"modified":"2024-11-28T18:29:42","modified_gmt":"2024-11-28T18:29:42","slug":"%e8%bf%94%e5%9b%9e%e6%9d%83","status":"publish","type":"page","link":"https:\/\/ko-tropfen-kaufen.com\/zh\/%e8%bf%94%e5%9b%9e%e6%9d%83\/","title":{"rendered":"\u8fd4\u56de\u6743"},"content":{"rendered":"<div id=\"ez-toc-container\" class=\"ez-toc-v2_0_82_2 counter-hierarchy ez-toc-counter ez-toc-grey ez-toc-container-direction\">\n<div class=\"ez-toc-title-container\">\n<p class=\"ez-toc-title\" style=\"cursor:inherit\">\u76ee\u5f55<\/p>\n<span class=\"ez-toc-title-toggle\"><a href=\"#\" class=\"ez-toc-pull-right ez-toc-btn ez-toc-btn-xs ez-toc-btn-default ez-toc-toggle\" aria-label=\"\u5207\u6362\u76ee\u5f55\"><span class=\"ez-toc-js-icon-con\"><span class=\"\"><span class=\"eztoc-hide\" style=\"display:none;\">\u5207\u6362<\/span><span class=\"ez-toc-icon-toggle-span\"><svg style=\"fill: #999;color:#999\" xmlns=\"http:\/\/www.w3.org\/2000\/svg\" class=\"list-377408\" width=\"20px\" height=\"20px\" viewbox=\"0 0 24 24\" fill=\"none\"><path d=\"M6 6H4v2h2V6zm14 0H8v2h12V6zM4 11h2v2H4v-2zm16 0H8v2h12v-2zM4 16h2v2H4v-2zm16 0H8v2h12v-2z\" fill=\"currentColor\"><\/path><\/svg><svg style=\"fill: #999;color:#999\" class=\"arrow-unsorted-368013\" xmlns=\"http:\/\/www.w3.org\/2000\/svg\" width=\"10px\" height=\"10px\" viewbox=\"0 0 24 24\" version=\"1.2\" baseprofile=\"tiny\"><path d=\"M18.2 9.3l-6.2-6.3-6.2 6.3c-.2.2-.3.4-.3.7s.1.5.3.7c.2.2.4.3.7.3h11c.3 0 .5-.1.7-.3.2-.2.3-.5.3-.7s-.1-.5-.3-.7zM5.8 14.7l6.2 6.3 6.2-6.3c.2-.2.3-.5.3-.7s-.1-.5-.3-.7c-.2-.2-.4-.3-.7-.3h-11c-.3 0-.5.1-.7.3-.2.2-.3.5-.3.7s.1.5.3.7z\"\/><\/svg><\/span><\/span><\/span><\/a><\/span><\/div>\n<nav><ul class='ez-toc-list ez-toc-list-level-1' ><li class='ez-toc-page-1 ez-toc-heading-level-2'><a class=\"ez-toc-link ez-toc-heading-1\" href=\"https:\/\/ko-tropfen-kaufen.com\/zh\/%e8%bf%94%e5%9b%9e%e6%9d%83\/#ko-tropfen-kaufencom_Ruckgaberecht\" >ko-tropfen-kaufen.com \u8fd4\u8fd8\u6743<\/a><ul class='ez-toc-list-level-3' ><li class='ez-toc-heading-level-3'><a class=\"ez-toc-link ez-toc-heading-2\" href=\"https:\/\/ko-tropfen-kaufen.com\/zh\/%e8%bf%94%e5%9b%9e%e6%9d%83\/#30-Tage-Geld-zuruck-Garantie\" >30 \u5929\u9000\u6b3e\u4fdd\u8bc1<\/a><\/li><li class='ez-toc-page-1 ez-toc-heading-level-3'><a class=\"ez-toc-link ez-toc-heading-3\" href=\"https:\/\/ko-tropfen-kaufen.com\/zh\/%e8%bf%94%e5%9b%9e%e6%9d%83\/#Voraussetzungen_fur_eine_Ruckerstattung\" >\u9000\u6b3e\u8981\u6c42<\/a><\/li><li class='ez-toc-page-1 ez-toc-heading-level-3'><a class=\"ez-toc-link ez-toc-heading-4\" href=\"https:\/\/ko-tropfen-kaufen.com\/zh\/%e8%bf%94%e5%9b%9e%e6%9d%83\/#Nicht_erstattungsfahige_Artikel\" >\u4e0d\u9000\u6b3e\u9879\u76ee<\/a><\/li><li class='ez-toc-page-1 ez-toc-heading-level-3'><a class=\"ez-toc-link ez-toc-heading-5\" href=\"https:\/\/ko-tropfen-kaufen.com\/zh\/%e8%bf%94%e5%9b%9e%e6%9d%83\/#So_beantragen_Sie_eine_Ruckerstattung\" >\u5982\u4f55\u7533\u8bf7\u9000\u6b3e<\/a><\/li><li class='ez-toc-page-1 ez-toc-heading-level-3'><a class=\"ez-toc-link ez-toc-heading-6\" href=\"https:\/\/ko-tropfen-kaufen.com\/zh\/%e8%bf%94%e5%9b%9e%e6%9d%83\/#Bearbeitung_Ihrer_Ruckerstattung\" >\u5904\u7406\u9000\u6b3e<\/a><\/li><li class='ez-toc-page-1 ez-toc-heading-level-3'><a class=\"ez-toc-link ez-toc-heading-7\" href=\"https:\/\/ko-tropfen-kaufen.com\/zh\/%e8%bf%94%e5%9b%9e%e6%9d%83\/#Kontaktieren_Sie_uns\" >\u8054\u7cfb\u6211\u4eec<\/a><\/li><\/ul><\/li><\/ul><\/nav><\/div>\n<h2 class=\"wp-block-heading\" id=\"h-ko-tropfen-kaufen-com-ruckgaberecht\"><span class=\"ez-toc-section\" id=\"ko-tropfen-kaufencom_Ruckgaberecht\"><\/span>ko-tropfen-kaufen.com \u8fd4\u8fd8\u6743<span class=\"ez-toc-section-end\"><\/span><\/h2>\n\n\n\n<p>\u4e0e <a href=\"https:\/\/ko-tropfen-kaufen.com?v=820eb5b696ea\">\u8d2d\u4e70-co-drops.com<\/a> \u6211\u4eec\u52aa\u529b\u786e\u4fdd\u5ba2\u6237\u5bf9\u6240\u8d2d\u5546\u54c1\u5b8c\u5168\u6ee1\u610f\u3002\u5982\u679c\u60a8\u56e0\u4efb\u4f55\u539f\u56e0\u5bf9\u8ba2\u5355\u4e0d\u5b8c\u5168\u6ee1\u610f\uff0c\u6211\u4eec\u7684\u9000\u8d27\u653f\u7b56\u5c06\u5e2e\u52a9\u60a8\u3002<\/p>\n\n\n\n<h3 class=\"wp-block-heading\" id=\"h-30-tage-geld-zuruck-garantie\"><span class=\"ez-toc-section\" id=\"30-Tage-Geld-zuruck-Garantie\"><\/span>30 \u5929\u9000\u6b3e\u4fdd\u8bc1<span class=\"ez-toc-section-end\"><\/span><\/h3>\n\n\n\n<p>\u6211\u4eec\u4e3a\u6240\u6709\u4ea7\u54c1\u63d0\u4f9b 30 \u5929\u9000\u6b3e\u4fdd\u8bc1\u3002\u5982\u679c\u60a8\u5bf9\u8d2d\u4e70\u7684\u4ea7\u54c1\u4e0d\u6ee1\u610f\uff0c\u53ef\u4ee5\u5728\u8d2d\u4e70\u4e4b\u65e5\u8d77 30 \u5929\u5185\u7533\u8bf7\u9000\u6b3e\u3002<\/p>\n\n\n\n<h3 class=\"wp-block-heading\" id=\"h-voraussetzungen-fur-eine-ruckerstattung\"><span class=\"ez-toc-section\" id=\"Voraussetzungen_fur_eine_Ruckerstattung\"><\/span>\u9000\u6b3e\u8981\u6c42<span class=\"ez-toc-section-end\"><\/span><\/h3>\n\n\n\n<p>\u8981\u83b7\u5f97\u9000\u6b3e\uff0c\u5fc5\u987b\u6ee1\u8db3\u4ee5\u4e0b\u6761\u4ef6\uff1a<\/p>\n\n\n\n<ul class=\"wp-block-list\">\n<li>\u4ea7\u54c1\u5fc5\u987b\u5728\u672a\u5f00\u5c01\u548c\u672a\u4f7f\u7528\u7684\u539f\u59cb\u72b6\u6001\u4e0b\u9000\u56de\u3002<\/li>\n\n\n\n<li>\u5fc5\u987b\u51fa\u793a\u8d2d\u4e70\u8bc1\u660e\uff08\u8ba2\u5355\u53f7\u3001\u6536\u636e\u6216\u786e\u8ba4\u7535\u5b50\u90ae\u4ef6\uff09\u3002<\/li>\n\n\n\n<li>\u9000\u6b3e\u7533\u8bf7\u5fc5\u987b\u5728\u8d2d\u4e70\u4e4b\u65e5\u8d77 30 \u5929\u5185\u63d0\u51fa\u3002<\/li>\n<\/ul>\n\n\n\n<h3 class=\"wp-block-heading\" id=\"h-nicht-erstattungsfahige-artikel\"><span class=\"ez-toc-section\" id=\"Nicht_erstattungsfahige_Artikel\"><\/span>\u4e0d\u9000\u6b3e\u9879\u76ee<span class=\"ez-toc-section-end\"><\/span><\/h3>\n\n\n\n<p>\u67d0\u4e9b\u9879\u76ee\u4e0d\u4e88\u9000\u6b3e\uff0c\u5305\u62ec<\/p>\n\n\n\n<ul class=\"wp-block-list\">\n<li>\u5df2\u5f00\u5c01\u6216\u4f7f\u7528\u8fc7\u7684\u4ea7\u54c1\u3002<\/li>\n\n\n\n<li>\u5728\u4fc3\u9500\u6216\u7279\u4ef7\u6d3b\u52a8\u4e2d\u8d2d\u4e70\u7684\u7269\u54c1\u3002<\/li>\n<\/ul>\n\n\n\n<h3 class=\"wp-block-heading\" id=\"h-so-beantragen-sie-eine-ruckerstattung\"><span class=\"ez-toc-section\" id=\"So_beantragen_Sie_eine_Ruckerstattung\"><\/span>\u5982\u4f55\u7533\u8bf7\u9000\u6b3e<span class=\"ez-toc-section-end\"><\/span><\/h3>\n\n\n\n<ol class=\"wp-block-list\">\n<li><strong>\u8bf7\u8054\u7cfb\u6211\u4eec\uff1a<\/strong> \u5411\u6211\u4eec\u7684\u5ba2\u6237\u670d\u52a1\u56e2\u961f\u53d1\u9001\u7535\u5b50\u90ae\u4ef6\uff08support@ko-tropfen-kaufen.com\uff09\uff0c\u8bf4\u660e\u60a8\u7684\u8ba2\u5355\u8be6\u60c5\u548c\u9000\u6b3e\u539f\u56e0\u3002<\/li>\n\n\n\n<li><strong>\u9000\u8d27\u6388\u6743\uff1a<\/strong> \u6211\u4eec\u7684\u56e2\u961f\u5c06\u5411\u60a8\u53d1\u9001\u9000\u8d27\u6388\u6743\u4e66\u548c\u9000\u8d27\u8bf4\u660e\u3002<\/li>\n\n\n\n<li><strong>\u53d1\u9001\u6587\u7ae0\uff1a<\/strong> \u5c06\u7269\u54c1\u8fde\u540c\u9000\u8d27\u6388\u6743\u4e66\u4ee5\u539f\u5305\u88c5\u5bc4\u56de\u7ed9\u6211\u4eec\u3002<\/li>\n<\/ol>\n\n\n\n<h3 class=\"wp-block-heading\" id=\"h-bearbeitung-ihrer-ruckerstattung\"><span class=\"ez-toc-section\" id=\"Bearbeitung_Ihrer_Ruckerstattung\"><\/span>\u5904\u7406\u9000\u6b3e<span class=\"ez-toc-section-end\"><\/span><\/h3>\n\n\n\n<p>\u4e00\u65e6\u6211\u4eec\u6536\u5230\u5e76\u68c0\u67e5\u4e86\u9000\u56de\u7684\u4ea7\u54c1\uff0c\u6211\u4eec\u5c06\u901a\u8fc7\u7535\u5b50\u90ae\u4ef6\u901a\u77e5\u60a8\u3002\u5982\u679c\u9000\u6b3e\u83b7\u5f97\u6279\u51c6\uff0c\u6211\u4eec\u5c06\u5728 5-7 \u4e2a\u5de5\u4f5c\u65e5\u5185\u5904\u7406\u9000\u6b3e\uff0c\u5e76\u5c06\u9000\u6b3e\u8f6c\u5165\u60a8\u7684\u539f\u59cb\u4ed8\u6b3e\u65b9\u5f0f\u3002<\/p>\n\n\n\n<h3 class=\"wp-block-heading\" id=\"h-kontaktieren-sie-uns\"><span class=\"ez-toc-section\" id=\"Kontaktieren_Sie_uns\"><\/span>\u8054\u7cfb\u6211\u4eec<span class=\"ez-toc-section-end\"><\/span><\/h3>\n\n\n\n<p>\u5982\u679c\u60a8\u5bf9\u6211\u4eec\u7684\u9000\u8d27\u653f\u7b56\u6709\u4efb\u4f55\u7591\u95ee\uff0c\u8bf7\u901a\u8fc7 support@ko-tropfen-kaufen.com \u8054\u7cfb\u6211\u4eec\u7684\u5ba2\u6237\u670d\u52a1\u56e2\u961f\u3002\u6211\u4eec\u5c06\u7aed\u8bda\u4e3a\u60a8\u670d\u52a1\uff0c\u786e\u4fdd\u60a8\u83b7\u5f97\u6ee1\u610f\u7684\u8d2d\u7269\u4f53\u9a8c\u3002<\/p>\n\n\n\n<p>\u611f\u8c22\u60a8\u5728 Ko-Tropfen-Kaufen.com \u4e0a\u8d2d\u7269\uff01<\/p>","protected":false},"excerpt":{"rendered":"<p>ko-tropfen-kaufen.com R\u00fcckgaberecht Bei Ko-Tropfen-Kaufen.com bem\u00fchen wir uns, sicherzustellen, dass unsere Kunden vollst\u00e4ndig zufrieden mit ihren Eink\u00e4ufen sind. Wenn Sie aus irgendeinem Grund nicht ganz zufrieden mit Ihrer Bestellung sind, hilft Ihnen unser R\u00fcckgaberecht weiter. 30-Tage-Geld-zur\u00fcck-Garantie Wir bieten eine 30-Tage-Geld-zur\u00fcck-Garantie auf alle unsere Produkte. Wenn Sie mit Ihrem Kauf nicht zufrieden sind, k\u00f6nnen Sie innerhalb von [&hellip;]<\/p>\n","protected":false},"author":2,"featured_media":0,"parent":0,"menu_order":0,"comment_status":"closed","ping_status":"closed","template":"","meta":{"footnotes":""},"class_list":["post-15715","page","type-page","status-publish","hentry"],"blocksy_meta":[],"jetpack_sharing_enabled":true,"_links":{"self":[{"href":"https:\/\/ko-tropfen-kaufen.com\/zh\/wp-json\/wp\/v2\/pages\/15715","targetHints":{"allow":["GET"]}}],"collection":[{"href":"https:\/\/ko-tropfen-kaufen.com\/zh\/wp-json\/wp\/v2\/pages"}],"about":[{"href":"https:\/\/ko-tropfen-kaufen.com\/zh\/wp-json\/wp\/v2\/types\/page"}],"author":[{"embeddable":true,"href":"https:\/\/ko-tropfen-kaufen.com\/zh\/wp-json\/wp\/v2\/users\/2"}],"replies":[{"embeddable":true,"href":"https:\/\/ko-tropfen-kaufen.com\/zh\/wp-json\/wp\/v2\/comments?post=15715"}],"version-history":[{"count":1,"href":"https:\/\/ko-tropfen-kaufen.com\/zh\/wp-json\/wp\/v2\/pages\/15715\/revisions"}],"predecessor-version":[{"id":15716,"href":"https:\/\/ko-tropfen-kaufen.com\/zh\/wp-json\/wp\/v2\/pages\/15715\/revisions\/15716"}],"wp:attachment":[{"href":"https:\/\/ko-tropfen-kaufen.com\/zh\/wp-json\/wp\/v2\/media?parent=15715"}],"curies":[{"name":"wp","href":"https:\/\/api.w.org\/{rel}","templated":true}]}}