{"id":15712,"date":"2024-11-25T20:10:01","date_gmt":"2024-11-25T20:10:01","guid":{"rendered":"https:\/\/ko-tropfen-kaufen.com\/?page_id=15712"},"modified":"2024-11-25T20:10:02","modified_gmt":"2024-11-25T20:10:02","slug":"%e5%ae%89%e5%85%a8%e5%92%8c%e6%b3%95%e5%be%8b%e4%bf%a1%e6%81%af","status":"publish","type":"page","link":"https:\/\/ko-tropfen-kaufen.com\/zh\/%e5%ae%89%e5%85%a8%e5%92%8c%e6%b3%95%e5%be%8b%e4%bf%a1%e6%81%af\/","title":{"rendered":"\u5b89\u5168"},"content":{"rendered":"<p><a href=\"https:\/\/ko-tropfen-kaufen.com\/product\/gbl-kaufen-legal\/\">GBL<\/a> \u548c <a href=\"https:\/\/ko-tropfen-kaufen.com\/product\/ghb-kaufen\/\">\u4f3d\u9a6c--\u7f9f\u4e01\u9178<\/a> \u5982\u679c\u5904\u7406\u4e0d\u5f53\uff0c\u53ef\u80fd\u4f1a\u6210\u4e3a\u5371\u9669\u7269\u8d28\u3002<\/p>\n\n\n\n<ul class=\"wp-block-list\">\n<li><strong>\u635f\u5bb3\u5065\u5eb7\uff1a<\/strong> \u5982\u679c\u670d\u7528\u4e0d\u5f53\uff0c\u8fd9\u4e24\u79cd\u7269\u8d28\u90fd\u4f1a\u4e25\u91cd\u635f\u5bb3\u5065\u5eb7\u3001\u5bfc\u81f4\u660f\u8ff7\u3001\u547c\u5438\u6291\u5236\u751a\u81f3\u6b7b\u4ea1\u3002<\/li>\n\n\n\n<li><strong>\u4e0a\u763e\u7684\u5371\u9669\uff1a<\/strong> \u4f3d\u9a6c--\u7f9f\u4e01\u9178\u6781\u6613\u4e0a\u763e\uff0c\u670d\u7528\u540e\u5f88\u5feb\u5c31\u4f1a\u4ea7\u751f\u4f9d\u8d56\u6027\u3002<\/li>\n\n\n\n<li><strong>\u6cd5\u5f8b\u9650\u5236\uff1a<\/strong> \u6839\u636e\u300a\u9ebb\u9189\u54c1\u6cd5\u300b\uff08BtMG\uff09\uff0c\u5fb7\u56fd\u4e25\u7981\u9500\u552e\u548c\u6301\u6709\u4f3d\u9a6c--\u7f9f\u4e01\u9178\u3002\u6839\u636e\u5e94\u7528\u9886\u57df\u7684\u4e0d\u540c\uff0cGBL \u4e5f\u53d7\u5230\u6cd5\u5f8b\u7ba1\u5236\u3002<\/li>\n<\/ul>\n\n\n\n<p>\u6bcf\u6b21\u4f7f\u7528\u524d\u90fd\u8981\u4e86\u89e3\u76f8\u5173\u4fe1\u606f\uff01<\/p>\n\n\n\n<h2 class=\"wp-block-heading\" id=\"h-rechtliche-aspekte\"><strong>\u6cd5\u5f8b\u65b9\u9762<\/strong><\/h2>\n\n\n\n<ul class=\"wp-block-list\">\n<li><strong>\u5fb7\u56fd\uff1a<\/strong> \u9500\u552e\u548c\u6301\u6709\u4f3d\u9a6c--\u7f9f\u4e01\u9178\u662f\u4e0d\u5408\u6cd5\u7684\uff08\u4f46\u7ecf\u9500\u5546\u4ecd\u5728\u8d2d\u4e70\u548c\u9500\u552e\u4f3d\u9a6c--\u7f9f\u4e01\u9178\uff09\u3002GBL \u53d7\u300a\u5371\u9669\u7269\u8d28\u6761\u4f8b\u300b\uff08GefStoffV\uff09\u9644\u4ef6 2 \u7684\u7ba1\u5236\uff0c\u53ea\u6709\u6301\u6709\u76f8\u5e94\u7684\u8bb8\u53ef\u8bc1\u624d\u80fd\u8d2d\u4e70\u548c\u4f7f\u7528\u3002<\/li>\n\n\n\n<li><strong>\u56fd\u9645<\/strong> \u4e16\u754c\u5404\u5730\u6709\u5173 GBL \u548c GHB \u7684\u6cd5\u5f8b\u60c5\u51b5\u53ef\u80fd\u6709\u5f88\u5927\u4e0d\u540c\u3002\u5728\u8d2d\u4e70\u6216\u4f7f\u7528 GBL \u6216 GHB \u4e4b\u524d\uff0c\u8bf7\u52a1\u5fc5\u67e5\u770b\u60a8\u6240\u5728\u56fd\u5bb6\u7684\u9002\u7528\u6cd5\u5f8b\u3002<\/li>\n<\/ul>\n\n\n\n<p><strong>\u5982\u679c\u60a8\u5bf9\u5904\u7406\u5371\u9669\u5316\u5b66\u7269\u8d28\u6709\u4efb\u4f55\u7591\u95ee\uff0c\u8bf7\u8054\u7cfb\u7ecf\u8ba4\u8bc1\u7684\u4e13\u4e1a\u7ecf\u9500\u5546\u6216\u5316\u5b66\u4e13\u5bb6\u3002<\/strong><\/p>\n\n\n\n<p><strong>\u4ee5\u4e0b\u8d44\u6e90\u53ef\u80fd\u4f1a\u6709\u6240\u5e2e\u52a9\uff1a<\/strong><\/p>\n\n\n\n<ul class=\"wp-block-list\">\n<li><strong>\u8054\u90a6\u804c\u4e1a\u5b89\u5168\u4e0e\u5065\u5eb7\u7814\u7a76\u6240\uff08BAUA\uff09\uff1a<\/strong> <a href=\"https:\/\/www.baua.de\/\" target=\"_blank\" rel=\"noreferrer noopener\">https:\/\/www.baua.de\/<\/a><\/li>\n\n\n\n<li><strong>\u6bd2\u7269\u63a7\u5236\u4e2d\u5fc3\uff1a<\/strong> <a href=\"\/\/www.bvl.bund.de\/DE\/Arbeitsbereiche\/01_Lebensmittel\/03_Verbraucher\/09_InfektionenIntoxikationen\/02_Giftnotrufzentralen\/lm_LMVergiftung_giftnotrufzentralen_node.html\" target=\"_blank\" rel=\"noreferrer noopener\">https:\/\/www.bvl.bund.de\/DE\/Arbeitsbereiche\/01_Lebensmittel\/03_Verbraucher\/09_InfektionenIntoxikationen\/02_Giftnotrufzentralen\/lm_LMVergiftung_giftnotrufzentralen_node.html<\/a><\/li>\n<\/ul>\n\n\n\n<p><strong>\u5176\u4ed6\u76f8\u5173\u5173\u952e\u8bcd\uff1a<\/strong> GBL\u3001\u03b3-\u4e01\u5185\u916f\u3001GHB\u3001\u03b3-\u7f9f\u4e01\u9178\u3001\u5371\u9669\u7269\u8d28\u3001\u300a\u9ebb\u9189\u54c1\u6cd5\u300b\uff08BtMG\uff09\u3001\u300a\u5371\u9669\u7269\u8d28\u6761\u4f8b\u300b\uff08GefStoffV\uff09\u3001\u6cd5\u5f8b\u72b6\u51b5\u3001\u5065\u5eb7\u635f\u5bb3\u3001\u6210\u763e\u98ce\u9669\u3002<\/p>","protected":false},"excerpt":{"rendered":"<p>GBL und GHB k\u00f6nnen gef\u00e4hrliche Stoffe sein, wenn sie nicht ordnungsgem\u00e4\u00df gehandhabt werden. Informieren Sie sich vor jeder Verwendung! Rechtliche Aspekte Wenn Sie Fragen zum Umgang mit gef\u00e4hrlichen chemischen Substanzen haben, wenden Sie sich bitte an einen zertifizierten Fachh\u00e4ndler oder eine chemische Sachverst\u00e4ndigen. Folgende Ressourcen k\u00f6nnen hilfreich sein: Andere relevante Keywords: GBL, Gamma-Butyrolacton, GHB, Gamma-Hydroxybutters\u00e4ure, [&hellip;]<\/p>\n","protected":false},"author":2,"featured_media":15713,"parent":0,"menu_order":0,"comment_status":"closed","ping_status":"closed","template":"","meta":{"footnotes":""},"class_list":["post-15712","page","type-page","status-publish","has-post-thumbnail","hentry"],"blocksy_meta":[],"jetpack_sharing_enabled":true,"_links":{"self":[{"href":"https:\/\/ko-tropfen-kaufen.com\/zh\/wp-json\/wp\/v2\/pages\/15712","targetHints":{"allow":["GET"]}}],"collection":[{"href":"https:\/\/ko-tropfen-kaufen.com\/zh\/wp-json\/wp\/v2\/pages"}],"about":[{"href":"https:\/\/ko-tropfen-kaufen.com\/zh\/wp-json\/wp\/v2\/types\/page"}],"author":[{"embeddable":true,"href":"https:\/\/ko-tropfen-kaufen.com\/zh\/wp-json\/wp\/v2\/users\/2"}],"replies":[{"embeddable":true,"href":"https:\/\/ko-tropfen-kaufen.com\/zh\/wp-json\/wp\/v2\/comments?post=15712"}],"version-history":[{"count":1,"href":"https:\/\/ko-tropfen-kaufen.com\/zh\/wp-json\/wp\/v2\/pages\/15712\/revisions"}],"predecessor-version":[{"id":15714,"href":"https:\/\/ko-tropfen-kaufen.com\/zh\/wp-json\/wp\/v2\/pages\/15712\/revisions\/15714"}],"wp:featuredmedia":[{"embeddable":true,"href":"https:\/\/ko-tropfen-kaufen.com\/zh\/wp-json\/wp\/v2\/media\/15713"}],"wp:attachment":[{"href":"https:\/\/ko-tropfen-kaufen.com\/zh\/wp-json\/wp\/v2\/media?parent=15712"}],"curies":[{"name":"wp","href":"https:\/\/api.w.org\/{rel}","templated":true}]}}