{"id":15705,"date":"2024-11-25T20:57:41","date_gmt":"2024-11-25T19:57:41","guid":{"rendered":"https:\/\/ko-tropfen-kaufen.com\/?page_id=15705"},"modified":"2025-11-05T08:36:16","modified_gmt":"2025-11-05T07:36:16","slug":"%e4%bb%80%e4%b9%88%e6%98%af%e5%85%a8%e7%90%83%e7%94%9f%e7%89%a9%e5%9c%88%e4%bf%9d%e6%8a%a4%e5%8c%ba","status":"publish","type":"page","link":"https:\/\/ko-tropfen-kaufen.com\/zh\/%e4%bb%80%e4%b9%88%e6%98%af%e5%85%a8%e7%90%83%e7%94%9f%e7%89%a9%e5%9c%88%e4%bf%9d%e6%8a%a4%e5%8c%ba\/","title":{"rendered":"\u4ec0\u4e48\u662f GBL"},"content":{"rendered":"<p>\u4ec0\u4e48\u662f GBL - \u03b3-\u4e01\u5185\u916f\uff08GBL\uff09\u662f\u4e00\u79cd\u65e0\u8272\u3001\u5438\u6e7f\u6027\u6db2\u4f53\uff0c\u56e0\u7528\u4f5c\u5de5\u4e1a\u6eb6\u5242\u548c\u5316\u5b66\u4e2d\u95f4\u4f53\u800c\u95fb\u540d\u3002<\/p>\n\n\n\n<p>\u5b83\u7684\u5206\u5b50\u5f0f\u4e3a C\u2084H\u2086O\u2082\uff0c\u6709\u6de1\u6de1\u7684\u6c14\u5473\u548c\u82e6\u5473\u3002GBL \u662f\u4e00\u79cd\u5185\u916f\uff0c\u662f\u4e00\u79cd\u73af\u916f\uff0c\u4e5f\u662f\u03b3-\u7f9f\u4e01\u9178\uff08GHB\uff09\u7684\u524d\u4f53\u3002<\/p>\n\n\n\n<blockquote class=\"wp-block-quote is-layout-flow wp-block-quote-is-layout-flow\">\n<p>GBL \u7684\u5176\u4ed6\u540d\u79f0\uff1aLiquid ecstasys\u3001blue nitro\u3001blue nitro vitality\u3001ghb droge\u3001gh droge\u3001ghbl dosieren\u3001renewtrient\u3001fire water\u3001gamma-g\u3001gh revitaliser\u3001remforce\u3002<\/p>\n<\/blockquote>\n\n\n\n<div id=\"ez-toc-container\" class=\"ez-toc-v2_0_82_2 counter-hierarchy ez-toc-counter ez-toc-grey ez-toc-container-direction\">\n<div class=\"ez-toc-title-container\">\n<p class=\"ez-toc-title\" style=\"cursor:inherit\">\u76ee\u5f55<\/p>\n<span class=\"ez-toc-title-toggle\"><a href=\"#\" class=\"ez-toc-pull-right ez-toc-btn ez-toc-btn-xs ez-toc-btn-default ez-toc-toggle\" aria-label=\"\u5207\u6362\u76ee\u5f55\"><span class=\"ez-toc-js-icon-con\"><span class=\"\"><span class=\"eztoc-hide\" style=\"display:none;\">\u5207\u6362<\/span><span class=\"ez-toc-icon-toggle-span\"><svg style=\"fill: #999;color:#999\" xmlns=\"http:\/\/www.w3.org\/2000\/svg\" class=\"list-377408\" width=\"20px\" height=\"20px\" viewbox=\"0 0 24 24\" fill=\"none\"><path d=\"M6 6H4v2h2V6zm14 0H8v2h12V6zM4 11h2v2H4v-2zm16 0H8v2h12v-2zM4 16h2v2H4v-2zm16 0H8v2h12v-2z\" fill=\"currentColor\"><\/path><\/svg><svg style=\"fill: #999;color:#999\" class=\"arrow-unsorted-368013\" xmlns=\"http:\/\/www.w3.org\/2000\/svg\" width=\"10px\" height=\"10px\" viewbox=\"0 0 24 24\" version=\"1.2\" baseprofile=\"tiny\"><path d=\"M18.2 9.3l-6.2-6.3-6.2 6.3c-.2.2-.3.4-.3.7s.1.5.3.7c.2.2.4.3.7.3h11c.3 0 .5-.1.7-.3.2-.2.3-.5.3-.7s-.1-.5-.3-.7zM5.8 14.7l6.2 6.3 6.2-6.3c.2-.2.3-.5.3-.7s-.1-.5-.3-.7c-.2-.2-.4-.3-.7-.3h-11c-.3 0-.5.1-.7.3-.2.2-.3.5-.3.7s.1.5.3.7z\"\/><\/svg><\/span><\/span><\/span><\/a><\/span><\/div>\n<nav><ul class='ez-toc-list ez-toc-list-level-1' ><li class='ez-toc-page-1 ez-toc-heading-level-2'><a class=\"ez-toc-link ez-toc-heading-1\" href=\"https:\/\/ko-tropfen-kaufen.com\/zh\/%e4%bb%80%e4%b9%88%e6%98%af%e5%85%a8%e7%90%83%e7%94%9f%e7%89%a9%e5%9c%88%e4%bf%9d%e6%8a%a4%e5%8c%ba\/#Chemische_Eigenschaften_und_industrielle_Verwendung_von_Gamma-Butyrolacton\" >\u03b3-\u4e01\u5185\u916f\u7684\u5316\u5b66\u7279\u6027\u548c\u5de5\u4e1a\u7528\u9014<\/a><\/li><li class='ez-toc-page-1 ez-toc-heading-level-2'><a class=\"ez-toc-link ez-toc-heading-2\" href=\"https:\/\/ko-tropfen-kaufen.com\/zh\/%e4%bb%80%e4%b9%88%e6%98%af%e5%85%a8%e7%90%83%e7%94%9f%e7%89%a9%e5%9c%88%e4%bf%9d%e6%8a%a4%e5%8c%ba\/#Andere_Verwendungen_von_GBL\" >GBL \u7684\u5176\u4ed6\u7528\u9014<\/a><\/li><li class='ez-toc-page-1 ez-toc-heading-level-2'><a class=\"ez-toc-link ez-toc-heading-3\" href=\"https:\/\/ko-tropfen-kaufen.com\/zh\/%e4%bb%80%e4%b9%88%e6%98%af%e5%85%a8%e7%90%83%e7%94%9f%e7%89%a9%e5%9c%88%e4%bf%9d%e6%8a%a4%e5%8c%ba\/#Chemische_Reaktionen_von_GBL\" >GBL \u7684\u5316\u5b66\u53cd\u5e94<\/a><\/li><li class='ez-toc-page-1 ez-toc-heading-level-2'><a class=\"ez-toc-link ez-toc-heading-4\" href=\"https:\/\/ko-tropfen-kaufen.com\/zh\/%e4%bb%80%e4%b9%88%e6%98%af%e5%85%a8%e7%90%83%e7%94%9f%e7%89%a9%e5%9c%88%e4%bf%9d%e6%8a%a4%e5%8c%ba\/#Regulierung_und_Rechtsstatus\" >\u76d1\u7ba1\u548c\u6cd5\u5f8b\u5730\u4f4d<\/a><\/li><li class='ez-toc-page-1 ez-toc-heading-level-2'><a class=\"ez-toc-link ez-toc-heading-5\" href=\"https:\/\/ko-tropfen-kaufen.com\/zh\/%e4%bb%80%e4%b9%88%e6%98%af%e5%85%a8%e7%90%83%e7%94%9f%e7%89%a9%e5%9c%88%e4%bf%9d%e6%8a%a4%e5%8c%ba\/#Gesundheitliche_Auswirkungen_und_Risiken\" >\u5065\u5eb7\u5f71\u54cd\u548c\u98ce\u9669<\/a><\/li><li class='ez-toc-page-1 ez-toc-heading-level-2'><a class=\"ez-toc-link ez-toc-heading-6\" href=\"https:\/\/ko-tropfen-kaufen.com\/zh\/%e4%bb%80%e4%b9%88%e6%98%af%e5%85%a8%e7%90%83%e7%94%9f%e7%89%a9%e5%9c%88%e4%bf%9d%e6%8a%a4%e5%8c%ba\/#Wo_kann_man_GBL_kaufen\" >\u5728\u54ea\u91cc\u53ef\u4ee5\u4e70\u5230 GBL\uff1f<\/a><\/li><\/ul><\/nav><\/div>\n<h2 class=\"wp-block-heading\" id=\"h-chemische-eigenschaften-und-industrielle-verwendung-von-gamma-butyrolacton\"><span class=\"ez-toc-section\" id=\"Chemische_Eigenschaften_und_industrielle_Verwendung_von_Gamma-Butyrolacton\"><\/span>\u03b3-\u4e01\u5185\u916f\u7684\u5316\u5b66\u7279\u6027\u548c\u5de5\u4e1a\u7528\u9014<span class=\"ez-toc-section-end\"><\/span><\/h2>\n\n\n\n<p>\u5de5\u4e1a\u751f\u4ea7\u4e2d\uff0c1,4-\u4e01\u4e8c\u9187\u5728\u94dc\u50ac\u5316\u5242\u7684\u4f5c\u7528\u4e0b\uff0c\u5728 180-300 \u00b0C \u7684\u6e29\u5ea6\u4e0b\u8131\u6c22\u751f\u6210 GBL\u3002<\/p>\n\n\n\n<p>\u8fd9\u79cd\u5de5\u827a\u7684\u4ea7\u91cf\u7ea6\u4e3a 95 %\uff0c\u901a\u8fc7\u6db2\u6001\u6c14\u76f8\u8403\u53d6\u8fdb\u884c\u63d0\u7eaf\u3002\u5728\u5b9e\u9a8c\u5ba4\u4e2d\uff0c\u4e5f\u53ef\u4ee5\u901a\u8fc7\u56db\u6c22\u544b\u5583\uff08THF\uff09\u6c27\u5316\u6216\u8102\u80aa\u9176\u50ac\u5316\u4e0e 4-\u7f9f\u57fa\u4e01\u9178\uff084-HB\uff09\u53cd\u5e94\u5408\u6210 GBL\u3002<\/p>\n\n\n\n<p>GBL \u8fd8\u88ab\u7528\u4f5c\u751f\u4ea7 N-\u7532\u57fa-2-\u5421\u54af\u70f7\u916e\uff08NMP\uff09\u548c\u5421\u54af\u70f7\u916e\u7b49\u5176\u4ed6\u5316\u5b66\u54c1\u4ee5\u53ca\u5408\u6210\u67d0\u4e9b\u836f\u7269\u7684\u4e2d\u95f4\u4f53\u3002<\/p>\n\n\n\n<h2 class=\"wp-block-heading\" id=\"h-andere-verwendungen-von-gbl\"><span class=\"ez-toc-section\" id=\"Andere_Verwendungen_von_GBL\"><\/span>GBL \u7684\u5176\u4ed6\u7528\u9014<span class=\"ez-toc-section-end\"><\/span><\/h2>\n\n\n\n<ul class=\"wp-block-list\">\n<li>\u989c\u8272\u7a00\u91ca\u5242<\/li>\n\n\n\n<li>\u6e05\u6d01\u5242<\/li>\n\n\n\n<li>\u8d85\u7ea7\u80f6\u6c34\u53bb\u9664\u5242<\/li>\n\n\n\n<li>\u7535\u89e3\u7535\u5bb9\u5668<\/li>\n<\/ul>\n\n\n\n<h2 class=\"wp-block-heading\" id=\"h-chemische-reaktionen-von-gbl\"><span class=\"ez-toc-section\" id=\"Chemische_Reaktionen_von_GBL\"><\/span>GBL \u7684\u5316\u5b66\u53cd\u5e94<span class=\"ez-toc-section-end\"><\/span><\/h2>\n\n\n\n<p>GBL \u7684\u5316\u5b66\u7ed3\u6784\u53ef\u4f7f\u5176\u5728\u78b1\u6027\u6761\u4ef6\u4e0b\u6c34\u89e3\u4e3a\u4f3d\u9a6c-\u7f9f\u4e01\u9178\uff08GHB\uff09\u3002\u8fd9\u4e00\u7279\u6027\u4f7f\u5f97 GBL \u88ab\u7528\u4e8e\u751f\u4ea7 GHB\uff0c\u800c GHB \u65e2\u662f\u4e00\u79cd\u6cbb\u7597\u5242\uff0c\u4e5f\u662f\u4e00\u79cd\u6ee5\u7528\u7269\u8d28\u3002GBL \u7684\u8f6c\u5316\u8fc7\u7a0b\u975e\u5e38\u7b80\u5355\uff0c\u56e0\u6b64\u6210\u4e3a\u5408\u6210 GHB \u7684\u91cd\u8981\u524d\u4f53\u3002<\/p>\n\n\n\n<figure class=\"wp-block-image size-full\"><img data-recalc-dims=\"1\" fetchpriority=\"high\" decoding=\"async\" width=\"1024\" height=\"379\" src=\"https:\/\/i0.wp.com\/ko-tropfen-kaufen.com\/wp-content\/uploads\/2024\/11\/Gbl-Produktionsprozess-1024x379-1.png?resize=1024%2C379&#038;ssl=1\" alt=\"\" class=\"wp-image-15708\" srcset=\"https:\/\/i0.wp.com\/ko-tropfen-kaufen.com\/wp-content\/uploads\/2024\/11\/Gbl-Produktionsprozess-1024x379-1.png?w=1024&amp;ssl=1 1024w, https:\/\/i0.wp.com\/ko-tropfen-kaufen.com\/wp-content\/uploads\/2024\/11\/Gbl-Produktionsprozess-1024x379-1.png?resize=430%2C159&amp;ssl=1 430w, https:\/\/i0.wp.com\/ko-tropfen-kaufen.com\/wp-content\/uploads\/2024\/11\/Gbl-Produktionsprozess-1024x379-1.png?resize=700%2C259&amp;ssl=1 700w, https:\/\/i0.wp.com\/ko-tropfen-kaufen.com\/wp-content\/uploads\/2024\/11\/Gbl-Produktionsprozess-1024x379-1.png?resize=400%2C148&amp;ssl=1 400w, https:\/\/i0.wp.com\/ko-tropfen-kaufen.com\/wp-content\/uploads\/2024\/11\/Gbl-Produktionsprozess-1024x379-1.png?resize=768%2C284&amp;ssl=1 768w\" sizes=\"(max-width: 1024px) 100vw, 1024px\" \/><\/figure>\n\n\n\n<h2 class=\"wp-block-heading\" id=\"h-regulierung-und-rechtsstatus\"><span class=\"ez-toc-section\" id=\"Regulierung_und_Rechtsstatus\"><\/span>\u76d1\u7ba1\u548c\u6cd5\u5f8b\u5730\u4f4d<span class=\"ez-toc-section-end\"><\/span><\/h2>\n\n\n\n<p>\u8bb8\u591a\u56fd\u5bb6\u90fd\u5bf9 GBL \u8fdb\u884c\u4e86\u6cd5\u5f8b\u7ba1\u5236\uff0c\u56e0\u4e3a\u5b83\u5728\u4eba\u4f53\u5185\u8f6c\u5316\u4e3a GHB \u540e\u4f1a\u88ab\u6ee5\u7528\uff0c\u6210\u4e3a\u4e00\u79cd\u5a31\u4e50\u6027\u836f\u7269\u3002\u4f3d\u9a6c--\u7f9f\u4e01\u9178\u56e0\u5176\u9547\u9759\u548c\u5174\u594b\u4f5c\u7528\u800c\u95fb\u540d\uff0c\u8fd9\u5bfc\u81f4\u5b83\u4e0e\u975e\u6cd5\u4f7f\u7528\u548c\u5b89\u5168\u95ee\u9898\u8054\u7cfb\u5728\u4e00\u8d77\u3002\u56e0\u6b64\uff0cGBL \u901a\u5e38\u53d7\u5230\u6bd2\u54c1\u524d\u4f53\u6cd5\u5f8b\u7684\u7ba1\u5236\uff0c\u5176\u9500\u552e\u548c\u6301\u6709\u53ef\u80fd\u53d7\u5230\u9650\u5236\u3002<\/p>\n\n\n\n<h2 class=\"wp-block-heading\" id=\"h-gesundheitliche-auswirkungen-und-risiken\"><span class=\"ez-toc-section\" id=\"Gesundheitliche_Auswirkungen_und_Risiken\"><\/span>\u5065\u5eb7\u5f71\u54cd\u548c\u98ce\u9669<span class=\"ez-toc-section-end\"><\/span><\/h2>\n\n\n\n<p>\u670d\u7528 GBL \u4f1a\u5bfc\u81f4\u4e00\u7cfb\u5217\u526f\u4f5c\u7528\uff0c\u5305\u62ec\u6076\u5fc3\u3001\u5934\u75db\u3001\u89c6\u529b\u6a21\u7cca\u3001\u5fc3\u8df3\u52a0\u5feb\u548c\u8840\u538b\u5347\u9ad8\u3002\u957f\u671f\u6ee5\u7528\u4f1a\u5bfc\u81f4\u4e25\u91cd\u7684\u8eab\u5fc3\u5065\u5eb7\u95ee\u9898\uff0c\u5982\u6291\u90c1\u3001\u7126\u8651\u751a\u81f3\u7cbe\u795e\u75c5\u3002\u56e0\u6b64\uff0c\u5fc5\u987b\u8d1f\u8d23\u4efb\u5730\u6309\u7167\u76f8\u5173\u6cd5\u5f8b\u548c\u5b89\u5168\u51c6\u5219\u670d\u7528 GBL\u3002<\/p>\n\n\n\n<figure class=\"wp-block-image size-full is-resized\"><img data-recalc-dims=\"1\" decoding=\"async\" width=\"1024\" height=\"585\" src=\"https:\/\/i0.wp.com\/ko-tropfen-kaufen.com\/wp-content\/uploads\/2024\/11\/GBL-pharmacie-1024x585-1.jpg?resize=1024%2C585&#038;ssl=1\" alt=\"\" class=\"wp-image-15709\" style=\"width:1192px;height:auto\" srcset=\"https:\/\/i0.wp.com\/ko-tropfen-kaufen.com\/wp-content\/uploads\/2024\/11\/GBL-pharmacie-1024x585-1.jpg?w=1024&amp;ssl=1 1024w, https:\/\/i0.wp.com\/ko-tropfen-kaufen.com\/wp-content\/uploads\/2024\/11\/GBL-pharmacie-1024x585-1.jpg?resize=430%2C246&amp;ssl=1 430w, https:\/\/i0.wp.com\/ko-tropfen-kaufen.com\/wp-content\/uploads\/2024\/11\/GBL-pharmacie-1024x585-1.jpg?resize=700%2C400&amp;ssl=1 700w, https:\/\/i0.wp.com\/ko-tropfen-kaufen.com\/wp-content\/uploads\/2024\/11\/GBL-pharmacie-1024x585-1.jpg?resize=400%2C229&amp;ssl=1 400w, https:\/\/i0.wp.com\/ko-tropfen-kaufen.com\/wp-content\/uploads\/2024\/11\/GBL-pharmacie-1024x585-1.jpg?resize=768%2C439&amp;ssl=1 768w\" sizes=\"(max-width: 1024px) 100vw, 1024px\" \/><\/figure>\n\n\n\n<h2 class=\"wp-block-heading\" id=\"h-wo-kann-man-gbl-kaufen\"><span class=\"ez-toc-section\" id=\"Wo_kann_man_GBL_kaufen\"><\/span>\u5728\u54ea\u91cc\u53ef\u4ee5\u4e70\u5230 GBL\uff1f<span class=\"ez-toc-section-end\"><\/span><\/h2>\n\n\n\n<p>\u5982\u679c\u60a8\u9700\u8981 GBL \u7528\u4e8e\u5408\u6cd5\u7684\u5de5\u4e1a\u7528\u9014\uff0c\u53ef\u4ee5\u4ece\u5404\u79cd\u4f9b\u5e94\u5546\u90a3\u91cc\u8d2d\u4e70\u3002\u53ef\u9760\u7684\u6765\u6e90\u5305\u62ec\u4e13\u4e1a\u5316\u5b66\u54c1\u4f9b\u5e94\u5546\u548c\u5de5\u4e1a\u4f9b\u5e94\u5546\u3002\u8d2d\u4e70 GBL \u65f6\uff0c\u8bf7\u52a1\u5fc5\u9075\u5b88\u5f53\u5730\u6cd5\u89c4\u3002\u7814\u7a76\u4f9b\u5e94\u5546\u548c\u9605\u8bfb\u8bc4\u8bba\u6709\u52a9\u4e8e\u786e\u4fdd\u60a8\u83b7\u5f97\u7b26\u5408\u9700\u6c42\u7684\u9ad8\u8d28\u91cf GBL\u3002<\/p>\n\n\n\n<ul class=\"wp-block-list\">\n<li><strong>GBL \u6e05\u6d01\u5546\u5e97<\/strong>\u8fd9\u5bb6\u5546\u5e97\u63d0\u4f9b\u5404\u79cd GBL \u4ea7\u54c1\uff0c\u4e3b\u8981\u7528\u4e8e\u5de5\u4e1a\u6e05\u6d17\u76ee\u7684\uff0c\u5982\u8f66\u8f6e\u6e05\u6d17\u548c\u6eb6\u5242\u5e94\u7528\u3002\u8be5\u516c\u53f8\u975e\u5e38\u91cd\u89c6 GBL \u4ea7\u54c1\u7684\u8d28\u91cf\u548c\u7eaf\u5ea6\uff0c\u5e76\u63d0\u4f9b\u8be6\u7ec6\u7684\u4f7f\u7528\u8bf4\u660e\uff08GBL Clean Shop\uff09\u3002<\/li>\n\n\n\n<li><strong>GBL \u5546\u5e97<\/strong>\u8fd9\u5bb6\u5546\u5e97\u4ee5\u5176\u79cd\u7c7b\u9f50\u5168\u7684 GBL \u4ea7\u54c1\u800c\u95fb\u540d\uff0c\u63d0\u4f9b 500 \u6beb\u5347\u30011 \u5347\u30012 \u5347\u30015 \u5347\u7b49\u4e0d\u540c\u6570\u91cf\u7684\u9009\u62e9\u3002\u5b83\u786e\u4fdd\u4ea4\u6613\u5b89\u5168\u8c28\u614e\uff0c\u5e76\u63d0\u4f9b\u5177\u6709\u7ade\u4e89\u529b\u7684\u4ef7\u683c (<a href=\"https:\/\/ko-tropfen-kaufen.com\/serioser-gbl-shop\">GBL \u5546\u5e97<\/a>).<\/li>\n\n\n\n<li><strong>GBL \u5316\u5b66\u5b9e\u9a8c\u5ba4<\/strong>\u8be5\u7f51\u7ad9\u51fa\u552e\u4e0d\u540c\u6570\u91cf\u7684 GBL\uff0c\u5e76\u5ba3\u4f20\u5176\u7528\u4e8e\u5de5\u4e1a\u6e05\u6d01\u548c\u5316\u5b66\u4e2d\u95f4\u4f53\u3002\u4ed6\u4eec\u5f3a\u8c03\u5176\u5b89\u5168\u7684\u8ba2\u8d2d\u6d41\u7a0b\u548c\u5feb\u901f\u7684\u8fd0\u8f93\u9009\u62e9\uff08GBL Chem Lab\uff09\u3002<\/li>\n<\/ul>\n\n\n\n<p>\u66f4\u591a\u8be6\u7ec6\u4fe1\u606f\u53ef\u67e5\u9605\u7ef4\u57fa\u767e\u79d1\u548c FineChemical.net (<a href=\"https:\/\/de.wikipedia.org\/wiki\/\u0393-Butyrolacton\" target=\"_blank\" rel=\"noopener\">\u7ef4\u57fa\u767e\u79d1<\/a>)\uff08\u5b89\u6b65\u5316\u5b66\uff09\u3002<\/p>\n\n\n\n<p>\u603b\u4e4b\uff0cGBL \u7684\u5386\u53f2\u5177\u6709\u53cc\u91cd\u7279\u70b9\uff0c\u65e2\u662f\u4e00\u79cd\u6709\u4ef7\u503c\u7684\u5de5\u4e1a\u6eb6\u5242\uff0c\u4e5f\u662f\u53d7\u63a7\u7684\u4f3d\u9a6c--\u7f9f\u4e01\u9178\u524d\u4f53\uff0c\u8fd9\u65e2\u53cd\u6620\u4e86\u5b83\u7684\u7528\u9014\uff0c\u4e5f\u53cd\u6620\u4e86\u4e3a\u51cf\u5c11\u6ee5\u7528\u800c\u8fdb\u884c\u76d1\u7ba1\u7684\u5fc5\u8981\u6027\u3002<\/p>","protected":false},"excerpt":{"rendered":"<p>Was ist GBL &#8211; Gamma-Butyrolacton (GBL) ist eine farblose, hygroskopische Fl\u00fcssigkeit, die f\u00fcr ihre Verwendung als industrielles L\u00f6sungsmittel und chemisches Zwischenprodukt bekannt ist. Es hat die Molekularformel C\u2084H\u2086O\u2082 und zeichnet sich durch einen schwachen Geruch und einen bitteren Geschmack aus. GBL ist ein Lacton, eine Art zyklischer Ester, und ist ein Vorl\u00e4ufer von Gamma-Hydroxybutters\u00e4ure (GHB). [&hellip;]<\/p>\n","protected":false},"author":2,"featured_media":0,"parent":0,"menu_order":0,"comment_status":"closed","ping_status":"closed","template":"","meta":{"footnotes":""},"class_list":["post-15705","page","type-page","status-publish","hentry"],"blocksy_meta":[],"jetpack_sharing_enabled":true,"_links":{"self":[{"href":"https:\/\/ko-tropfen-kaufen.com\/zh\/wp-json\/wp\/v2\/pages\/15705","targetHints":{"allow":["GET"]}}],"collection":[{"href":"https:\/\/ko-tropfen-kaufen.com\/zh\/wp-json\/wp\/v2\/pages"}],"about":[{"href":"https:\/\/ko-tropfen-kaufen.com\/zh\/wp-json\/wp\/v2\/types\/page"}],"author":[{"embeddable":true,"href":"https:\/\/ko-tropfen-kaufen.com\/zh\/wp-json\/wp\/v2\/users\/2"}],"replies":[{"embeddable":true,"href":"https:\/\/ko-tropfen-kaufen.com\/zh\/wp-json\/wp\/v2\/comments?post=15705"}],"version-history":[{"count":2,"href":"https:\/\/ko-tropfen-kaufen.com\/zh\/wp-json\/wp\/v2\/pages\/15705\/revisions"}],"predecessor-version":[{"id":15831,"href":"https:\/\/ko-tropfen-kaufen.com\/zh\/wp-json\/wp\/v2\/pages\/15705\/revisions\/15831"}],"wp:attachment":[{"href":"https:\/\/ko-tropfen-kaufen.com\/zh\/wp-json\/wp\/v2\/media?parent=15705"}],"curies":[{"name":"wp","href":"https:\/\/api.w.org\/{rel}","templated":true}]}}