{"id":1034,"date":"2024-02-10T14:42:35","date_gmt":"2024-02-10T13:42:35","guid":{"rendered":"https:\/\/startersites.io\/elementor\/smile-dent\/?page_id=1034"},"modified":"2026-03-21T21:42:46","modified_gmt":"2026-03-21T20:42:46","slug":"%e5%85%b3%e4%ba%8e%e6%88%91%e4%bb%ac","status":"publish","type":"page","link":"https:\/\/ko-tropfen-kaufen.com\/zh\/%e5%85%b3%e4%ba%8e%e6%88%91%e4%bb%ac\/","title":{"rendered":"\u5173\u4e8e\u6211\u4eec"},"content":{"rendered":"<div data-elementor-type=\"wp-page\" data-elementor-id=\"1034\" class=\"elementor elementor-1034\" data-elementor-post-type=\"page\">\n\t\t\t\t<div class=\"elementor-element elementor-element-21fc403 e-flex e-con-boxed e-con e-parent\" data-id=\"21fc403\" data-element_type=\"container\" data-e-type=\"container\">\n\t\t\t\t\t<div class=\"e-con-inner\">\n\t\t<div class=\"elementor-element elementor-element-3b99d1b e-flex e-con-boxed e-con e-child\" data-id=\"3b99d1b\" data-element_type=\"container\" data-e-type=\"container\" data-settings=\"{&quot;background_background&quot;:&quot;classic&quot;}\">\n\t\t\t\t\t<div class=\"e-con-inner\">\n\t\t<div class=\"elementor-element elementor-element-808fb92 e-con-full e-flex e-con e-child\" data-id=\"808fb92\" data-element_type=\"container\" data-e-type=\"container\">\n\t\t\t\t<div class=\"elementor-element elementor-element-1b05e13 elementor-widget elementor-widget-shortcode\" data-id=\"1b05e13\" data-element_type=\"widget\" data-e-type=\"widget\" data-widget_type=\"shortcode.default\">\n\t\t\t\t<div class=\"elementor-widget-container\">\n\t\t\t\t\t\t\t<div class=\"elementor-shortcode\"><\/div>\n\t\t\t\t\t\t<\/div>\n\t\t\t\t<\/div>\n\t\t\t\t<div class=\"elementor-element elementor-element-69e14f5 elementor-widget elementor-widget-heading\" data-id=\"69e14f5\" data-element_type=\"widget\" data-e-type=\"widget\" data-widget_type=\"heading.default\">\n\t\t\t\t<div class=\"elementor-widget-container\">\n\t\t\t\t\t<div id=\"ez-toc-container\" class=\"ez-toc-v2_0_82_2 counter-hierarchy ez-toc-counter ez-toc-grey ez-toc-container-direction\">\n<div class=\"ez-toc-title-container\">\n<p class=\"ez-toc-title\" style=\"cursor:inherit\">\u76ee\u5f55<\/p>\n<span class=\"ez-toc-title-toggle\"><a href=\"#\" class=\"ez-toc-pull-right ez-toc-btn ez-toc-btn-xs ez-toc-btn-default ez-toc-toggle\" aria-label=\"\u5207\u6362\u76ee\u5f55\"><span class=\"ez-toc-js-icon-con\"><span class=\"\"><span class=\"eztoc-hide\" style=\"display:none;\">\u5207\u6362<\/span><span class=\"ez-toc-icon-toggle-span\"><svg style=\"fill: #999;color:#999\" xmlns=\"http:\/\/www.w3.org\/2000\/svg\" class=\"list-377408\" width=\"20px\" height=\"20px\" viewbox=\"0 0 24 24\" fill=\"none\"><path d=\"M6 6H4v2h2V6zm14 0H8v2h12V6zM4 11h2v2H4v-2zm16 0H8v2h12v-2zM4 16h2v2H4v-2zm16 0H8v2h12v-2z\" fill=\"currentColor\"><\/path><\/svg><svg style=\"fill: #999;color:#999\" class=\"arrow-unsorted-368013\" xmlns=\"http:\/\/www.w3.org\/2000\/svg\" width=\"10px\" height=\"10px\" viewbox=\"0 0 24 24\" version=\"1.2\" baseprofile=\"tiny\"><path d=\"M18.2 9.3l-6.2-6.3-6.2 6.3c-.2.2-.3.4-.3.7s.1.5.3.7c.2.2.4.3.7.3h11c.3 0 .5-.1.7-.3.2-.2.3-.5.3-.7s-.1-.5-.3-.7zM5.8 14.7l6.2 6.3 6.2-6.3c.2-.2.3-.5.3-.7s-.1-.5-.3-.7c-.2-.2-.4-.3-.7-.3h-11c-.3 0-.5.1-.7.3-.2.2-.3.5-.3.7s.1.5.3.7z\"\/><\/svg><\/span><\/span><\/span><\/a><\/span><\/div>\n<nav><ul class='ez-toc-list ez-toc-list-level-1' ><li class='ez-toc-page-1 ez-toc-heading-level-2'><a class=\"ez-toc-link ez-toc-heading-1\" href=\"https:\/\/ko-tropfen-kaufen.com\/zh\/%e5%85%b3%e4%ba%8e%e6%88%91%e4%bb%ac\/#Uber_uns\" >\u5173\u4e8e\u6211\u4eec<\/a><\/li><li class='ez-toc-page-1 ez-toc-heading-level-2'><a class=\"ez-toc-link ez-toc-heading-2\" href=\"https:\/\/ko-tropfen-kaufen.com\/zh\/%e5%85%b3%e4%ba%8e%e6%88%91%e4%bb%ac\/#Geprufte_Seriositat_Rechtssicherheit\" >\u4e45\u7ecf\u8003\u9a8c\u7684\u53ef\u9760\u6027\u548c\u6cd5\u5f8b\u786e\u5b9a\u6027<\/a><ul class='ez-toc-list-level-3' ><li class='ez-toc-heading-level-3'><a class=\"ez-toc-link ez-toc-heading-3\" href=\"https:\/\/ko-tropfen-kaufen.com\/zh\/%e5%85%b3%e4%ba%8e%e6%88%91%e4%bb%ac\/#Unsere_Mission\" >\u6211\u4eec\u7684\u4f7f\u547d<\/a><\/li><\/ul><\/li><\/ul><\/nav><\/div>\n<h2 class=\"elementor-heading-title elementor-size-default\"><span class=\"ez-toc-section\" id=\"Uber_uns\"><\/span>\u5173\u4e8e\u6211\u4eec<span class=\"ez-toc-section-end\"><\/span><\/h2>\t\t\t\t<\/div>\n\t\t\t\t<\/div>\n\t\t\t\t<div class=\"elementor-element elementor-element-7fca67a elementor-widget elementor-widget-text-editor\" data-id=\"7fca67a\" data-element_type=\"widget\" data-e-type=\"widget\" data-widget_type=\"text-editor.default\">\n\t\t\t\t<div class=\"elementor-widget-container\">\n\t\t\t\t\t\t\t\t\t<p>ko-tropfen-kaufen.com \u4e0d\u4ec5\u4ec5\u662f\u4e00\u5bb6\u7f51\u4e0a\u5546\u5e97\uff0c\u6211\u4eec\u8fd8\u662f\u6b27\u6d32\u9ad8\u54c1\u8d28\u7814\u7a76\u5316\u5b66\u54c1\u7684\u7279\u8bb8\u8ba4\u8bc1\u6279\u53d1\u5546\u3002<\/p><p>\u6211\u4eec\u7684\u56e2\u961f\u7531\u7ecf\u9a8c\u4e30\u5bcc\u7684\u5316\u5b66\u5bb6\u548c\u884c\u4e1a\u4e13\u5bb6\u7ec4\u6210\uff0c\u4ed6\u4eec\u5728\u7279\u79cd\u5316\u5b66\u54c1\u7684\u7814\u7a76\u3001\u5f00\u53d1\u548c\u5408\u6cd5\u8d38\u6613\u65b9\u9762\u62e5\u6709 3 \u81f3 5 \u5e74\u7684\u7ecf\u9a8c\u3002<\/p>\t\t\t\t\t\t\t\t<\/div>\n\t\t\t\t<\/div>\n\t\t\t\t<div class=\"elementor-element elementor-element-6ea1013 elementor-widget elementor-widget-button\" data-id=\"6ea1013\" data-element_type=\"widget\" data-e-type=\"widget\" data-widget_type=\"button.default\">\n\t\t\t\t<div class=\"elementor-widget-container\">\n\t\t\t\t\t\t\t\t\t<div class=\"elementor-button-wrapper\">\n\t\t\t\t\t<a class=\"elementor-button elementor-button-link elementor-size-sm\" href=\"https:\/\/ko-tropfen-kaufen.com\/serioser-gbl-shop\/\">\n\t\t\t\t\t\t<span class=\"elementor-button-content-wrapper\">\n\t\t\t\t\t\t<span class=\"elementor-button-icon\">\n\t\t\t\t<svg xmlns=\"http:\/\/www.w3.org\/2000\/svg\" viewbox=\"0 0 24 24\"><path fill-rule=\"evenodd\" d=\"M24 0v22.78h-2.87V4.9L2.03 24 0 21.97l19.1-19.1H1.26V0H24Z\"><\/path><\/svg>\t\t\t<\/span>\n\t\t\t\t\t\t\t\t\t<span class=\"elementor-button-text\">\u7acb\u5373\u8ba2\u8d2d<\/span>\n\t\t\t\t\t<\/span>\n\t\t\t\t\t<\/a>\n\t\t\t\t<\/div>\n\t\t\t\t\t\t\t\t<\/div>\n\t\t\t\t<\/div>\n\t\t\t\t<\/div>\n\t\t<div class=\"elementor-element elementor-element-ee88ee0 e-con-full e-flex e-con e-child\" data-id=\"ee88ee0\" data-element_type=\"container\" data-e-type=\"container\">\n\t\t\t\t<div class=\"elementor-element elementor-element-14fa9a9 elementor-widget elementor-widget-image\" data-id=\"14fa9a9\" data-element_type=\"widget\" data-e-type=\"widget\" data-widget_type=\"image.default\">\n\t\t\t\t<div class=\"elementor-widget-container\">\n\t\t\t\t\t\t\t\t\t\t\t\t\t\t\t<img fetchpriority=\"high\" decoding=\"async\" width=\"800\" height=\"800\" src=\"https:\/\/i0.wp.com\/ko-tropfen-kaufen.com\/wp-content\/uploads\/2024\/11\/callout-chemical-conveyor.jpg?fit=800%2C800&amp;ssl=1\" class=\"attachment-large size-large wp-image-15696\" alt=\"\u5173\u4e8e\u6211\u4eec KO \u6ef4\uff0c\u8d2d\u4e70 KO \u6ef4\uff0c\u8d2d\u4e70 KO \u6ef4 - GBL\u3001GHB\u3001BDO\" srcset=\"https:\/\/i0.wp.com\/ko-tropfen-kaufen.com\/wp-content\/uploads\/2024\/11\/callout-chemical-conveyor.jpg?w=1000&amp;ssl=1 1000w, https:\/\/i0.wp.com\/ko-tropfen-kaufen.com\/wp-content\/uploads\/2024\/11\/callout-chemical-conveyor.jpg?resize=430%2C430&amp;ssl=1 430w, https:\/\/i0.wp.com\/ko-tropfen-kaufen.com\/wp-content\/uploads\/2024\/11\/callout-chemical-conveyor.jpg?resize=100%2C100&amp;ssl=1 100w, https:\/\/i0.wp.com\/ko-tropfen-kaufen.com\/wp-content\/uploads\/2024\/11\/callout-chemical-conveyor.jpg?resize=700%2C700&amp;ssl=1 700w, https:\/\/i0.wp.com\/ko-tropfen-kaufen.com\/wp-content\/uploads\/2024\/11\/callout-chemical-conveyor.jpg?resize=500%2C500&amp;ssl=1 500w, https:\/\/i0.wp.com\/ko-tropfen-kaufen.com\/wp-content\/uploads\/2024\/11\/callout-chemical-conveyor.jpg?resize=300%2C300&amp;ssl=1 300w, https:\/\/i0.wp.com\/ko-tropfen-kaufen.com\/wp-content\/uploads\/2024\/11\/callout-chemical-conveyor.jpg?resize=800%2C800&amp;ssl=1 800w, https:\/\/i0.wp.com\/ko-tropfen-kaufen.com\/wp-content\/uploads\/2024\/11\/callout-chemical-conveyor.jpg?resize=150%2C150&amp;ssl=1 150w, https:\/\/i0.wp.com\/ko-tropfen-kaufen.com\/wp-content\/uploads\/2024\/11\/callout-chemical-conveyor.jpg?resize=768%2C768&amp;ssl=1 768w\" sizes=\"(max-width: 800px) 100vw, 800px\" \/>\t\t\t\t\t\t\t\t\t\t\t\t\t\t\t<\/div>\n\t\t\t\t<\/div>\n\t\t\t\t<\/div>\n\t\t\t\t\t<\/div>\n\t\t\t\t<\/div>\n\t\t\t\t\t<\/div>\n\t\t\t\t<\/div>\n\t\t<div class=\"elementor-element elementor-element-05d5f64 e-flex e-con-boxed e-con e-parent\" data-id=\"05d5f64\" data-element_type=\"container\" data-e-type=\"container\">\n\t\t\t\t\t<div class=\"e-con-inner\">\n\t\t<div class=\"elementor-element elementor-element-3d05ddc e-con-full e-flex e-con e-child\" data-id=\"3d05ddc\" data-element_type=\"container\" data-e-type=\"container\" data-settings=\"{&quot;background_background&quot;:&quot;classic&quot;}\">\n\t\t\t\t<div class=\"elementor-element elementor-element-38a8f7e elementor-widget elementor-widget-image\" data-id=\"38a8f7e\" data-element_type=\"widget\" data-e-type=\"widget\" data-widget_type=\"image.default\">\n\t\t\t\t<div class=\"elementor-widget-container\">\n\t\t\t\t\t\t\t\t\t\t\t\t\t\t\t<img decoding=\"async\" width=\"933\" height=\"800\" src=\"https:\/\/i0.wp.com\/ko-tropfen-kaufen.com\/wp-content\/uploads\/2024\/11\/GBL-kaufen-schweiz.jpg?fit=933%2C800&amp;ssl=1\" class=\"attachment-large size-large wp-image-15602\" alt=\"GBL kaufen schweiz, KO Tropfen kaufen, KO Tropfen kaufen - GBL, GHB, BDO\" srcset=\"https:\/\/i0.wp.com\/ko-tropfen-kaufen.com\/wp-content\/uploads\/2024\/11\/GBL-kaufen-schweiz.jpg?w=1200&amp;ssl=1 1200w, https:\/\/i0.wp.com\/ko-tropfen-kaufen.com\/wp-content\/uploads\/2024\/11\/GBL-kaufen-schweiz.jpg?resize=430%2C369&amp;ssl=1 430w, https:\/\/i0.wp.com\/ko-tropfen-kaufen.com\/wp-content\/uploads\/2024\/11\/GBL-kaufen-schweiz.jpg?resize=700%2C600&amp;ssl=1 700w, https:\/\/i0.wp.com\/ko-tropfen-kaufen.com\/wp-content\/uploads\/2024\/11\/GBL-kaufen-schweiz.jpg?resize=350%2C300&amp;ssl=1 350w, https:\/\/i0.wp.com\/ko-tropfen-kaufen.com\/wp-content\/uploads\/2024\/11\/GBL-kaufen-schweiz.jpg?resize=933%2C800&amp;ssl=1 933w, https:\/\/i0.wp.com\/ko-tropfen-kaufen.com\/wp-content\/uploads\/2024\/11\/GBL-kaufen-schweiz.jpg?resize=768%2C659&amp;ssl=1 768w, https:\/\/i0.wp.com\/ko-tropfen-kaufen.com\/wp-content\/uploads\/2024\/11\/GBL-kaufen-schweiz.jpg?resize=75%2C65&amp;ssl=1 75w\" sizes=\"(max-width: 933px) 100vw, 933px\" \/>\t\t\t\t\t\t\t\t\t\t\t\t\t\t\t<\/div>\n\t\t\t\t<\/div>\n\t\t\t\t<\/div>\n\t\t<div class=\"elementor-element elementor-element-37c51f6 e-con-full e-flex e-con e-child\" data-id=\"37c51f6\" data-element_type=\"container\" data-e-type=\"container\">\n\t\t\t\t<div class=\"elementor-element elementor-element-0870c5c elementor-widget elementor-widget-heading\" data-id=\"0870c5c\" data-element_type=\"widget\" data-e-type=\"widget\" data-widget_type=\"heading.default\">\n\t\t\t\t<div class=\"elementor-widget-container\">\n\t\t\t\t\t<h2 class=\"elementor-heading-title elementor-size-default\"><span class=\"ez-toc-section\" id=\"Geprufte_Seriositat_Rechtssicherheit\"><\/span>\u4e45\u7ecf\u8003\u9a8c\u7684\u53ef\u9760\u6027\u548c\u6cd5\u5f8b\u786e\u5b9a\u6027<span class=\"ez-toc-section-end\"><\/span><\/h2>\t\t\t\t<\/div>\n\t\t\t\t<\/div>\n\t\t\t\t<div class=\"elementor-element elementor-element-793e645 elementor-widget elementor-widget-text-editor\" data-id=\"793e645\" data-element_type=\"widget\" data-e-type=\"widget\" data-widget_type=\"text-editor.default\">\n\t\t\t\t<div class=\"elementor-widget-container\">\n\t\t\t\t\t\t\t\t\t<p data-start=\"584\" data-end=\"877\">\u6211\u4eec\u62e5\u6709\u6240\u6709\u5fc5\u8981\u7684\u6267\u7167\u3001\u8bc1\u4e66\u548c\u6cd5\u5f8b\u6388\u6743\uff0c\u53ef\u4ee5\u5728\u6574\u4e2a\u6b27\u6d32\u5b89\u5168\u3001\u900f\u660e\u5730\u5f00\u5c55\u4e1a\u52a1\u3002<br data-start=\"727\" data-end=\"730\" \/>\u6211\u4eec\u7684\u6d41\u7a0b\uff08\u4ece\u4ea7\u54c1\u91c7\u8d2d\u5230\u4ea4\u4ed8\uff09\u65e8\u5728\u6700\u5927\u9650\u5ea6\u5730\u63d0\u9ad8\u8d28\u91cf\u3001\u5b89\u5168\u6027\u548c\u6cd5\u5f8b\u5408\u89c4\u6027\u3002<\/p><p data-start=\"879\" data-end=\"907\"><strong>\u6211\u4eec\u7684\u4ea7\u54c1\u7cfb\u5217<\/strong><\/p><p data-start=\"908\" data-end=\"1003\">\u6211\u4eec\u53ea\u63d0\u4f9b\u7ecf\u8fc7\u5b9e\u9a8c\u5ba4\u8d28\u91cf\u68c0\u6d4b\u548c\u8bb0\u5f55\u7684\u4ea7\u54c1\uff0c\u5305\u62ec<\/p><ul data-start=\"1004\" data-end=\"1141\"><li data-start=\"1004\" data-end=\"1045\"><p data-start=\"1006\" data-end=\"1045\"><a href=\"https:\/\/ko-tropfen-kaufen.com\/product\/natriumoxybat\/\">\u7f9f\u4e01\u9178\u94a0 Ethypharm 500 \u6beb\u514b\/\u6beb\u5347<\/a><\/p><\/li><li data-start=\"1046\" data-end=\"1073\"><p data-start=\"1048\" data-end=\"1073\"><a href=\"https:\/\/ko-tropfen-kaufen.com\/product\/bdo-kaufen\/\">BDO\uff081,4-\u4e01\u4e8c\u9187\uff09<\/a><\/p><\/li><li data-start=\"1074\" data-end=\"1106\"><p data-start=\"1076\" data-end=\"1106\"><a href=\"https:\/\/ko-tropfen-kaufen.com\/product\/gbl-kaufen-legal\/\">\u4f3d\u9a6c\u4e01\u5185\u916f\uff08GBL\uff09<\/a><\/p><\/li><li data-start=\"1107\" data-end=\"1141\"><p data-start=\"1109\" data-end=\"1141\"><a href=\"https:\/\/ko-tropfen-kaufen.com\/product\/ghb-kaufen\/\">\u03b3-\u7f9f\u4e01\u9178\uff08GHB\uff09<\/a><\/p><\/li><\/ul><p data-start=\"1143\" data-end=\"1286\">\u6bcf\u4e00\u6279\u4ea7\u54c1\u90fd\u5728\u7ecf\u8fc7\u8ba4\u8bc1\u7684\u5b9e\u9a8c\u5ba4\u4e2d\u8fdb\u884c\u5206\u6790\uff0c\u5e76\u83b7\u5f97\u76f8\u5e94\u7684\u68c0\u6d4b\u62a5\u544a\uff0c\u4ee5\u9a8c\u8bc1\u4ea7\u54c1\u7684\u7eaf\u5ea6\u548c\u8d28\u91cf\u3002<\/p>\t\t\t\t\t\t\t\t<\/div>\n\t\t\t\t<\/div>\n\t\t\t\t<\/div>\n\t\t\t\t\t<\/div>\n\t\t\t\t<\/div>\n\t\t<div class=\"elementor-element elementor-element-aa30ad0 e-flex e-con-boxed e-con e-parent\" data-id=\"aa30ad0\" data-element_type=\"container\" data-e-type=\"container\">\n\t\t\t\t\t<div class=\"e-con-inner\">\n\t\t<div class=\"elementor-element elementor-element-43f0ffd e-flex e-con-boxed e-con e-child\" data-id=\"43f0ffd\" data-element_type=\"container\" data-e-type=\"container\" data-settings=\"{&quot;background_background&quot;:&quot;classic&quot;}\">\n\t\t\t\t\t<div class=\"e-con-inner\">\n\t\t<div class=\"elementor-element elementor-element-bc0a40e e-con-full e-flex e-con e-child\" data-id=\"bc0a40e\" data-element_type=\"container\" data-e-type=\"container\" data-settings=\"{&quot;background_background&quot;:&quot;classic&quot;}\">\n\t\t\t\t<\/div>\n\t\t<div class=\"elementor-element elementor-element-06f8c1c e-flex e-con-boxed e-con e-child\" data-id=\"06f8c1c\" data-element_type=\"container\" data-e-type=\"container\">\n\t\t\t\t\t<div class=\"e-con-inner\">\n\t\t<div class=\"elementor-element elementor-element-f80d03c e-flex e-con-boxed e-con e-child\" data-id=\"f80d03c\" data-element_type=\"container\" data-e-type=\"container\">\n\t\t\t\t\t<div class=\"e-con-inner\">\n\t\t<div class=\"elementor-element elementor-element-60c9d98 e-flex e-con-boxed e-con e-child\" data-id=\"60c9d98\" data-element_type=\"container\" data-e-type=\"container\">\n\t\t\t\t\t<div class=\"e-con-inner\">\n\t\t\t\t<div class=\"elementor-element elementor-element-2746b69 elementor-widget elementor-widget-text-editor\" data-id=\"2746b69\" data-element_type=\"widget\" data-e-type=\"widget\" data-widget_type=\"text-editor.default\">\n\t\t\t\t<div class=\"elementor-widget-container\">\n\t\t\t\t\t\t\t\t\t<p>\u7279\u8bb8\u884c\u4e1a<\/p>\t\t\t\t\t\t\t\t<\/div>\n\t\t\t\t<\/div>\n\t\t\t\t\t<\/div>\n\t\t\t\t<\/div>\n\t\t\t\t<div class=\"elementor-element elementor-element-6f8626c elementor-widget elementor-widget-text-editor\" data-id=\"6f8626c\" data-element_type=\"widget\" data-e-type=\"widget\" data-widget_type=\"text-editor.default\">\n\t\t\t\t<div class=\"elementor-widget-container\">\n\t\t\t\t\t\t\t\t\t<p>\u5728\u6574\u4e2a\u6b27\u76df\u8303\u56f4\u5185\u63d0\u4f9b\u5b8c\u6574\u7684\u6587\u4ef6\u548c\u6cd5\u5f8b\u5408\u89c4\u6027<\/p>\t\t\t\t\t\t\t\t<\/div>\n\t\t\t\t<\/div>\n\t\t\t\t\t<\/div>\n\t\t\t\t<\/div>\n\t\t<div class=\"elementor-element elementor-element-d485229 e-flex e-con-boxed e-con e-child\" data-id=\"d485229\" data-element_type=\"container\" data-e-type=\"container\">\n\t\t\t\t\t<div class=\"e-con-inner\">\n\t\t<div class=\"elementor-element elementor-element-3b55573 e-flex e-con-boxed e-con e-child\" data-id=\"3b55573\" data-element_type=\"container\" data-e-type=\"container\">\n\t\t\t\t\t<div class=\"e-con-inner\">\n\t\t\t\t<div class=\"elementor-element elementor-element-fbda178 elementor-widget elementor-widget-text-editor\" data-id=\"fbda178\" data-element_type=\"widget\" data-e-type=\"widget\" data-widget_type=\"text-editor.default\">\n\t\t\t\t<div class=\"elementor-widget-container\">\n\t\t\t\t\t\t\t\t\t<p><strong data-start=\"1514\" data-end=\"1536\">\u8c28\u614e\u4ea4\u4ed8<\/strong><\/p>\t\t\t\t\t\t\t\t<\/div>\n\t\t\t\t<\/div>\n\t\t\t\t\t<\/div>\n\t\t\t\t<\/div>\n\t\t\t\t<div class=\"elementor-element elementor-element-acf65e8 elementor-widget elementor-widget-text-editor\" data-id=\"acf65e8\" data-element_type=\"widget\" data-e-type=\"widget\" data-widget_type=\"text-editor.default\">\n\t\t\t\t<div class=\"elementor-widget-container\">\n\t\t\t\t\t\t\t\t\t<p>\u4e2d\u6027\u5305\u88c5\u548c\u5b89\u5168\u8fd0\u8f93\u8def\u7ebf<\/p>\t\t\t\t\t\t\t\t<\/div>\n\t\t\t\t<\/div>\n\t\t\t\t\t<\/div>\n\t\t\t\t<\/div>\n\t\t<div class=\"elementor-element elementor-element-8747df5 e-flex e-con-boxed e-con e-child\" data-id=\"8747df5\" data-element_type=\"container\" data-e-type=\"container\">\n\t\t\t\t\t<div class=\"e-con-inner\">\n\t\t<div class=\"elementor-element elementor-element-5b335a8 e-flex e-con-boxed e-con e-child\" data-id=\"5b335a8\" data-element_type=\"container\" data-e-type=\"container\">\n\t\t\t\t\t<div class=\"e-con-inner\">\n\t\t\t\t<div class=\"elementor-element elementor-element-e8742a1 elementor-widget elementor-widget-text-editor\" data-id=\"e8742a1\" data-element_type=\"widget\" data-e-type=\"widget\" data-widget_type=\"text-editor.default\">\n\t\t\t\t<div class=\"elementor-widget-container\">\n\t\t\t\t\t\t\t\t\t<p>\u7ecf\u9a8c\u4e0e\u4e13\u957f<\/p>\t\t\t\t\t\t\t\t<\/div>\n\t\t\t\t<\/div>\n\t\t\t\t\t<\/div>\n\t\t\t\t<\/div>\n\t\t\t\t<div class=\"elementor-element elementor-element-4152e3e elementor-widget elementor-widget-text-editor\" data-id=\"4152e3e\" data-element_type=\"widget\" data-e-type=\"widget\" data-widget_type=\"text-editor.default\">\n\t\t\t\t<div class=\"elementor-widget-container\">\n\t\t\t\t\t\t\t\t\t<p>\u6df1\u5165\u7684\u884c\u4e1a\u4e13\u4e1a\u77e5\u8bc6\u548c\u4e13\u4e1a\u7f51\u7edc<\/p>\t\t\t\t\t\t\t\t<\/div>\n\t\t\t\t<\/div>\n\t\t\t\t\t<\/div>\n\t\t\t\t<\/div>\n\t\t\t\t\t<\/div>\n\t\t\t\t<\/div>\n\t\t\t\t\t<\/div>\n\t\t\t\t<\/div>\n\t\t\t\t\t<\/div>\n\t\t\t\t<\/div>\n\t\t<div class=\"elementor-element elementor-element-53b7f06 e-flex e-con-boxed e-con e-parent\" data-id=\"53b7f06\" data-element_type=\"container\" data-e-type=\"container\" data-settings=\"{&quot;background_background&quot;:&quot;gradient&quot;}\">\n\t\t\t\t\t<div class=\"e-con-inner\">\n\t\t<div class=\"elementor-element elementor-element-48a6fd3 e-flex e-con-boxed e-con e-child\" data-id=\"48a6fd3\" data-element_type=\"container\" data-e-type=\"container\" data-settings=\"{&quot;background_background&quot;:&quot;classic&quot;}\">\n\t\t\t\t\t<div class=\"e-con-inner\">\n\t\t<div class=\"elementor-element elementor-element-4574ed9 e-con-full e-flex e-con e-child\" data-id=\"4574ed9\" data-element_type=\"container\" data-e-type=\"container\">\n\t\t\t\t<div class=\"elementor-element elementor-element-7912f87 elementor-widget elementor-widget-heading\" data-id=\"7912f87\" data-element_type=\"widget\" data-e-type=\"widget\" data-widget_type=\"heading.default\">\n\t\t\t\t<div class=\"elementor-widget-container\">\n\t\t\t\t\t<h3 class=\"elementor-heading-title elementor-size-default\"><span class=\"ez-toc-section\" id=\"Unsere_Mission\"><\/span>\u6211\u4eec\u7684\u4f7f\u547d<span class=\"ez-toc-section-end\"><\/span><\/h3>\t\t\t\t<\/div>\n\t\t\t\t<\/div>\n\t\t\t\t<div class=\"elementor-element elementor-element-7901c9d elementor-widget elementor-widget-text-editor\" data-id=\"7901c9d\" data-element_type=\"widget\" data-e-type=\"widget\" data-widget_type=\"text-editor.default\">\n\t\t\t\t<div class=\"elementor-widget-container\">\n\t\t\t\t\t\t\t\t\t<p>\u6211\u4eec\u4e0d\u4ec5\u8981\u4e3a\u5ba2\u6237\u63d0\u4f9b\u4ea7\u54c1\uff0c\u8fd8\u8981\u4fdd\u8bc1\u4ea7\u54c1\u7684\u5b89\u5168\u6027\u3001\u53ef\u9760\u6027\u548c\u8d28\u91cf\u3002\u9009\u62e9 ko-tropfen-kaufen.com\uff0c\u60a8\u5c31\u9009\u62e9\u4e86\u4e00\u4e2a\u5c06\u53ef\u9760\u6027\u548c\u4e13\u4e1a\u6027\u653e\u5728\u9996\u4f4d\u7684\u5408\u4f5c\u4f19\u4f34\u3002<\/p>\t\t\t\t\t\t\t\t<\/div>\n\t\t\t\t<\/div>\n\t\t\t\t<\/div>\n\t\t<div class=\"elementor-element elementor-element-2b329cd e-con-full e-flex e-con e-child\" data-id=\"2b329cd\" data-element_type=\"container\" data-e-type=\"container\">\n\t\t\t\t<div class=\"elementor-element elementor-element-c3463ea elementor-widget elementor-widget-button\" data-id=\"c3463ea\" data-element_type=\"widget\" data-e-type=\"widget\" data-widget_type=\"button.default\">\n\t\t\t\t<div class=\"elementor-widget-container\">\n\t\t\t\t\t\t\t\t\t<div class=\"elementor-button-wrapper\">\n\t\t\t\t\t<a class=\"elementor-button elementor-button-link elementor-size-sm\" href=\"https:\/\/ko-tropfen-kaufen.com\/kontakt\/\">\n\t\t\t\t\t\t<span class=\"elementor-button-content-wrapper\">\n\t\t\t\t\t\t<span class=\"elementor-button-icon\">\n\t\t\t\t<svg xmlns=\"http:\/\/www.w3.org\/2000\/svg\" viewbox=\"0 0 24 24\"><path fill-rule=\"evenodd\" d=\"M24 0v22.78h-2.87V4.9L2.03 24 0 21.97l19.1-19.1H1.26V0H24Z\"><\/path><\/svg>\t\t\t<\/span>\n\t\t\t\t\t\t\t\t\t<span class=\"elementor-button-text\">\u8054\u7cfb\u6211\u4eec<\/span>\n\t\t\t\t\t<\/span>\n\t\t\t\t\t<\/a>\n\t\t\t\t<\/div>\n\t\t\t\t\t\t\t\t<\/div>\n\t\t\t\t<\/div>\n\t\t\t\t<\/div>\n\t\t\t\t\t<\/div>\n\t\t\t\t<\/div>\n\t\t\t\t\t<\/div>\n\t\t\t\t<\/div>\n\t\t\t\t<\/div>","protected":false},"excerpt":{"rendered":"<p>KO Tropfen legal online kaufen \u2013 GBL, GHB, BDO &#038; Natriumoxybat in gepr\u00fcfter Laborqualit\u00e4t. Lizenzierter H\u00e4ndler mit schneller, diskreter EU-weiter Lieferung.<\/p>","protected":false},"author":2,"featured_media":0,"parent":0,"menu_order":0,"comment_status":"closed","ping_status":"closed","template":"","meta":{"footnotes":""},"class_list":["post-1034","page","type-page","status-publish","hentry"],"blocksy_meta":{"has_hero_section":"disabled","vertical_spacing_source":"custom","content_area_spacing":"none","styles_descriptor":{"styles":{"desktop":"","tablet":"","mobile":""},"google_fonts":[],"version":6}},"jetpack_sharing_enabled":true,"_links":{"self":[{"href":"https:\/\/ko-tropfen-kaufen.com\/zh\/wp-json\/wp\/v2\/pages\/1034","targetHints":{"allow":["GET"]}}],"collection":[{"href":"https:\/\/ko-tropfen-kaufen.com\/zh\/wp-json\/wp\/v2\/pages"}],"about":[{"href":"https:\/\/ko-tropfen-kaufen.com\/zh\/wp-json\/wp\/v2\/types\/page"}],"author":[{"embeddable":true,"href":"https:\/\/ko-tropfen-kaufen.com\/zh\/wp-json\/wp\/v2\/users\/2"}],"replies":[{"embeddable":true,"href":"https:\/\/ko-tropfen-kaufen.com\/zh\/wp-json\/wp\/v2\/comments?post=1034"}],"version-history":[{"count":15,"href":"https:\/\/ko-tropfen-kaufen.com\/zh\/wp-json\/wp\/v2\/pages\/1034\/revisions"}],"predecessor-version":[{"id":16408,"href":"https:\/\/ko-tropfen-kaufen.com\/zh\/wp-json\/wp\/v2\/pages\/1034\/revisions\/16408"}],"wp:attachment":[{"href":"https:\/\/ko-tropfen-kaufen.com\/zh\/wp-json\/wp\/v2\/media?parent=1034"}],"curies":[{"name":"wp","href":"https:\/\/api.w.org\/{rel}","templated":true}]}}