{"id":47,"date":"2021-08-26T13:22:07","date_gmt":"2021-08-26T12:22:07","guid":{"rendered":"http:\/\/dummy.xtemos.com\/woodmart2\/elementor\/?page_id=47"},"modified":"2025-11-25T08:47:13","modified_gmt":"2025-11-25T07:47:13","slug":"%d0%b0%d0%b2%d1%82%d0%be%d1%80%d0%b8%d1%82%d0%b5%d1%82%d0%bd%d0%b8%d0%b9-%d0%bc%d0%b0%d0%b3%d0%b0%d0%b7%d0%b8%d0%bd-gbl","status":"publish","type":"page","link":"https:\/\/ko-tropfen-kaufen.com\/uk\/%d0%b0%d0%b2%d1%82%d0%be%d1%80%d0%b8%d1%82%d0%b5%d1%82%d0%bd%d0%b8%d0%b9-%d0%bc%d0%b0%d0%b3%d0%b0%d0%b7%d0%b8%d0%bd-gbl\/","title":{"rendered":"\u041c\u0430\u0433\u0430\u0437\u0438\u043d"},"content":{"rendered":"<div id=\"ez-toc-container\" class=\"ez-toc-v2_0_82_2 counter-hierarchy ez-toc-counter ez-toc-grey ez-toc-container-direction\">\n<div class=\"ez-toc-title-container\">\n<p class=\"ez-toc-title\" style=\"cursor:inherit\">\u0417\u043c\u0456\u0441\u0442<\/p>\n<span class=\"ez-toc-title-toggle\"><a href=\"#\" class=\"ez-toc-pull-right ez-toc-btn ez-toc-btn-xs ez-toc-btn-default ez-toc-toggle\" aria-label=\"\u041f\u0435\u0440\u0435\u0439\u0442\u0438 \u0434\u043e \u0437\u043c\u0456\u0441\u0442\u0443\"><span class=\"ez-toc-js-icon-con\"><span class=\"\"><span class=\"eztoc-hide\" style=\"display:none;\">\u041f\u0435\u0440\u0435\u043c\u0438\u043a\u0430\u0447<\/span><span class=\"ez-toc-icon-toggle-span\"><svg style=\"fill: #999;color:#999\" xmlns=\"http:\/\/www.w3.org\/2000\/svg\" class=\"list-377408\" width=\"20px\" height=\"20px\" viewbox=\"0 0 24 24\" fill=\"none\"><path d=\"M6 6H4v2h2V6zm14 0H8v2h12V6zM4 11h2v2H4v-2zm16 0H8v2h12v-2zM4 16h2v2H4v-2zm16 0H8v2h12v-2z\" fill=\"currentColor\"><\/path><\/svg><svg style=\"fill: #999;color:#999\" class=\"arrow-unsorted-368013\" xmlns=\"http:\/\/www.w3.org\/2000\/svg\" width=\"10px\" height=\"10px\" viewbox=\"0 0 24 24\" version=\"1.2\" baseprofile=\"tiny\"><path d=\"M18.2 9.3l-6.2-6.3-6.2 6.3c-.2.2-.3.4-.3.7s.1.5.3.7c.2.2.4.3.7.3h11c.3 0 .5-.1.7-.3.2-.2.3-.5.3-.7s-.1-.5-.3-.7zM5.8 14.7l6.2 6.3 6.2-6.3c.2-.2.3-.5.3-.7s-.1-.5-.3-.7c-.2-.2-.4-.3-.7-.3h-11c-.3 0-.5.1-.7.3-.2.2-.3.5-.3.7s.1.5.3.7z\"\/><\/svg><\/span><\/span><\/span><\/a><\/span><\/div>\n<nav><ul class='ez-toc-list ez-toc-list-level-1' ><li class='ez-toc-page-1 ez-toc-heading-level-2'><a class=\"ez-toc-link ez-toc-heading-1\" href=\"https:\/\/ko-tropfen-kaufen.com\/uk\/%d0%b0%d0%b2%d1%82%d0%be%d1%80%d0%b8%d1%82%d0%b5%d1%82%d0%bd%d0%b8%d0%b9-%d0%bc%d0%b0%d0%b3%d0%b0%d0%b7%d0%b8%d0%bd-gbl\/#Serioser_GBL_Shop_Deutschland_ko-tropfen-kaufen\" >\u0410\u0432\u0442\u043e\u0440\u0438\u0442\u0435\u0442\u043d\u0438\u0439 \u043c\u0430\u0433\u0430\u0437\u0438\u043d GBL \u0432 \u041d\u0456\u043c\u0435\u0447\u0447\u0438\u043d\u0456 ko-tropfen-kaufen<\/a><\/li><li class='ez-toc-page-1 ez-toc-heading-level-2'><a class=\"ez-toc-link ez-toc-heading-2\" href=\"https:\/\/ko-tropfen-kaufen.com\/uk\/%d0%b0%d0%b2%d1%82%d0%be%d1%80%d0%b8%d1%82%d0%b5%d1%82%d0%bd%d0%b8%d0%b9-%d0%bc%d0%b0%d0%b3%d0%b0%d0%b7%d0%b8%d0%bd-gbl\/#Hochste_Qualitat_GBLGHB_zu_wettbewerbsfahigen_Preisen\" >\u041d\u0430\u0439\u0432\u0438\u0449\u0430 \u044f\u043a\u0456\u0441\u0442\u044c GBL\/GHB \u0437\u0430 \u043a\u043e\u043d\u043a\u0443\u0440\u0435\u043d\u0442\u043d\u0438\u043c\u0438 \u0446\u0456\u043d\u0430\u043c\u0438<\/a><\/li><\/ul><\/nav><\/div>\n<h2 class=\"wp-block-heading\" id=\"h-serioser-gbl-shop-deutschland-ko-tropfen-kaufen\"><span class=\"ez-toc-section\" id=\"Serioser_GBL_Shop_Deutschland_ko-tropfen-kaufen\"><\/span>\u0410\u0432\u0442\u043e\u0440\u0438\u0442\u0435\u0442\u043d\u0438\u0439 \u043c\u0430\u0433\u0430\u0437\u0438\u043d GBL \u0432 \u041d\u0456\u043c\u0435\u0447\u0447\u0438\u043d\u0456 ko-tropfen-kaufen<span class=\"ez-toc-section-end\"><\/span><\/h2>\n\n\n\n<p>\u0428\u0443\u043a\u0430\u0454\u0442\u0435 \u043d\u0430\u0434\u0456\u0439\u043d\u043e\u0433\u043e \u043f\u043e\u0441\u0442\u0430\u0447\u0430\u043b\u044c\u043d\u0438\u043a\u0430 GBL (\u0433\u0430\u043c\u043c\u0430-\u0431\u0443\u0442\u0438\u0440\u043e\u043b\u0430\u043a\u0442\u043e\u043d)? <a href=\"https:\/\/ko-tropfen-kaufen.com\/\">ko-tropfen-kaufen.com<\/a> \u0432 \u041d\u0456\u043c\u0435\u0447\u0447\u0438\u043d\u0456 \u0432\u0436\u0435 \u0442\u0443\u0442! \u041c\u0438 \u043f\u0440\u043e\u043f\u043e\u043d\u0443\u0454\u043c\u043e \u0432\u0430\u043c:<\/p>\n\n\n\n<h2 class=\"wp-block-heading\" id=\"h-hochste-qualitat-gbl-ghb-zu-wettbewerbsfahigen-preisen\"><span class=\"ez-toc-section\" id=\"Hochste_Qualitat_GBLGHB_zu_wettbewerbsfahigen_Preisen\"><\/span>\u041d\u0430\u0439\u0432\u0438\u0449\u0430 \u044f\u043a\u0456\u0441\u0442\u044c GBL\/GHB \u0437\u0430 \u043a\u043e\u043d\u043a\u0443\u0440\u0435\u043d\u0442\u043d\u0438\u043c\u0438 \u0446\u0456\u043d\u0430\u043c\u0438<span class=\"ez-toc-section-end\"><\/span><\/h2>\n\n\n\n<ul class=\"wp-block-list\">\n<li>\u041d\u0435\u043f\u043e\u043c\u0456\u0442\u043d\u0430 \u0442\u0430 \u0431\u0435\u0437\u043f\u0435\u0447\u043d\u0430 \u0434\u043e\u0441\u0442\u0430\u0432\u043a\u0430<\/li>\n\n\n\n<li>\u0428\u0432\u0438\u0434\u043a\u0430 \u043e\u0431\u0440\u043e\u0431\u043a\u0430 \u0432\u0430\u0448\u043e\u0433\u043e \u0437\u0430\u043c\u043e\u0432\u043b\u0435\u043d\u043d\u044f<\/li>\n\n\n\n<li>\u041a\u043e\u043c\u043f\u043b\u0435\u043a\u0441\u043d\u0435 \u043e\u0431\u0441\u043b\u0443\u0433\u043e\u0432\u0443\u0432\u0430\u043d\u043d\u044f \u043a\u043b\u0456\u0454\u043d\u0442\u0456\u0432<\/li>\n<\/ul>\n\n\n\n<p>\u041c\u0438 \u043f\u0440\u0430\u0433\u043d\u0435\u043c\u043e \u043d\u0430\u0434\u0430\u0442\u0438 \u043d\u0430\u0448\u0438\u043c \u043a\u043b\u0456\u0454\u043d\u0442\u0430\u043c \u043d\u0430\u0439\u043a\u0440\u0430\u0449\u0438\u0439 \u0434\u043e\u0441\u0432\u0456\u0434 \u0440\u043e\u0431\u043e\u0442\u0438 \u0437 GBL. \u0417\u0430\u043c\u043e\u0432\u043b\u044f\u0439\u0442\u0435 \u0443 \u043d\u0430\u0441 \u0441\u044c\u043e\u0433\u043e\u0434\u043d\u0456!<\/p>\n\n\n\n<p>\u0414\u043e\u0431\u0440\u043e\u0433\u043e \u0434\u043d\u044f: <a href=\"https:\/\/ko-tropfen-kaufen.com\/product-category\/ko-tropfen-wo-kaufen\/\">\u041a\u0440\u0430\u043f\u043b\u0456 \u043d\u043e\u043a\u0430\u0443\u0442\u0443 \u0414\u0435 \u043a\u0443\u043f\u0438\u0442\u0438<\/a>GBL Shop, \u043a\u0443\u043f\u0438\u0442\u0438 \u0433\u0430\u043c\u043c\u0430-\u0431\u0443\u0442\u0438\u0440\u043e\u043b\u0430\u043a\u0442\u043e\u043d, \u041d\u0456\u043c\u0435\u0447\u0447\u0438\u043d\u0430, \u043d\u0430\u0434\u0456\u0439\u043d\u0438\u0439, \u043d\u0435\u043f\u043e\u043c\u0456\u0442\u043d\u0438\u0439, \u0431\u0435\u0437\u043f\u0435\u0447\u043d\u0438\u0439, GHB, \u0437\u0430\u043c\u043e\u0432\u0438\u0442\u0438<\/p>\n\n\n\n<blockquote class=\"wp-block-quote is-layout-flow wp-block-quote-is-layout-flow\">\n<p>(\u0412\u0456\u0434\u043c\u043e\u0432\u0430 \u0432\u0456\u0434 \u0432\u0456\u0434\u043f\u043e\u0432\u0456\u0434\u0430\u043b\u044c\u043d\u043e\u0441\u0442\u0456: <a href=\"https:\/\/www.die-anwalts-kanzlei.de\/ghb-gbl-die-partydroge-und-das-btmg\/\" target=\"_blank\" rel=\"noopener\">\u0411\u0443\u0434\u044c \u043b\u0430\u0441\u043a\u0430, \u043e\u0437\u043d\u0430\u0439\u043e\u043c\u0442\u0435\u0441\u044f \u0437 \u043f\u0440\u0430\u0432\u043e\u0432\u0438\u043c\u0438 \u043f\u043e\u043b\u043e\u0436\u0435\u043d\u043d\u044f\u043c\u0438 GBL<\/a> \u0443 \u0432\u0430\u0448\u043e\u043c\u0443 \u0440\u0435\u0433\u0456\u043e\u043d\u0456)<\/p>\n<\/blockquote>","protected":false},"excerpt":{"rendered":"<p>Seri\u00f6ser GBL Shop Deutschland ko-tropfen-kaufen Sie suchen einen vertrauensw\u00fcrdigen Anbieter von GBL (Gamma-Butyrolacton)? ko-tropfen-kaufen.com in Deutschland ist hier! Wir bieten Ihnen: H\u00f6chste Qualit\u00e4t GBL\/GHB zu wettbewerbsf\u00e4higen Preisen Wir sind bestrebt, unseren Kunden das beste GBL-Erlebnis zu bieten. Bestellen Sie noch heute bei uns! Tag: KO Tropfen Wo Kaufen, GBL Shop, Gamma-Butyrolacton kaufen, Deutschland, seri\u00f6s, diskret, [&hellip;]<\/p>\n","protected":false},"author":2,"featured_media":0,"parent":0,"menu_order":0,"comment_status":"closed","ping_status":"closed","template":"","meta":{"footnotes":""},"class_list":["post-47","page","type-page","status-publish","hentry"],"blocksy_meta":[],"jetpack_sharing_enabled":true,"_links":{"self":[{"href":"https:\/\/ko-tropfen-kaufen.com\/uk\/wp-json\/wp\/v2\/pages\/47","targetHints":{"allow":["GET"]}}],"collection":[{"href":"https:\/\/ko-tropfen-kaufen.com\/uk\/wp-json\/wp\/v2\/pages"}],"about":[{"href":"https:\/\/ko-tropfen-kaufen.com\/uk\/wp-json\/wp\/v2\/types\/page"}],"author":[{"embeddable":true,"href":"https:\/\/ko-tropfen-kaufen.com\/uk\/wp-json\/wp\/v2\/users\/2"}],"replies":[{"embeddable":true,"href":"https:\/\/ko-tropfen-kaufen.com\/uk\/wp-json\/wp\/v2\/comments?post=47"}],"version-history":[{"count":5,"href":"https:\/\/ko-tropfen-kaufen.com\/uk\/wp-json\/wp\/v2\/pages\/47\/revisions"}],"predecessor-version":[{"id":16275,"href":"https:\/\/ko-tropfen-kaufen.com\/uk\/wp-json\/wp\/v2\/pages\/47\/revisions\/16275"}],"wp:attachment":[{"href":"https:\/\/ko-tropfen-kaufen.com\/uk\/wp-json\/wp\/v2\/media?parent=47"}],"curies":[{"name":"wp","href":"https:\/\/api.w.org\/{rel}","templated":true}]}}