{"id":15715,"date":"2024-11-25T20:20:18","date_gmt":"2024-11-25T20:20:18","guid":{"rendered":"https:\/\/ko-tropfen-kaufen.com\/?page_id=15715"},"modified":"2024-11-28T18:29:42","modified_gmt":"2024-11-28T18:29:42","slug":"%d0%bf%d1%80%d0%b0%d0%b2%d0%be-%d0%bd%d0%b0-%d0%bf%d0%be%d0%b2%d0%b5%d1%80%d0%bd%d0%b5%d0%bd%d0%bd%d1%8f","status":"publish","type":"page","link":"https:\/\/ko-tropfen-kaufen.com\/uk\/%d0%bf%d1%80%d0%b0%d0%b2%d0%be-%d0%bd%d0%b0-%d0%bf%d0%be%d0%b2%d0%b5%d1%80%d0%bd%d0%b5%d0%bd%d0%bd%d1%8f\/","title":{"rendered":"\u041f\u0440\u0430\u0432\u043e \u043d\u0430 \u043f\u043e\u0432\u0435\u0440\u043d\u0435\u043d\u043d\u044f"},"content":{"rendered":"<div id=\"ez-toc-container\" class=\"ez-toc-v2_0_82_2 counter-hierarchy ez-toc-counter ez-toc-grey ez-toc-container-direction\">\n<div class=\"ez-toc-title-container\">\n<p class=\"ez-toc-title\" style=\"cursor:inherit\">\u0417\u043c\u0456\u0441\u0442<\/p>\n<span class=\"ez-toc-title-toggle\"><a href=\"#\" class=\"ez-toc-pull-right ez-toc-btn ez-toc-btn-xs ez-toc-btn-default ez-toc-toggle\" aria-label=\"\u041f\u0435\u0440\u0435\u0439\u0442\u0438 \u0434\u043e \u0437\u043c\u0456\u0441\u0442\u0443\"><span class=\"ez-toc-js-icon-con\"><span class=\"\"><span class=\"eztoc-hide\" style=\"display:none;\">\u041f\u0435\u0440\u0435\u043c\u0438\u043a\u0430\u0447<\/span><span class=\"ez-toc-icon-toggle-span\"><svg style=\"fill: #999;color:#999\" xmlns=\"http:\/\/www.w3.org\/2000\/svg\" class=\"list-377408\" width=\"20px\" height=\"20px\" viewbox=\"0 0 24 24\" fill=\"none\"><path d=\"M6 6H4v2h2V6zm14 0H8v2h12V6zM4 11h2v2H4v-2zm16 0H8v2h12v-2zM4 16h2v2H4v-2zm16 0H8v2h12v-2z\" fill=\"currentColor\"><\/path><\/svg><svg style=\"fill: #999;color:#999\" class=\"arrow-unsorted-368013\" xmlns=\"http:\/\/www.w3.org\/2000\/svg\" width=\"10px\" height=\"10px\" viewbox=\"0 0 24 24\" version=\"1.2\" baseprofile=\"tiny\"><path d=\"M18.2 9.3l-6.2-6.3-6.2 6.3c-.2.2-.3.4-.3.7s.1.5.3.7c.2.2.4.3.7.3h11c.3 0 .5-.1.7-.3.2-.2.3-.5.3-.7s-.1-.5-.3-.7zM5.8 14.7l6.2 6.3 6.2-6.3c.2-.2.3-.5.3-.7s-.1-.5-.3-.7c-.2-.2-.4-.3-.7-.3h-11c-.3 0-.5.1-.7.3-.2.2-.3.5-.3.7s.1.5.3.7z\"\/><\/svg><\/span><\/span><\/span><\/a><\/span><\/div>\n<nav><ul class='ez-toc-list ez-toc-list-level-1' ><li class='ez-toc-page-1 ez-toc-heading-level-2'><a class=\"ez-toc-link ez-toc-heading-1\" href=\"https:\/\/ko-tropfen-kaufen.com\/uk\/%d0%bf%d1%80%d0%b0%d0%b2%d0%be-%d0%bd%d0%b0-%d0%bf%d0%be%d0%b2%d0%b5%d1%80%d0%bd%d0%b5%d0%bd%d0%bd%d1%8f\/#ko-tropfen-kaufencom_Ruckgaberecht\" >ko-tropfen-kaufen.com \u041f\u0440\u0430\u0432\u043e \u043d\u0430 \u043f\u043e\u0432\u0435\u0440\u043d\u0435\u043d\u043d\u044f<\/a><ul class='ez-toc-list-level-3' ><li class='ez-toc-heading-level-3'><a class=\"ez-toc-link ez-toc-heading-2\" href=\"https:\/\/ko-tropfen-kaufen.com\/uk\/%d0%bf%d1%80%d0%b0%d0%b2%d0%be-%d0%bd%d0%b0-%d0%bf%d0%be%d0%b2%d0%b5%d1%80%d0%bd%d0%b5%d0%bd%d0%bd%d1%8f\/#30-Tage-Geld-zuruck-Garantie\" >30-\u0434\u0435\u043d\u043d\u0430 \u0433\u0430\u0440\u0430\u043d\u0442\u0456\u044f \u043f\u043e\u0432\u0435\u0440\u043d\u0435\u043d\u043d\u044f \u0433\u0440\u043e\u0448\u0435\u0439<\/a><\/li><li class='ez-toc-page-1 ez-toc-heading-level-3'><a class=\"ez-toc-link ez-toc-heading-3\" href=\"https:\/\/ko-tropfen-kaufen.com\/uk\/%d0%bf%d1%80%d0%b0%d0%b2%d0%be-%d0%bd%d0%b0-%d0%bf%d0%be%d0%b2%d0%b5%d1%80%d0%bd%d0%b5%d0%bd%d0%bd%d1%8f\/#Voraussetzungen_fur_eine_Ruckerstattung\" >\u0412\u0438\u043c\u043e\u0433\u0438 \u0434\u043e \u043f\u043e\u0432\u0435\u0440\u043d\u0435\u043d\u043d\u044f \u043a\u043e\u0448\u0442\u0456\u0432<\/a><\/li><li class='ez-toc-page-1 ez-toc-heading-level-3'><a class=\"ez-toc-link ez-toc-heading-4\" href=\"https:\/\/ko-tropfen-kaufen.com\/uk\/%d0%bf%d1%80%d0%b0%d0%b2%d0%be-%d0%bd%d0%b0-%d0%bf%d0%be%d0%b2%d0%b5%d1%80%d0%bd%d0%b5%d0%bd%d0%bd%d1%8f\/#Nicht_erstattungsfahige_Artikel\" >\u041f\u0440\u0435\u0434\u043c\u0435\u0442\u0438, \u0449\u043e \u043d\u0435 \u043f\u0456\u0434\u043b\u044f\u0433\u0430\u044e\u0442\u044c \u043f\u043e\u0432\u0435\u0440\u043d\u0435\u043d\u043d\u044e<\/a><\/li><li class='ez-toc-page-1 ez-toc-heading-level-3'><a class=\"ez-toc-link ez-toc-heading-5\" href=\"https:\/\/ko-tropfen-kaufen.com\/uk\/%d0%bf%d1%80%d0%b0%d0%b2%d0%be-%d0%bd%d0%b0-%d0%bf%d0%be%d0%b2%d0%b5%d1%80%d0%bd%d0%b5%d0%bd%d0%bd%d1%8f\/#So_beantragen_Sie_eine_Ruckerstattung\" >\u042f\u043a \u043f\u043e\u0434\u0430\u0442\u0438 \u0437\u0430\u044f\u0432\u043a\u0443 \u043d\u0430 \u0432\u0456\u0434\u0448\u043a\u043e\u0434\u0443\u0432\u0430\u043d\u043d\u044f<\/a><\/li><li class='ez-toc-page-1 ez-toc-heading-level-3'><a class=\"ez-toc-link ez-toc-heading-6\" href=\"https:\/\/ko-tropfen-kaufen.com\/uk\/%d0%bf%d1%80%d0%b0%d0%b2%d0%be-%d0%bd%d0%b0-%d0%bf%d0%be%d0%b2%d0%b5%d1%80%d0%bd%d0%b5%d0%bd%d0%bd%d1%8f\/#Bearbeitung_Ihrer_Ruckerstattung\" >\u041e\u0431\u0440\u043e\u0431\u043a\u0430 \u0432\u0430\u0448\u043e\u0433\u043e \u0432\u0456\u0434\u0448\u043a\u043e\u0434\u0443\u0432\u0430\u043d\u043d\u044f<\/a><\/li><li class='ez-toc-page-1 ez-toc-heading-level-3'><a class=\"ez-toc-link ez-toc-heading-7\" href=\"https:\/\/ko-tropfen-kaufen.com\/uk\/%d0%bf%d1%80%d0%b0%d0%b2%d0%be-%d0%bd%d0%b0-%d0%bf%d0%be%d0%b2%d0%b5%d1%80%d0%bd%d0%b5%d0%bd%d0%bd%d1%8f\/#Kontaktieren_Sie_uns\" >\u0417\u0432'\u044f\u0436\u0456\u0442\u044c\u0441\u044f \u0437 \u043d\u0430\u043c\u0438<\/a><\/li><\/ul><\/li><\/ul><\/nav><\/div>\n<h2 class=\"wp-block-heading\" id=\"h-ko-tropfen-kaufen-com-ruckgaberecht\"><span class=\"ez-toc-section\" id=\"ko-tropfen-kaufencom_Ruckgaberecht\"><\/span>ko-tropfen-kaufen.com \u041f\u0440\u0430\u0432\u043e \u043d\u0430 \u043f\u043e\u0432\u0435\u0440\u043d\u0435\u043d\u043d\u044f<span class=\"ez-toc-section-end\"><\/span><\/h2>\n\n\n\n<p>\u0417 <a href=\"https:\/\/ko-tropfen-kaufen.com?v=820eb5b696ea\">Buy-co-drops.com<\/a> \u043c\u0438 \u043f\u0440\u0430\u0433\u043d\u0435\u043c\u043e, \u0449\u043e\u0431 \u043d\u0430\u0448\u0456 \u043a\u043b\u0456\u0454\u043d\u0442\u0438 \u0431\u0443\u043b\u0438 \u043f\u043e\u0432\u043d\u0456\u0441\u0442\u044e \u0437\u0430\u0434\u043e\u0432\u043e\u043b\u0435\u043d\u0456 \u0441\u0432\u043e\u0457\u043c\u0438 \u043f\u043e\u043a\u0443\u043f\u043a\u0430\u043c\u0438. \u042f\u043a\u0449\u043e \u0437 \u044f\u043a\u0438\u0445\u043e\u0441\u044c \u043f\u0440\u0438\u0447\u0438\u043d \u0432\u0438 \u043d\u0435 \u043f\u043e\u0432\u043d\u0456\u0441\u0442\u044e \u0437\u0430\u0434\u043e\u0432\u043e\u043b\u0435\u043d\u0456 \u0441\u0432\u043e\u0457\u043c \u0437\u0430\u043c\u043e\u0432\u043b\u0435\u043d\u043d\u044f\u043c, \u043d\u0430\u0448\u0430 \u043f\u043e\u043b\u0456\u0442\u0438\u043a\u0430 \u043f\u043e\u0432\u0435\u0440\u043d\u0435\u043d\u043d\u044f \u0434\u043e\u043f\u043e\u043c\u043e\u0436\u0435 \u0432\u0430\u043c.<\/p>\n\n\n\n<h3 class=\"wp-block-heading\" id=\"h-30-tage-geld-zuruck-garantie\"><span class=\"ez-toc-section\" id=\"30-Tage-Geld-zuruck-Garantie\"><\/span>30-\u0434\u0435\u043d\u043d\u0430 \u0433\u0430\u0440\u0430\u043d\u0442\u0456\u044f \u043f\u043e\u0432\u0435\u0440\u043d\u0435\u043d\u043d\u044f \u0433\u0440\u043e\u0448\u0435\u0439<span class=\"ez-toc-section-end\"><\/span><\/h3>\n\n\n\n<p>\u041c\u0438 \u043f\u0440\u043e\u043f\u043e\u043d\u0443\u0454\u043c\u043e 30-\u0434\u0435\u043d\u043d\u0443 \u0433\u0430\u0440\u0430\u043d\u0442\u0456\u044e \u043f\u043e\u0432\u0435\u0440\u043d\u0435\u043d\u043d\u044f \u0433\u0440\u043e\u0448\u0435\u0439 \u043d\u0430 \u0432\u0441\u0456 \u043d\u0430\u0448\u0456 \u043f\u0440\u043e\u0434\u0443\u043a\u0442\u0438. \u042f\u043a\u0449\u043e \u0432\u0438 \u043d\u0435 \u0437\u0430\u0434\u043e\u0432\u043e\u043b\u0435\u043d\u0456 \u0441\u0432\u043e\u0454\u044e \u043f\u043e\u043a\u0443\u043f\u043a\u043e\u044e, \u0432\u0438 \u043c\u043e\u0436\u0435\u0442\u0435 \u0432\u0438\u043c\u0430\u0433\u0430\u0442\u0438 \u043f\u043e\u0432\u0435\u0440\u043d\u0435\u043d\u043d\u044f \u043a\u043e\u0448\u0442\u0456\u0432 \u043f\u0440\u043e\u0442\u044f\u0433\u043e\u043c 30 \u0434\u043d\u0456\u0432 \u0437 \u0434\u0430\u0442\u0438 \u043f\u043e\u043a\u0443\u043f\u043a\u0438.<\/p>\n\n\n\n<h3 class=\"wp-block-heading\" id=\"h-voraussetzungen-fur-eine-ruckerstattung\"><span class=\"ez-toc-section\" id=\"Voraussetzungen_fur_eine_Ruckerstattung\"><\/span>\u0412\u0438\u043c\u043e\u0433\u0438 \u0434\u043e \u043f\u043e\u0432\u0435\u0440\u043d\u0435\u043d\u043d\u044f \u043a\u043e\u0448\u0442\u0456\u0432<span class=\"ez-toc-section-end\"><\/span><\/h3>\n\n\n\n<p>\u0429\u043e\u0431 \u043e\u0442\u0440\u0438\u043c\u0430\u0442\u0438 \u043f\u0440\u0430\u0432\u043e \u043d\u0430 \u0432\u0456\u0434\u0448\u043a\u043e\u0434\u0443\u0432\u0430\u043d\u043d\u044f, \u043d\u0435\u043e\u0431\u0445\u0456\u0434\u043d\u043e \u0432\u0438\u043a\u043e\u043d\u0430\u0442\u0438 \u043d\u0430\u0441\u0442\u0443\u043f\u043d\u0456 \u0443\u043c\u043e\u0432\u0438:<\/p>\n\n\n\n<ul class=\"wp-block-list\">\n<li>\u0412\u0438\u0440\u0456\u0431 \u043f\u043e\u0432\u0438\u043d\u0435\u043d \u0431\u0443\u0442\u0438 \u043f\u043e\u0432\u0435\u0440\u043d\u0443\u0442\u0438\u0439 \u0432 \u043e\u0440\u0438\u0433\u0456\u043d\u0430\u043b\u044c\u043d\u043e\u043c\u0443 \u0441\u0442\u0430\u043d\u0456, \u043d\u0435\u0432\u0456\u0434\u043a\u0440\u0438\u0442\u0438\u043c \u0456 \u043d\u0435\u0432\u0438\u043a\u043e\u0440\u0438\u0441\u0442\u0430\u043d\u0438\u043c.<\/li>\n\n\n\n<li>\u041d\u0435\u043e\u0431\u0445\u0456\u0434\u043d\u043e \u043d\u0430\u0434\u0430\u0442\u0438 \u043f\u0456\u0434\u0442\u0432\u0435\u0440\u0434\u0436\u0435\u043d\u043d\u044f \u043f\u043e\u043a\u0443\u043f\u043a\u0438 (\u043d\u043e\u043c\u0435\u0440 \u0437\u0430\u043c\u043e\u0432\u043b\u0435\u043d\u043d\u044f, \u043a\u0432\u0438\u0442\u0430\u043d\u0446\u0456\u044e \u0430\u0431\u043e \u0435\u043b\u0435\u043a\u0442\u0440\u043e\u043d\u043d\u0438\u0439 \u043b\u0438\u0441\u0442-\u043f\u0456\u0434\u0442\u0432\u0435\u0440\u0434\u0436\u0435\u043d\u043d\u044f).<\/li>\n\n\n\n<li>\u0417\u0430\u043f\u0438\u0442 \u043d\u0430 \u0432\u0456\u0434\u0448\u043a\u043e\u0434\u0443\u0432\u0430\u043d\u043d\u044f \u043f\u043e\u0432\u0438\u043d\u0435\u043d \u0431\u0443\u0442\u0438 \u0437\u0440\u043e\u0431\u043b\u0435\u043d\u0438\u0439 \u043f\u0440\u043e\u0442\u044f\u0433\u043e\u043c 30 \u0434\u043d\u0456\u0432 \u0437 \u0434\u0430\u0442\u0438 \u043f\u043e\u043a\u0443\u043f\u043a\u0438.<\/li>\n<\/ul>\n\n\n\n<h3 class=\"wp-block-heading\" id=\"h-nicht-erstattungsfahige-artikel\"><span class=\"ez-toc-section\" id=\"Nicht_erstattungsfahige_Artikel\"><\/span>\u041f\u0440\u0435\u0434\u043c\u0435\u0442\u0438, \u0449\u043e \u043d\u0435 \u043f\u0456\u0434\u043b\u044f\u0433\u0430\u044e\u0442\u044c \u043f\u043e\u0432\u0435\u0440\u043d\u0435\u043d\u043d\u044e<span class=\"ez-toc-section-end\"><\/span><\/h3>\n\n\n\n<p>\u0414\u0435\u044f\u043a\u0456 \u0442\u043e\u0432\u0430\u0440\u0438 \u043d\u0435 \u043f\u0456\u0434\u043b\u044f\u0433\u0430\u044e\u0442\u044c \u043f\u043e\u0432\u0435\u0440\u043d\u0435\u043d\u043d\u044e, \u0432 \u0442\u043e\u043c\u0443 \u0447\u0438\u0441\u043b\u0456:<\/p>\n\n\n\n<ul class=\"wp-block-list\">\n<li>\u041f\u0440\u043e\u0434\u0443\u043a\u0442\u0438, \u044f\u043a\u0456 \u0431\u0443\u043b\u0438 \u0432\u0456\u0434\u043a\u0440\u0438\u0442\u0456 \u0430\u0431\u043e \u0432\u0438\u043a\u043e\u0440\u0438\u0441\u0442\u0430\u043d\u0456.<\/li>\n\n\n\n<li>\u0420\u0435\u0447\u0456, \u044f\u043a\u0456 \u0431\u0443\u043b\u0438 \u043f\u0440\u0438\u0434\u0431\u0430\u043d\u0456 \u043f\u0456\u0434 \u0447\u0430\u0441 \u0440\u043e\u0437\u043f\u0440\u043e\u0434\u0430\u0436\u0443 \u0430\u0431\u043e \u0441\u043f\u0435\u0446\u0456\u0430\u043b\u044c\u043d\u043e\u0457 \u043f\u0440\u043e\u043f\u043e\u0437\u0438\u0446\u0456\u0457.<\/li>\n<\/ul>\n\n\n\n<h3 class=\"wp-block-heading\" id=\"h-so-beantragen-sie-eine-ruckerstattung\"><span class=\"ez-toc-section\" id=\"So_beantragen_Sie_eine_Ruckerstattung\"><\/span>\u042f\u043a \u043f\u043e\u0434\u0430\u0442\u0438 \u0437\u0430\u044f\u0432\u043a\u0443 \u043d\u0430 \u0432\u0456\u0434\u0448\u043a\u043e\u0434\u0443\u0432\u0430\u043d\u043d\u044f<span class=\"ez-toc-section-end\"><\/span><\/h3>\n\n\n\n<ol class=\"wp-block-list\">\n<li><strong>\u0411\u0443\u0434\u044c \u043b\u0430\u0441\u043a\u0430, \u0437\u0432'\u044f\u0436\u0456\u0442\u044c\u0441\u044f \u0437 \u043d\u0430\u043c\u0438:<\/strong> \u041d\u0430\u0434\u0456\u0448\u043b\u0456\u0442\u044c \u0435\u043b\u0435\u043a\u0442\u0440\u043e\u043d\u043d\u043e\u0433\u043e \u043b\u0438\u0441\u0442\u0430 \u0434\u043e \u043d\u0430\u0448\u043e\u0457 \u0441\u043b\u0443\u0436\u0431\u0438 \u043f\u0456\u0434\u0442\u0440\u0438\u043c\u043a\u0438 \u043a\u043b\u0456\u0454\u043d\u0442\u0456\u0432 \u043d\u0430 \u0430\u0434\u0440\u0435\u0441\u0443 support@ko-tropfen-kaufen.com \u0437 \u0434\u0435\u0442\u0430\u043b\u044f\u043c\u0438 \u0432\u0430\u0448\u043e\u0433\u043e \u0437\u0430\u043c\u043e\u0432\u043b\u0435\u043d\u043d\u044f \u0442\u0430 \u043f\u0440\u0438\u0447\u0438\u043d\u043e\u044e \u043f\u043e\u0432\u0435\u0440\u043d\u0435\u043d\u043d\u044f \u043a\u043e\u0448\u0442\u0456\u0432.<\/li>\n\n\n\n<li><strong>\u0414\u043e\u0437\u0432\u0456\u043b \u043d\u0430 \u043f\u043e\u0432\u0435\u0440\u043d\u0435\u043d\u043d\u044f:<\/strong> \u041d\u0430\u0448\u0430 \u043a\u043e\u043c\u0430\u043d\u0434\u0430 \u043d\u0430\u0434\u0456\u0448\u043b\u0435 \u0432\u0430\u043c \u0434\u043e\u0437\u0432\u0456\u043b \u043d\u0430 \u043f\u043e\u0432\u0435\u0440\u043d\u0435\u043d\u043d\u044f \u0442\u0430 \u0456\u043d\u0441\u0442\u0440\u0443\u043a\u0446\u0456\u0457 \u0449\u043e\u0434\u043e \u0442\u043e\u0433\u043e, \u044f\u043a \u043f\u043e\u0432\u0435\u0440\u043d\u0443\u0442\u0438 \u0442\u043e\u0432\u0430\u0440.<\/li>\n\n\n\n<li><strong>\u041d\u0430\u0434\u0441\u0438\u043b\u0430\u0439\u0442\u0435 \u0441\u0442\u0430\u0442\u0442\u044e:<\/strong> \u041d\u0430\u0434\u0456\u0448\u043b\u0456\u0442\u044c \u043d\u0430\u043c \u0442\u043e\u0432\u0430\u0440 \u0432 \u043e\u0440\u0438\u0433\u0456\u043d\u0430\u043b\u044c\u043d\u0456\u0439 \u0443\u043f\u0430\u043a\u043e\u0432\u0446\u0456 \u0440\u0430\u0437\u043e\u043c \u0437 \u0434\u043e\u0440\u0443\u0447\u0435\u043d\u043d\u044f\u043c \u043d\u0430 \u043f\u043e\u0432\u0435\u0440\u043d\u0435\u043d\u043d\u044f.<\/li>\n<\/ol>\n\n\n\n<h3 class=\"wp-block-heading\" id=\"h-bearbeitung-ihrer-ruckerstattung\"><span class=\"ez-toc-section\" id=\"Bearbeitung_Ihrer_Ruckerstattung\"><\/span>\u041e\u0431\u0440\u043e\u0431\u043a\u0430 \u0432\u0430\u0448\u043e\u0433\u043e \u0432\u0456\u0434\u0448\u043a\u043e\u0434\u0443\u0432\u0430\u043d\u043d\u044f<span class=\"ez-toc-section-end\"><\/span><\/h3>\n\n\n\n<p>\u041f\u0456\u0441\u043b\u044f \u0442\u043e\u0433\u043e, \u044f\u043a \u043c\u0438 \u043e\u0442\u0440\u0438\u043c\u0430\u0454\u043c\u043e \u0442\u0430 \u043f\u0435\u0440\u0435\u0432\u0456\u0440\u0438\u043c\u043e \u043f\u043e\u0432\u0435\u0440\u043d\u0443\u0442\u0438\u0439 \u0442\u043e\u0432\u0430\u0440, \u043c\u0438 \u043f\u043e\u0432\u0456\u0434\u043e\u043c\u0438\u043c\u043e \u0432\u0430\u0441 \u043f\u0440\u043e \u0446\u0435 \u0435\u043b\u0435\u043a\u0442\u0440\u043e\u043d\u043d\u043e\u044e \u043f\u043e\u0448\u0442\u043e\u044e. \u042f\u043a\u0449\u043e \u0432\u0430\u0448\u0435 \u0432\u0456\u0434\u0448\u043a\u043e\u0434\u0443\u0432\u0430\u043d\u043d\u044f \u0431\u0443\u0434\u0435 \u0441\u0445\u0432\u0430\u043b\u0435\u043d\u043e, \u0432\u043e\u043d\u043e \u0431\u0443\u0434\u0435 \u043e\u0431\u0440\u043e\u0431\u043b\u0435\u043d\u043e \u0456 \u0437\u0430\u0440\u0430\u0445\u043e\u0432\u0430\u043d\u043e \u043d\u0430 \u0432\u0430\u0448 \u043f\u043e\u0447\u0430\u0442\u043a\u043e\u0432\u0438\u0439 \u0441\u043f\u043e\u0441\u0456\u0431 \u043e\u043f\u043b\u0430\u0442\u0438 \u043f\u0440\u043e\u0442\u044f\u0433\u043e\u043c 5-7 \u0440\u043e\u0431\u043e\u0447\u0438\u0445 \u0434\u043d\u0456\u0432.<\/p>\n\n\n\n<h3 class=\"wp-block-heading\" id=\"h-kontaktieren-sie-uns\"><span class=\"ez-toc-section\" id=\"Kontaktieren_Sie_uns\"><\/span>\u0417\u0432'\u044f\u0436\u0456\u0442\u044c\u0441\u044f \u0437 \u043d\u0430\u043c\u0438<span class=\"ez-toc-section-end\"><\/span><\/h3>\n\n\n\n<p>\u042f\u043a\u0449\u043e \u0443 \u0432\u0430\u0441 \u0432\u0438\u043d\u0438\u043a\u043b\u0438 \u0437\u0430\u043f\u0438\u0442\u0430\u043d\u043d\u044f \u0449\u043e\u0434\u043e \u043d\u0430\u0448\u043e\u0457 \u043f\u043e\u043b\u0456\u0442\u0438\u043a\u0438 \u043f\u043e\u0432\u0435\u0440\u043d\u0435\u043d\u043d\u044f, \u0431\u0443\u0434\u044c \u043b\u0430\u0441\u043a\u0430, \u0437\u0432'\u044f\u0436\u0456\u0442\u044c\u0441\u044f \u0437 \u043d\u0430\u0448\u043e\u044e \u0441\u043b\u0443\u0436\u0431\u043e\u044e \u043f\u0456\u0434\u0442\u0440\u0438\u043c\u043a\u0438 \u043a\u043b\u0456\u0454\u043d\u0442\u0456\u0432 \u0437\u0430 \u0430\u0434\u0440\u0435\u0441\u043e\u044e support@ko-tropfen-kaufen.com. \u041c\u0438 \u0442\u0443\u0442, \u0449\u043e\u0431 \u0434\u043e\u043f\u043e\u043c\u043e\u0433\u0442\u0438 \u0432\u0430\u043c \u0456 \u043f\u043e\u0434\u0431\u0430\u0442\u0438 \u043f\u0440\u043e \u0442\u0435, \u0449\u043e\u0431 \u0432\u0438 \u0437\u0430\u043b\u0438\u0448\u0438\u043b\u0438\u0441\u044f \u0437\u0430\u0434\u043e\u0432\u043e\u043b\u0435\u043d\u0456 \u043f\u043e\u043a\u0443\u043f\u043a\u043e\u044e.<\/p>\n\n\n\n<p>\u0414\u044f\u043a\u0443\u0454\u043c\u043e \u0437\u0430 \u043f\u043e\u043a\u0443\u043f\u043a\u0438 \u043d\u0430 Ko-Tropfen-Kaufen.com!<\/p>","protected":false},"excerpt":{"rendered":"<p>ko-tropfen-kaufen.com R\u00fcckgaberecht Bei Ko-Tropfen-Kaufen.com bem\u00fchen wir uns, sicherzustellen, dass unsere Kunden vollst\u00e4ndig zufrieden mit ihren Eink\u00e4ufen sind. Wenn Sie aus irgendeinem Grund nicht ganz zufrieden mit Ihrer Bestellung sind, hilft Ihnen unser R\u00fcckgaberecht weiter. 30-Tage-Geld-zur\u00fcck-Garantie Wir bieten eine 30-Tage-Geld-zur\u00fcck-Garantie auf alle unsere Produkte. Wenn Sie mit Ihrem Kauf nicht zufrieden sind, k\u00f6nnen Sie innerhalb von [&hellip;]<\/p>\n","protected":false},"author":2,"featured_media":0,"parent":0,"menu_order":0,"comment_status":"closed","ping_status":"closed","template":"","meta":{"footnotes":""},"class_list":["post-15715","page","type-page","status-publish","hentry"],"blocksy_meta":[],"jetpack_sharing_enabled":true,"_links":{"self":[{"href":"https:\/\/ko-tropfen-kaufen.com\/uk\/wp-json\/wp\/v2\/pages\/15715","targetHints":{"allow":["GET"]}}],"collection":[{"href":"https:\/\/ko-tropfen-kaufen.com\/uk\/wp-json\/wp\/v2\/pages"}],"about":[{"href":"https:\/\/ko-tropfen-kaufen.com\/uk\/wp-json\/wp\/v2\/types\/page"}],"author":[{"embeddable":true,"href":"https:\/\/ko-tropfen-kaufen.com\/uk\/wp-json\/wp\/v2\/users\/2"}],"replies":[{"embeddable":true,"href":"https:\/\/ko-tropfen-kaufen.com\/uk\/wp-json\/wp\/v2\/comments?post=15715"}],"version-history":[{"count":1,"href":"https:\/\/ko-tropfen-kaufen.com\/uk\/wp-json\/wp\/v2\/pages\/15715\/revisions"}],"predecessor-version":[{"id":15716,"href":"https:\/\/ko-tropfen-kaufen.com\/uk\/wp-json\/wp\/v2\/pages\/15715\/revisions\/15716"}],"wp:attachment":[{"href":"https:\/\/ko-tropfen-kaufen.com\/uk\/wp-json\/wp\/v2\/media?parent=15715"}],"curies":[{"name":"wp","href":"https:\/\/api.w.org\/{rel}","templated":true}]}}