{"id":15965,"date":"2025-08-13T20:06:48","date_gmt":"2025-08-13T20:06:48","guid":{"rendered":"https:\/\/ko-tropfen-kaufen.com\/?post_type=product&#038;p=15965"},"modified":"2025-11-16T14:24:14","modified_gmt":"2025-11-16T13:24:14","slug":"natriumoxibat","status":"publish","type":"product","link":"https:\/\/ko-tropfen-kaufen.com\/sv\/product\/natriumoxibat\/","title":{"rendered":"Natriumoxibat Ethypharm 500 mg\/ml"},"content":{"rendered":"<h2 data-start=\"213\" data-end=\"315\">K\u00f6p natriumoxibat Ethypharm 500 mg\/ml l\u00f6sning - H\u00f6gkvalitativt r\u00e5material f\u00f6r forskning och industri<\/h2>\n<p data-start=\"317\" data-end=\"694\"><strong data-start=\"317\" data-end=\"361\">Natriumoxibat Ethypharm 500 mg\/ml l\u00f6sning<\/strong> (\u00e4ven k\u00e4nt under det internationella generiska namnet natriumoxibat och handelsnamnet <em data-start=\"448\" data-end=\"455\">Xyrem<\/em>) \u00e4r natriumsaltet av gamma-hydroxism\u00f6rsyra (<a href=\"https:\/\/ko-tropfen-kaufen.com\/product\/ghb-kaufen\/\">GHB<\/a>).<br data-start=\"512\" data-end=\"515\" \/>Inom forskning och industri anv\u00e4nds den fr\u00e4mst f\u00f6r farmakologiska studier, neurokemiska analyser samt f\u00f6r utveckling och validering av nya formuleringar.<\/p>\n<p data-start=\"696\" data-end=\"929\">I Tyskland <strong data-start=\"722\" data-end=\"749\">Natriumoxibat Ethypharm<\/strong> strikta lagbest\u00e4mmelser i enlighet med <strong data-start=\"792\" data-end=\"825\">Narkotikalagstiftningen (BtMG)<\/strong> och f\u00e5r endast anv\u00e4ndas f\u00f6r godk\u00e4nda vetenskapliga eller industriella \u00e4ndam\u00e5l.<\/p>\n<h3 data-start=\"936\" data-end=\"977\">Varf\u00f6r v\u00e4lja natriumoxibat Ethypharm?<\/h3>\n<ul data-start=\"978\" data-end=\"1391\">\n<li data-start=\"978\" data-end=\"1074\">\n<p data-start=\"980\" data-end=\"1074\"><strong data-start=\"980\" data-end=\"1013\">Exakta forskningsapplikationer<\/strong> - idealisk f\u00f6r farmakologiska och neurobiologiska studier.<\/p>\n<\/li>\n<li data-start=\"1075\" data-end=\"1183\">\n<p data-start=\"1077\" data-end=\"1183\"><strong data-start=\"1077\" data-end=\"1121\">H\u00f6g renhet och definierad koncentration<\/strong> - 500 mg\/ml garanterar reproducerbara testresultat.<\/p>\n<\/li>\n<li data-start=\"1184\" data-end=\"1281\">\n<p data-start=\"1186\" data-end=\"1281\"><strong data-start=\"1186\" data-end=\"1209\">Kompatibel med industrin<\/strong> - L\u00e4mplig f\u00f6r processoptimering, kvalitetskontroll och analys.<\/p>\n<\/li>\n<li data-start=\"1282\" data-end=\"1391\">\n<p data-start=\"1284\" data-end=\"1391\"><strong data-start=\"1284\" data-end=\"1312\">Fullst\u00e4ndig dokumentation<\/strong> - Levereras med COA (Certificate of Analysis) och SDS (Safety Data Sheet).<\/p>\n<\/li>\n<\/ul>\n<h3 data-start=\"1398\" data-end=\"1464\">Vad ska jag vara uppm\u00e4rksam p\u00e5 n\u00e4r jag k\u00f6per natriumoxibat Ethypharm 500 mg\/ml?<\/h3>\n<ol data-start=\"1465\" data-end=\"2035\">\n<li data-start=\"1465\" data-end=\"1615\">\n<p data-start=\"1468\" data-end=\"1500\"><strong data-start=\"1468\" data-end=\"1498\">Renhet och koncentration<\/strong><\/p>\n<ul data-start=\"1504\" data-end=\"1615\">\n<li data-start=\"1504\" data-end=\"1615\">\n<p data-start=\"1506\" data-end=\"1615\">Farmaceutisk kvalitet, definierad som 500 mg\/ml; f\u00f6r vetenskapligt arbete kr\u00e4vs en renhet p\u00e5 \u2265 99 %.<\/p>\n<\/li>\n<\/ul>\n<\/li>\n<li data-start=\"1616\" data-end=\"1751\">\n<p data-start=\"1619\" data-end=\"1636\"><strong data-start=\"1619\" data-end=\"1634\">Certifikat<\/strong><\/p>\n<ul data-start=\"1640\" data-end=\"1751\">\n<li data-start=\"1640\" data-end=\"1690\">\n<p data-start=\"1642\" data-end=\"1690\"><strong data-start=\"1642\" data-end=\"1649\">COA<\/strong> f\u00f6r att bekr\u00e4fta den kemiska analysen<\/p>\n<\/li>\n<li data-start=\"1694\" data-end=\"1751\">\n<p data-start=\"1696\" data-end=\"1751\"><strong data-start=\"1696\" data-end=\"1703\">SDS<\/strong> med all s\u00e4kerhetsrelevant information<\/p>\n<\/li>\n<\/ul>\n<\/li>\n<li data-start=\"1752\" data-end=\"1906\">\n<p data-start=\"1755\" data-end=\"1789\"><strong data-start=\"1755\" data-end=\"1787\">P\u00e5litlig leverant\u00f6r<\/strong><\/p>\n<ul data-start=\"1793\" data-end=\"1906\">\n<li data-start=\"1793\" data-end=\"1850\">\n<p data-start=\"1795\" data-end=\"1850\">Dokumenterad erfarenhet av kontrollerade substanser<\/p>\n<\/li>\n<li data-start=\"1854\" data-end=\"1906\">\n<p data-start=\"1856\" data-end=\"1906\">Efterlevnad av tyska och EU-r\u00e4ttsliga krav<\/p>\n<\/li>\n<\/ul>\n<\/li>\n<li data-start=\"1907\" data-end=\"2035\">\n<p data-start=\"1910\" data-end=\"1936\"><strong data-start=\"1910\" data-end=\"1934\">F\u00f6rpackning och leverans<\/strong><\/p>\n<ul data-start=\"1940\" data-end=\"2035\">\n<li data-start=\"1940\" data-end=\"1982\">\n<p data-start=\"1942\" data-end=\"1982\">Kemikaliebest\u00e4ndiga, f\u00f6rseglade flaskor<\/p>\n<\/li>\n<li data-start=\"1986\" data-end=\"2035\">\n<p data-start=\"1988\" data-end=\"2035\">Temperaturkontrollerad ADR-transport av farligt gods<\/p>\n<\/li>\n<\/ul>\n<\/li>\n<\/ol>\n<h3 data-start=\"2042\" data-end=\"2079\">Tekniska data<\/h3>\n<ul data-start=\"2080\" data-end=\"2469\">\n<li data-start=\"2080\" data-end=\"2141\">\n<p data-start=\"2082\" data-end=\"2141\"><strong data-start=\"2082\" data-end=\"2098\">Handelsnamn:<\/strong> Natriumoxibat Ethypharm 500 mg\/ml l\u00f6sning<\/p>\n<\/li>\n<li data-start=\"2142\" data-end=\"2198\">\n<p data-start=\"2144\" data-end=\"2198\"><strong data-start=\"2144\" data-end=\"2170\">Kemiskt namn:<\/strong> Natrium-4-hydroxibutanoat<\/p>\n<\/li>\n<li data-start=\"2199\" data-end=\"2229\">\n<p data-start=\"2201\" data-end=\"2229\"><strong data-start=\"2201\" data-end=\"2218\">Summaformel:<\/strong> <a href=\"https:\/\/pubchem.ncbi.nlm.nih.gov\/compound\/49849725\" target=\"_blank\" rel=\"noopener\">C\u2084H\u2087NaO\u2083<\/a><\/p>\n<\/li>\n<li data-start=\"2230\" data-end=\"2264\">\n<p data-start=\"2232\" data-end=\"2264\"><strong data-start=\"2232\" data-end=\"2249\">Molarmassa:<\/strong> 126,09 g\/mol<\/p>\n<\/li>\n<li data-start=\"2265\" data-end=\"2330\">\n<p data-start=\"2267\" data-end=\"2330\"><strong data-start=\"2267\" data-end=\"2288\">Doseringsform:<\/strong> Klar, f\u00e4rgl\u00f6s v\u00e4tska (500 mg\/ml)<\/p>\n<\/li>\n<li data-start=\"2331\" data-end=\"2370\">\n<p data-start=\"2333\" data-end=\"2370\"><strong data-start=\"2333\" data-end=\"2349\">L\u00f6slighet:<\/strong> Mycket bra i vatten<\/p>\n<\/li>\n<li data-start=\"2371\" data-end=\"2409\">\n<p data-start=\"2373\" data-end=\"2409\"><strong data-start=\"2373\" data-end=\"2399\">pH-v\u00e4rde (10 %-l\u00f6sning):<\/strong> ca 7-8<\/p>\n<\/li>\n<li data-start=\"2410\" data-end=\"2469\">\n<p data-start=\"2412\" data-end=\"2469\"><strong data-start=\"2412\" data-end=\"2435\">F\u00f6rpackningsenhet:<\/strong> 180 ml flaska = 90 g aktiv ingrediens<\/p>\n<\/li>\n<\/ul>\n<h3 data-start=\"2476\" data-end=\"2501\">F\u00f6rvaring &amp; s\u00e4kerhet<\/h3>\n<ul data-start=\"2502\" data-end=\"2759\">\n<li data-start=\"2502\" data-end=\"2565\">\n<p data-start=\"2504\" data-end=\"2565\"><strong data-start=\"2504\" data-end=\"2517\">F\u00f6rvaring:<\/strong> Svalt, torrt och v\u00e4l f\u00f6rslutet vid 2-8 \u00b0C<\/p>\n<\/li>\n<li data-start=\"2566\" data-end=\"2622\">\n<p data-start=\"2568\" data-end=\"2622\"><strong data-start=\"2568\" data-end=\"2576\">PERSONLIG SKYDDSUTRUSTNING:<\/strong> Skyddsglas\u00f6gon, nitrilhandskar, labbrock<\/p>\n<\/li>\n<li data-start=\"2623\" data-end=\"2675\">\n<p data-start=\"2625\" data-end=\"2675\"><strong data-start=\"2625\" data-end=\"2640\">Hantering:<\/strong> Endast i ventilerade laboratorieutrymmen<\/p>\n<\/li>\n<li data-start=\"2676\" data-end=\"2759\">\n<p data-start=\"2678\" data-end=\"2759\"><strong data-start=\"2678\" data-end=\"2693\">Avfallshantering:<\/strong> Enligt lokala best\u00e4mmelser f\u00f6r narkotika och farliga \u00e4mnen<\/p>\n<\/li>\n<\/ul>\n<h3 data-start=\"2766\" data-end=\"2790\">FAQ - Vanliga fr\u00e5gor och svar<\/h3>\n<p data-start=\"2791\" data-end=\"2858\"><strong data-start=\"2791\" data-end=\"2856\">\u00c4r natriumoxibat Ethypharm lagligt att k\u00f6pa i Tyskland?<\/strong><\/p>\n<ul data-start=\"2859\" data-end=\"2933\">\n<li data-start=\"2859\" data-end=\"2933\">\n<p data-start=\"2861\" data-end=\"2933\">Ja, men endast f\u00f6r auktoriserade anl\u00e4ggningar med licens i enlighet med BtMG.<\/p>\n<\/li>\n<\/ul>\n<p data-start=\"2935\" data-end=\"2967\"><strong data-start=\"2935\" data-end=\"2965\">Hur organiseras leveransen?<\/strong><\/p>\n<ul data-start=\"2968\" data-end=\"3045\">\n<li data-start=\"2968\" data-end=\"3045\">\n<p data-start=\"2970\" data-end=\"3045\">Enbart till registrerade institutioner, via ADR-transport av farligt gods.<\/p>\n<\/li>\n<\/ul>\n<p data-start=\"3047\" data-end=\"3086\"><strong data-start=\"3047\" data-end=\"3084\">Vilka dokument kr\u00e4vs?<\/strong><\/p>\n<ul data-start=\"3087\" data-end=\"3158\">\n<li data-start=\"3087\" data-end=\"3158\">\n<p data-start=\"3089\" data-end=\"3158\">Officiell licens, handelslicens, slutanv\u00e4ndarintyg om till\u00e4mpligt.<\/p>\n<\/li>\n<\/ul>\n<p data-start=\"3160\" data-end=\"3202\"><strong data-start=\"3160\" data-end=\"3200\">Skillnad mot liknande \u00e4mnen?<\/strong><\/p>\n<ul data-start=\"3203\" data-end=\"3301\">\n<li data-start=\"3203\" data-end=\"3301\">\n<p data-start=\"3205\" data-end=\"3301\">Strikt reglerad substans, ej att f\u00f6rv\u00e4xla med okontrollerade salter eller prekursorer.<\/p>\n<\/li>\n<\/ul>\n<h3 data-start=\"3308\" data-end=\"3335\">Beg\u00e4r en offert nu<\/h3>\n<p data-start=\"3336\" data-end=\"3521\">F\u00f6r ett skr\u00e4ddarsytt erbjudande f\u00f6r <strong data-start=\"3369\" data-end=\"3420\">K\u00f6p Natriumoxibat Ethypharm 500 mg\/ml l\u00f6sning<\/strong> och detaljer om leveransvillkor i Tyskland, v\u00e4nligen skicka oss dina tillst\u00e5ndshandlingar.<\/p>\n<p data-start=\"3528\" data-end=\"3815\"><strong data-start=\"3528\" data-end=\"3552\">Juridiskt meddelande:<\/strong><br data-start=\"3552\" data-end=\"3555\" \/>Distribution och leverans sker uteslutande till auktoriserade institutioner i enlighet med tyska BtMG- och EU-best\u00e4mmelser. K\u00f6paren \u00e4r ansvarig f\u00f6r att alla lagstadgade krav uppfylls, inklusive lagring, hantering och slutanv\u00e4ndning.<\/p>","protected":false},"excerpt":{"rendered":"<p>Natriumoxibat Ethypharm 500 mg\/ml l\u00f6sning (natriumoxibat, Xyrem) i farmaceutisk kvalitet \u226599 % renhet med COA och SDS. Laglig ADR-frakt till auktoriserade anl\u00e4ggningar i Tyskland enligt BtMG.<\/p>","protected":false},"featured_media":15966,"comment_status":"open","ping_status":"closed","template":"","meta":{"jetpack_publicize_message":"","jetpack_publicize_feature_enabled":true,"jetpack_social_post_already_shared":false,"jetpack_social_options":{"image_generator_settings":{"template":"highway","default_image_id":0,"font":"","enabled":false},"version":2}},"product_brand":[],"product_cat":[27],"product_tag":[89,90],"class_list":{"0":"post-15965","1":"product","2":"type-product","3":"status-publish","4":"has-post-thumbnail","6":"product_cat-ko-tropfen-wo-kaufen","7":"product_tag-gbl-bestellen-deutschland","8":"product_tag-ghb-kaufen-deutschland","10":"first","11":"instock","12":"sale","13":"featured","14":"shipping-taxable","15":"purchasable","16":"product-type-simple"},"jetpack_publicize_connections":[],"jetpack_sharing_enabled":true,"_links":{"self":[{"href":"https:\/\/ko-tropfen-kaufen.com\/sv\/wp-json\/wp\/v2\/product\/15965","targetHints":{"allow":["GET"]}}],"collection":[{"href":"https:\/\/ko-tropfen-kaufen.com\/sv\/wp-json\/wp\/v2\/product"}],"about":[{"href":"https:\/\/ko-tropfen-kaufen.com\/sv\/wp-json\/wp\/v2\/types\/product"}],"replies":[{"embeddable":true,"href":"https:\/\/ko-tropfen-kaufen.com\/sv\/wp-json\/wp\/v2\/comments?post=15965"}],"version-history":[{"count":1,"href":"https:\/\/ko-tropfen-kaufen.com\/sv\/wp-json\/wp\/v2\/product\/15965\/revisions"}],"predecessor-version":[{"id":15967,"href":"https:\/\/ko-tropfen-kaufen.com\/sv\/wp-json\/wp\/v2\/product\/15965\/revisions\/15967"}],"wp:featuredmedia":[{"embeddable":true,"href":"https:\/\/ko-tropfen-kaufen.com\/sv\/wp-json\/wp\/v2\/media\/15966"}],"wp:attachment":[{"href":"https:\/\/ko-tropfen-kaufen.com\/sv\/wp-json\/wp\/v2\/media?parent=15965"}],"wp:term":[{"taxonomy":"product_brand","embeddable":true,"href":"https:\/\/ko-tropfen-kaufen.com\/sv\/wp-json\/wp\/v2\/product_brand?post=15965"},{"taxonomy":"product_cat","embeddable":true,"href":"https:\/\/ko-tropfen-kaufen.com\/sv\/wp-json\/wp\/v2\/product_cat?post=15965"},{"taxonomy":"product_tag","embeddable":true,"href":"https:\/\/ko-tropfen-kaufen.com\/sv\/wp-json\/wp\/v2\/product_tag?post=15965"}],"curies":[{"name":"wp","href":"https:\/\/api.w.org\/{rel}","templated":true}]}}