{"id":15632,"date":"2024-11-25T12:11:27","date_gmt":"2024-11-25T12:11:27","guid":{"rendered":"https:\/\/ko-tropfen-kaufen.com\/?post_type=product&#038;p=15632"},"modified":"2026-03-21T14:38:40","modified_gmt":"2026-03-21T13:38:40","slug":"koepa-gbl-lagligt","status":"publish","type":"product","link":"https:\/\/ko-tropfen-kaufen.com\/sv\/product\/koepa-gbl-lagligt\/","title":{"rendered":"Gamma-butyrolakton (GBL)"},"content":{"rendered":"<h1>GBL K\u00f6p Legal<\/h1>\n<h2>Introduktion till gamma-butyrolakton (GBL)<\/h2>\n<p>V\u00e4lkommen till <a href=\"https:\/\/ko-tropfen-kaufen.com\/\">KO-Drops-Buy.com<\/a>din p\u00e5litliga k\u00e4lla f\u00f6r ink\u00f6p av <a href=\"https:\/\/de.wikipedia.org\/wiki\/\u0393-Butyrolacton\" target=\"_blank\" rel=\"noopener\">Gamma-butyrolakton (GBL)<\/a>. Gamma-butyrolakton (GBL) \u00e4r en h\u00f6gkvalitativ, m\u00e5ngsidig kemisk f\u00f6rening som anv\u00e4nds i stor utstr\u00e4ckning i olika industri- och forskningsapplikationer. GBL \u00e4r k\u00e4nt f\u00f6r sina utm\u00e4rkta l\u00f6sningsmedelsegenskaper och \u00e4r viktigt f\u00f6r tillverkningen av m\u00e5nga kommersiella och industriella produkter.<\/p>\n<h2>Anv\u00e4ndning och f\u00f6rdelar med gamma-butyrolakton (GBL)<\/h2>\n<p>Gamma-butyrolakton (GBL buy legal) fr\u00e5n K.O.-Tropfen erbjuder m\u00e5nga f\u00f6rdelar f\u00f6r industri- och forsknings\u00e4ndam\u00e5l:<\/p>\n<ul>\n<li><strong>Industriella till\u00e4mpningar<\/strong>GBL \u00e4r ett viktigt l\u00f6sningsmedel vid tillverkning av l\u00e4kemedel, polymerer och agrokemikalier. Dess starka l\u00f6sningsmedelsegenskaper g\u00f6r den idealisk f\u00f6r reng\u00f6ring, f\u00e4rgborttagning och borttagning av lim.<\/li>\n<li><strong>Till\u00e4mpningar inom forskning<\/strong>GBL fungerar som ett v\u00e4rdefullt reagens och mellanprodukt i organisk syntes i forskningsanl\u00e4ggningar. Det anv\u00e4nds i laboratorier f\u00f6r att utveckla nya kemiska f\u00f6reningar och formuleringar.<\/li>\n<li><strong>H\u00f6g renhet och kvalitet<\/strong>V\u00e5r GBL \u00e4r av h\u00f6gsta renhet och garanterar optimal prestanda och tillf\u00f6rlitlighet i alla applikationer.<\/li>\n<\/ul>\n<h2>Produktvarianter och f\u00f6rpackningsalternativ (k\u00f6p GBL lagligt)<\/h2>\n<p>Vi erbjuder en rad olika l\u00e4kemedelsvarianter och f\u00f6rpackningsalternativ f\u00f6r gamma-butyrolakton (GBL) f\u00f6r att uppfylla dina specifika krav:<\/p>\n<ul>\n<li><strong>Produktvarianter<\/strong>V\u00e4lj mellan olika koncentrationer och kvaliteter av GBL f\u00f6r att uppfylla dina industri- eller forskningskrav.<\/li>\n<li><strong>F\u00f6rpackningsalternativ<\/strong>Vi erbjuder GBL i olika f\u00f6rpackningsstorlekar, inklusive 1-litersflaskor, 5-litersdunkar och st\u00f6rre bulkcontainrar. Alla f\u00f6rpackningar \u00e4r utformade f\u00f6r att garantera en trygg och s\u00e4ker transport.<\/li>\n<\/ul>\n<h2>Riktlinjer f\u00f6r s\u00e4kerhet och hantering<\/h2>\n<p>S\u00e4ker anv\u00e4ndning och hantering av <span class=\"\" title=\"\" data-v-365c7fdc=\"\">mediciner<\/span> \u00e4r v\u00e5r h\u00f6gsta prioritet. N\u00e4r du k\u00f6per gamma-butyrolakton (GBL k\u00f6p lagligt) fr\u00e5n K.O.-Tropfen, f\u00f6lj dessa riktlinjer f\u00f6r att s\u00e4kerst\u00e4lla s\u00e4kerhet och efterlevnad:<\/p>\n<ul>\n<li><strong>Personlig skyddsutrustning (<a href=\"https:\/\/www.bghm.de\/arbeitsschuetzer\/fach-themen\/persoenliche-schutzausruestung-psa\/\" target=\"_blank\" rel=\"noopener\">PSA<\/a>)<\/strong>Anv\u00e4nd alltid l\u00e4mplig personlig skyddsutrustning, inklusive handskar, skyddsglas\u00f6gon och skyddskl\u00e4der vid hantering av GBL.<\/li>\n<li><strong>F\u00f6rvaring<\/strong>F\u00f6rvara GBL p\u00e5 en sval, torr och v\u00e4l ventilerad plats, borta fr\u00e5n direkt solljus och v\u00e4rmek\u00e4llor. Se till att beh\u00e5llarna \u00e4r ordentligt tillslutna n\u00e4r de inte anv\u00e4nds.<\/li>\n<li><strong>Hanteringsrutiner<\/strong>Anv\u00e4nd GBL i ett v\u00e4l ventilerat utrymme och undvik inandning eller kontakt med hud och \u00f6gon. Vid oavsiktlig kontakt, sk\u00f6lj noggrant med vatten och upps\u00f6k l\u00e4kare vid behov.<\/li>\n<li><strong>Avfallshantering<\/strong>Bortskaffa GBL i enlighet med lokala, statliga och federala best\u00e4mmelser. H\u00e4ll inte ut GBL i avloppet och sl\u00e4pp inte ut det i milj\u00f6n.<\/li>\n<\/ul>\n<blockquote><p>Uppt\u00e4ck v\u00e5rt breda utbud av gamma-butyrolakton (GBL k\u00f6p lagligt) alternativ och upplev den kvalitet och tillf\u00f6rlitlighet som KO-Drops-Buy.com erbjuder. Best\u00e4ll idag och dra nytta av v\u00e5ra s\u00e4kra och diskreta frakttj\u00e4nster.<\/p><\/blockquote>","protected":false},"excerpt":{"rendered":"<p>GBL av h\u00f6g kvalitet f\u00f6r industri och forskning. K\u00f6p GBL i stora eller sm\u00e5 kvantiteter.<\/p>","protected":false},"featured_media":15633,"comment_status":"open","ping_status":"closed","template":"","meta":{"jetpack_publicize_message":"","jetpack_publicize_feature_enabled":true,"jetpack_social_post_already_shared":false,"jetpack_social_options":{"image_generator_settings":{"template":"highway","default_image_id":0,"font":"","enabled":false},"version":2}},"product_brand":[],"product_cat":[27],"product_tag":[89,90],"class_list":{"0":"post-15632","1":"product","2":"type-product","3":"status-publish","4":"has-post-thumbnail","6":"product_cat-ko-tropfen-wo-kaufen","7":"product_tag-gbl-bestellen-deutschland","8":"product_tag-ghb-kaufen-deutschland","10":"first","11":"instock","12":"shipping-taxable","13":"purchasable","14":"product-type-variable"},"jetpack_publicize_connections":[],"jetpack_sharing_enabled":true,"_links":{"self":[{"href":"https:\/\/ko-tropfen-kaufen.com\/sv\/wp-json\/wp\/v2\/product\/15632","targetHints":{"allow":["GET"]}}],"collection":[{"href":"https:\/\/ko-tropfen-kaufen.com\/sv\/wp-json\/wp\/v2\/product"}],"about":[{"href":"https:\/\/ko-tropfen-kaufen.com\/sv\/wp-json\/wp\/v2\/types\/product"}],"replies":[{"embeddable":true,"href":"https:\/\/ko-tropfen-kaufen.com\/sv\/wp-json\/wp\/v2\/comments?post=15632"}],"version-history":[{"count":2,"href":"https:\/\/ko-tropfen-kaufen.com\/sv\/wp-json\/wp\/v2\/product\/15632\/revisions"}],"predecessor-version":[{"id":15658,"href":"https:\/\/ko-tropfen-kaufen.com\/sv\/wp-json\/wp\/v2\/product\/15632\/revisions\/15658"}],"wp:featuredmedia":[{"embeddable":true,"href":"https:\/\/ko-tropfen-kaufen.com\/sv\/wp-json\/wp\/v2\/media\/15633"}],"wp:attachment":[{"href":"https:\/\/ko-tropfen-kaufen.com\/sv\/wp-json\/wp\/v2\/media?parent=15632"}],"wp:term":[{"taxonomy":"product_brand","embeddable":true,"href":"https:\/\/ko-tropfen-kaufen.com\/sv\/wp-json\/wp\/v2\/product_brand?post=15632"},{"taxonomy":"product_cat","embeddable":true,"href":"https:\/\/ko-tropfen-kaufen.com\/sv\/wp-json\/wp\/v2\/product_cat?post=15632"},{"taxonomy":"product_tag","embeddable":true,"href":"https:\/\/ko-tropfen-kaufen.com\/sv\/wp-json\/wp\/v2\/product_tag?post=15632"}],"curies":[{"name":"wp","href":"https:\/\/api.w.org\/{rel}","templated":true}]}}