{"id":15720,"date":"2024-11-25T20:38:37","date_gmt":"2024-11-25T20:38:37","guid":{"rendered":"https:\/\/ko-tropfen-kaufen.com\/?page_id=15720"},"modified":"2024-11-25T20:38:42","modified_gmt":"2024-11-25T20:38:42","slug":"integritetspolicy","status":"publish","type":"page","link":"https:\/\/ko-tropfen-kaufen.com\/sv\/integritetspolicy\/","title":{"rendered":"Integritetspolicy"},"content":{"rendered":"<div id=\"ez-toc-container\" class=\"ez-toc-v2_0_82_2 counter-hierarchy ez-toc-counter ez-toc-grey ez-toc-container-direction\">\n<div class=\"ez-toc-title-container\">\n<p class=\"ez-toc-title\" style=\"cursor:inherit\">Inneh\u00e5llsf\u00f6rteckning<\/p>\n<span class=\"ez-toc-title-toggle\"><a href=\"#\" class=\"ez-toc-pull-right ez-toc-btn ez-toc-btn-xs ez-toc-btn-default ez-toc-toggle\" aria-label=\"Toggle Inneh\u00e5llsf\u00f6rteckning\"><span class=\"ez-toc-js-icon-con\"><span class=\"\"><span class=\"eztoc-hide\" style=\"display:none;\">Toggle<\/span><span class=\"ez-toc-icon-toggle-span\"><svg style=\"fill: #999;color:#999\" xmlns=\"http:\/\/www.w3.org\/2000\/svg\" class=\"list-377408\" width=\"20px\" height=\"20px\" viewbox=\"0 0 24 24\" fill=\"none\"><path d=\"M6 6H4v2h2V6zm14 0H8v2h12V6zM4 11h2v2H4v-2zm16 0H8v2h12v-2zM4 16h2v2H4v-2zm16 0H8v2h12v-2z\" fill=\"currentColor\"><\/path><\/svg><svg style=\"fill: #999;color:#999\" class=\"arrow-unsorted-368013\" xmlns=\"http:\/\/www.w3.org\/2000\/svg\" width=\"10px\" height=\"10px\" viewbox=\"0 0 24 24\" version=\"1.2\" baseprofile=\"tiny\"><path d=\"M18.2 9.3l-6.2-6.3-6.2 6.3c-.2.2-.3.4-.3.7s.1.5.3.7c.2.2.4.3.7.3h11c.3 0 .5-.1.7-.3.2-.2.3-.5.3-.7s-.1-.5-.3-.7zM5.8 14.7l6.2 6.3 6.2-6.3c.2-.2.3-.5.3-.7s-.1-.5-.3-.7c-.2-.2-.4-.3-.7-.3h-11c-.3 0-.5.1-.7.3-.2.2-.3.5-.3.7s.1.5.3.7z\"\/><\/svg><\/span><\/span><\/span><\/a><\/span><\/div>\n<nav><ul class='ez-toc-list ez-toc-list-level-1' ><li class='ez-toc-page-1 ez-toc-heading-level-3'><a class=\"ez-toc-link ez-toc-heading-1\" href=\"https:\/\/ko-tropfen-kaufen.com\/sv\/integritetspolicy\/#Ko-Tropfen-Kaufencom_Datenschutzrichtlinie\" >Ko-Tropfen-Kaufen.com Integritetspolicy<\/a><\/li><li class='ez-toc-page-1 ez-toc-heading-level-3'><a class=\"ez-toc-link ez-toc-heading-2\" href=\"https:\/\/ko-tropfen-kaufen.com\/sv\/integritetspolicy\/#Erfassung_und_Verwendung_von_Daten\" >Insamling och anv\u00e4ndning av data<\/a><ul class='ez-toc-list-level-4' ><li class='ez-toc-heading-level-4'><a class=\"ez-toc-link ez-toc-heading-3\" href=\"https:\/\/ko-tropfen-kaufen.com\/sv\/integritetspolicy\/#Personliche_Daten\" >Personuppgifter<\/a><\/li><li class='ez-toc-page-1 ez-toc-heading-level-4'><a class=\"ez-toc-link ez-toc-heading-4\" href=\"https:\/\/ko-tropfen-kaufen.com\/sv\/integritetspolicy\/#Automatisch_erfasste_Daten\" >Automatiskt registrerade data<\/a><\/li><\/ul><\/li><li class='ez-toc-page-1 ez-toc-heading-level-3'><a class=\"ez-toc-link ez-toc-heading-5\" href=\"https:\/\/ko-tropfen-kaufen.com\/sv\/integritetspolicy\/#Verwendung_von_Cookies\" >Anv\u00e4ndning av cookies<\/a><\/li><li class='ez-toc-page-1 ez-toc-heading-level-3'><a class=\"ez-toc-link ez-toc-heading-6\" href=\"https:\/\/ko-tropfen-kaufen.com\/sv\/integritetspolicy\/#Weitergabe_von_Daten\" >Vidarebefordran av data<\/a><\/li><li class='ez-toc-page-1 ez-toc-heading-level-3'><a class=\"ez-toc-link ez-toc-heading-7\" href=\"https:\/\/ko-tropfen-kaufen.com\/sv\/integritetspolicy\/#Datensicherheit\" >Datas\u00e4kerhet<\/a><\/li><li class='ez-toc-page-1 ez-toc-heading-level-3'><a class=\"ez-toc-link ez-toc-heading-8\" href=\"https:\/\/ko-tropfen-kaufen.com\/sv\/integritetspolicy\/#Ihre_Rechte\" >Dina r\u00e4ttigheter<\/a><\/li><li class='ez-toc-page-1 ez-toc-heading-level-3'><a class=\"ez-toc-link ez-toc-heading-9\" href=\"https:\/\/ko-tropfen-kaufen.com\/sv\/integritetspolicy\/#Anderungen_an_dieser_Datenschutzrichtlinie\" >\u00c4ndringar av denna integritetspolicy<\/a><\/li><li class='ez-toc-page-1 ez-toc-heading-level-3'><a class=\"ez-toc-link ez-toc-heading-10\" href=\"https:\/\/ko-tropfen-kaufen.com\/sv\/integritetspolicy\/#Kontakt\" >Kontakta oss<\/a><\/li><\/ul><\/nav><\/div>\n<h3 class=\"wp-block-heading\" id=\"h-ko-tropfen-kaufen-com-datenschutzrichtlinie\"><span class=\"ez-toc-section\" id=\"Ko-Tropfen-Kaufencom_Datenschutzrichtlinie\"><\/span>Ko-Tropfen-Kaufen.com Integritetspolicy<span class=\"ez-toc-section-end\"><\/span><\/h3>\n\n\n\n<p>Med <a href=\"https:\/\/ko-tropfen-kaufen.com?v=820eb5b696ea\">K\u00f6p-co-drops.com<\/a> vi l\u00e4gger stor vikt vid skyddet av din integritet och s\u00e4kerheten f\u00f6r dina personuppgifter. I denna integritetspolicy f\u00f6rklarar vi vilken information vi samlar in, hur vi anv\u00e4nder den och vilka \u00e5tg\u00e4rder vi vidtar f\u00f6r att skydda dina uppgifter.<\/p>\n\n\n\n<h3 class=\"wp-block-heading\" id=\"h-erfassung-und-verwendung-von-daten\"><span class=\"ez-toc-section\" id=\"Erfassung_und_Verwendung_von_Daten\"><\/span>Insamling och anv\u00e4ndning av data<span class=\"ez-toc-section-end\"><\/span><\/h3>\n\n\n\n<h4 class=\"wp-block-heading\" id=\"h-personliche-daten\"><span class=\"ez-toc-section\" id=\"Personliche_Daten\"><\/span>Personuppgifter<span class=\"ez-toc-section-end\"><\/span><\/h4>\n\n\n\n<p>Vi samlar in personuppgifter som du frivilligt l\u00e4mnar till oss n\u00e4r du anv\u00e4nder v\u00e5r webbplats, t.ex.<\/p>\n\n\n\n<ul class=\"wp-block-list\">\n<li>Namn<\/li>\n\n\n\n<li>Adress<\/li>\n\n\n\n<li>E-postadress<\/li>\n\n\n\n<li>Telefonnummer<\/li>\n\n\n\n<li>Betalningsinformation<\/li>\n<\/ul>\n\n\n\n<p>Denna information anv\u00e4nds f\u00f6r att behandla dina best\u00e4llningar, tillhandah\u00e5lla kundsupport och skicka dig relevant information och erbjudanden.<\/p>\n\n\n\n<h4 class=\"wp-block-heading\" id=\"h-automatisch-erfasste-daten\"><span class=\"ez-toc-section\" id=\"Automatisch_erfasste_Daten\"><\/span>Automatiskt registrerade data<span class=\"ez-toc-section-end\"><\/span><\/h4>\n\n\n\n<p>N\u00e4r du bes\u00f6ker v\u00e5r webbplats samlar vi automatiskt in viss information om din enhet och din anv\u00e4ndning av v\u00e5r webbplats, inklusive:<\/p>\n\n\n\n<ul class=\"wp-block-list\">\n<li>IP-adress<\/li>\n\n\n\n<li>Typ och version av webbl\u00e4sare<\/li>\n\n\n\n<li>Referens URL<\/li>\n\n\n\n<li>Datum och tid f\u00f6r \u00e5tkomst<\/li>\n\n\n\n<li>Sidor som bes\u00f6kts och l\u00e4nkar som klickats p\u00e5<\/li>\n<\/ul>\n\n\n\n<p>Denna information hj\u00e4lper oss att f\u00f6rb\u00e4ttra v\u00e5r webbplats och optimera anv\u00e4ndarupplevelsen.<\/p>\n\n\n\n<h3 class=\"wp-block-heading\" id=\"h-verwendung-von-cookies\"><span class=\"ez-toc-section\" id=\"Verwendung_von_Cookies\"><\/span>Anv\u00e4ndning av cookies<span class=\"ez-toc-section-end\"><\/span><\/h3>\n\n\n\n<p>V\u00e5r webbplats anv\u00e4nder cookies f\u00f6r att f\u00f6rb\u00e4ttra din anv\u00e4ndarupplevelse och f\u00f6r att tillhandah\u00e5lla vissa funktioner. Cookies \u00e4r sm\u00e5 textfiler som lagras p\u00e5 din enhet. Du kan inaktivera anv\u00e4ndningen av cookies i inst\u00e4llningarna i din webbl\u00e4sare, men det kan p\u00e5verka funktionaliteten p\u00e5 v\u00e5r webbplats.<\/p>\n\n\n\n<h3 class=\"wp-block-heading\" id=\"h-weitergabe-von-daten\"><span class=\"ez-toc-section\" id=\"Weitergabe_von_Daten\"><\/span>Vidarebefordran av data<span class=\"ez-toc-section-end\"><\/span><\/h3>\n\n\n\n<p>Vi vidarebefordrar inte dina personuppgifter till tredje part, f\u00f6rutom i f\u00f6ljande fall:<\/p>\n\n\n\n<ul class=\"wp-block-list\">\n<li><strong>Tj\u00e4nsteleverant\u00f6r:<\/strong> Vi arbetar med betrodda tj\u00e4nsteleverant\u00f6rer som utf\u00f6r vissa uppgifter f\u00f6r v\u00e5r r\u00e4kning, t.ex. betalningshantering och frakt. Dessa tj\u00e4nsteleverant\u00f6rer har endast tillg\u00e5ng till den information de beh\u00f6ver f\u00f6r att utf\u00f6ra sina uppgifter och \u00e4r enligt avtal skyldiga att skydda dina uppgifter.<\/li>\n\n\n\n<li><strong>R\u00e4ttsliga krav:<\/strong> Vi kan komma att l\u00e4mna ut dina uppgifter om det kr\u00e4vs enligt lag eller f\u00f6r att skydda v\u00e5ra r\u00e4ttigheter.<\/li>\n<\/ul>\n\n\n\n<h3 class=\"wp-block-heading\" id=\"h-datensicherheit\"><span class=\"ez-toc-section\" id=\"Datensicherheit\"><\/span>Datas\u00e4kerhet<span class=\"ez-toc-section-end\"><\/span><\/h3>\n\n\n\n<p>Vi anv\u00e4nder l\u00e4mpliga tekniska och organisatoriska \u00e5tg\u00e4rder f\u00f6r att skydda dina personuppgifter fr\u00e5n obeh\u00f6rig \u00e5tkomst, f\u00f6rlust eller missbruk. Dessa \u00e5tg\u00e4rder omfattar kryptering av k\u00e4nslig information och regelbundna s\u00e4kerhetskontroller.<\/p>\n\n\n\n<h3 class=\"wp-block-heading\" id=\"h-ihre-rechte\"><span class=\"ez-toc-section\" id=\"Ihre_Rechte\"><\/span>Dina r\u00e4ttigheter<span class=\"ez-toc-section-end\"><\/span><\/h3>\n\n\n\n<p>Du har r\u00e4tt att n\u00e4r som helst f\u00e5 information om de personuppgifter som vi lagrar, att beg\u00e4ra att de r\u00e4ttas eller raderas och att inv\u00e4nda mot behandlingen av dina uppgifter. F\u00f6r att g\u00f6ra detta, v\u00e4nligen kontakta oss p\u00e5 <a>support@ko-tropfen-kaufen.com<\/a>.<\/p>\n\n\n\n<h3 class=\"wp-block-heading\" id=\"h-anderungen-an-dieser-datenschutzrichtlinie\"><span class=\"ez-toc-section\" id=\"Anderungen_an_dieser_Datenschutzrichtlinie\"><\/span>\u00c4ndringar av denna integritetspolicy<span class=\"ez-toc-section-end\"><\/span><\/h3>\n\n\n\n<p>Vi f\u00f6rbeh\u00e5ller oss r\u00e4tten att n\u00e4r som helst uppdatera denna integritetspolicy. \u00c4ndringar kommer att publiceras p\u00e5 denna sida och tr\u00e4der i kraft omedelbart. Vi rekommenderar att du kontrollerar denna policy regelbundet.<\/p>\n\n\n\n<h3 class=\"wp-block-heading\" id=\"h-kontakt\"><span class=\"ez-toc-section\" id=\"Kontakt\"><\/span>Kontakta oss<span class=\"ez-toc-section-end\"><\/span><\/h3>\n\n\n\n<p>Om du har n\u00e5gra fr\u00e5gor eller funderingar kring v\u00e5r integritetspolicy, v\u00e4nligen kontakta oss p\u00e5 <a>support@ko-tropfen-kaufen.com<\/a>. Vi str\u00e4var alltid efter att l\u00f6sa dina problem snabbt och p\u00e5 ett tillfredsst\u00e4llande s\u00e4tt.<\/p>\n\n\n\n<p>Tack f\u00f6r att du litar p\u00e5 Ko-Tropfen-Kaufen.com!<\/p>","protected":false},"excerpt":{"rendered":"<p>Ko-Tropfen-Kaufen.com Datenschutzrichtlinie Bei Ko-Tropfen-Kaufen.com legen wir gro\u00dfen Wert auf den Schutz Ihrer Privatsph\u00e4re und die Sicherheit Ihrer pers\u00f6nlichen Daten. Diese Datenschutzrichtlinie erkl\u00e4rt, welche Informationen wir sammeln, wie wir sie verwenden und welche Ma\u00dfnahmen wir ergreifen, um Ihre Daten zu sch\u00fctzen. Erfassung und Verwendung von Daten Pers\u00f6nliche Daten Wir erfassen pers\u00f6nliche Daten, die Sie uns freiwillig [&hellip;]<\/p>\n","protected":false},"author":2,"featured_media":0,"parent":0,"menu_order":0,"comment_status":"closed","ping_status":"closed","template":"","meta":{"footnotes":""},"class_list":["post-15720","page","type-page","status-publish","hentry"],"blocksy_meta":[],"jetpack_sharing_enabled":true,"_links":{"self":[{"href":"https:\/\/ko-tropfen-kaufen.com\/sv\/wp-json\/wp\/v2\/pages\/15720","targetHints":{"allow":["GET"]}}],"collection":[{"href":"https:\/\/ko-tropfen-kaufen.com\/sv\/wp-json\/wp\/v2\/pages"}],"about":[{"href":"https:\/\/ko-tropfen-kaufen.com\/sv\/wp-json\/wp\/v2\/types\/page"}],"author":[{"embeddable":true,"href":"https:\/\/ko-tropfen-kaufen.com\/sv\/wp-json\/wp\/v2\/users\/2"}],"replies":[{"embeddable":true,"href":"https:\/\/ko-tropfen-kaufen.com\/sv\/wp-json\/wp\/v2\/comments?post=15720"}],"version-history":[{"count":1,"href":"https:\/\/ko-tropfen-kaufen.com\/sv\/wp-json\/wp\/v2\/pages\/15720\/revisions"}],"predecessor-version":[{"id":15721,"href":"https:\/\/ko-tropfen-kaufen.com\/sv\/wp-json\/wp\/v2\/pages\/15720\/revisions\/15721"}],"wp:attachment":[{"href":"https:\/\/ko-tropfen-kaufen.com\/sv\/wp-json\/wp\/v2\/media?parent=15720"}],"curies":[{"name":"wp","href":"https:\/\/api.w.org\/{rel}","templated":true}]}}