{"id":15717,"date":"2024-11-25T21:29:54","date_gmt":"2024-11-25T20:29:54","guid":{"rendered":"https:\/\/ko-tropfen-kaufen.com\/?page_id=15717"},"modified":"2025-11-24T16:12:52","modified_gmt":"2025-11-24T15:12:52","slug":"fragor-och-svar-om-gbl-och-ghb","status":"publish","type":"page","link":"https:\/\/ko-tropfen-kaufen.com\/sv\/fragor-och-svar-om-gbl-och-ghb\/","title":{"rendered":"Vanliga fr\u00e5gor"},"content":{"rendered":"<div id=\"ez-toc-container\" class=\"ez-toc-v2_0_82_2 counter-hierarchy ez-toc-counter ez-toc-grey ez-toc-container-direction\">\n<div class=\"ez-toc-title-container\">\n<p class=\"ez-toc-title\" style=\"cursor:inherit\">Inneh\u00e5llsf\u00f6rteckning<\/p>\n<span class=\"ez-toc-title-toggle\"><a href=\"#\" class=\"ez-toc-pull-right ez-toc-btn ez-toc-btn-xs ez-toc-btn-default ez-toc-toggle\" aria-label=\"Toggle Inneh\u00e5llsf\u00f6rteckning\"><span class=\"ez-toc-js-icon-con\"><span class=\"\"><span class=\"eztoc-hide\" style=\"display:none;\">Toggle<\/span><span class=\"ez-toc-icon-toggle-span\"><svg style=\"fill: #999;color:#999\" xmlns=\"http:\/\/www.w3.org\/2000\/svg\" class=\"list-377408\" width=\"20px\" height=\"20px\" viewbox=\"0 0 24 24\" fill=\"none\"><path d=\"M6 6H4v2h2V6zm14 0H8v2h12V6zM4 11h2v2H4v-2zm16 0H8v2h12v-2zM4 16h2v2H4v-2zm16 0H8v2h12v-2z\" fill=\"currentColor\"><\/path><\/svg><svg style=\"fill: #999;color:#999\" class=\"arrow-unsorted-368013\" xmlns=\"http:\/\/www.w3.org\/2000\/svg\" width=\"10px\" height=\"10px\" viewbox=\"0 0 24 24\" version=\"1.2\" baseprofile=\"tiny\"><path d=\"M18.2 9.3l-6.2-6.3-6.2 6.3c-.2.2-.3.4-.3.7s.1.5.3.7c.2.2.4.3.7.3h11c.3 0 .5-.1.7-.3.2-.2.3-.5.3-.7s-.1-.5-.3-.7zM5.8 14.7l6.2 6.3 6.2-6.3c.2-.2.3-.5.3-.7s-.1-.5-.3-.7c-.2-.2-.4-.3-.7-.3h-11c-.3 0-.5.1-.7.3-.2.2-.3.5-.3.7s.1.5.3.7z\"\/><\/svg><\/span><\/span><\/span><\/a><\/span><\/div>\n<nav><ul class='ez-toc-list ez-toc-list-level-1' ><li class='ez-toc-page-1 ez-toc-heading-level-1'><a class=\"ez-toc-link ez-toc-heading-1\" href=\"https:\/\/ko-tropfen-kaufen.com\/sv\/fragor-och-svar-om-gbl-och-ghb\/#FAQs_zu_GBL_und_GHB\" >Vanliga fr\u00e5gor om GBL och GHB<\/a><ul class='ez-toc-list-level-3' ><li class='ez-toc-heading-level-3'><ul class='ez-toc-list-level-3' ><li class='ez-toc-heading-level-3'><a class=\"ez-toc-link ez-toc-heading-2\" href=\"https:\/\/ko-tropfen-kaufen.com\/sv\/fragor-och-svar-om-gbl-och-ghb\/#Was_sind_GBL_und_GHB\" >Vad \u00e4r GBL och GHB?<\/a><\/li><li class='ez-toc-page-1 ez-toc-heading-level-3'><a class=\"ez-toc-link ez-toc-heading-3\" href=\"https:\/\/ko-tropfen-kaufen.com\/sv\/fragor-och-svar-om-gbl-och-ghb\/#Wie_werden_GBL_und_GHB_konsumiert\" >Hur konsumeras GBL och GHB?<\/a><\/li><li class='ez-toc-page-1 ez-toc-heading-level-3'><a class=\"ez-toc-link ez-toc-heading-4\" href=\"https:\/\/ko-tropfen-kaufen.com\/sv\/fragor-och-svar-om-gbl-och-ghb\/#Welche_Wirkungen_haben_GBL_und_GHB\" >Vilka \u00e4r effekterna av GBL och GHB?<\/a><\/li><li class='ez-toc-page-1 ez-toc-heading-level-3'><a class=\"ez-toc-link ez-toc-heading-5\" href=\"https:\/\/ko-tropfen-kaufen.com\/sv\/fragor-och-svar-om-gbl-och-ghb\/#Was_sind_die_Risiken_und_Nebenwirkungen\" >Vilka \u00e4r riskerna och biverkningarna?<\/a><\/li><li class='ez-toc-page-1 ez-toc-heading-level-3'><a class=\"ez-toc-link ez-toc-heading-6\" href=\"https:\/\/ko-tropfen-kaufen.com\/sv\/fragor-och-svar-om-gbl-och-ghb\/#Warum_werden_GBL_und_GHB_manchmal_als_%E2%80%9EK-o-Tropfen%E2%80%9C_bezeichnet\" >Varf\u00f6r kallas GBL och GHB ibland f\u00f6r \"knockoutdroppar\"?<\/a><\/li><li class='ez-toc-page-1 ez-toc-heading-level-3'><a class=\"ez-toc-link ez-toc-heading-7\" href=\"https:\/\/ko-tropfen-kaufen.com\/sv\/fragor-och-svar-om-gbl-och-ghb\/#Wie_kann_man_das_Risiko_bei_der_Verwendung_von_GBL_oder_GHB_minimieren\" >Hur kan du minimera risken n\u00e4r du anv\u00e4nder GBL eller GHB?<\/a><\/li><li class='ez-toc-page-1 ez-toc-heading-level-3'><a class=\"ez-toc-link ez-toc-heading-8\" href=\"https:\/\/ko-tropfen-kaufen.com\/sv\/fragor-och-svar-om-gbl-och-ghb\/#Was_sollte_man_im_Falle_einer_Uberdosierung_tun\" >Vad ska jag g\u00f6ra om jag f\u00e5r en \u00f6verdos?<\/a><\/li><\/ul><\/li><\/ul><\/li><\/ul><\/nav><\/div>\n<h1 class=\"wp-block-heading\" id=\"h-faqs-zu-gbl-und-ghb\"><span class=\"ez-toc-section\" id=\"FAQs_zu_GBL_und_GHB\"><\/span>Vanliga fr\u00e5gor om GBL och GHB<span class=\"ez-toc-section-end\"><\/span><\/h1>\n\n\n\n<p>Hitta svar p\u00e5 vanliga fr\u00e5gor om v\u00e5r<a href=\"https:\/\/ko-tropfen-kaufen.com\/product\/gbl-kaufen-legal\/\" data-type=\"product\" data-id=\"15632\"> GBL<\/a>- och <a href=\"https:\/\/ko-tropfen-kaufen.com\/product\/ghb-kaufen\/\" data-type=\"product\" data-id=\"15622\">GHB<\/a>-produkter och tj\u00e4nster.<\/p>\n\n\n\n<h3 class=\"wp-block-heading\" id=\"h-was-sind-gbl-und-ghb\"><span class=\"ez-toc-section\" id=\"Was_sind_GBL_und_GHB\"><\/span><strong>Vad \u00e4r GBL och GHB?<\/strong><span class=\"ez-toc-section-end\"><\/span><\/h3>\n\n\n\n<p>GBL (gamma-butyrolakton) och GHB (gamma-hydroxibutyrat) \u00e4r kemiskt likartade \u00e4mnen. GBL \u00e4r en prekursor till GHB och omvandlas till GHB i kroppen. B\u00e5da \u00e4r CNS-depressiva medel med lugnande och euforiska effekter (<a href=\"https:\/\/www.alcoholanddrugsaction.org.uk\/a-to-z\/ghb-gbl\" target=\"_blank\" rel=\"noreferrer noopener\">\u00c5tg\u00e4rder mot alkohol och droger<\/a>).<\/p>\n\n\n\n<h3 class=\"wp-block-heading\" id=\"h-wie-werden-gbl-und-ghb-konsumiert\"><span class=\"ez-toc-section\" id=\"Wie_werden_GBL_und_GHB_konsumiert\"><\/span><strong>Hur konsumeras GBL och GHB?<\/strong><span class=\"ez-toc-section-end\"><\/span><\/h3>\n\n\n\n<p>B\u00e5da substanserna tas vanligen oralt. GHB finns ofta i en klar, luktfri och n\u00e4stan smakl\u00f6s flytande form. GBL sp\u00e4ds vanligen ut med juice eller andra v\u00e4tskor p\u00e5 grund av sin starka kemiska smak.<\/p>\n\n\n\n<h3 class=\"wp-block-heading\" id=\"h-welche-wirkungen-haben-gbl-und-ghb\"><span class=\"ez-toc-section\" id=\"Welche_Wirkungen_haben_GBL_und_GHB\"><\/span><strong>Vilka \u00e4r effekterna av GBL och GHB?<\/strong><span class=\"ez-toc-section-end\"><\/span><\/h3>\n\n\n\n<p>Effekterna \u00e4r eufori, minskade h\u00e4mningar och s\u00f6mnighet. Vid h\u00f6gre doser kan de orsaka f\u00f6rvirring, medvetsl\u00f6shet och andningsdepression. Effekterna kan upptr\u00e4da inom 10-60 minuter och vara i upp till sju timmar (<a href=\"https:\/\/www.drugfacts.org.uk\/index.php?title=GBL_\/_GHB\" target=\"_blank\" rel=\"noreferrer noopener\">Fakta om l\u00e4kemedel<\/a>) (<a href=\"https:\/\/www.cads.org.nz\/reducing-harm\/drugs\/ghb-gbl-and-14b-g-gbh-one4b-liquid-ecstasy-fantasy\/\" target=\"_blank\" rel=\"noreferrer noopener\">CADS Auckland<\/a>).<\/p>\n\n\n\n<h3 class=\"wp-block-heading\" id=\"h-was-sind-die-risiken-und-nebenwirkungen\"><span class=\"ez-toc-section\" id=\"Was_sind_die_Risiken_und_Nebenwirkungen\"><\/span><strong>Vilka \u00e4r riskerna och biverkningarna?<\/strong><span class=\"ez-toc-section-end\"><\/span><\/h3>\n\n\n\n<p>Kortsiktiga effekter \u00e4r illam\u00e5ende, kr\u00e4kningar, minnesf\u00f6rlust och minskad hj\u00e4rtfrekvens. Risken f\u00f6r \u00f6verdosering \u00e4r betydande, s\u00e4rskilt n\u00e4r den blandas med alkohol eller andra depressiva medel, vilket kan leda till koma eller d\u00f6d. L\u00e5ngvarig anv\u00e4ndning kan leda till beroende, abstinenssymtom och allvarliga h\u00e4lsoproblem.<\/p>\n\n\n\n<h3 class=\"wp-block-heading\" id=\"h-warum-werden-gbl-und-ghb-manchmal-als-k-o-tropfen-bezeichnet\"><span class=\"ez-toc-section\" id=\"Warum_werden_GBL_und_GHB_manchmal_als_%E2%80%9EK-o-Tropfen%E2%80%9C_bezeichnet\"><\/span><strong>Varf\u00f6r kallas GBL och GHB ibland f\u00f6r \"knockoutdroppar\"?<\/strong><span class=\"ez-toc-section-end\"><\/span><\/h3>\n\n\n\n<p>P\u00e5 grund av sina lugnande egenskaper och det faktum att de ofta \u00e4r f\u00e4rgl\u00f6sa och smakl\u00f6sa har GBL och GHB anv\u00e4nts f\u00f6r att underl\u00e4tta sexualbrott genom att s\u00f6va offren utan deras vetskap.<\/p>\n\n\n\n<h3 class=\"wp-block-heading\" id=\"h-wie-kann-man-das-risiko-bei-der-verwendung-von-gbl-oder-ghb-minimieren\"><span class=\"ez-toc-section\" id=\"Wie_kann_man_das_Risiko_bei_der_Verwendung_von_GBL_oder_GHB_minimieren\"><\/span><strong>Hur kan du minimera risken n\u00e4r du anv\u00e4nder GBL eller GHB?<\/strong><span class=\"ez-toc-section-end\"><\/span><\/h3>\n\n\n\n<p>Undvik att ta det ensam, stanna alltid med v\u00e4nner och se till att n\u00e5gon vet vad du har tagit. Var f\u00f6rsiktig med k\u00e4llan till l\u00e4kemedlet eftersom styrkan kan variera. Blanda aldrig med alkohol eller andra lugnande medel eftersom risken f\u00f6r \u00f6verdosering \u00e4r stor.<\/p>\n\n\n\n<h3 class=\"wp-block-heading\" id=\"h-was-sollte-man-im-falle-einer-uberdosierung-tun\"><span class=\"ez-toc-section\" id=\"Was_sollte_man_im_Falle_einer_Uberdosierung_tun\"><\/span><strong>Vad ska jag g\u00f6ra om jag f\u00e5r en \u00f6verdos?<\/strong><span class=\"ez-toc-section-end\"><\/span><\/h3>\n\n\n\n<p>Om n\u00e5gon f\u00f6rlorar medvetandet efter att ha tagit GBL eller GHB \u00e4r det viktigt att omedelbart ringa 911. H\u00e5ll personen vaken och i en s\u00e4ker position tills hj\u00e4lp anl\u00e4nder.<\/p>","protected":false},"excerpt":{"rendered":"<p>FAQs zu GBL und GHB Finden Sie Antworten auf h\u00e4ufig gestellte Fragen zu unseren GBL&#8211; und GHB-Produkten und -Dienstleistungen. Was sind GBL und GHB? GBL (Gamma-Butyrolacton) und GHB (Gamma-Hydroxybutyrat) sind chemisch \u00e4hnliche Substanzen. GBL ist eine Vorstufe von GHB und wird im K\u00f6rper zu GHB umgewandelt. Beide sind ZNS-Depressiva mit sedativen und euphorisierenden Effekten\u200b (Alcohol [&hellip;]<\/p>\n","protected":false},"author":2,"featured_media":0,"parent":0,"menu_order":0,"comment_status":"closed","ping_status":"closed","template":"","meta":{"footnotes":""},"class_list":["post-15717","page","type-page","status-publish","hentry"],"blocksy_meta":[],"jetpack_sharing_enabled":true,"_links":{"self":[{"href":"https:\/\/ko-tropfen-kaufen.com\/sv\/wp-json\/wp\/v2\/pages\/15717","targetHints":{"allow":["GET"]}}],"collection":[{"href":"https:\/\/ko-tropfen-kaufen.com\/sv\/wp-json\/wp\/v2\/pages"}],"about":[{"href":"https:\/\/ko-tropfen-kaufen.com\/sv\/wp-json\/wp\/v2\/types\/page"}],"author":[{"embeddable":true,"href":"https:\/\/ko-tropfen-kaufen.com\/sv\/wp-json\/wp\/v2\/users\/2"}],"replies":[{"embeddable":true,"href":"https:\/\/ko-tropfen-kaufen.com\/sv\/wp-json\/wp\/v2\/comments?post=15717"}],"version-history":[{"count":2,"href":"https:\/\/ko-tropfen-kaufen.com\/sv\/wp-json\/wp\/v2\/pages\/15717\/revisions"}],"predecessor-version":[{"id":15886,"href":"https:\/\/ko-tropfen-kaufen.com\/sv\/wp-json\/wp\/v2\/pages\/15717\/revisions\/15886"}],"wp:attachment":[{"href":"https:\/\/ko-tropfen-kaufen.com\/sv\/wp-json\/wp\/v2\/media?parent=15717"}],"curies":[{"name":"wp","href":"https:\/\/api.w.org\/{rel}","templated":true}]}}