{"id":15715,"date":"2024-11-25T20:20:18","date_gmt":"2024-11-25T20:20:18","guid":{"rendered":"https:\/\/ko-tropfen-kaufen.com\/?page_id=15715"},"modified":"2024-11-28T18:29:42","modified_gmt":"2024-11-28T18:29:42","slug":"raett-till-aterlaemnande","status":"publish","type":"page","link":"https:\/\/ko-tropfen-kaufen.com\/sv\/raett-till-aterlaemnande\/","title":{"rendered":"R\u00e4tt till \u00e5terl\u00e4mnande"},"content":{"rendered":"<div id=\"ez-toc-container\" class=\"ez-toc-v2_0_82_2 counter-hierarchy ez-toc-counter ez-toc-grey ez-toc-container-direction\">\n<div class=\"ez-toc-title-container\">\n<p class=\"ez-toc-title\" style=\"cursor:inherit\">Inneh\u00e5llsf\u00f6rteckning<\/p>\n<span class=\"ez-toc-title-toggle\"><a href=\"#\" class=\"ez-toc-pull-right ez-toc-btn ez-toc-btn-xs ez-toc-btn-default ez-toc-toggle\" aria-label=\"Toggle Inneh\u00e5llsf\u00f6rteckning\"><span class=\"ez-toc-js-icon-con\"><span class=\"\"><span class=\"eztoc-hide\" style=\"display:none;\">Toggle<\/span><span class=\"ez-toc-icon-toggle-span\"><svg style=\"fill: #999;color:#999\" xmlns=\"http:\/\/www.w3.org\/2000\/svg\" class=\"list-377408\" width=\"20px\" height=\"20px\" viewbox=\"0 0 24 24\" fill=\"none\"><path d=\"M6 6H4v2h2V6zm14 0H8v2h12V6zM4 11h2v2H4v-2zm16 0H8v2h12v-2zM4 16h2v2H4v-2zm16 0H8v2h12v-2z\" fill=\"currentColor\"><\/path><\/svg><svg style=\"fill: #999;color:#999\" class=\"arrow-unsorted-368013\" xmlns=\"http:\/\/www.w3.org\/2000\/svg\" width=\"10px\" height=\"10px\" viewbox=\"0 0 24 24\" version=\"1.2\" baseprofile=\"tiny\"><path d=\"M18.2 9.3l-6.2-6.3-6.2 6.3c-.2.2-.3.4-.3.7s.1.5.3.7c.2.2.4.3.7.3h11c.3 0 .5-.1.7-.3.2-.2.3-.5.3-.7s-.1-.5-.3-.7zM5.8 14.7l6.2 6.3 6.2-6.3c.2-.2.3-.5.3-.7s-.1-.5-.3-.7c-.2-.2-.4-.3-.7-.3h-11c-.3 0-.5.1-.7.3-.2.2-.3.5-.3.7s.1.5.3.7z\"\/><\/svg><\/span><\/span><\/span><\/a><\/span><\/div>\n<nav><ul class='ez-toc-list ez-toc-list-level-1' ><li class='ez-toc-page-1 ez-toc-heading-level-2'><a class=\"ez-toc-link ez-toc-heading-1\" href=\"https:\/\/ko-tropfen-kaufen.com\/sv\/raett-till-aterlaemnande\/#ko-tropfen-kaufencom_Ruckgaberecht\" >ko-tropfen-kaufen.com \u00c5terl\u00e4mningsr\u00e4tt<\/a><ul class='ez-toc-list-level-3' ><li class='ez-toc-heading-level-3'><a class=\"ez-toc-link ez-toc-heading-2\" href=\"https:\/\/ko-tropfen-kaufen.com\/sv\/raett-till-aterlaemnande\/#30-Tage-Geld-zuruck-Garantie\" >30 dagars pengarna-tillbaka-garanti<\/a><\/li><li class='ez-toc-page-1 ez-toc-heading-level-3'><a class=\"ez-toc-link ez-toc-heading-3\" href=\"https:\/\/ko-tropfen-kaufen.com\/sv\/raett-till-aterlaemnande\/#Voraussetzungen_fur_eine_Ruckerstattung\" >Krav f\u00f6r \u00e5terbetalning<\/a><\/li><li class='ez-toc-page-1 ez-toc-heading-level-3'><a class=\"ez-toc-link ez-toc-heading-4\" href=\"https:\/\/ko-tropfen-kaufen.com\/sv\/raett-till-aterlaemnande\/#Nicht_erstattungsfahige_Artikel\" >Ej \u00e5terbetalningsbara poster<\/a><\/li><li class='ez-toc-page-1 ez-toc-heading-level-3'><a class=\"ez-toc-link ez-toc-heading-5\" href=\"https:\/\/ko-tropfen-kaufen.com\/sv\/raett-till-aterlaemnande\/#So_beantragen_Sie_eine_Ruckerstattung\" >Hur ans\u00f6ker du om \u00e5terbetalning?<\/a><\/li><li class='ez-toc-page-1 ez-toc-heading-level-3'><a class=\"ez-toc-link ez-toc-heading-6\" href=\"https:\/\/ko-tropfen-kaufen.com\/sv\/raett-till-aterlaemnande\/#Bearbeitung_Ihrer_Ruckerstattung\" >Behandling av din \u00e5terbetalning<\/a><\/li><li class='ez-toc-page-1 ez-toc-heading-level-3'><a class=\"ez-toc-link ez-toc-heading-7\" href=\"https:\/\/ko-tropfen-kaufen.com\/sv\/raett-till-aterlaemnande\/#Kontaktieren_Sie_uns\" >Ta kontakt med oss<\/a><\/li><\/ul><\/li><\/ul><\/nav><\/div>\n<h2 class=\"wp-block-heading\" id=\"h-ko-tropfen-kaufen-com-ruckgaberecht\"><span class=\"ez-toc-section\" id=\"ko-tropfen-kaufencom_Ruckgaberecht\"><\/span>ko-tropfen-kaufen.com \u00c5terl\u00e4mningsr\u00e4tt<span class=\"ez-toc-section-end\"><\/span><\/h2>\n\n\n\n<p>Med <a href=\"https:\/\/ko-tropfen-kaufen.com?v=820eb5b696ea\">K\u00f6p-co-drops.com<\/a> vi str\u00e4var efter att v\u00e5ra kunder ska vara helt n\u00f6jda med sina ink\u00f6p. Om du av n\u00e5gon anledning inte \u00e4r helt n\u00f6jd med din best\u00e4llning hj\u00e4lper v\u00e5r returpolicy dig.<\/p>\n\n\n\n<h3 class=\"wp-block-heading\" id=\"h-30-tage-geld-zuruck-garantie\"><span class=\"ez-toc-section\" id=\"30-Tage-Geld-zuruck-Garantie\"><\/span>30 dagars pengarna-tillbaka-garanti<span class=\"ez-toc-section-end\"><\/span><\/h3>\n\n\n\n<p>Vi erbjuder en 30-dagars pengarna-tillbaka-garanti p\u00e5 alla v\u00e5ra produkter. Om du inte \u00e4r n\u00f6jd med ditt k\u00f6p kan du beg\u00e4ra \u00e5terbetalning inom 30 dagar fr\u00e5n ink\u00f6psdatumet.<\/p>\n\n\n\n<h3 class=\"wp-block-heading\" id=\"h-voraussetzungen-fur-eine-ruckerstattung\"><span class=\"ez-toc-section\" id=\"Voraussetzungen_fur_eine_Ruckerstattung\"><\/span>Krav f\u00f6r \u00e5terbetalning<span class=\"ez-toc-section-end\"><\/span><\/h3>\n\n\n\n<p>F\u00f6r att vara ber\u00e4ttigad till \u00e5terbetalning m\u00e5ste f\u00f6ljande villkor uppfyllas:<\/p>\n\n\n\n<ul class=\"wp-block-list\">\n<li>Produkten m\u00e5ste returneras i sitt ursprungliga skick, o\u00f6ppnad och oanv\u00e4nd.<\/li>\n\n\n\n<li>Ink\u00f6psbevis (ordernummer, kvitto eller bekr\u00e4ftelsemail) m\u00e5ste tillhandah\u00e5llas.<\/li>\n\n\n\n<li>Beg\u00e4ran om \u00e5terbetalning m\u00e5ste g\u00f6ras inom 30 dagar fr\u00e5n ink\u00f6psdatumet.<\/li>\n<\/ul>\n\n\n\n<h3 class=\"wp-block-heading\" id=\"h-nicht-erstattungsfahige-artikel\"><span class=\"ez-toc-section\" id=\"Nicht_erstattungsfahige_Artikel\"><\/span>Ej \u00e5terbetalningsbara poster<span class=\"ez-toc-section-end\"><\/span><\/h3>\n\n\n\n<p>Vissa varor \u00e5terbetalas inte, bland annat:<\/p>\n\n\n\n<ul class=\"wp-block-list\">\n<li>Produkter som har \u00f6ppnats eller anv\u00e4nts.<\/li>\n\n\n\n<li>Varor som k\u00f6pts p\u00e5 rea eller i samband med specialerbjudanden.<\/li>\n<\/ul>\n\n\n\n<h3 class=\"wp-block-heading\" id=\"h-so-beantragen-sie-eine-ruckerstattung\"><span class=\"ez-toc-section\" id=\"So_beantragen_Sie_eine_Ruckerstattung\"><\/span>Hur ans\u00f6ker du om \u00e5terbetalning?<span class=\"ez-toc-section-end\"><\/span><\/h3>\n\n\n\n<ol class=\"wp-block-list\">\n<li><strong>V\u00e4nligen kontakta oss:<\/strong> Skicka ett e-postmeddelande till v\u00e5r kundtj\u00e4nst p\u00e5 support@ko-tropfen-kaufen.com med dina orderuppgifter och anledningen till \u00e5terbetalningen.<\/li>\n\n\n\n<li><strong>Returtillst\u00e5nd:<\/strong> V\u00e5rt team skickar dig ett returtillst\u00e5nd och instruktioner om hur du returnerar produkten.<\/li>\n\n\n\n<li><strong>Skicka artikel:<\/strong> Skicka tillbaka varan till oss i originalf\u00f6rpackningen tillsammans med returtillst\u00e5ndet.<\/li>\n<\/ol>\n\n\n\n<h3 class=\"wp-block-heading\" id=\"h-bearbeitung-ihrer-ruckerstattung\"><span class=\"ez-toc-section\" id=\"Bearbeitung_Ihrer_Ruckerstattung\"><\/span>Behandling av din \u00e5terbetalning<span class=\"ez-toc-section-end\"><\/span><\/h3>\n\n\n\n<p>N\u00e4r vi har mottagit och inspekterat den returnerade produkten kommer vi att meddela dig via e-post. Om din \u00e5terbetalning godk\u00e4nns kommer den att behandlas och en kreditering kommer att g\u00f6ras p\u00e5 din ursprungliga betalningsmetod inom 5-7 arbetsdagar.<\/p>\n\n\n\n<h3 class=\"wp-block-heading\" id=\"h-kontaktieren-sie-uns\"><span class=\"ez-toc-section\" id=\"Kontaktieren_Sie_uns\"><\/span>Ta kontakt med oss<span class=\"ez-toc-section-end\"><\/span><\/h3>\n\n\n\n<p>Om du har n\u00e5gra fr\u00e5gor om v\u00e5r returpolicy, v\u00e4nligen kontakta v\u00e5rt kundtj\u00e4nstteam p\u00e5 support@ko-tropfen-kaufen.com. Vi \u00e4r h\u00e4r f\u00f6r att hj\u00e4lpa dig och se till att din shoppingupplevelse \u00e4r tillfredsst\u00e4llande.<\/p>\n\n\n\n<p>Tack f\u00f6r att du handlar p\u00e5 Ko-Tropfen-Kaufen.com!<\/p>","protected":false},"excerpt":{"rendered":"<p>ko-tropfen-kaufen.com R\u00fcckgaberecht Bei Ko-Tropfen-Kaufen.com bem\u00fchen wir uns, sicherzustellen, dass unsere Kunden vollst\u00e4ndig zufrieden mit ihren Eink\u00e4ufen sind. Wenn Sie aus irgendeinem Grund nicht ganz zufrieden mit Ihrer Bestellung sind, hilft Ihnen unser R\u00fcckgaberecht weiter. 30-Tage-Geld-zur\u00fcck-Garantie Wir bieten eine 30-Tage-Geld-zur\u00fcck-Garantie auf alle unsere Produkte. Wenn Sie mit Ihrem Kauf nicht zufrieden sind, k\u00f6nnen Sie innerhalb von [&hellip;]<\/p>\n","protected":false},"author":2,"featured_media":0,"parent":0,"menu_order":0,"comment_status":"closed","ping_status":"closed","template":"","meta":{"footnotes":""},"class_list":["post-15715","page","type-page","status-publish","hentry"],"blocksy_meta":[],"jetpack_sharing_enabled":true,"_links":{"self":[{"href":"https:\/\/ko-tropfen-kaufen.com\/sv\/wp-json\/wp\/v2\/pages\/15715","targetHints":{"allow":["GET"]}}],"collection":[{"href":"https:\/\/ko-tropfen-kaufen.com\/sv\/wp-json\/wp\/v2\/pages"}],"about":[{"href":"https:\/\/ko-tropfen-kaufen.com\/sv\/wp-json\/wp\/v2\/types\/page"}],"author":[{"embeddable":true,"href":"https:\/\/ko-tropfen-kaufen.com\/sv\/wp-json\/wp\/v2\/users\/2"}],"replies":[{"embeddable":true,"href":"https:\/\/ko-tropfen-kaufen.com\/sv\/wp-json\/wp\/v2\/comments?post=15715"}],"version-history":[{"count":1,"href":"https:\/\/ko-tropfen-kaufen.com\/sv\/wp-json\/wp\/v2\/pages\/15715\/revisions"}],"predecessor-version":[{"id":15716,"href":"https:\/\/ko-tropfen-kaufen.com\/sv\/wp-json\/wp\/v2\/pages\/15715\/revisions\/15716"}],"wp:attachment":[{"href":"https:\/\/ko-tropfen-kaufen.com\/sv\/wp-json\/wp\/v2\/media?parent=15715"}],"curies":[{"name":"wp","href":"https:\/\/api.w.org\/{rel}","templated":true}]}}