{"id":15712,"date":"2024-11-25T20:10:01","date_gmt":"2024-11-25T20:10:01","guid":{"rendered":"https:\/\/ko-tropfen-kaufen.com\/?page_id=15712"},"modified":"2024-11-25T20:10:02","modified_gmt":"2024-11-25T20:10:02","slug":"saekerhets-och-juridisk-information","status":"publish","type":"page","link":"https:\/\/ko-tropfen-kaufen.com\/sv\/saekerhets-och-juridisk-information\/","title":{"rendered":"S\u00e4kerhet"},"content":{"rendered":"<p><a href=\"https:\/\/ko-tropfen-kaufen.com\/product\/gbl-kaufen-legal\/\">GBL<\/a> och <a href=\"https:\/\/ko-tropfen-kaufen.com\/product\/ghb-kaufen\/\">GHB<\/a> kan vara farliga \u00e4mnen om de inte hanteras p\u00e5 r\u00e4tt s\u00e4tt.<\/p>\n\n\n\n<ul class=\"wp-block-list\">\n<li><strong>Skada p\u00e5 h\u00e4lsa:<\/strong> B\u00e5da \u00e4mnena kan orsaka allvarliga h\u00e4lsoskador, medvetsl\u00f6shet, andningsdepression och till och med d\u00f6dsfall om de tas p\u00e5 fel s\u00e4tt.<\/li>\n\n\n\n<li><strong>Risk f\u00f6r beroende:<\/strong> GHB har en h\u00f6g beroendeframkallande potential och konsumtion kan snabbt leda till beroende.<\/li>\n\n\n\n<li><strong>Juridiska begr\u00e4nsningar:<\/strong> F\u00f6rs\u00e4ljning och innehav av GHB \u00e4r str\u00e4ngt f\u00f6rbjudet i Tyskland enligt narkotikalagen (BtMG). GBL \u00e4r ocks\u00e5 f\u00f6rem\u00e5l f\u00f6r r\u00e4ttslig kontroll beroende p\u00e5 anv\u00e4ndningsomr\u00e5de.<\/li>\n<\/ul>\n\n\n\n<p>Informera dig sj\u00e4lv f\u00f6re varje anv\u00e4ndning!<\/p>\n\n\n\n<h2 class=\"wp-block-heading\" id=\"h-rechtliche-aspekte\"><strong>Juridiska aspekter<\/strong><\/h2>\n\n\n\n<ul class=\"wp-block-list\">\n<li><strong>Tyskland:<\/strong> F\u00f6rs\u00e4ljning och innehav av GHB \u00e4r inte lagligt (men \u00e5terf\u00f6rs\u00e4ljare k\u00f6per och s\u00e4ljer fortfarande GHB). GBL omfattas av bilaga 2 till f\u00f6rordningen om farliga \u00e4mnen (GefStoffV) och f\u00e5r endast k\u00f6pas och anv\u00e4ndas med en motsvarande licens.<\/li>\n\n\n\n<li><strong>Internationell:<\/strong> Den r\u00e4ttsliga situationen avseende GBL och GHB kan variera avsev\u00e4rt runt om i v\u00e4rlden. Kontrollera alltid g\u00e4llande lagar i ditt land innan du k\u00f6per eller anv\u00e4nder GBL eller GHB.<\/li>\n<\/ul>\n\n\n\n<p><strong>Om du har n\u00e5gra fr\u00e5gor om hantering av farliga kemiska \u00e4mnen, kontakta en certifierad \u00e5terf\u00f6rs\u00e4ljare eller en kemikalieexpert.<\/strong><\/p>\n\n\n\n<p><strong>F\u00f6ljande resurser kan vara till hj\u00e4lp:<\/strong><\/p>\n\n\n\n<ul class=\"wp-block-list\">\n<li><strong>Federal Institute for Occupational Safety and Health (BAUA):<\/strong> <a href=\"https:\/\/www.baua.de\/\" target=\"_blank\" rel=\"noreferrer noopener\">https:\/\/www.baua.de\/<\/a><\/li>\n\n\n\n<li><strong>Giftinformationscentral:<\/strong> <a href=\"\/\/www.bvl.bund.de\/DE\/Arbeitsbereiche\/01_Lebensmittel\/03_Verbraucher\/09_InfektionenIntoxikationen\/02_Giftnotrufzentralen\/lm_LMVergiftung_giftnotrufzentralen_node.html\" target=\"_blank\" rel=\"noreferrer noopener\">https:\/\/www.bvl.bund.de\/DE\/Arbeitsbereiche\/01_Lebensmittel\/03_Verbraucher\/09_InfektionenIntoxikationen\/02_Giftnotrufzentralen\/lm_LMVergiftung_giftnotrufzentralen_node.html<\/a><\/li>\n<\/ul>\n\n\n\n<p><strong>Andra relevanta nyckelord:<\/strong> GBL, gamma-butyrolakton, GHB, gamma-hydroxysm\u00f6rsyra, farliga \u00e4mnen, narkotikalagen (BtMG), f\u00f6rordningen om farliga \u00e4mnen (GefStoffV), r\u00e4ttsl\u00e4ge, h\u00e4lsoskada, risk f\u00f6r missbruk.<\/p>","protected":false},"excerpt":{"rendered":"<p>GBL und GHB k\u00f6nnen gef\u00e4hrliche Stoffe sein, wenn sie nicht ordnungsgem\u00e4\u00df gehandhabt werden. Informieren Sie sich vor jeder Verwendung! Rechtliche Aspekte Wenn Sie Fragen zum Umgang mit gef\u00e4hrlichen chemischen Substanzen haben, wenden Sie sich bitte an einen zertifizierten Fachh\u00e4ndler oder eine chemische Sachverst\u00e4ndigen. Folgende Ressourcen k\u00f6nnen hilfreich sein: Andere relevante Keywords: GBL, Gamma-Butyrolacton, GHB, Gamma-Hydroxybutters\u00e4ure, [&hellip;]<\/p>\n","protected":false},"author":2,"featured_media":15713,"parent":0,"menu_order":0,"comment_status":"closed","ping_status":"closed","template":"","meta":{"footnotes":""},"class_list":["post-15712","page","type-page","status-publish","has-post-thumbnail","hentry"],"blocksy_meta":[],"jetpack_sharing_enabled":true,"_links":{"self":[{"href":"https:\/\/ko-tropfen-kaufen.com\/sv\/wp-json\/wp\/v2\/pages\/15712","targetHints":{"allow":["GET"]}}],"collection":[{"href":"https:\/\/ko-tropfen-kaufen.com\/sv\/wp-json\/wp\/v2\/pages"}],"about":[{"href":"https:\/\/ko-tropfen-kaufen.com\/sv\/wp-json\/wp\/v2\/types\/page"}],"author":[{"embeddable":true,"href":"https:\/\/ko-tropfen-kaufen.com\/sv\/wp-json\/wp\/v2\/users\/2"}],"replies":[{"embeddable":true,"href":"https:\/\/ko-tropfen-kaufen.com\/sv\/wp-json\/wp\/v2\/comments?post=15712"}],"version-history":[{"count":1,"href":"https:\/\/ko-tropfen-kaufen.com\/sv\/wp-json\/wp\/v2\/pages\/15712\/revisions"}],"predecessor-version":[{"id":15714,"href":"https:\/\/ko-tropfen-kaufen.com\/sv\/wp-json\/wp\/v2\/pages\/15712\/revisions\/15714"}],"wp:featuredmedia":[{"embeddable":true,"href":"https:\/\/ko-tropfen-kaufen.com\/sv\/wp-json\/wp\/v2\/media\/15713"}],"wp:attachment":[{"href":"https:\/\/ko-tropfen-kaufen.com\/sv\/wp-json\/wp\/v2\/media?parent=15712"}],"curies":[{"name":"wp","href":"https:\/\/api.w.org\/{rel}","templated":true}]}}