{"id":15705,"date":"2024-11-25T20:57:41","date_gmt":"2024-11-25T19:57:41","guid":{"rendered":"https:\/\/ko-tropfen-kaufen.com\/?page_id=15705"},"modified":"2025-11-05T08:36:16","modified_gmt":"2025-11-05T07:36:16","slug":"vad-aer-gbl","status":"publish","type":"page","link":"https:\/\/ko-tropfen-kaufen.com\/sv\/vad-aer-gbl\/","title":{"rendered":"Vad \u00e4r GBL?"},"content":{"rendered":"<p>Vad \u00e4r GBL - Gamma-butyrolakton (GBL) \u00e4r en f\u00e4rgl\u00f6s, hygroskopisk v\u00e4tska som \u00e4r k\u00e4nd f\u00f6r sin anv\u00e4ndning som industriellt l\u00f6sningsmedel och kemisk mellanprodukt.<\/p>\n\n\n\n<p>Det har molekylformeln C\u2084H\u2086O\u2082 och k\u00e4nnetecknas av en svag lukt och en bitter smak. GBL \u00e4r en lakton, en typ av cyklisk ester, och \u00e4r en f\u00f6reg\u00e5ngare till gamma-hydroxism\u00f6rsyra (GHB).<\/p>\n\n\n\n<blockquote class=\"wp-block-quote is-layout-flow wp-block-quote-is-layout-flow\">\n<p>Andra namn p\u00e5 GBL: liquid ecstasys, blue nitro, blue nitro vitality, ghb droge, g droge, gbl dosieren, renewtrient, fire water, gamma-g, gh revitaliser, remforce.<\/p>\n<\/blockquote>\n\n\n\n<div id=\"ez-toc-container\" class=\"ez-toc-v2_0_82_2 counter-hierarchy ez-toc-counter ez-toc-grey ez-toc-container-direction\">\n<div class=\"ez-toc-title-container\">\n<p class=\"ez-toc-title\" style=\"cursor:inherit\">Inneh\u00e5llsf\u00f6rteckning<\/p>\n<span class=\"ez-toc-title-toggle\"><a href=\"#\" class=\"ez-toc-pull-right ez-toc-btn ez-toc-btn-xs ez-toc-btn-default ez-toc-toggle\" aria-label=\"Toggle Inneh\u00e5llsf\u00f6rteckning\"><span class=\"ez-toc-js-icon-con\"><span class=\"\"><span class=\"eztoc-hide\" style=\"display:none;\">Toggle<\/span><span class=\"ez-toc-icon-toggle-span\"><svg style=\"fill: #999;color:#999\" xmlns=\"http:\/\/www.w3.org\/2000\/svg\" class=\"list-377408\" width=\"20px\" height=\"20px\" viewbox=\"0 0 24 24\" fill=\"none\"><path d=\"M6 6H4v2h2V6zm14 0H8v2h12V6zM4 11h2v2H4v-2zm16 0H8v2h12v-2zM4 16h2v2H4v-2zm16 0H8v2h12v-2z\" fill=\"currentColor\"><\/path><\/svg><svg style=\"fill: #999;color:#999\" class=\"arrow-unsorted-368013\" xmlns=\"http:\/\/www.w3.org\/2000\/svg\" width=\"10px\" height=\"10px\" viewbox=\"0 0 24 24\" version=\"1.2\" baseprofile=\"tiny\"><path d=\"M18.2 9.3l-6.2-6.3-6.2 6.3c-.2.2-.3.4-.3.7s.1.5.3.7c.2.2.4.3.7.3h11c.3 0 .5-.1.7-.3.2-.2.3-.5.3-.7s-.1-.5-.3-.7zM5.8 14.7l6.2 6.3 6.2-6.3c.2-.2.3-.5.3-.7s-.1-.5-.3-.7c-.2-.2-.4-.3-.7-.3h-11c-.3 0-.5.1-.7.3-.2.2-.3.5-.3.7s.1.5.3.7z\"\/><\/svg><\/span><\/span><\/span><\/a><\/span><\/div>\n<nav><ul class='ez-toc-list ez-toc-list-level-1' ><li class='ez-toc-page-1 ez-toc-heading-level-2'><a class=\"ez-toc-link ez-toc-heading-1\" href=\"https:\/\/ko-tropfen-kaufen.com\/sv\/vad-aer-gbl\/#Chemische_Eigenschaften_und_industrielle_Verwendung_von_Gamma-Butyrolacton\" >Kemiska egenskaper och industriell anv\u00e4ndning av gamma-butyrolakton<\/a><\/li><li class='ez-toc-page-1 ez-toc-heading-level-2'><a class=\"ez-toc-link ez-toc-heading-2\" href=\"https:\/\/ko-tropfen-kaufen.com\/sv\/vad-aer-gbl\/#Andere_Verwendungen_von_GBL\" >Andra anv\u00e4ndningsomr\u00e5den f\u00f6r GBL<\/a><\/li><li class='ez-toc-page-1 ez-toc-heading-level-2'><a class=\"ez-toc-link ez-toc-heading-3\" href=\"https:\/\/ko-tropfen-kaufen.com\/sv\/vad-aer-gbl\/#Chemische_Reaktionen_von_GBL\" >Kemiska reaktioner hos GBL<\/a><\/li><li class='ez-toc-page-1 ez-toc-heading-level-2'><a class=\"ez-toc-link ez-toc-heading-4\" href=\"https:\/\/ko-tropfen-kaufen.com\/sv\/vad-aer-gbl\/#Regulierung_und_Rechtsstatus\" >Reglering och r\u00e4ttslig status<\/a><\/li><li class='ez-toc-page-1 ez-toc-heading-level-2'><a class=\"ez-toc-link ez-toc-heading-5\" href=\"https:\/\/ko-tropfen-kaufen.com\/sv\/vad-aer-gbl\/#Gesundheitliche_Auswirkungen_und_Risiken\" >H\u00e4lsoeffekter och risker<\/a><\/li><li class='ez-toc-page-1 ez-toc-heading-level-2'><a class=\"ez-toc-link ez-toc-heading-6\" href=\"https:\/\/ko-tropfen-kaufen.com\/sv\/vad-aer-gbl\/#Wo_kann_man_GBL_kaufen\" >Var kan du k\u00f6pa GBL?<\/a><\/li><\/ul><\/nav><\/div>\n<h2 class=\"wp-block-heading\" id=\"h-chemische-eigenschaften-und-industrielle-verwendung-von-gamma-butyrolacton\"><span class=\"ez-toc-section\" id=\"Chemische_Eigenschaften_und_industrielle_Verwendung_von_Gamma-Butyrolacton\"><\/span>Kemiska egenskaper och industriell anv\u00e4ndning av gamma-butyrolakton<span class=\"ez-toc-section-end\"><\/span><\/h2>\n\n\n\n<p>GBL framst\u00e4lls industriellt genom dehydrogenering av 1,4-butandiol i n\u00e4rvaro av en kopparkatalysator vid temperaturer mellan 180-300 \u00b0C.<\/p>\n\n\n\n<p>Utbytet av denna process \u00e4r cirka 95 %, med rening genom extraktion i flytande gasfas. GBL kan ocks\u00e5 syntetiseras i laboratoriet genom oxidation av tetrahydrofuran (THF) eller genom en lipaskatalyserad reaktion med 4-hydroxibutyrat (4-HB).<\/p>\n\n\n\n<p>GBL anv\u00e4nds ocks\u00e5 som mellanprodukt vid framst\u00e4llning av andra kemikalier som N-metyl-2-pyrrolidon (NMP) och pyrrolidon samt vid syntes av vissa l\u00e4kemedel.<\/p>\n\n\n\n<h2 class=\"wp-block-heading\" id=\"h-andere-verwendungen-von-gbl\"><span class=\"ez-toc-section\" id=\"Andere_Verwendungen_von_GBL\"><\/span>Andra anv\u00e4ndningsomr\u00e5den f\u00f6r GBL<span class=\"ez-toc-section-end\"><\/span><\/h2>\n\n\n\n<ul class=\"wp-block-list\">\n<li>F\u00e4rgen tunnare<\/li>\n\n\n\n<li>Reng\u00f6ringsmedel<\/li>\n\n\n\n<li>Superlimborttagningsmedel<\/li>\n\n\n\n<li>Elektrolytiska kondensatorer<\/li>\n<\/ul>\n\n\n\n<h2 class=\"wp-block-heading\" id=\"h-chemische-reaktionen-von-gbl\"><span class=\"ez-toc-section\" id=\"Chemische_Reaktionen_von_GBL\"><\/span>Kemiska reaktioner hos GBL<span class=\"ez-toc-section-end\"><\/span><\/h2>\n\n\n\n<p>GBL:s kemiska struktur m\u00f6jligg\u00f6r hydrolys till gamma-hydroxism\u00f6rsyra (GHB) under basiska f\u00f6rh\u00e5llanden. Denna egenskap har lett till att GBL anv\u00e4nds f\u00f6r att framst\u00e4lla GHB, som \u00e4r b\u00e5de ett terapeutiskt medel och en missbrukssubstans. Omvandlingsprocessen \u00e4r enkel, vilket g\u00f6r GBL till en viktig prekursor f\u00f6r GHB-syntesen.<\/p>\n\n\n\n<figure class=\"wp-block-image size-full\"><img data-recalc-dims=\"1\" fetchpriority=\"high\" decoding=\"async\" width=\"1024\" height=\"379\" src=\"https:\/\/i0.wp.com\/ko-tropfen-kaufen.com\/wp-content\/uploads\/2024\/11\/Gbl-Produktionsprozess-1024x379-1.png?resize=1024%2C379&#038;ssl=1\" alt=\"\" class=\"wp-image-15708\" srcset=\"https:\/\/i0.wp.com\/ko-tropfen-kaufen.com\/wp-content\/uploads\/2024\/11\/Gbl-Produktionsprozess-1024x379-1.png?w=1024&amp;ssl=1 1024w, https:\/\/i0.wp.com\/ko-tropfen-kaufen.com\/wp-content\/uploads\/2024\/11\/Gbl-Produktionsprozess-1024x379-1.png?resize=430%2C159&amp;ssl=1 430w, https:\/\/i0.wp.com\/ko-tropfen-kaufen.com\/wp-content\/uploads\/2024\/11\/Gbl-Produktionsprozess-1024x379-1.png?resize=700%2C259&amp;ssl=1 700w, https:\/\/i0.wp.com\/ko-tropfen-kaufen.com\/wp-content\/uploads\/2024\/11\/Gbl-Produktionsprozess-1024x379-1.png?resize=400%2C148&amp;ssl=1 400w, https:\/\/i0.wp.com\/ko-tropfen-kaufen.com\/wp-content\/uploads\/2024\/11\/Gbl-Produktionsprozess-1024x379-1.png?resize=768%2C284&amp;ssl=1 768w\" sizes=\"(max-width: 1024px) 100vw, 1024px\" \/><\/figure>\n\n\n\n<h2 class=\"wp-block-heading\" id=\"h-regulierung-und-rechtsstatus\"><span class=\"ez-toc-section\" id=\"Regulierung_und_Rechtsstatus\"><\/span>Reglering och r\u00e4ttslig status<span class=\"ez-toc-section-end\"><\/span><\/h2>\n\n\n\n<p>GBL \u00e4r reglerat i lag i m\u00e5nga l\u00e4nder eftersom det kan missbrukas som en rekreationsdrog genom att det omvandlas till GHB i kroppen. GHB \u00e4r k\u00e4nt f\u00f6r sina lugnande och euforiska effekter, vilket har lett till att det har f\u00f6rknippats med olaglig anv\u00e4ndning och s\u00e4kerhetsproblem. GBL kontrolleras d\u00e4rf\u00f6r ofta enligt lagar om narkotikaprekursorer, och f\u00f6rs\u00e4ljning och innehav av GBL kan begr\u00e4nsas.<\/p>\n\n\n\n<h2 class=\"wp-block-heading\" id=\"h-gesundheitliche-auswirkungen-und-risiken\"><span class=\"ez-toc-section\" id=\"Gesundheitliche_Auswirkungen_und_Risiken\"><\/span>H\u00e4lsoeffekter och risker<span class=\"ez-toc-section-end\"><\/span><\/h2>\n\n\n\n<p>Intag av GBL kan orsaka ett antal biverkningar, bland annat illam\u00e5ende, huvudv\u00e4rk, dimsyn, hj\u00e4rtklappning och f\u00f6rh\u00f6jt blodtryck. L\u00e5ngvarigt missbruk kan leda till allvarliga psykiska och fysiska h\u00e4lsoproblem som depression, \u00e5ngest och till och med psykos. Det \u00e4r d\u00e4rf\u00f6r viktigt att konsumera GBL p\u00e5 ett ansvarsfullt s\u00e4tt och i enlighet med relevanta juridiska och s\u00e4kerhetsm\u00e4ssiga riktlinjer.<\/p>\n\n\n\n<figure class=\"wp-block-image size-full is-resized\"><img data-recalc-dims=\"1\" decoding=\"async\" width=\"1024\" height=\"585\" src=\"https:\/\/i0.wp.com\/ko-tropfen-kaufen.com\/wp-content\/uploads\/2024\/11\/GBL-pharmacie-1024x585-1.jpg?resize=1024%2C585&#038;ssl=1\" alt=\"\" class=\"wp-image-15709\" style=\"width:1192px;height:auto\" srcset=\"https:\/\/i0.wp.com\/ko-tropfen-kaufen.com\/wp-content\/uploads\/2024\/11\/GBL-pharmacie-1024x585-1.jpg?w=1024&amp;ssl=1 1024w, https:\/\/i0.wp.com\/ko-tropfen-kaufen.com\/wp-content\/uploads\/2024\/11\/GBL-pharmacie-1024x585-1.jpg?resize=430%2C246&amp;ssl=1 430w, https:\/\/i0.wp.com\/ko-tropfen-kaufen.com\/wp-content\/uploads\/2024\/11\/GBL-pharmacie-1024x585-1.jpg?resize=700%2C400&amp;ssl=1 700w, https:\/\/i0.wp.com\/ko-tropfen-kaufen.com\/wp-content\/uploads\/2024\/11\/GBL-pharmacie-1024x585-1.jpg?resize=400%2C229&amp;ssl=1 400w, https:\/\/i0.wp.com\/ko-tropfen-kaufen.com\/wp-content\/uploads\/2024\/11\/GBL-pharmacie-1024x585-1.jpg?resize=768%2C439&amp;ssl=1 768w\" sizes=\"(max-width: 1024px) 100vw, 1024px\" \/><\/figure>\n\n\n\n<h2 class=\"wp-block-heading\" id=\"h-wo-kann-man-gbl-kaufen\"><span class=\"ez-toc-section\" id=\"Wo_kann_man_GBL_kaufen\"><\/span>Var kan du k\u00f6pa GBL?<span class=\"ez-toc-section-end\"><\/span><\/h2>\n\n\n\n<p>Om du beh\u00f6ver GBL f\u00f6r legitima industriella \u00e4ndam\u00e5l kan du k\u00f6pa det fr\u00e5n olika leverant\u00f6rer. Tillf\u00f6rlitliga k\u00e4llor \u00e4r bland annat specialiserade kemikalieleverant\u00f6rer och industrileverant\u00f6rer. N\u00e4r du k\u00f6per GBL ska du alltid se till att f\u00f6lja lokala best\u00e4mmelser. Att unders\u00f6ka leverant\u00f6rer och l\u00e4sa recensioner kan hj\u00e4lpa dig att s\u00e4kerst\u00e4lla att du f\u00e5r GBL av h\u00f6g kvalitet f\u00f6r dina behov.<\/p>\n\n\n\n<ul class=\"wp-block-list\">\n<li><strong>GBL ren butik<\/strong>Denna butik erbjuder en m\u00e4ngd GBL-produkter som fr\u00e4mst marknadsf\u00f6rs f\u00f6r industriella reng\u00f6rings\u00e4ndam\u00e5l, s\u00e5som hjulreng\u00f6ring och l\u00f6sningsmedelsapplikationer. F\u00f6retaget l\u00e4gger stor vikt vid kvaliteten och renheten hos sina GBL-produkter och tillhandah\u00e5ller detaljerade bruksanvisningar (GBL Clean Shop).<\/li>\n\n\n\n<li><strong>GBL Butik<\/strong>Denna butik \u00e4r k\u00e4nd f\u00f6r sitt omfattande utbud av GBL-produkter och erbjuder alternativ f\u00f6r olika kvantiteter, inklusive 500 ml, 1 liter, 2 liter, 5 liter och mer. Den garanterar s\u00e4kra och diskreta transaktioner och erbjuder konkurrenskraftiga priser (<a href=\"https:\/\/ko-tropfen-kaufen.com\/serioser-gbl-shop\">GBL Butik<\/a>).<\/li>\n\n\n\n<li><strong>GBL kemilabb<\/strong>GBL s\u00e4ljs i olika kvantiteter p\u00e5 denna webbplats och dess anv\u00e4ndning f\u00f6r industriell reng\u00f6ring och som kemisk mellanprodukt marknadsf\u00f6rs. De betonar sin s\u00e4kra best\u00e4llningsprocess och snabba leveransalternativ (GBL Chem Lab).<\/li>\n<\/ul>\n\n\n\n<p>Mer detaljerad information finns i k\u00e4llor som Wikipedia och FineChemical.net (<a href=\"https:\/\/de.wikipedia.org\/wiki\/\u0393-Butyrolacton\" target=\"_blank\" rel=\"noopener\">Wikipedia<\/a>) (Anbu Chem).<\/p>\n\n\n\n<p>Sammanfattningsvis k\u00e4nnetecknas GBL:s historia av dess dubbla roll som ett v\u00e4rdefullt industriellt l\u00f6sningsmedel och en kontrollerad prekursor till GHB, vilket \u00e5terspeglar b\u00e5de dess anv\u00e4ndbarhet och behovet av reglering f\u00f6r att minska missbruket.<\/p>","protected":false},"excerpt":{"rendered":"<p>Was ist GBL &#8211; Gamma-Butyrolacton (GBL) ist eine farblose, hygroskopische Fl\u00fcssigkeit, die f\u00fcr ihre Verwendung als industrielles L\u00f6sungsmittel und chemisches Zwischenprodukt bekannt ist. Es hat die Molekularformel C\u2084H\u2086O\u2082 und zeichnet sich durch einen schwachen Geruch und einen bitteren Geschmack aus. GBL ist ein Lacton, eine Art zyklischer Ester, und ist ein Vorl\u00e4ufer von Gamma-Hydroxybutters\u00e4ure (GHB). [&hellip;]<\/p>\n","protected":false},"author":2,"featured_media":0,"parent":0,"menu_order":0,"comment_status":"closed","ping_status":"closed","template":"","meta":{"footnotes":""},"class_list":["post-15705","page","type-page","status-publish","hentry"],"blocksy_meta":[],"jetpack_sharing_enabled":true,"_links":{"self":[{"href":"https:\/\/ko-tropfen-kaufen.com\/sv\/wp-json\/wp\/v2\/pages\/15705","targetHints":{"allow":["GET"]}}],"collection":[{"href":"https:\/\/ko-tropfen-kaufen.com\/sv\/wp-json\/wp\/v2\/pages"}],"about":[{"href":"https:\/\/ko-tropfen-kaufen.com\/sv\/wp-json\/wp\/v2\/types\/page"}],"author":[{"embeddable":true,"href":"https:\/\/ko-tropfen-kaufen.com\/sv\/wp-json\/wp\/v2\/users\/2"}],"replies":[{"embeddable":true,"href":"https:\/\/ko-tropfen-kaufen.com\/sv\/wp-json\/wp\/v2\/comments?post=15705"}],"version-history":[{"count":2,"href":"https:\/\/ko-tropfen-kaufen.com\/sv\/wp-json\/wp\/v2\/pages\/15705\/revisions"}],"predecessor-version":[{"id":15831,"href":"https:\/\/ko-tropfen-kaufen.com\/sv\/wp-json\/wp\/v2\/pages\/15705\/revisions\/15831"}],"wp:attachment":[{"href":"https:\/\/ko-tropfen-kaufen.com\/sv\/wp-json\/wp\/v2\/media?parent=15705"}],"curies":[{"name":"wp","href":"https:\/\/api.w.org\/{rel}","templated":true}]}}