{"id":15965,"date":"2025-08-13T20:06:48","date_gmt":"2025-08-13T20:06:48","guid":{"rendered":"https:\/\/ko-tropfen-kaufen.com\/?post_type=product&#038;p=15965"},"modified":"2025-11-16T14:24:14","modified_gmt":"2025-11-16T13:24:14","slug":"oxibat-de-sodiu","status":"publish","type":"product","link":"https:\/\/ko-tropfen-kaufen.com\/ro\/produs-2\/oxibat-de-sodiu\/","title":{"rendered":"Oxibat de sodiu Ethypharm 500 mg\/ml"},"content":{"rendered":"<h2 data-start=\"213\" data-end=\"315\">Cumpara Sodium oxybate Ethypharm 500 mg\/ml solu\u021bie - Materie prim\u0103 de \u00eenalt\u0103 calitate pentru cercetare \u0219i industrie<\/h2>\n<p data-start=\"317\" data-end=\"694\"><strong data-start=\"317\" data-end=\"361\">Oxibat de sodiu Ethypharm 500 mg\/ml solu\u021bie<\/strong> (cunoscut \u0219i sub denumirea comun\u0103 interna\u021bional\u0103 de oxibat de sodiu \u0219i sub denumirea comercial\u0103 <em data-start=\"448\" data-end=\"455\">Xyrem<\/em>) este sarea de sodiu a acidului gamma-hidroxibutiric (<a href=\"https:\/\/ko-tropfen-kaufen.com\/product\/ghb-kaufen\/\">GHB<\/a>).<br data-start=\"512\" data-end=\"515\" \/>\u00cen cercetare \u0219i industrie, acesta este utilizat \u00een principal pentru studii farmacologice, analize neurochimice \u0219i pentru dezvoltarea \u0219i validarea de noi formul\u0103ri.<\/p>\n<p data-start=\"696\" data-end=\"929\">\u00cen Germania <strong data-start=\"722\" data-end=\"749\">Oxibat de sodiu Ethypharm<\/strong> reglement\u0103ri legale stricte \u00een conformitate cu <strong data-start=\"792\" data-end=\"825\">Legea privind narcoticele (BtMG)<\/strong> \u0219i pot fi utilizate numai \u00een scopuri \u0219tiin\u021bifice sau industriale autorizate.<\/p>\n<h3 data-start=\"936\" data-end=\"977\">De ce s\u0103 alege\u021bi oxibatul de sodiu Ethypharm?<\/h3>\n<ul data-start=\"978\" data-end=\"1391\">\n<li data-start=\"978\" data-end=\"1074\">\n<p data-start=\"980\" data-end=\"1074\"><strong data-start=\"980\" data-end=\"1013\">Aplica\u021bii de cercetare precise<\/strong> - ideal pentru studii farmacologice \u0219i neurobiologice.<\/p>\n<\/li>\n<li data-start=\"1075\" data-end=\"1183\">\n<p data-start=\"1077\" data-end=\"1183\"><strong data-start=\"1077\" data-end=\"1121\">Puritate ridicat\u0103 \u0219i concentra\u021bie definit\u0103<\/strong> - 500 mg\/ml garanteaz\u0103 rezultate reproductibile ale testelor.<\/p>\n<\/li>\n<li data-start=\"1184\" data-end=\"1281\">\n<p data-start=\"1186\" data-end=\"1281\"><strong data-start=\"1186\" data-end=\"1209\">Compatibil cu industria<\/strong> - Potrivit pentru optimizarea proceselor, controlul calit\u0103\u021bii \u0219i analiz\u0103.<\/p>\n<\/li>\n<li data-start=\"1282\" data-end=\"1391\">\n<p data-start=\"1284\" data-end=\"1391\"><strong data-start=\"1284\" data-end=\"1312\">Documenta\u021bie complet\u0103<\/strong> - Livrat cu COA (certificat de analiz\u0103) \u0219i SDS (fi\u0219\u0103 cu date de securitate).<\/p>\n<\/li>\n<\/ul>\n<h3 data-start=\"1398\" data-end=\"1464\">La ce s\u0103 fi\u021bi aten\u021bi atunci c\u00e2nd cump\u0103ra\u021bi oxibat de sodiu Ethypharm 500 mg\/ml?<\/h3>\n<ol data-start=\"1465\" data-end=\"2035\">\n<li data-start=\"1465\" data-end=\"1615\">\n<p data-start=\"1468\" data-end=\"1500\"><strong data-start=\"1468\" data-end=\"1498\">Puritate \u0219i concentrare<\/strong><\/p>\n<ul data-start=\"1504\" data-end=\"1615\">\n<li data-start=\"1504\" data-end=\"1615\">\n<p data-start=\"1506\" data-end=\"1615\">Grad farmaceutic, definit ca 500 mg\/ml; pentru lucr\u0103ri \u0219tiin\u021bifice este necesar\u0103 o puritate \u2265 99 %.<\/p>\n<\/li>\n<\/ul>\n<\/li>\n<li data-start=\"1616\" data-end=\"1751\">\n<p data-start=\"1619\" data-end=\"1636\"><strong data-start=\"1619\" data-end=\"1634\">Certificatele<\/strong><\/p>\n<ul data-start=\"1640\" data-end=\"1751\">\n<li data-start=\"1640\" data-end=\"1690\">\n<p data-start=\"1642\" data-end=\"1690\"><strong data-start=\"1642\" data-end=\"1649\">COA<\/strong> pentru a confirma analiza chimic\u0103<\/p>\n<\/li>\n<li data-start=\"1694\" data-end=\"1751\">\n<p data-start=\"1696\" data-end=\"1751\"><strong data-start=\"1696\" data-end=\"1703\">SDS<\/strong> cu toate informa\u021biile relevante pentru siguran\u021b\u0103<\/p>\n<\/li>\n<\/ul>\n<\/li>\n<li data-start=\"1752\" data-end=\"1906\">\n<p data-start=\"1755\" data-end=\"1789\"><strong data-start=\"1755\" data-end=\"1787\">Furnizor de \u00eencredere<\/strong><\/p>\n<ul data-start=\"1793\" data-end=\"1906\">\n<li data-start=\"1793\" data-end=\"1850\">\n<p data-start=\"1795\" data-end=\"1850\">Experien\u021b\u0103 dovedit\u0103 \u00een domeniul substan\u021belor controlate<\/p>\n<\/li>\n<li data-start=\"1854\" data-end=\"1906\">\n<p data-start=\"1856\" data-end=\"1906\">Conformitatea cu cerin\u021bele legale ale Germaniei \u0219i ale UE<\/p>\n<\/li>\n<\/ul>\n<\/li>\n<li data-start=\"1907\" data-end=\"2035\">\n<p data-start=\"1910\" data-end=\"1936\"><strong data-start=\"1910\" data-end=\"1934\">Ambalare \u0219i expediere<\/strong><\/p>\n<ul data-start=\"1940\" data-end=\"2035\">\n<li data-start=\"1940\" data-end=\"1982\">\n<p data-start=\"1942\" data-end=\"1982\">Sticle sigilate, rezistente la substan\u021be chimice<\/p>\n<\/li>\n<li data-start=\"1986\" data-end=\"2035\">\n<p data-start=\"1988\" data-end=\"2035\">Transport de m\u0103rfuri periculoase ADR cu temperatur\u0103 controlat\u0103<\/p>\n<\/li>\n<\/ul>\n<\/li>\n<\/ol>\n<h3 data-start=\"2042\" data-end=\"2079\">Date tehnice<\/h3>\n<ul data-start=\"2080\" data-end=\"2469\">\n<li data-start=\"2080\" data-end=\"2141\">\n<p data-start=\"2082\" data-end=\"2141\"><strong data-start=\"2082\" data-end=\"2098\">Denumire comercial\u0103:<\/strong> Oxibat de sodiu Ethypharm 500 mg\/ml solu\u021bie<\/p>\n<\/li>\n<li data-start=\"2142\" data-end=\"2198\">\n<p data-start=\"2144\" data-end=\"2198\"><strong data-start=\"2144\" data-end=\"2170\">Denumire chimic\u0103:<\/strong> 4-hidroxibutanoat de sodiu<\/p>\n<\/li>\n<li data-start=\"2199\" data-end=\"2229\">\n<p data-start=\"2201\" data-end=\"2229\"><strong data-start=\"2201\" data-end=\"2218\">Formula sumei:<\/strong> <a href=\"https:\/\/pubchem.ncbi.nlm.nih.gov\/compound\/49849725\" target=\"_blank\" rel=\"noopener\">C\u2084H\u2087NaO\u2083<\/a><\/p>\n<\/li>\n<li data-start=\"2230\" data-end=\"2264\">\n<p data-start=\"2232\" data-end=\"2264\"><strong data-start=\"2232\" data-end=\"2249\">Masa molar\u0103:<\/strong> 126,09 g\/mol<\/p>\n<\/li>\n<li data-start=\"2265\" data-end=\"2330\">\n<p data-start=\"2267\" data-end=\"2330\"><strong data-start=\"2267\" data-end=\"2288\">Forma de dozare:<\/strong> Lichid limpede, incolor (500 mg\/ml)<\/p>\n<\/li>\n<li data-start=\"2331\" data-end=\"2370\">\n<p data-start=\"2333\" data-end=\"2370\"><strong data-start=\"2333\" data-end=\"2349\">Solubilitate:<\/strong> Foarte bun \u00een ap\u0103<\/p>\n<\/li>\n<li data-start=\"2371\" data-end=\"2409\">\n<p data-start=\"2373\" data-end=\"2409\"><strong data-start=\"2373\" data-end=\"2399\">Valoarea pH-ului (solu\u021bie 10 %):<\/strong> aprox. 7-8<\/p>\n<\/li>\n<li data-start=\"2410\" data-end=\"2469\">\n<p data-start=\"2412\" data-end=\"2469\"><strong data-start=\"2412\" data-end=\"2435\">Unitate de ambalare:<\/strong> Sticl\u0103 de 180 ml = 90 g ingredient activ<\/p>\n<\/li>\n<\/ul>\n<h3 data-start=\"2476\" data-end=\"2501\">Depozitare \u0219i siguran\u021b\u0103<\/h3>\n<ul data-start=\"2502\" data-end=\"2759\">\n<li data-start=\"2502\" data-end=\"2565\">\n<p data-start=\"2504\" data-end=\"2565\"><strong data-start=\"2504\" data-end=\"2517\">Depozitare:<\/strong> R\u0103cit, uscat \u0219i bine \u00eenchis la 2-8 \u00b0C<\/p>\n<\/li>\n<li data-start=\"2566\" data-end=\"2622\">\n<p data-start=\"2568\" data-end=\"2622\"><strong data-start=\"2568\" data-end=\"2576\">EPI:<\/strong> Ochelari de protec\u021bie, m\u0103nu\u0219i din nitril, halat de laborator<\/p>\n<\/li>\n<li data-start=\"2623\" data-end=\"2675\">\n<p data-start=\"2625\" data-end=\"2675\"><strong data-start=\"2625\" data-end=\"2640\">Manipulare:<\/strong> Numai \u00een zone de laborator ventilate<\/p>\n<\/li>\n<li data-start=\"2676\" data-end=\"2759\">\n<p data-start=\"2678\" data-end=\"2759\"><strong data-start=\"2678\" data-end=\"2693\">Eliminare:<\/strong> \u00cen conformitate cu reglement\u0103rile locale privind narcoticele \u0219i substan\u021bele periculoase<\/p>\n<\/li>\n<\/ul>\n<h3 data-start=\"2766\" data-end=\"2790\">FAQ - \u00centreb\u0103ri puse frecvent<\/h3>\n<p data-start=\"2791\" data-end=\"2858\"><strong data-start=\"2791\" data-end=\"2856\">Este Oxybat de sodiu Ethypharm legal de cump\u0103rat \u00een Germania?<\/strong><\/p>\n<ul data-start=\"2859\" data-end=\"2933\">\n<li data-start=\"2859\" data-end=\"2933\">\n<p data-start=\"2861\" data-end=\"2933\">Da, dar numai pentru instala\u021biile autorizate cu o licen\u021b\u0103 \u00een conformitate cu BtMG.<\/p>\n<\/li>\n<\/ul>\n<p data-start=\"2935\" data-end=\"2967\"><strong data-start=\"2935\" data-end=\"2965\">Cum este organizat\u0103 livrarea?<\/strong><\/p>\n<ul data-start=\"2968\" data-end=\"3045\">\n<li data-start=\"2968\" data-end=\"3045\">\n<p data-start=\"2970\" data-end=\"3045\">Exclusiv pentru institu\u021biile \u00eenregistrate, prin transportul ADR de m\u0103rfuri periculoase.<\/p>\n<\/li>\n<\/ul>\n<p data-start=\"3047\" data-end=\"3086\"><strong data-start=\"3047\" data-end=\"3084\">Ce documente sunt necesare?<\/strong><\/p>\n<ul data-start=\"3087\" data-end=\"3158\">\n<li data-start=\"3087\" data-end=\"3158\">\n<p data-start=\"3089\" data-end=\"3158\">Licen\u021b\u0103 oficial\u0103, licen\u021b\u0103 comercial\u0103, certificat de utilizare final\u0103, dac\u0103 este cazul.<\/p>\n<\/li>\n<\/ul>\n<p data-start=\"3160\" data-end=\"3202\"><strong data-start=\"3160\" data-end=\"3200\">Diferen\u021b\u0103 fa\u021b\u0103 de substan\u021be similare?<\/strong><\/p>\n<ul data-start=\"3203\" data-end=\"3301\">\n<li data-start=\"3203\" data-end=\"3301\">\n<p data-start=\"3205\" data-end=\"3301\">Substan\u021b\u0103 strict reglementat\u0103, a nu se confunda cu s\u0103rurile sau precursorii necontrola\u021bi.<\/p>\n<\/li>\n<\/ul>\n<h3 data-start=\"3308\" data-end=\"3335\">Solicita\u021bi o ofert\u0103 acum<\/h3>\n<p data-start=\"3336\" data-end=\"3521\">Pentru o ofert\u0103 personalizat\u0103 pentru <strong data-start=\"3369\" data-end=\"3420\">Cump\u0103ra\u021bi Oxybat de sodiu Ethypharm 500 mg\/ml solu\u021bie<\/strong> \u0219i detalii privind condi\u021biile de livrare \u00een Germania, v\u0103 rug\u0103m s\u0103 ne trimite\u021bi documentele dumneavoastr\u0103 de autorizare.<\/p>\n<p data-start=\"3528\" data-end=\"3815\"><strong data-start=\"3528\" data-end=\"3552\">Notificare legal\u0103:<\/strong><br data-start=\"3552\" data-end=\"3555\" \/>Distribu\u021bia \u0219i expedierea se fac exclusiv c\u0103tre institu\u021bii autorizate, \u00een conformitate cu BtMG german \u0219i cu reglement\u0103rile UE. Cump\u0103r\u0103torul este responsabil pentru respectarea tuturor cerin\u021belor legale, inclusiv pentru depozitare, manipulare \u0219i utilizare final\u0103.<\/p>","protected":false},"excerpt":{"rendered":"<p>Oxibat de sodiu Ethypharm 500 mg\/ml solu\u021bie (oxibat de sodiu, Xyrem) \u00een grad farmaceutic \u226599 % puritate cu COA &amp; SDS. Livrare conform\u0103 cu legisla\u021bia ADR c\u0103tre unit\u0103\u021bi autorizate din Germania \u00een conformitate cu BtMG.<\/p>","protected":false},"featured_media":15966,"comment_status":"open","ping_status":"closed","template":"","meta":{"jetpack_publicize_message":"","jetpack_publicize_feature_enabled":true,"jetpack_social_post_already_shared":false,"jetpack_social_options":{"image_generator_settings":{"template":"highway","default_image_id":0,"font":"","enabled":false},"version":2}},"product_brand":[],"product_cat":[27],"product_tag":[89,90],"class_list":{"0":"post-15965","1":"product","2":"type-product","3":"status-publish","4":"has-post-thumbnail","6":"product_cat-ko-tropfen-wo-kaufen","7":"product_tag-gbl-bestellen-deutschland","8":"product_tag-ghb-kaufen-deutschland","10":"first","11":"instock","12":"sale","13":"featured","14":"shipping-taxable","15":"purchasable","16":"product-type-simple"},"jetpack_publicize_connections":[],"jetpack_sharing_enabled":true,"_links":{"self":[{"href":"https:\/\/ko-tropfen-kaufen.com\/ro\/wp-json\/wp\/v2\/product\/15965","targetHints":{"allow":["GET"]}}],"collection":[{"href":"https:\/\/ko-tropfen-kaufen.com\/ro\/wp-json\/wp\/v2\/product"}],"about":[{"href":"https:\/\/ko-tropfen-kaufen.com\/ro\/wp-json\/wp\/v2\/types\/product"}],"replies":[{"embeddable":true,"href":"https:\/\/ko-tropfen-kaufen.com\/ro\/wp-json\/wp\/v2\/comments?post=15965"}],"version-history":[{"count":1,"href":"https:\/\/ko-tropfen-kaufen.com\/ro\/wp-json\/wp\/v2\/product\/15965\/revisions"}],"predecessor-version":[{"id":15967,"href":"https:\/\/ko-tropfen-kaufen.com\/ro\/wp-json\/wp\/v2\/product\/15965\/revisions\/15967"}],"wp:featuredmedia":[{"embeddable":true,"href":"https:\/\/ko-tropfen-kaufen.com\/ro\/wp-json\/wp\/v2\/media\/15966"}],"wp:attachment":[{"href":"https:\/\/ko-tropfen-kaufen.com\/ro\/wp-json\/wp\/v2\/media?parent=15965"}],"wp:term":[{"taxonomy":"product_brand","embeddable":true,"href":"https:\/\/ko-tropfen-kaufen.com\/ro\/wp-json\/wp\/v2\/product_brand?post=15965"},{"taxonomy":"product_cat","embeddable":true,"href":"https:\/\/ko-tropfen-kaufen.com\/ro\/wp-json\/wp\/v2\/product_cat?post=15965"},{"taxonomy":"product_tag","embeddable":true,"href":"https:\/\/ko-tropfen-kaufen.com\/ro\/wp-json\/wp\/v2\/product_tag?post=15965"}],"curies":[{"name":"wp","href":"https:\/\/api.w.org\/{rel}","templated":true}]}}