{"id":15957,"date":"2025-08-13T18:57:26","date_gmt":"2025-08-13T18:57:26","guid":{"rendered":"https:\/\/ko-tropfen-kaufen.com\/?post_type=product&#038;p=15957"},"modified":"2026-04-09T13:05:21","modified_gmt":"2026-04-09T12:05:21","slug":"cumparati-bdo","status":"publish","type":"product","link":"https:\/\/ko-tropfen-kaufen.com\/ro\/produs-2\/cumparati-bdo\/","title":{"rendered":"BDO (1,4-butanediol)"},"content":{"rendered":"<h1 data-start=\"362\" data-end=\"434\">Cump\u0103ra\u021bi BDO - Ghidul compact pentru 1,4-butanediol (BDO) \u00een Germania<\/h1>\n<p data-start=\"436\" data-end=\"645\"><strong data-start=\"436\" data-end=\"452\">Scurt \u0219i clar:<\/strong> Dac\u0103 <strong data-start=\"462\" data-end=\"485\">BDO (1,4-butanediol)<\/strong> pentru cercetare sau aplica\u021bii industriale \u00een Germania, pute\u021bi afla rapid ce este important aici - calitate, siguran\u021b\u0103 \u0219i securitate juridic\u0103.<\/p>\n<h2 data-start=\"652\" data-end=\"697\">Ce este BDO \u0219i pentru ce este utilizat (cump\u0103ra\u021bi BDO)?<\/h2>\n<p data-start=\"698\" data-end=\"970\">1,4-Butanediolul (BDO) este un diol incolor, higroscopic - un solvent \u0219i intermediar versatil. Aplica\u021bii tipice: Produc\u021bia de polimeri \u0219i materiale plastice, sinteza farmaceutic\u0103, solvent reactiv \u00een laboratoare \u0219i formul\u0103ri industriale.<\/p>\n<p data-start=\"972\" data-end=\"995\"><strong data-start=\"972\" data-end=\"993\">De ce s\u0103 alege\u021bi BDO?<\/strong><\/p>\n<ul data-start=\"996\" data-end=\"1159\">\n<li data-start=\"996\" data-end=\"1041\">\n<p data-start=\"998\" data-end=\"1041\">Solubilitate \u0219i stabilitate chimic\u0103 bune<\/p>\n<\/li>\n<li data-start=\"1042\" data-end=\"1096\">\n<p data-start=\"1044\" data-end=\"1096\">Perioada de valabilitate pe termen lung cu depozitare corect\u0103<\/p>\n<\/li>\n<li data-start=\"1097\" data-end=\"1159\">\n<p data-start=\"1099\" data-end=\"1159\">Produs intermediar utilizat pe scar\u0103 larg\u0103 \u00een cercetare \u0219i industrie<\/p>\n<\/li>\n<\/ul>\n<h2 data-start=\"1166\" data-end=\"1217\">La ce ar trebui s\u0103 fi\u021bi aten\u021bi atunci c\u00e2nd cump\u0103ra\u021bi<\/h2>\n<ul data-start=\"1218\" data-end=\"1823\">\n<li data-start=\"1218\" data-end=\"1303\">\n<p data-start=\"1220\" data-end=\"1303\"><strong data-start=\"1220\" data-end=\"1233\">Puritate:<\/strong> \u2265 99,5% (99,9% posibil pentru cele mai mari cerin\u021be). Solicita\u021bi \u00eentotdeauna COA.<\/p>\n<\/li>\n<li data-start=\"1304\" data-end=\"1406\">\n<p data-start=\"1306\" data-end=\"1406\"><strong data-start=\"1306\" data-end=\"1320\">COA &amp; SDS:<\/strong> Certificat de analiz\u0103 + fi\u0219\u0103 tehnic\u0103 de securitate pe lot. F\u0103r\u0103 COA: nu cump\u0103ra\u021bi.<\/p>\n<\/li>\n<li data-start=\"1407\" data-end=\"1484\">\n<p data-start=\"1409\" data-end=\"1484\"><strong data-start=\"1409\" data-end=\"1435\">Certificate de produc\u0103tor:<\/strong> Instruc\u021biunile GMP\/ISO sporesc fiabilitatea.<\/p>\n<\/li>\n<li data-start=\"1485\" data-end=\"1595\">\n<p data-start=\"1487\" data-end=\"1595\"><strong data-start=\"1487\" data-end=\"1512\">Ambalare \u0219i expediere:<\/strong> Containere etan\u0219e, conforme cu normele ONU; livrare discret\u0103 \u0219i sigur\u0103 \u00een Germania.<\/p>\n<\/li>\n<li data-start=\"1596\" data-end=\"1733\">\n<p data-start=\"1598\" data-end=\"1733\"><strong data-start=\"1598\" data-end=\"1612\">Tip cump\u0103r\u0103tor:<\/strong> V\u00e2nz\u0103ri de preferin\u021b\u0103 c\u0103tre clien\u021bi comerciali, laboratoare \u0219i institute de cercetare - clien\u021bi priva\u021bi numai cu dovezi legitime.<\/p>\n<\/li>\n<li data-start=\"1734\" data-end=\"1823\">\n<p data-start=\"1736\" data-end=\"1823\"><strong data-start=\"1736\" data-end=\"1754\">Asisten\u021b\u0103 pentru clien\u021bi:<\/strong> Ar trebui s\u0103 fie disponibile consultan\u021b\u0103 tehnic\u0103 \u0219i informa\u021bii privind loturile.<\/p>\n<\/li>\n<\/ul>\n<h2 data-start=\"1830\" data-end=\"1877\">Date tehnice<\/h2>\n<div class=\"_tableContainer_1rjym_1\">\n<div class=\"_tableWrapper_1rjym_13 group flex w-fit flex-col-reverse\" tabindex=\"-1\">\n<table class=\"w-fit min-w-(--thread-content-width)\" data-start=\"1878\" data-end=\"2321\">\n<thead data-start=\"1878\" data-end=\"1910\">\n<tr data-start=\"1878\" data-end=\"1910\">\n<th data-start=\"1878\" data-end=\"1892\" data-col-size=\"sm\">Caracteristic\u0103<\/th>\n<th data-start=\"1892\" data-end=\"1910\" data-col-size=\"md\">Valoare tipic\u0103<\/th>\n<\/tr>\n<\/thead>\n<tbody data-start=\"1922\" data-end=\"2321\">\n<tr data-start=\"1922\" data-end=\"1969\">\n<td data-start=\"1922\" data-end=\"1946\" data-col-size=\"sm\">Denumire chimic\u0103<\/td>\n<td data-start=\"1946\" data-end=\"1969\" data-col-size=\"md\">1,4-Butanediol (BDO)<\/td>\n<\/tr>\n<tr data-start=\"1970\" data-end=\"1996\">\n<td data-start=\"1970\" data-end=\"1985\" data-col-size=\"sm\">Formula sumei<\/td>\n<td data-start=\"1985\" data-end=\"1996\" data-col-size=\"md\"><a href=\"https:\/\/de.wikipedia.org\/wiki\/1,4-Butandiol\" target=\"_blank\" rel=\"noopener\">C\u2084H\u2081\u2080O\u2082<\/a><\/td>\n<\/tr>\n<tr data-start=\"1997\" data-end=\"2033\">\n<td data-start=\"1997\" data-end=\"2016\" data-col-size=\"sm\">Greutatea molecular\u0103<\/td>\n<td data-start=\"2016\" data-end=\"2033\" data-col-size=\"md\">90,12 g-mol-\u00b9<\/td>\n<\/tr>\n<tr data-start=\"2034\" data-end=\"2073\">\n<td data-start=\"2034\" data-end=\"2045\" data-col-size=\"sm\">Puritate<\/td>\n<td data-start=\"2045\" data-end=\"2073\" data-col-size=\"md\">\u2265 99.5 % (COA confirmat)<\/td>\n<\/tr>\n<tr data-start=\"2074\" data-end=\"2113\">\n<td data-start=\"2074\" data-end=\"2092\" data-col-size=\"sm\">Stat agregat<\/td>\n<td data-start=\"2092\" data-end=\"2113\" data-col-size=\"md\">Lichid (incolor)<\/td>\n<\/tr>\n<tr data-start=\"2114\" data-end=\"2155\">\n<td data-start=\"2114\" data-end=\"2131\" data-col-size=\"sm\">Densitate (20 \u00b0C)<\/td>\n<td data-start=\"2131\" data-end=\"2155\" data-col-size=\"md\">aprox. 1,01-1,02 g-cm-\u00b3<\/td>\n<\/tr>\n<tr data-start=\"2156\" data-end=\"2183\">\n<td data-start=\"2156\" data-end=\"2169\" data-col-size=\"sm\">Punct de fierbere<\/td>\n<td data-start=\"2169\" data-end=\"2183\" data-col-size=\"md\">aprox. 230 \u00b0C<\/td>\n<\/tr>\n<tr data-start=\"2184\" data-end=\"2222\">\n<td data-start=\"2184\" data-end=\"2211\" data-col-size=\"sm\">Punct de aprindere (\u00eenchis)<\/td>\n<td data-start=\"2211\" data-end=\"2222\" data-col-size=\"md\">\u2248 96 \u00b0C<\/td>\n<\/tr>\n<tr data-start=\"2223\" data-end=\"2298\">\n<td data-start=\"2223\" data-end=\"2237\" data-col-size=\"sm\">Solubilitate<\/td>\n<td data-start=\"2237\" data-end=\"2298\" data-col-size=\"md\">Miscibil cu ap\u0103 \u0219i mul\u021bi solven\u021bi organici<\/td>\n<\/tr>\n<tr data-start=\"2299\" data-end=\"2321\">\n<td data-start=\"2299\" data-end=\"2309\" data-col-size=\"sm\">CAS Nr.<\/td>\n<td data-start=\"2309\" data-end=\"2321\" data-col-size=\"md\">110-63-4<\/td>\n<\/tr>\n<\/tbody>\n<\/table>\n<div class=\"sticky end-(--thread-content-margin) h-0 self-end select-none\">\n<div class=\"absolute end-0 flex items-end\"><\/div>\n<\/div>\n<\/div>\n<\/div>\n<p data-start=\"2323\" data-end=\"2423\"><em data-start=\"2323\" data-end=\"2333\">Not\u0103:<\/em> Valorile exacte pot fi g\u0103site pe COA al fiec\u0103rui lot - v\u0103 rug\u0103m s\u0103 verifica\u021bi acest document \u00eenainte de utilizare.<\/p>\n<h2 data-start=\"2430\" data-end=\"2462\">Depozitare \u0219i manipulare \u00een siguran\u021b\u0103<\/h2>\n<ul data-start=\"2463\" data-end=\"2880\">\n<li data-start=\"2463\" data-end=\"2547\">\n<p data-start=\"2465\" data-end=\"2547\"><strong data-start=\"2465\" data-end=\"2486\">Condi\u021bii de depozitare:<\/strong> Rece (10-25 \u00b0C), uscat, ferit de lumin\u0103 \u0219i bine ventilat.<\/p>\n<\/li>\n<li data-start=\"2548\" data-end=\"2622\">\n<p data-start=\"2550\" data-end=\"2622\"><strong data-start=\"2550\" data-end=\"2558\">PSA:<\/strong> Utiliza\u021bi m\u0103nu\u0219i, ochelari de protec\u021bie, \u00eembr\u0103c\u0103minte de protec\u021bie adecvat\u0103.<\/p>\n<\/li>\n<li data-start=\"2623\" data-end=\"2708\">\n<p data-start=\"2625\" data-end=\"2708\"><strong data-start=\"2625\" data-end=\"2636\">Manipulare:<\/strong> Lucra\u021bi \u00eentr-o zon\u0103 bine ventilat\u0103; evita\u021bi contactul cu pielea\/ochii.<\/p>\n<\/li>\n<li data-start=\"2709\" data-end=\"2799\">\n<p data-start=\"2711\" data-end=\"2799\"><strong data-start=\"2711\" data-end=\"2726\">Eliminare:<\/strong> \u00cen conformitate cu reglement\u0103rile germane \u0219i UE privind de\u0219eurile; nu elimina\u021bi niciodat\u0103 \u00een apele reziduale.<\/p>\n<\/li>\n<li data-start=\"2800\" data-end=\"2880\">\n<p data-start=\"2802\" data-end=\"2880\"><strong data-start=\"2802\" data-end=\"2814\">Urgen\u021b\u0103:<\/strong> Dac\u0103 este \u00eenghi\u021bit sau intr\u0103 \u00een contact cu ochii, solicita\u021bi imediat asisten\u021b\u0103 medical\u0103.<\/p>\n<\/li>\n<\/ul>\n<h2 data-start=\"2887\" data-end=\"2913\">\u00centreb\u0103ri frecvente scurte<\/h2>\n<p data-start=\"2914\" data-end=\"3108\"><strong data-start=\"2914\" data-end=\"2955\">Pot cump\u0103ra BDO ca persoan\u0103 fizic\u0103?<\/strong><br data-start=\"2955\" data-end=\"2958\" \/>\u00cen general, nu - livr\u0103rile sunt efectuate c\u0103tre clien\u021bi comerciali, laboratoare \u0219i institute de cercetare. Vom verifica excep\u021biile dac\u0103 exist\u0103 dovezi justificate.<\/p>\n<p data-start=\"3110\" data-end=\"3253\"><strong data-start=\"3110\" data-end=\"3144\">Ce documente voi primi?<\/strong><br data-start=\"3144\" data-end=\"3147\" \/>COA (certificat de analiz\u0103) \u0219i SDS (fi\u0219a cu date de securitate) sunt furnizate; documente de transport la cerere.<\/p>\n<p data-start=\"3255\" data-end=\"3439\"><strong data-start=\"3255\" data-end=\"3298\">C\u00e2t de repede livra\u021bi \u00een Germania?<\/strong><br data-start=\"3298\" data-end=\"3301\" \/>Termenul de livrare depinde de cantitate, starea de disponibilitate \u0219i verificarea conformit\u0103\u021bii - expedierea standard este posibil\u0103 dup\u0103 aprobarea documentelor.<\/p>\n<p data-start=\"3441\" data-end=\"3667\"><strong data-start=\"3441\" data-end=\"3506\">Cum difer\u0103 BDO de substan\u021be similare (de ex. <a href=\"https:\/\/ko-tropfen-kaufen.com\/product\/gbl-kaufen-legal\/\">GBL<\/a>)?<\/strong><br data-start=\"3506\" data-end=\"3509\" \/>BDO este mai pu\u021bin volatil, mai stabil \u0219i mai u\u0219or de manipulat dec\u00e2t butirolactonele; totu\u0219i, principalele domenii de aplicare se suprapun \u00een industrie \u0219i cercetare.<\/p>\n<h4 data-start=\"4175\" data-end=\"4204\">\u26a0\ufe0f Not\u0103 juridic\u0103<\/h4>\n<p data-start=\"4205\" data-end=\"4456\">BDO este un produs chimic industrial. <strong data-start=\"4239\" data-end=\"4317\">V\u00e2nzarea \u0219i livrarea se fac numai \u00een scopuri legale, autorizate.<\/strong> Cump\u0103r\u0103torul este responsabil pentru respectarea legisla\u021biei germane \u0219i a legisla\u021biei UE aplicabile. Utilizarea necorespunz\u0103toare este interzis\u0103.<\/p>","protected":false},"excerpt":{"rendered":"<p>Cumpara BDO - 1,4-Butanediol (BDO) \u00een cea mai mare puritate \u226599,5% pentru cercetare \u0219i industrie \u00een Germania. Transport sigur \u0219i consultan\u021b\u0103 juridic\u0103.<\/p>","protected":false},"featured_media":15959,"comment_status":"open","ping_status":"closed","template":"","meta":{"jetpack_publicize_message":"","jetpack_publicize_feature_enabled":true,"jetpack_social_post_already_shared":false,"jetpack_social_options":{"image_generator_settings":{"template":"highway","default_image_id":0,"font":"","enabled":false},"version":2}},"product_brand":[],"product_cat":[27],"product_tag":[89,90],"class_list":{"0":"post-15957","1":"product","2":"type-product","3":"status-publish","4":"has-post-thumbnail","6":"product_cat-ko-tropfen-wo-kaufen","7":"product_tag-gbl-bestellen-deutschland","8":"product_tag-ghb-kaufen-deutschland","10":"first","11":"instock","12":"shipping-taxable","13":"purchasable","14":"product-type-variable"},"jetpack_publicize_connections":[],"jetpack_sharing_enabled":true,"_links":{"self":[{"href":"https:\/\/ko-tropfen-kaufen.com\/ro\/wp-json\/wp\/v2\/product\/15957","targetHints":{"allow":["GET"]}}],"collection":[{"href":"https:\/\/ko-tropfen-kaufen.com\/ro\/wp-json\/wp\/v2\/product"}],"about":[{"href":"https:\/\/ko-tropfen-kaufen.com\/ro\/wp-json\/wp\/v2\/types\/product"}],"replies":[{"embeddable":true,"href":"https:\/\/ko-tropfen-kaufen.com\/ro\/wp-json\/wp\/v2\/comments?post=15957"}],"version-history":[{"count":3,"href":"https:\/\/ko-tropfen-kaufen.com\/ro\/wp-json\/wp\/v2\/product\/15957\/revisions"}],"predecessor-version":[{"id":15961,"href":"https:\/\/ko-tropfen-kaufen.com\/ro\/wp-json\/wp\/v2\/product\/15957\/revisions\/15961"}],"wp:featuredmedia":[{"embeddable":true,"href":"https:\/\/ko-tropfen-kaufen.com\/ro\/wp-json\/wp\/v2\/media\/15959"}],"wp:attachment":[{"href":"https:\/\/ko-tropfen-kaufen.com\/ro\/wp-json\/wp\/v2\/media?parent=15957"}],"wp:term":[{"taxonomy":"product_brand","embeddable":true,"href":"https:\/\/ko-tropfen-kaufen.com\/ro\/wp-json\/wp\/v2\/product_brand?post=15957"},{"taxonomy":"product_cat","embeddable":true,"href":"https:\/\/ko-tropfen-kaufen.com\/ro\/wp-json\/wp\/v2\/product_cat?post=15957"},{"taxonomy":"product_tag","embeddable":true,"href":"https:\/\/ko-tropfen-kaufen.com\/ro\/wp-json\/wp\/v2\/product_tag?post=15957"}],"curies":[{"name":"wp","href":"https:\/\/api.w.org\/{rel}","templated":true}]}}