{"id":15632,"date":"2024-11-25T12:11:27","date_gmt":"2024-11-25T12:11:27","guid":{"rendered":"https:\/\/ko-tropfen-kaufen.com\/?post_type=product&#038;p=15632"},"modified":"2026-03-21T14:38:40","modified_gmt":"2026-03-21T13:38:40","slug":"cumpara-gbl-legal","status":"publish","type":"product","link":"https:\/\/ko-tropfen-kaufen.com\/ro\/produs-2\/cumpara-gbl-legal\/","title":{"rendered":"Gamma-butirolacton\u0103 (GBL)"},"content":{"rendered":"<h1>GBL Cump\u0103rare legal\u0103<\/h1>\n<h2>Introducere \u00een gama-butirolacton\u0103 (GBL)<\/h2>\n<p>Bine a\u021bi venit la <a href=\"https:\/\/ko-tropfen-kaufen.com\/\">KO-Drops-Buy.com<\/a>sursa dvs. de \u00eencredere pentru achizi\u021bionarea de <a href=\"https:\/\/de.wikipedia.org\/wiki\/\u0393-Butyrolacton\" target=\"_blank\" rel=\"noopener\">Gamma-butirolacton\u0103 (GBL)<\/a>. Gamma-butirolactona (GBL) este un compus chimic versatil de \u00eenalt\u0103 calitate, utilizat pe scar\u0103 larg\u0103 \u00een diverse aplica\u021bii industriale \u0219i de cercetare. Cunoscut\u0103 pentru propriet\u0103\u021bile sale excelente de solvent, GBL este esen\u021bial\u0103 pentru producerea a numeroase produse comerciale \u0219i industriale.<\/p>\n<h2>Utiliz\u0103ri \u0219i beneficii ale gamma-butirolactonei (GBL)<\/h2>\n<p>Gamma-butirolactona (GBL buy legal) de la K.O. drops ofer\u0103 numeroase avantaje pentru scopuri industriale \u0219i de cercetare:<\/p>\n<ul>\n<li><strong>Aplica\u021bii industriale<\/strong>GBL este un solvent important \u00een produc\u021bia de produse farmaceutice, polimeri \u0219i agrochimice. Propriet\u0103\u021bile sale puternice de solvent \u00eel fac ideal pentru procesele de cur\u0103\u021bare, \u00eendep\u0103rtare a vopselei \u0219i \u00eendep\u0103rtare a adezivilor.<\/li>\n<li><strong>Aplica\u021bii de cercetare<\/strong>GBL serve\u0219te ca un reactiv valoros \u0219i intermediar \u00een sinteza organic\u0103 \u00een instala\u021biile de cercetare. Acesta este utilizat \u00een laboratoare pentru a dezvolta noi compu\u0219i \u0219i formul\u0103ri chimice.<\/li>\n<li><strong>Puritate \u0219i calitate ridicate<\/strong>GBL-ul nostru este de cea mai \u00eenalt\u0103 puritate \u0219i asigur\u0103 performan\u021be optime \u0219i fiabilitate \u00een toate aplica\u021biile.<\/li>\n<\/ul>\n<h2>Variante de produse \u0219i op\u021biuni de ambalare (cump\u0103ra\u021bi GBL legal)<\/h2>\n<p>Oferim o gam\u0103 larg\u0103 de variante de medicamente gamma-butirolacton\u0103 (GBL) \u0219i op\u021biuni de ambalare pentru a v\u0103 satisface cerin\u021bele specifice:<\/p>\n<ul>\n<li><strong>Variante de produse<\/strong>Alege\u021bi din diferite concentra\u021bii \u0219i calit\u0103\u021bi de GBL pentru a satisface cerin\u021bele dumneavoastr\u0103 industriale sau de cercetare.<\/li>\n<li><strong>Op\u021biuni de ambalare<\/strong>Oferim GBL \u00een ambalaje de diferite dimensiuni, inclusiv sticle de 1 litru, canistre de 5 litri \u0219i containere \u00een vrac mai mari. Toate ambalajele sunt concepute pentru a asigura un transport sigur \u0219i securizat.<\/li>\n<\/ul>\n<h2>Orient\u0103ri privind siguran\u021ba \u0219i manipularea<\/h2>\n<p>Utilizarea \u0219i manipularea \u00een condi\u021bii de siguran\u021b\u0103 a <span class=\"\" title=\"\" data-v-365c7fdc=\"\">medicamente<\/span> este prioritatea noastr\u0103 principal\u0103. C\u00e2nd cump\u0103ra\u021bi gamma-butirolacton\u0103 (GBL buy legal) de la K.O.-Tropfen, urma\u021bi aceste linii directoare pentru a asigura siguran\u021ba \u0219i conformitatea:<\/p>\n<ul>\n<li><strong>Echipamentul individual de protec\u021bie (<a href=\"https:\/\/www.bghm.de\/arbeitsschuetzer\/fach-themen\/persoenliche-schutzausruestung-psa\/\" target=\"_blank\" rel=\"noopener\">PSA<\/a>)<\/strong>Purta\u021bi \u00eentotdeauna echipament de protec\u021bie personal adecvat, inclusiv m\u0103nu\u0219i, ochelari de protec\u021bie \u0219i \u00eembr\u0103c\u0103minte de protec\u021bie atunci c\u00e2nd manipula\u021bi GBL.<\/li>\n<li><strong>Depozitare<\/strong>Depozita\u021bi GBL \u00eentr-un loc r\u0103coros, uscat \u0219i bine ventilat, departe de lumina direct\u0103 a soarelui \u0219i de sursele de c\u0103ldur\u0103. Asigura\u021bi-v\u0103 c\u0103 recipientele sunt bine \u00eenchise atunci c\u00e2nd nu sunt utilizate.<\/li>\n<li><strong>Proceduri de manipulare<\/strong>Utiliza\u021bi GBL \u00eentr-o zon\u0103 bine ventilat\u0103 \u0219i evita\u021bi inhalarea sau contactul cu pielea \u0219i ochii. \u00cen caz de contact accidental, cl\u0103ti\u021bi bine cu ap\u0103 \u0219i solicita\u021bi asisten\u021b\u0103 medical\u0103 dac\u0103 este necesar.<\/li>\n<li><strong>Eliminarea de\u0219eurilor<\/strong>Elimina\u021bi GBL \u00een conformitate cu reglement\u0103rile locale, de stat \u0219i federale. Nu turna\u021bi GBL \u00een canalizare \u0219i nu \u00eel elibera\u021bi \u00een mediu.<\/li>\n<\/ul>\n<blockquote><p>Descoperi\u021bi gama noastr\u0103 larg\u0103 de op\u021biuni de gamma-butirolacton\u0103 (GBL buy legal) \u0219i experimenta\u021bi calitatea \u0219i fiabilitatea pe care le ofer\u0103 KO-Drops-Buy.com. Comanda\u021bi ast\u0103zi \u0219i beneficia\u021bi de serviciile noastre de expediere sigure \u0219i discrete.<\/p><\/blockquote>","protected":false},"excerpt":{"rendered":"<p>GBL de \u00eenalt\u0103 calitate pentru industrie \u0219i cercetare. Cump\u0103ra\u021bi GBL \u00een cantit\u0103\u021bi mari sau mici.<\/p>","protected":false},"featured_media":15633,"comment_status":"open","ping_status":"closed","template":"","meta":{"jetpack_publicize_message":"","jetpack_publicize_feature_enabled":true,"jetpack_social_post_already_shared":false,"jetpack_social_options":{"image_generator_settings":{"template":"highway","default_image_id":0,"font":"","enabled":false},"version":2}},"product_brand":[],"product_cat":[27],"product_tag":[89,90],"class_list":{"0":"post-15632","1":"product","2":"type-product","3":"status-publish","4":"has-post-thumbnail","6":"product_cat-ko-tropfen-wo-kaufen","7":"product_tag-gbl-bestellen-deutschland","8":"product_tag-ghb-kaufen-deutschland","10":"first","11":"instock","12":"shipping-taxable","13":"purchasable","14":"product-type-variable"},"jetpack_publicize_connections":[],"jetpack_sharing_enabled":true,"_links":{"self":[{"href":"https:\/\/ko-tropfen-kaufen.com\/ro\/wp-json\/wp\/v2\/product\/15632","targetHints":{"allow":["GET"]}}],"collection":[{"href":"https:\/\/ko-tropfen-kaufen.com\/ro\/wp-json\/wp\/v2\/product"}],"about":[{"href":"https:\/\/ko-tropfen-kaufen.com\/ro\/wp-json\/wp\/v2\/types\/product"}],"replies":[{"embeddable":true,"href":"https:\/\/ko-tropfen-kaufen.com\/ro\/wp-json\/wp\/v2\/comments?post=15632"}],"version-history":[{"count":2,"href":"https:\/\/ko-tropfen-kaufen.com\/ro\/wp-json\/wp\/v2\/product\/15632\/revisions"}],"predecessor-version":[{"id":15658,"href":"https:\/\/ko-tropfen-kaufen.com\/ro\/wp-json\/wp\/v2\/product\/15632\/revisions\/15658"}],"wp:featuredmedia":[{"embeddable":true,"href":"https:\/\/ko-tropfen-kaufen.com\/ro\/wp-json\/wp\/v2\/media\/15633"}],"wp:attachment":[{"href":"https:\/\/ko-tropfen-kaufen.com\/ro\/wp-json\/wp\/v2\/media?parent=15632"}],"wp:term":[{"taxonomy":"product_brand","embeddable":true,"href":"https:\/\/ko-tropfen-kaufen.com\/ro\/wp-json\/wp\/v2\/product_brand?post=15632"},{"taxonomy":"product_cat","embeddable":true,"href":"https:\/\/ko-tropfen-kaufen.com\/ro\/wp-json\/wp\/v2\/product_cat?post=15632"},{"taxonomy":"product_tag","embeddable":true,"href":"https:\/\/ko-tropfen-kaufen.com\/ro\/wp-json\/wp\/v2\/product_tag?post=15632"}],"curies":[{"name":"wp","href":"https:\/\/api.w.org\/{rel}","templated":true}]}}