{"id":15622,"date":"2024-11-25T10:53:35","date_gmt":"2024-11-25T10:53:35","guid":{"rendered":"https:\/\/ko-tropfen-kaufen.com\/?post_type=product&#038;p=15622"},"modified":"2026-04-10T05:33:46","modified_gmt":"2026-04-10T04:33:46","slug":"cumpara-ghb","status":"publish","type":"product","link":"https:\/\/ko-tropfen-kaufen.com\/ro\/produs-2\/cumpara-ghb\/","title":{"rendered":"Gamma-hidroxibutirat (GHB)"},"content":{"rendered":"<h1>Cump\u0103ra\u021bi GHB<\/h1>\n<h2>Introducere \u00een gama-hidroxibutirat (GHB)<\/h2>\n<p>Bine a\u021bi venit la <a href=\"https:\/\/ko-tropfen-kaufen.com\/\">KO-Drops-Buy.com<\/a>sursa dvs. de \u00eencredere pentru achizi\u021bionarea de <a href=\"https:\/\/flexikon.doccheck.com\/de\/Gammahydroxybutters\u00e4ure\" target=\"_blank\" rel=\"noopener\">Gamma-hidroxibutirat (GHB)<\/a>. Gamma-hidroxibutiratul (cump\u0103ra\u021bi GHB) este un compus chimic de \u00eenalt\u0103 calitate care este utilizat pe scar\u0103 larg\u0103 \u00een diverse aplica\u021bii industriale \u0219i de cercetare. Cunoscut pentru eficacitatea \u0219i versatilitatea sa, GHB este o component\u0103 esen\u021bial\u0103 \u00een multe procese specializate.<\/p>\n<h2>Utiliz\u0103ri \u0219i beneficii ale gamma-hidroxibutiratului (cump\u0103ra\u021bi GHB)<\/h2>\n<p>Gamma-hidroxibutiratul (GHB) de la KO-Tropfen-Kaufen.com ofer\u0103 numeroase avantaje pentru scopuri industriale \u0219i de cercetare:<\/p>\n<ul>\n<li><strong>Aplica\u021bii industriale<\/strong>GHB este utilizat frecvent \u00een industria chimic\u0103, \u00een special \u00een fabricarea solven\u021bilor \u0219i a reactivilor. Este, de asemenea, o component\u0103 important\u0103 \u00een produc\u021bia de produse farmaceutice \u0219i cosmetice.<\/li>\n<li><strong>Aplica\u021bii de cercetare<\/strong>\u00cen cercetare, GHB serve\u0219te ca un instrument valoros pentru investigarea proceselor neurologice \u0219i ca intermediar \u00een sinteza diferi\u021bilor compu\u0219i chimici.<\/li>\n<li><strong>Puritate \u0219i calitate ridicate<\/strong>GHB-ul nostru este de cea mai \u00eenalt\u0103 puritate, ceea ce asigur\u0103 performan\u021be optime \u0219i fiabilitate \u00een toate aplica\u021biile.<\/li>\n<\/ul>\n<h2>Variante de produse \u0219i op\u021biuni de ambalare<\/h2>\n<p>La KO-Drops-Buy.com, oferim o gam\u0103 larg\u0103 de variante de produse gamma hidroxibutirat (cump\u0103ra\u021bi GHB) \u0219i op\u021biuni de ambalare pentru a v\u0103 satisface nevoile specifice:<\/p>\n<ul>\n<li><strong>Variante de produse<\/strong>Alege\u021bi din diferite concentra\u021bii \u0219i calit\u0103\u021bi de GHB pentru a satisface cerin\u021bele dumneavoastr\u0103 industriale sau de cercetare.<\/li>\n<li><strong>Op\u021biuni de ambalare<\/strong>Oferim GHB \u00een ambalaje de diferite dimensiuni, inclusiv sticle de 1 litru, canistre de 5 litri \u0219i containere \u00een vrac mai mari. Toate ambalajele sunt concepute pentru a asigura un transport sigur \u0219i securizat.<\/li>\n<\/ul>\n<h2>Orient\u0103ri privind siguran\u021ba \u0219i manipularea<\/h2>\n<p>Utilizarea \u0219i manipularea \u00een siguran\u021b\u0103 a GHB este prioritatea noastr\u0103 principal\u0103. C\u00e2nd cump\u0103ra\u021bi gamma-hidroxibutirat (GHB) de la KO-Drops-Buy.com, urma\u021bi aceste linii directoare pentru a asigura siguran\u021ba \u0219i conformitatea:<\/p>\n<ul>\n<li><strong>Echipamentul individual de protec\u021bie (<a href=\"https:\/\/www.bghm.de\/arbeitsschuetzer\/fach-themen\/persoenliche-schutzausruestung-psa\/\" target=\"_blank\" rel=\"noopener\">PSA<\/a>)<\/strong>Purta\u021bi \u00eentotdeauna EPP adecvat, inclusiv m\u0103nu\u0219i, ochelari de protec\u021bie \u0219i \u00eembr\u0103c\u0103minte de protec\u021bie atunci c\u00e2nd manipula\u021bi GHB.<\/li>\n<li><strong>Depozitare<\/strong>Depozita\u021bi GHB \u00eentr-un loc r\u0103coros, uscat \u0219i bine ventilat, departe de lumina direct\u0103 a soarelui \u0219i de sursele de c\u0103ldur\u0103. Asigura\u021bi-v\u0103 c\u0103 recipientele sunt bine \u00eenchise atunci c\u00e2nd nu sunt utilizate.<\/li>\n<li><strong>Proceduri de manipulare<\/strong>Utiliza\u021bi GHB \u00eentr-o zon\u0103 bine ventilat\u0103 \u0219i evita\u021bi inhalarea sau contactul cu pielea \u0219i ochii. \u00cen caz de contact accidental, cl\u0103ti\u021bi bine cu ap\u0103 \u0219i solicita\u021bi asisten\u021b\u0103 medical\u0103 dac\u0103 este necesar.<\/li>\n<li><strong>Eliminarea de\u0219eurilor<\/strong>Elimina\u021bi GHB \u00een conformitate cu reglement\u0103rile locale, de stat \u0219i federale. Nu turna\u021bi GHB \u00een canalizare \u0219i nu \u00eel elibera\u021bi \u00een mediu.<\/li>\n<\/ul>\n<blockquote><p>Descoperi\u021bi gama noastr\u0103 larg\u0103 de <strong>Gamma-hidroxibutirat (cump\u0103ra\u021bi GHB)<\/strong> op\u021biuni \u0219i experimenta\u021bi calitatea \u0219i fiabilitatea pe care le ofer\u0103 KO-Tropfen-Kaufen.com. Comanda\u021bi ast\u0103zi \u0219i beneficia\u021bi de serviciile noastre de expediere sigure \u0219i discrete.<\/p><\/blockquote>","protected":false},"excerpt":{"rendered":"<p>Gama-hidroxibutirat (GHB) de calitate pentru diverse aplica\u021bii. Sigur \u0219i fiabil.<\/p>","protected":false},"featured_media":15628,"comment_status":"open","ping_status":"closed","template":"","meta":{"jetpack_publicize_message":"","jetpack_publicize_feature_enabled":true,"jetpack_social_post_already_shared":false,"jetpack_social_options":{"image_generator_settings":{"template":"highway","default_image_id":0,"font":"","enabled":false},"version":2}},"product_brand":[],"product_cat":[27],"product_tag":[89,90],"class_list":{"0":"post-15622","1":"product","2":"type-product","3":"status-publish","4":"has-post-thumbnail","6":"product_cat-ko-tropfen-wo-kaufen","7":"product_tag-gbl-bestellen-deutschland","8":"product_tag-ghb-kaufen-deutschland","10":"first","11":"instock","12":"shipping-taxable","13":"purchasable","14":"product-type-variable"},"jetpack_publicize_connections":[],"jetpack_sharing_enabled":true,"_links":{"self":[{"href":"https:\/\/ko-tropfen-kaufen.com\/ro\/wp-json\/wp\/v2\/product\/15622","targetHints":{"allow":["GET"]}}],"collection":[{"href":"https:\/\/ko-tropfen-kaufen.com\/ro\/wp-json\/wp\/v2\/product"}],"about":[{"href":"https:\/\/ko-tropfen-kaufen.com\/ro\/wp-json\/wp\/v2\/types\/product"}],"replies":[{"embeddable":true,"href":"https:\/\/ko-tropfen-kaufen.com\/ro\/wp-json\/wp\/v2\/comments?post=15622"}],"version-history":[{"count":1,"href":"https:\/\/ko-tropfen-kaufen.com\/ro\/wp-json\/wp\/v2\/product\/15622\/revisions"}],"predecessor-version":[{"id":15631,"href":"https:\/\/ko-tropfen-kaufen.com\/ro\/wp-json\/wp\/v2\/product\/15622\/revisions\/15631"}],"wp:featuredmedia":[{"embeddable":true,"href":"https:\/\/ko-tropfen-kaufen.com\/ro\/wp-json\/wp\/v2\/media\/15628"}],"wp:attachment":[{"href":"https:\/\/ko-tropfen-kaufen.com\/ro\/wp-json\/wp\/v2\/media?parent=15622"}],"wp:term":[{"taxonomy":"product_brand","embeddable":true,"href":"https:\/\/ko-tropfen-kaufen.com\/ro\/wp-json\/wp\/v2\/product_brand?post=15622"},{"taxonomy":"product_cat","embeddable":true,"href":"https:\/\/ko-tropfen-kaufen.com\/ro\/wp-json\/wp\/v2\/product_cat?post=15622"},{"taxonomy":"product_tag","embeddable":true,"href":"https:\/\/ko-tropfen-kaufen.com\/ro\/wp-json\/wp\/v2\/product_tag?post=15622"}],"curies":[{"name":"wp","href":"https:\/\/api.w.org\/{rel}","templated":true}]}}