{"id":15725,"date":"2024-11-25T21:57:31","date_gmt":"2024-11-25T20:57:31","guid":{"rendered":"https:\/\/ko-tropfen-kaufen.com\/?page_id=15725"},"modified":"2025-11-24T16:12:14","modified_gmt":"2025-11-24T15:12:14","slug":"termeni-si-conditii-generale","status":"publish","type":"page","link":"https:\/\/ko-tropfen-kaufen.com\/ro\/termeni-si-conditii-generale\/","title":{"rendered":"Termeni \u0219i condi\u021bii generale"},"content":{"rendered":"<div id=\"ez-toc-container\" class=\"ez-toc-v2_0_82_2 counter-hierarchy ez-toc-counter ez-toc-grey ez-toc-container-direction\">\n<div class=\"ez-toc-title-container\">\n<p class=\"ez-toc-title\" style=\"cursor:inherit\">Tabla de con\u021binut<\/p>\n<span class=\"ez-toc-title-toggle\"><a href=\"#\" class=\"ez-toc-pull-right ez-toc-btn ez-toc-btn-xs ez-toc-btn-default ez-toc-toggle\" aria-label=\"Toggle Tabelul de con\u021binut\"><span class=\"ez-toc-js-icon-con\"><span class=\"\"><span class=\"eztoc-hide\" style=\"display:none;\">Toggle<\/span><span class=\"ez-toc-icon-toggle-span\"><svg style=\"fill: #999;color:#999\" xmlns=\"http:\/\/www.w3.org\/2000\/svg\" class=\"list-377408\" width=\"20px\" height=\"20px\" viewbox=\"0 0 24 24\" fill=\"none\"><path d=\"M6 6H4v2h2V6zm14 0H8v2h12V6zM4 11h2v2H4v-2zm16 0H8v2h12v-2zM4 16h2v2H4v-2zm16 0H8v2h12v-2z\" fill=\"currentColor\"><\/path><\/svg><svg style=\"fill: #999;color:#999\" class=\"arrow-unsorted-368013\" xmlns=\"http:\/\/www.w3.org\/2000\/svg\" width=\"10px\" height=\"10px\" viewbox=\"0 0 24 24\" version=\"1.2\" baseprofile=\"tiny\"><path d=\"M18.2 9.3l-6.2-6.3-6.2 6.3c-.2.2-.3.4-.3.7s.1.5.3.7c.2.2.4.3.7.3h11c.3 0 .5-.1.7-.3.2-.2.3-.5.3-.7s-.1-.5-.3-.7zM5.8 14.7l6.2 6.3 6.2-6.3c.2-.2.3-.5.3-.7s-.1-.5-.3-.7c-.2-.2-.4-.3-.7-.3h-11c-.3 0-.5.1-.7.3-.2.2-.3.5-.3.7s.1.5.3.7z\"\/><\/svg><\/span><\/span><\/span><\/a><\/span><\/div>\n<nav><ul class='ez-toc-list ez-toc-list-level-1' ><li class='ez-toc-page-1 ez-toc-heading-level-3'><a class=\"ez-toc-link ez-toc-heading-1\" href=\"https:\/\/ko-tropfen-kaufen.com\/ro\/termeni-si-conditii-generale\/#Ko-Tropfen-Kaufencom\" >Cump\u0103ra\u021bi-co-drops.com<\/a><\/li><li class='ez-toc-page-1 ez-toc-heading-level-3'><a class=\"ez-toc-link ez-toc-heading-2\" href=\"https:\/\/ko-tropfen-kaufen.com\/ro\/termeni-si-conditii-generale\/#1_Allgemeine_Bedingungen\" >1. condi\u021bii generale<\/a><\/li><li class='ez-toc-page-1 ez-toc-heading-level-3'><a class=\"ez-toc-link ez-toc-heading-3\" href=\"https:\/\/ko-tropfen-kaufen.com\/ro\/termeni-si-conditii-generale\/#2_Bestellungen_und_Zahlungen\" >2. comenzi \u0219i pl\u0103\u021bi<\/a><\/li><li class='ez-toc-page-1 ez-toc-heading-level-3'><a class=\"ez-toc-link ez-toc-heading-4\" href=\"https:\/\/ko-tropfen-kaufen.com\/ro\/termeni-si-conditii-generale\/#3_Versand_und_Lieferung\" >3. expediere \u0219i livrare<\/a><\/li><li class='ez-toc-page-1 ez-toc-heading-level-3'><a class=\"ez-toc-link ez-toc-heading-5\" href=\"https:\/\/ko-tropfen-kaufen.com\/ro\/termeni-si-conditii-generale\/#4_Ruckgabe_und_Ruckerstattung\" >4. returnare \u0219i rambursare<\/a><\/li><li class='ez-toc-page-1 ez-toc-heading-level-3'><a class=\"ez-toc-link ez-toc-heading-6\" href=\"https:\/\/ko-tropfen-kaufen.com\/ro\/termeni-si-conditii-generale\/#5_Haftungsausschluss\" >5. exonerare de r\u0103spundere<\/a><\/li><li class='ez-toc-page-1 ez-toc-heading-level-3'><a class=\"ez-toc-link ez-toc-heading-7\" href=\"https:\/\/ko-tropfen-kaufen.com\/ro\/termeni-si-conditii-generale\/#6_Datenschutz\" >6. protec\u021bia datelor<\/a><\/li><li class='ez-toc-page-1 ez-toc-heading-level-3'><a class=\"ez-toc-link ez-toc-heading-8\" href=\"https:\/\/ko-tropfen-kaufen.com\/ro\/termeni-si-conditii-generale\/#7_Geistiges_Eigentum\" >7 Proprietate intelectual\u0103<\/a><\/li><li class='ez-toc-page-1 ez-toc-heading-level-3'><a class=\"ez-toc-link ez-toc-heading-9\" href=\"https:\/\/ko-tropfen-kaufen.com\/ro\/termeni-si-conditii-generale\/#8_Anwendbares_Recht\" >8 Legisla\u021bia aplicabil\u0103<\/a><\/li><li class='ez-toc-page-1 ez-toc-heading-level-3'><a class=\"ez-toc-link ez-toc-heading-10\" href=\"https:\/\/ko-tropfen-kaufen.com\/ro\/termeni-si-conditii-generale\/#9_Kontakt\" >9. contact<\/a><\/li><\/ul><\/nav><\/div>\n<h3 class=\"wp-block-heading\" id=\"h-ko-tropfen-kaufen-com\"><span class=\"ez-toc-section\" id=\"Ko-Tropfen-Kaufencom\"><\/span>Cump\u0103ra\u021bi-co-drops.com<span class=\"ez-toc-section-end\"><\/span><\/h3>\n\n\n\n<p>Bine a\u021bi venit la <a href=\"https:\/\/ko-tropfen-kaufen.com?v=820eb5b696ea\">Cump\u0103ra\u021bi-co-drops.com<\/a>. Prin accesarea site-ului nostru web \u0219i utilizarea serviciilor noastre, sunte\u021bi de acord cu urm\u0103torii Termeni \u0219i condi\u021bii generale (TCG). V\u0103 rug\u0103m s\u0103 le citi\u021bi cu aten\u021bie.<\/p>\n\n\n\n<h3 class=\"wp-block-heading\" id=\"h-1-allgemeine-bedingungen\"><span class=\"ez-toc-section\" id=\"1_Allgemeine_Bedingungen\"><\/span>1. condi\u021bii generale<span class=\"ez-toc-section-end\"><\/span><\/h3>\n\n\n\n<p>1.1. <strong>Utilizarea site-ului:<\/strong> Prin utilizarea site-ului nostru, sunte\u021bi de acord cu ace\u0219ti termeni \u0219i condi\u021bii \u0219i v\u0103 angaja\u021bi s\u0103 respecta\u021bi toate legile \u0219i reglement\u0103rile aplicabile.<\/p>\n\n\n\n<p>1.2. <strong>Modific\u0103ri:<\/strong> Ne rezerv\u0103m dreptul de a modifica aceste TCG \u00een orice moment. Modific\u0103rile vor fi postate pe aceast\u0103 pagin\u0103 \u0219i vor intra \u00een vigoare imediat. Utilizarea \u00een continuare a site-ului constituie acceptarea termenilor modifica\u021bi.<\/p>\n\n\n\n<h3 class=\"wp-block-heading\" id=\"h-2-bestellungen-und-zahlungen\"><span class=\"ez-toc-section\" id=\"2_Bestellungen_und_Zahlungen\"><\/span>2. comenzi \u0219i pl\u0103\u021bi<span class=\"ez-toc-section-end\"><\/span><\/h3>\n\n\n\n<p>2.1. <strong>Procesul de comand\u0103:<\/strong> Toate comenzile plasate pe site-ul nostru sunt obligatorii. Ve\u021bi primi o confirmare a comenzii prin e-mail imediat ce comanda dvs. a fost plasat\u0103 cu succes.<\/p>\n\n\n\n<p>2.2. <strong>Pre\u021buri:<\/strong> Toate pre\u021burile men\u021bionate pe site includ TVA, dar nu includ costurile de expediere. Ne rezerv\u0103m dreptul de a modifica pre\u021burile \u00een orice moment.<\/p>\n\n\n\n<p>2.3. <strong>Metode de plat\u0103:<\/strong> Accept\u0103m diferite metode de plat\u0103, care sunt specificate \u00een timpul procesului de comand\u0103. Plata trebuie efectuat\u0103 \u00eenainte de expedierea produselor comandate.<\/p>\n\n\n\n<h3 class=\"wp-block-heading\" id=\"h-3-versand-und-lieferung\"><span class=\"ez-toc-section\" id=\"3_Versand_und_Lieferung\"><\/span>3. expediere \u0219i livrare<span class=\"ez-toc-section-end\"><\/span><\/h3>\n\n\n\n<p>3.1. <strong>Dispecerat:<\/strong> Livr\u0103m produsele noastre \u00een Germania \u0219i la nivel interna\u021bional. Costurile de expediere \u0219i termenele de livrare sunt afi\u0219ate \u00een timpul procesului de comand\u0103.<\/p>\n\n\n\n<p>3.2. <strong>Termene de livrare:<\/strong> Termenele de livrare pot varia \u00een func\u021bie de destina\u021bia transportului. Ne str\u0103duim s\u0103 expediem comanda dvs. c\u00e2t mai repede posibil. \u00cent\u00e2rzierile cauzate de circumstan\u021be neprev\u0103zute sunt \u00een afara controlului nostru.<\/p>\n\n\n\n<h3 class=\"wp-block-heading\" id=\"h-4-ruckgabe-und-ruckerstattung\"><span class=\"ez-toc-section\" id=\"4_Ruckgabe_und_Ruckerstattung\"><\/span>4. returnare \u0219i rambursare<span class=\"ez-toc-section-end\"><\/span><\/h3>\n\n\n\n<p>4.1. <strong>Dreptul de \u00eentoarcere:<\/strong> Ave\u021bi dreptul de a returna produsele \u00een termen de 30 de zile de la primire. Produsele trebuie returnate \u00een starea lor original\u0103, nedeschise \u0219i neutilizate.<\/p>\n\n\n\n<p>4.2. <strong>Rambursare:<\/strong> La primirea \u0219i inspectarea produselor returnate, se va efectua o rambursare la metoda de plat\u0103 ini\u021bial\u0103 \u00een termen de 5-7 zile lucr\u0103toare.<\/p>\n\n\n\n<h3 class=\"wp-block-heading\" id=\"h-5-haftungsausschluss\"><span class=\"ez-toc-section\" id=\"5_Haftungsausschluss\"><\/span>5. exonerare de r\u0103spundere<span class=\"ez-toc-section-end\"><\/span><\/h3>\n\n\n\n<p>5.1. <strong>Con\u021binutul site-ului:<\/strong> De\u0219i ne str\u0103duim s\u0103 furniz\u0103m informa\u021bii exacte \u0219i actualizate, nu ne asum\u0103m nicio r\u0103spundere pentru acurate\u021bea, exhaustivitatea sau actualitatea con\u021binutului de pe site-ul nostru.<\/p>\n\n\n\n<p>5.2. <strong>Leg\u0103turi externe:<\/strong> Site-ul nostru poate con\u021bine linkuri c\u0103tre site-uri externe. Nu suntem responsabili pentru con\u021binutul sau practicile de confiden\u021bialitate ale acestor site-uri.<\/p>\n\n\n\n<h3 class=\"wp-block-heading\" id=\"h-6-datenschutz\"><span class=\"ez-toc-section\" id=\"6_Datenschutz\"><\/span>6. protec\u021bia datelor<span class=\"ez-toc-section-end\"><\/span><\/h3>\n\n\n\n<p>6.1. <strong>Politica de confiden\u021bialitate:<\/strong> Politica noastr\u0103 de confiden\u021bialitate, care descrie modul \u00een care colect\u0103m, utiliz\u0103m \u0219i protej\u0103m datele dumneavoastr\u0103 cu caracter personal, face parte integrant\u0103 din prezentele TCG.<\/p>\n\n\n\n<h3 class=\"wp-block-heading\" id=\"h-7-geistiges-eigentum\"><span class=\"ez-toc-section\" id=\"7_Geistiges_Eigentum\"><\/span>7 Proprietate intelectual\u0103<span class=\"ez-toc-section-end\"><\/span><\/h3>\n\n\n\n<p>7.1. <strong>Drepturi de autor:<\/strong> Tot con\u021binutul de pe site-ul nostru, inclusiv textul, imaginile \u0219i grafica, este protejat prin drepturi de autor. Utilizarea acestui con\u021binut f\u0103r\u0103 consim\u021b\u0103m\u00e2ntul nostru expres scris este interzis\u0103.<\/p>\n\n\n\n<h3 class=\"wp-block-heading\" id=\"h-8-anwendbares-recht\"><span class=\"ez-toc-section\" id=\"8_Anwendbares_Recht\"><\/span>8 Legisla\u021bia aplicabil\u0103<span class=\"ez-toc-section-end\"><\/span><\/h3>\n\n\n\n<p>8.1. <strong>Locul de jurisdic\u021bie:<\/strong> Prezentele TCG se supun legisla\u021biei germane. \u00cen caz de litigii, locul de jurisdic\u021bie este sediul social al societ\u0103\u021bii noastre.<\/p>\n\n\n\n<h3 class=\"wp-block-heading\" id=\"h-9-kontakt\"><span class=\"ez-toc-section\" id=\"9_Kontakt\"><\/span>9. contact<span class=\"ez-toc-section-end\"><\/span><\/h3>\n\n\n\n<p>Dac\u0103 ave\u021bi \u00eentreb\u0103ri cu privire la aceste TCG, v\u0103 rug\u0103m s\u0103 ne contacta\u021bi la <a>support@ko-tropfen-kaufen.com<\/a>. Ne str\u0103duim \u00eentotdeauna s\u0103 v\u0103 rezolv\u0103m problemele rapid \u0219i satisf\u0103c\u0103tor.<\/p>\n\n\n\n<p>V\u0103 mul\u021bumim pentru cump\u0103r\u0103turi la Ko-Tropfen-Kaufen.com!<\/p>","protected":false},"excerpt":{"rendered":"<p>Ko-Tropfen-Kaufen.com Willkommen bei Ko-Tropfen-Kaufen.com. Durch den Zugriff auf unsere Website und die Nutzung unserer Dienste stimmen Sie den folgenden Allgemeinen Gesch\u00e4ftsbedingungen (AGB) zu. Bitte lesen Sie diese sorgf\u00e4ltig durch. 1. Allgemeine Bedingungen 1.1. Nutzung der Website: Durch die Nutzung unserer Website erkl\u00e4ren Sie sich mit diesen AGB einverstanden und verpflichten sich, alle geltenden Gesetze und [&hellip;]<\/p>\n","protected":false},"author":2,"featured_media":0,"parent":0,"menu_order":0,"comment_status":"closed","ping_status":"closed","template":"","meta":{"footnotes":""},"class_list":["post-15725","page","type-page","status-publish","hentry"],"blocksy_meta":[],"jetpack_sharing_enabled":true,"_links":{"self":[{"href":"https:\/\/ko-tropfen-kaufen.com\/ro\/wp-json\/wp\/v2\/pages\/15725","targetHints":{"allow":["GET"]}}],"collection":[{"href":"https:\/\/ko-tropfen-kaufen.com\/ro\/wp-json\/wp\/v2\/pages"}],"about":[{"href":"https:\/\/ko-tropfen-kaufen.com\/ro\/wp-json\/wp\/v2\/types\/page"}],"author":[{"embeddable":true,"href":"https:\/\/ko-tropfen-kaufen.com\/ro\/wp-json\/wp\/v2\/users\/2"}],"replies":[{"embeddable":true,"href":"https:\/\/ko-tropfen-kaufen.com\/ro\/wp-json\/wp\/v2\/comments?post=15725"}],"version-history":[{"count":1,"href":"https:\/\/ko-tropfen-kaufen.com\/ro\/wp-json\/wp\/v2\/pages\/15725\/revisions"}],"predecessor-version":[{"id":15726,"href":"https:\/\/ko-tropfen-kaufen.com\/ro\/wp-json\/wp\/v2\/pages\/15725\/revisions\/15726"}],"wp:attachment":[{"href":"https:\/\/ko-tropfen-kaufen.com\/ro\/wp-json\/wp\/v2\/media?parent=15725"}],"curies":[{"name":"wp","href":"https:\/\/api.w.org\/{rel}","templated":true}]}}