{"id":15720,"date":"2024-11-25T20:38:37","date_gmt":"2024-11-25T20:38:37","guid":{"rendered":"https:\/\/ko-tropfen-kaufen.com\/?page_id=15720"},"modified":"2024-11-25T20:38:42","modified_gmt":"2024-11-25T20:38:42","slug":"politica-de-confidentialitate","status":"publish","type":"page","link":"https:\/\/ko-tropfen-kaufen.com\/ro\/politica-de-confidentialitate\/","title":{"rendered":"Politica de confiden\u021bialitate"},"content":{"rendered":"<div id=\"ez-toc-container\" class=\"ez-toc-v2_0_82_2 counter-hierarchy ez-toc-counter ez-toc-grey ez-toc-container-direction\">\n<div class=\"ez-toc-title-container\">\n<p class=\"ez-toc-title\" style=\"cursor:inherit\">Tabla de con\u021binut<\/p>\n<span class=\"ez-toc-title-toggle\"><a href=\"#\" class=\"ez-toc-pull-right ez-toc-btn ez-toc-btn-xs ez-toc-btn-default ez-toc-toggle\" aria-label=\"Toggle Tabelul de con\u021binut\"><span class=\"ez-toc-js-icon-con\"><span class=\"\"><span class=\"eztoc-hide\" style=\"display:none;\">Toggle<\/span><span class=\"ez-toc-icon-toggle-span\"><svg style=\"fill: #999;color:#999\" xmlns=\"http:\/\/www.w3.org\/2000\/svg\" class=\"list-377408\" width=\"20px\" height=\"20px\" viewbox=\"0 0 24 24\" fill=\"none\"><path d=\"M6 6H4v2h2V6zm14 0H8v2h12V6zM4 11h2v2H4v-2zm16 0H8v2h12v-2zM4 16h2v2H4v-2zm16 0H8v2h12v-2z\" fill=\"currentColor\"><\/path><\/svg><svg style=\"fill: #999;color:#999\" class=\"arrow-unsorted-368013\" xmlns=\"http:\/\/www.w3.org\/2000\/svg\" width=\"10px\" height=\"10px\" viewbox=\"0 0 24 24\" version=\"1.2\" baseprofile=\"tiny\"><path d=\"M18.2 9.3l-6.2-6.3-6.2 6.3c-.2.2-.3.4-.3.7s.1.5.3.7c.2.2.4.3.7.3h11c.3 0 .5-.1.7-.3.2-.2.3-.5.3-.7s-.1-.5-.3-.7zM5.8 14.7l6.2 6.3 6.2-6.3c.2-.2.3-.5.3-.7s-.1-.5-.3-.7c-.2-.2-.4-.3-.7-.3h-11c-.3 0-.5.1-.7.3-.2.2-.3.5-.3.7s.1.5.3.7z\"\/><\/svg><\/span><\/span><\/span><\/a><\/span><\/div>\n<nav><ul class='ez-toc-list ez-toc-list-level-1' ><li class='ez-toc-page-1 ez-toc-heading-level-3'><a class=\"ez-toc-link ez-toc-heading-1\" href=\"https:\/\/ko-tropfen-kaufen.com\/ro\/politica-de-confidentialitate\/#Ko-Tropfen-Kaufencom_Datenschutzrichtlinie\" >Politica de confiden\u021bialitate Ko-Tropfen-Kaufen.com<\/a><\/li><li class='ez-toc-page-1 ez-toc-heading-level-3'><a class=\"ez-toc-link ez-toc-heading-2\" href=\"https:\/\/ko-tropfen-kaufen.com\/ro\/politica-de-confidentialitate\/#Erfassung_und_Verwendung_von_Daten\" >Colectarea \u0219i utilizarea datelor<\/a><ul class='ez-toc-list-level-4' ><li class='ez-toc-heading-level-4'><a class=\"ez-toc-link ez-toc-heading-3\" href=\"https:\/\/ko-tropfen-kaufen.com\/ro\/politica-de-confidentialitate\/#Personliche_Daten\" >Date cu caracter personal<\/a><\/li><li class='ez-toc-page-1 ez-toc-heading-level-4'><a class=\"ez-toc-link ez-toc-heading-4\" href=\"https:\/\/ko-tropfen-kaufen.com\/ro\/politica-de-confidentialitate\/#Automatisch_erfasste_Daten\" >Date \u00eenregistrate automat<\/a><\/li><\/ul><\/li><li class='ez-toc-page-1 ez-toc-heading-level-3'><a class=\"ez-toc-link ez-toc-heading-5\" href=\"https:\/\/ko-tropfen-kaufen.com\/ro\/politica-de-confidentialitate\/#Verwendung_von_Cookies\" >Utilizarea modulelor cookie<\/a><\/li><li class='ez-toc-page-1 ez-toc-heading-level-3'><a class=\"ez-toc-link ez-toc-heading-6\" href=\"https:\/\/ko-tropfen-kaufen.com\/ro\/politica-de-confidentialitate\/#Weitergabe_von_Daten\" >Transmiterea datelor<\/a><\/li><li class='ez-toc-page-1 ez-toc-heading-level-3'><a class=\"ez-toc-link ez-toc-heading-7\" href=\"https:\/\/ko-tropfen-kaufen.com\/ro\/politica-de-confidentialitate\/#Datensicherheit\" >Securitatea datelor<\/a><\/li><li class='ez-toc-page-1 ez-toc-heading-level-3'><a class=\"ez-toc-link ez-toc-heading-8\" href=\"https:\/\/ko-tropfen-kaufen.com\/ro\/politica-de-confidentialitate\/#Ihre_Rechte\" >Drepturile dumneavoastr\u0103<\/a><\/li><li class='ez-toc-page-1 ez-toc-heading-level-3'><a class=\"ez-toc-link ez-toc-heading-9\" href=\"https:\/\/ko-tropfen-kaufen.com\/ro\/politica-de-confidentialitate\/#Anderungen_an_dieser_Datenschutzrichtlinie\" >Modific\u0103ri ale prezentei politici de confiden\u021bialitate<\/a><\/li><li class='ez-toc-page-1 ez-toc-heading-level-3'><a class=\"ez-toc-link ez-toc-heading-10\" href=\"https:\/\/ko-tropfen-kaufen.com\/ro\/politica-de-confidentialitate\/#Kontakt\" >Contacta\u021bi-ne<\/a><\/li><\/ul><\/nav><\/div>\n<h3 class=\"wp-block-heading\" id=\"h-ko-tropfen-kaufen-com-datenschutzrichtlinie\"><span class=\"ez-toc-section\" id=\"Ko-Tropfen-Kaufencom_Datenschutzrichtlinie\"><\/span>Politica de confiden\u021bialitate Ko-Tropfen-Kaufen.com<span class=\"ez-toc-section-end\"><\/span><\/h3>\n\n\n\n<p>Cu <a href=\"https:\/\/ko-tropfen-kaufen.com?v=820eb5b696ea\">Cump\u0103ra\u021bi-co-drops.com<\/a> acord\u0103m o mare importan\u021b\u0103 protec\u021biei vie\u021bii dvs. private \u0219i securit\u0103\u021bii datelor dvs. personale. Aceast\u0103 politic\u0103 de confiden\u021bialitate explic\u0103 ce informa\u021bii colect\u0103m, cum le folosim \u0219i ce m\u0103suri lu\u0103m pentru a v\u0103 proteja datele.<\/p>\n\n\n\n<h3 class=\"wp-block-heading\" id=\"h-erfassung-und-verwendung-von-daten\"><span class=\"ez-toc-section\" id=\"Erfassung_und_Verwendung_von_Daten\"><\/span>Colectarea \u0219i utilizarea datelor<span class=\"ez-toc-section-end\"><\/span><\/h3>\n\n\n\n<h4 class=\"wp-block-heading\" id=\"h-personliche-daten\"><span class=\"ez-toc-section\" id=\"Personliche_Daten\"><\/span>Date cu caracter personal<span class=\"ez-toc-section-end\"><\/span><\/h4>\n\n\n\n<p>Colect\u0103m date cu caracter personal pe care ni le furniza\u021bi \u00een mod voluntar atunci c\u00e2nd utiliza\u021bi site-ul nostru, cum ar fi<\/p>\n\n\n\n<ul class=\"wp-block-list\">\n<li>Nume \u0219i prenume<\/li>\n\n\n\n<li>Adres\u0103<\/li>\n\n\n\n<li>Adresa de e-mail<\/li>\n\n\n\n<li>Num\u0103rul de telefon<\/li>\n\n\n\n<li>Informa\u021bii privind plata<\/li>\n<\/ul>\n\n\n\n<p>Aceste informa\u021bii sunt utilizate pentru a procesa comenzile dumneavoastr\u0103, pentru a oferi asisten\u021b\u0103 pentru clien\u021bi \u0219i pentru a v\u0103 trimite informa\u021bii \u0219i oferte relevante.<\/p>\n\n\n\n<h4 class=\"wp-block-heading\" id=\"h-automatisch-erfasste-daten\"><span class=\"ez-toc-section\" id=\"Automatisch_erfasste_Daten\"><\/span>Date \u00eenregistrate automat<span class=\"ez-toc-section-end\"><\/span><\/h4>\n\n\n\n<p>Atunci c\u00e2nd vizita\u021bi site-ul nostru, colect\u0103m automat anumite informa\u021bii despre dispozitivul dvs. \u0219i despre utilizarea site-ului nostru, inclusiv:<\/p>\n\n\n\n<ul class=\"wp-block-list\">\n<li>Adresa IP<\/li>\n\n\n\n<li>Tipul \u0219i versiunea browserului<\/li>\n\n\n\n<li>URL de referin\u021b\u0103<\/li>\n\n\n\n<li>Data \u0219i ora accesului<\/li>\n\n\n\n<li>Pagini vizitate \u0219i linkuri accesate<\/li>\n<\/ul>\n\n\n\n<p>Aceste informa\u021bii ne ajut\u0103 s\u0103 ne \u00eembun\u0103t\u0103\u021bim site-ul web \u0219i s\u0103 optimiz\u0103m experien\u021ba utilizatorului.<\/p>\n\n\n\n<h3 class=\"wp-block-heading\" id=\"h-verwendung-von-cookies\"><span class=\"ez-toc-section\" id=\"Verwendung_von_Cookies\"><\/span>Utilizarea modulelor cookie<span class=\"ez-toc-section-end\"><\/span><\/h3>\n\n\n\n<p>Site-ul nostru utilizeaz\u0103 module cookie pentru a v\u0103 \u00eembun\u0103t\u0103\u021bi experien\u021ba de utilizare \u0219i pentru a oferi anumite func\u021bii. Modulele cookie sunt fi\u0219iere text de mici dimensiuni care sunt stocate pe dispozitivul dumneavoastr\u0103. Pute\u021bi dezactiva utilizarea modulelor cookie \u00een set\u0103rile browserului dvs., dar acest lucru poate afecta func\u021bionalitatea site-ului nostru web.<\/p>\n\n\n\n<h3 class=\"wp-block-heading\" id=\"h-weitergabe-von-daten\"><span class=\"ez-toc-section\" id=\"Weitergabe_von_Daten\"><\/span>Transmiterea datelor<span class=\"ez-toc-section-end\"><\/span><\/h3>\n\n\n\n<p>Nu transmitem datele dumneavoastr\u0103 cu caracter personal c\u0103tre ter\u021bi, cu excep\u021bia urm\u0103toarelor cazuri:<\/p>\n\n\n\n<ul class=\"wp-block-list\">\n<li><strong>Furnizor de servicii:<\/strong> Lucr\u0103m cu furnizori de servicii de \u00eencredere care \u00eendeplinesc anumite sarcini \u00een numele nostru, cum ar fi procesarea pl\u0103\u021bilor \u0219i expedierea. Ace\u0219ti furnizori de servicii au acces doar la informa\u021biile de care au nevoie pentru a-\u0219i \u00eendeplini sarcinile \u0219i sunt obliga\u021bi prin contract s\u0103 v\u0103 protejeze datele.<\/li>\n\n\n\n<li><strong>Cerin\u021be legale:<\/strong> Putem dezv\u0103lui informa\u021biile dumneavoastr\u0103 \u00een cazul \u00een care acest lucru este cerut de lege sau pentru a ne proteja drepturile.<\/li>\n<\/ul>\n\n\n\n<h3 class=\"wp-block-heading\" id=\"h-datensicherheit\"><span class=\"ez-toc-section\" id=\"Datensicherheit\"><\/span>Securitatea datelor<span class=\"ez-toc-section-end\"><\/span><\/h3>\n\n\n\n<p>Utiliz\u0103m m\u0103suri tehnice \u0219i organizatorice adecvate pentru a v\u0103 proteja datele cu caracter personal \u00eempotriva accesului neautorizat, pierderii sau utiliz\u0103rii abuzive. Acestea includ criptarea informa\u021biilor sensibile \u0219i verific\u0103ri regulate ale securit\u0103\u021bii.<\/p>\n\n\n\n<h3 class=\"wp-block-heading\" id=\"h-ihre-rechte\"><span class=\"ez-toc-section\" id=\"Ihre_Rechte\"><\/span>Drepturile dumneavoastr\u0103<span class=\"ez-toc-section-end\"><\/span><\/h3>\n\n\n\n<p>Ave\u021bi dreptul de a primi \u00een orice moment informa\u021bii cu privire la datele cu caracter personal stocate de noi, de a solicita corectarea sau \u0219tergerea acestora \u0219i de a v\u0103 opune prelucr\u0103rii datelor dumneavoastr\u0103. Pentru a face acest lucru, v\u0103 rug\u0103m s\u0103 ne contacta\u021bi la <a>support@ko-tropfen-kaufen.com<\/a>.<\/p>\n\n\n\n<h3 class=\"wp-block-heading\" id=\"h-anderungen-an-dieser-datenschutzrichtlinie\"><span class=\"ez-toc-section\" id=\"Anderungen_an_dieser_Datenschutzrichtlinie\"><\/span>Modific\u0103ri ale prezentei politici de confiden\u021bialitate<span class=\"ez-toc-section-end\"><\/span><\/h3>\n\n\n\n<p>Ne rezerv\u0103m dreptul de a actualiza aceast\u0103 politic\u0103 de confiden\u021bialitate \u00een orice moment. Modific\u0103rile vor fi postate pe aceast\u0103 pagin\u0103 \u0219i vor intra \u00een vigoare imediat. V\u0103 recomand\u0103m s\u0103 verifica\u021bi aceast\u0103 politic\u0103 \u00een mod regulat.<\/p>\n\n\n\n<h3 class=\"wp-block-heading\" id=\"h-kontakt\"><span class=\"ez-toc-section\" id=\"Kontakt\"><\/span>Contacta\u021bi-ne<span class=\"ez-toc-section-end\"><\/span><\/h3>\n\n\n\n<p>Dac\u0103 ave\u021bi \u00eentreb\u0103ri sau nel\u0103muriri cu privire la politica noastr\u0103 de confiden\u021bialitate, v\u0103 rug\u0103m s\u0103 ne contacta\u021bi la adresa <a>support@ko-tropfen-kaufen.com<\/a>. Ne str\u0103duim \u00eentotdeauna s\u0103 v\u0103 rezolv\u0103m problemele rapid \u0219i satisf\u0103c\u0103tor.<\/p>\n\n\n\n<p>V\u0103 mul\u021bumim pentru \u00eencrederea acordat\u0103 Ko-Tropfen-Kaufen.com!<\/p>","protected":false},"excerpt":{"rendered":"<p>Ko-Tropfen-Kaufen.com Datenschutzrichtlinie Bei Ko-Tropfen-Kaufen.com legen wir gro\u00dfen Wert auf den Schutz Ihrer Privatsph\u00e4re und die Sicherheit Ihrer pers\u00f6nlichen Daten. Diese Datenschutzrichtlinie erkl\u00e4rt, welche Informationen wir sammeln, wie wir sie verwenden und welche Ma\u00dfnahmen wir ergreifen, um Ihre Daten zu sch\u00fctzen. Erfassung und Verwendung von Daten Pers\u00f6nliche Daten Wir erfassen pers\u00f6nliche Daten, die Sie uns freiwillig [&hellip;]<\/p>\n","protected":false},"author":2,"featured_media":0,"parent":0,"menu_order":0,"comment_status":"closed","ping_status":"closed","template":"","meta":{"footnotes":""},"class_list":["post-15720","page","type-page","status-publish","hentry"],"blocksy_meta":[],"jetpack_sharing_enabled":true,"_links":{"self":[{"href":"https:\/\/ko-tropfen-kaufen.com\/ro\/wp-json\/wp\/v2\/pages\/15720","targetHints":{"allow":["GET"]}}],"collection":[{"href":"https:\/\/ko-tropfen-kaufen.com\/ro\/wp-json\/wp\/v2\/pages"}],"about":[{"href":"https:\/\/ko-tropfen-kaufen.com\/ro\/wp-json\/wp\/v2\/types\/page"}],"author":[{"embeddable":true,"href":"https:\/\/ko-tropfen-kaufen.com\/ro\/wp-json\/wp\/v2\/users\/2"}],"replies":[{"embeddable":true,"href":"https:\/\/ko-tropfen-kaufen.com\/ro\/wp-json\/wp\/v2\/comments?post=15720"}],"version-history":[{"count":1,"href":"https:\/\/ko-tropfen-kaufen.com\/ro\/wp-json\/wp\/v2\/pages\/15720\/revisions"}],"predecessor-version":[{"id":15721,"href":"https:\/\/ko-tropfen-kaufen.com\/ro\/wp-json\/wp\/v2\/pages\/15720\/revisions\/15721"}],"wp:attachment":[{"href":"https:\/\/ko-tropfen-kaufen.com\/ro\/wp-json\/wp\/v2\/media?parent=15720"}],"curies":[{"name":"wp","href":"https:\/\/api.w.org\/{rel}","templated":true}]}}