{"id":15717,"date":"2024-11-25T21:29:54","date_gmt":"2024-11-25T20:29:54","guid":{"rendered":"https:\/\/ko-tropfen-kaufen.com\/?page_id=15717"},"modified":"2025-11-24T16:12:52","modified_gmt":"2025-11-24T15:12:52","slug":"intrebari-frecvente-privind-gbl-si-ghb","status":"publish","type":"page","link":"https:\/\/ko-tropfen-kaufen.com\/ro\/intrebari-frecvente-privind-gbl-si-ghb\/","title":{"rendered":"\u00centreb\u0103ri frecvente"},"content":{"rendered":"<div id=\"ez-toc-container\" class=\"ez-toc-v2_0_82_2 counter-hierarchy ez-toc-counter ez-toc-grey ez-toc-container-direction\">\n<div class=\"ez-toc-title-container\">\n<p class=\"ez-toc-title\" style=\"cursor:inherit\">Tabla de con\u021binut<\/p>\n<span class=\"ez-toc-title-toggle\"><a href=\"#\" class=\"ez-toc-pull-right ez-toc-btn ez-toc-btn-xs ez-toc-btn-default ez-toc-toggle\" aria-label=\"Toggle Tabelul de con\u021binut\"><span class=\"ez-toc-js-icon-con\"><span class=\"\"><span class=\"eztoc-hide\" style=\"display:none;\">Toggle<\/span><span class=\"ez-toc-icon-toggle-span\"><svg style=\"fill: #999;color:#999\" xmlns=\"http:\/\/www.w3.org\/2000\/svg\" class=\"list-377408\" width=\"20px\" height=\"20px\" viewbox=\"0 0 24 24\" fill=\"none\"><path d=\"M6 6H4v2h2V6zm14 0H8v2h12V6zM4 11h2v2H4v-2zm16 0H8v2h12v-2zM4 16h2v2H4v-2zm16 0H8v2h12v-2z\" fill=\"currentColor\"><\/path><\/svg><svg style=\"fill: #999;color:#999\" class=\"arrow-unsorted-368013\" xmlns=\"http:\/\/www.w3.org\/2000\/svg\" width=\"10px\" height=\"10px\" viewbox=\"0 0 24 24\" version=\"1.2\" baseprofile=\"tiny\"><path d=\"M18.2 9.3l-6.2-6.3-6.2 6.3c-.2.2-.3.4-.3.7s.1.5.3.7c.2.2.4.3.7.3h11c.3 0 .5-.1.7-.3.2-.2.3-.5.3-.7s-.1-.5-.3-.7zM5.8 14.7l6.2 6.3 6.2-6.3c.2-.2.3-.5.3-.7s-.1-.5-.3-.7c-.2-.2-.4-.3-.7-.3h-11c-.3 0-.5.1-.7.3-.2.2-.3.5-.3.7s.1.5.3.7z\"\/><\/svg><\/span><\/span><\/span><\/a><\/span><\/div>\n<nav><ul class='ez-toc-list ez-toc-list-level-1' ><li class='ez-toc-page-1 ez-toc-heading-level-1'><a class=\"ez-toc-link ez-toc-heading-1\" href=\"https:\/\/ko-tropfen-kaufen.com\/ro\/intrebari-frecvente-privind-gbl-si-ghb\/#FAQs_zu_GBL_und_GHB\" >\u00centreb\u0103ri frecvente privind GBL \u0219i GHB<\/a><ul class='ez-toc-list-level-3' ><li class='ez-toc-heading-level-3'><ul class='ez-toc-list-level-3' ><li class='ez-toc-heading-level-3'><a class=\"ez-toc-link ez-toc-heading-2\" href=\"https:\/\/ko-tropfen-kaufen.com\/ro\/intrebari-frecvente-privind-gbl-si-ghb\/#Was_sind_GBL_und_GHB\" >Ce sunt GBL \u0219i GHB?<\/a><\/li><li class='ez-toc-page-1 ez-toc-heading-level-3'><a class=\"ez-toc-link ez-toc-heading-3\" href=\"https:\/\/ko-tropfen-kaufen.com\/ro\/intrebari-frecvente-privind-gbl-si-ghb\/#Wie_werden_GBL_und_GHB_konsumiert\" >Cum sunt consumate GBL \u0219i GHB?<\/a><\/li><li class='ez-toc-page-1 ez-toc-heading-level-3'><a class=\"ez-toc-link ez-toc-heading-4\" href=\"https:\/\/ko-tropfen-kaufen.com\/ro\/intrebari-frecvente-privind-gbl-si-ghb\/#Welche_Wirkungen_haben_GBL_und_GHB\" >Care sunt efectele GBL \u0219i GHB?<\/a><\/li><li class='ez-toc-page-1 ez-toc-heading-level-3'><a class=\"ez-toc-link ez-toc-heading-5\" href=\"https:\/\/ko-tropfen-kaufen.com\/ro\/intrebari-frecvente-privind-gbl-si-ghb\/#Was_sind_die_Risiken_und_Nebenwirkungen\" >Care sunt riscurile \u0219i efectele secundare?<\/a><\/li><li class='ez-toc-page-1 ez-toc-heading-level-3'><a class=\"ez-toc-link ez-toc-heading-6\" href=\"https:\/\/ko-tropfen-kaufen.com\/ro\/intrebari-frecvente-privind-gbl-si-ghb\/#Warum_werden_GBL_und_GHB_manchmal_als_%E2%80%9EK-o-Tropfen%E2%80%9C_bezeichnet\" >De ce GBL \u0219i GHB sunt denumite uneori \"knockout drops\"?<\/a><\/li><li class='ez-toc-page-1 ez-toc-heading-level-3'><a class=\"ez-toc-link ez-toc-heading-7\" href=\"https:\/\/ko-tropfen-kaufen.com\/ro\/intrebari-frecvente-privind-gbl-si-ghb\/#Wie_kann_man_das_Risiko_bei_der_Verwendung_von_GBL_oder_GHB_minimieren\" >Cum pute\u021bi minimiza riscul atunci c\u00e2nd utiliza\u021bi GBL sau GHB?<\/a><\/li><li class='ez-toc-page-1 ez-toc-heading-level-3'><a class=\"ez-toc-link ez-toc-heading-8\" href=\"https:\/\/ko-tropfen-kaufen.com\/ro\/intrebari-frecvente-privind-gbl-si-ghb\/#Was_sollte_man_im_Falle_einer_Uberdosierung_tun\" >Ce trebuie s\u0103 fac \u00een cazul unei supradoze?<\/a><\/li><\/ul><\/li><\/ul><\/li><\/ul><\/nav><\/div>\n<h1 class=\"wp-block-heading\" id=\"h-faqs-zu-gbl-und-ghb\"><span class=\"ez-toc-section\" id=\"FAQs_zu_GBL_und_GHB\"><\/span>\u00centreb\u0103ri frecvente privind GBL \u0219i GHB<span class=\"ez-toc-section-end\"><\/span><\/h1>\n\n\n\n<p>G\u0103si\u021bi r\u0103spunsuri la \u00eentreb\u0103ri frecvente despre<a href=\"https:\/\/ko-tropfen-kaufen.com\/product\/gbl-kaufen-legal\/\" data-type=\"product\" data-id=\"15632\"> GBL<\/a>- \u0219i <a href=\"https:\/\/ko-tropfen-kaufen.com\/product\/ghb-kaufen\/\" data-type=\"product\" data-id=\"15622\">GHB<\/a>-produse \u0219i servicii.<\/p>\n\n\n\n<h3 class=\"wp-block-heading\" id=\"h-was-sind-gbl-und-ghb\"><span class=\"ez-toc-section\" id=\"Was_sind_GBL_und_GHB\"><\/span><strong>Ce sunt GBL \u0219i GHB?<\/strong><span class=\"ez-toc-section-end\"><\/span><\/h3>\n\n\n\n<p>GBL (gamma-butirolacton\u0103) \u0219i GHB (gamma-hidroxibutirat) sunt substan\u021be chimice similare. GBL este un precursor al GHB \u0219i este transformat \u00een GHB \u00een organism. Ambele sunt deprimante ale SNC cu efecte sedative \u0219i euforice (<a href=\"https:\/\/www.alcoholanddrugsaction.org.uk\/a-to-z\/ghb-gbl\" target=\"_blank\" rel=\"noreferrer noopener\">Ac\u021biune privind alcoolul \u0219i drogurile<\/a>).<\/p>\n\n\n\n<h3 class=\"wp-block-heading\" id=\"h-wie-werden-gbl-und-ghb-konsumiert\"><span class=\"ez-toc-section\" id=\"Wie_werden_GBL_und_GHB_konsumiert\"><\/span><strong>Cum sunt consumate GBL \u0219i GHB?<\/strong><span class=\"ez-toc-section-end\"><\/span><\/h3>\n\n\n\n<p>Ambele substan\u021be sunt de obicei administrate pe cale oral\u0103. GHB este adesea disponibil \u00eentr-o form\u0103 lichid\u0103 clar\u0103, inodor\u0103 \u0219i aproape f\u0103r\u0103 gust. GBL este de obicei diluat cu suc sau alte lichide din cauza aromei sale chimice puternice.<\/p>\n\n\n\n<h3 class=\"wp-block-heading\" id=\"h-welche-wirkungen-haben-gbl-und-ghb\"><span class=\"ez-toc-section\" id=\"Welche_Wirkungen_haben_GBL_und_GHB\"><\/span><strong>Care sunt efectele GBL \u0219i GHB?<\/strong><span class=\"ez-toc-section-end\"><\/span><\/h3>\n\n\n\n<p>Efectele includ euforie, inhibi\u021bii reduse \u0219i somnolen\u021b\u0103. La doze mai mari, acestea pot provoca confuzie, incon\u0219tien\u021b\u0103 \u0219i depresie respiratorie. Efectele pot ap\u0103rea \u00een 10-60 de minute \u0219i pot dura p\u00e2n\u0103 la \u0219apte ore (<a href=\"https:\/\/www.drugfacts.org.uk\/index.php?title=GBL_\/_GHB\" target=\"_blank\" rel=\"noreferrer noopener\">Fapte despre medicamente<\/a>) (<a href=\"https:\/\/www.cads.org.nz\/reducing-harm\/drugs\/ghb-gbl-and-14b-g-gbh-one4b-liquid-ecstasy-fantasy\/\" target=\"_blank\" rel=\"noreferrer noopener\">CADS Auckland<\/a>).<\/p>\n\n\n\n<h3 class=\"wp-block-heading\" id=\"h-was-sind-die-risiken-und-nebenwirkungen\"><span class=\"ez-toc-section\" id=\"Was_sind_die_Risiken_und_Nebenwirkungen\"><\/span><strong>Care sunt riscurile \u0219i efectele secundare?<\/strong><span class=\"ez-toc-section-end\"><\/span><\/h3>\n\n\n\n<p>Efectele pe termen scurt includ grea\u021b\u0103, v\u0103rs\u0103turi, pierderi de memorie \u0219i sc\u0103derea ritmului cardiac. Riscul de supradozaj este semnificativ, \u00een special atunci c\u00e2nd este amestecat cu alcool sau alte depresive, ceea ce poate duce la com\u0103 sau deces. Utilizarea pe termen lung poate duce la dependen\u021b\u0103, simptome de sevraj \u0219i probleme grave de s\u0103n\u0103tate.<\/p>\n\n\n\n<h3 class=\"wp-block-heading\" id=\"h-warum-werden-gbl-und-ghb-manchmal-als-k-o-tropfen-bezeichnet\"><span class=\"ez-toc-section\" id=\"Warum_werden_GBL_und_GHB_manchmal_als_%E2%80%9EK-o-Tropfen%E2%80%9C_bezeichnet\"><\/span><strong>De ce GBL \u0219i GHB sunt denumite uneori \"knockout drops\"?<\/strong><span class=\"ez-toc-section-end\"><\/span><\/h3>\n\n\n\n<p>Datorit\u0103 propriet\u0103\u021bilor lor sedative \u0219i a faptului c\u0103 sunt adesea incolore \u0219i f\u0103r\u0103 gust, GBL \u0219i GHB au fost utilizate pentru a facilita infrac\u021biunile sexuale prin sedarea victimelor f\u0103r\u0103 \u0219tirea acestora.<\/p>\n\n\n\n<h3 class=\"wp-block-heading\" id=\"h-wie-kann-man-das-risiko-bei-der-verwendung-von-gbl-oder-ghb-minimieren\"><span class=\"ez-toc-section\" id=\"Wie_kann_man_das_Risiko_bei_der_Verwendung_von_GBL_oder_GHB_minimieren\"><\/span><strong>Cum pute\u021bi minimiza riscul atunci c\u00e2nd utiliza\u021bi GBL sau GHB?<\/strong><span class=\"ez-toc-section-end\"><\/span><\/h3>\n\n\n\n<p>Evita\u021bi s\u0103-l lua\u021bi singur, sta\u021bi \u00eentotdeauna cu prietenii \u0219i asigura\u021bi-v\u0103 c\u0103 cineva \u0219tie ce a\u021bi luat. Fi\u021bi aten\u021bi la sursa medicamentului, deoarece concentra\u021bia poate varia. Nu amesteca\u021bi niciodat\u0103 cu alcool sau alte tranchilizante, deoarece riscul de supradozaj este ridicat.<\/p>\n\n\n\n<h3 class=\"wp-block-heading\" id=\"h-was-sollte-man-im-falle-einer-uberdosierung-tun\"><span class=\"ez-toc-section\" id=\"Was_sollte_man_im_Falle_einer_Uberdosierung_tun\"><\/span><strong>Ce trebuie s\u0103 fac \u00een cazul unei supradoze?<\/strong><span class=\"ez-toc-section-end\"><\/span><\/h3>\n\n\n\n<p>Dac\u0103 cineva \u00ee\u0219i pierde cuno\u0219tin\u021ba dup\u0103 ce a luat GBL sau GHB, este important s\u0103 suna\u021bi imediat la 911. Men\u021bine\u021bi persoana treaz\u0103 \u0219i \u00eentr-o pozi\u021bie sigur\u0103 p\u00e2n\u0103 la sosirea ajutoarelor.<\/p>","protected":false},"excerpt":{"rendered":"<p>FAQs zu GBL und GHB Finden Sie Antworten auf h\u00e4ufig gestellte Fragen zu unseren GBL&#8211; und GHB-Produkten und -Dienstleistungen. Was sind GBL und GHB? GBL (Gamma-Butyrolacton) und GHB (Gamma-Hydroxybutyrat) sind chemisch \u00e4hnliche Substanzen. GBL ist eine Vorstufe von GHB und wird im K\u00f6rper zu GHB umgewandelt. Beide sind ZNS-Depressiva mit sedativen und euphorisierenden Effekten\u200b (Alcohol [&hellip;]<\/p>\n","protected":false},"author":2,"featured_media":0,"parent":0,"menu_order":0,"comment_status":"closed","ping_status":"closed","template":"","meta":{"footnotes":""},"class_list":["post-15717","page","type-page","status-publish","hentry"],"blocksy_meta":[],"jetpack_sharing_enabled":true,"_links":{"self":[{"href":"https:\/\/ko-tropfen-kaufen.com\/ro\/wp-json\/wp\/v2\/pages\/15717","targetHints":{"allow":["GET"]}}],"collection":[{"href":"https:\/\/ko-tropfen-kaufen.com\/ro\/wp-json\/wp\/v2\/pages"}],"about":[{"href":"https:\/\/ko-tropfen-kaufen.com\/ro\/wp-json\/wp\/v2\/types\/page"}],"author":[{"embeddable":true,"href":"https:\/\/ko-tropfen-kaufen.com\/ro\/wp-json\/wp\/v2\/users\/2"}],"replies":[{"embeddable":true,"href":"https:\/\/ko-tropfen-kaufen.com\/ro\/wp-json\/wp\/v2\/comments?post=15717"}],"version-history":[{"count":2,"href":"https:\/\/ko-tropfen-kaufen.com\/ro\/wp-json\/wp\/v2\/pages\/15717\/revisions"}],"predecessor-version":[{"id":15886,"href":"https:\/\/ko-tropfen-kaufen.com\/ro\/wp-json\/wp\/v2\/pages\/15717\/revisions\/15886"}],"wp:attachment":[{"href":"https:\/\/ko-tropfen-kaufen.com\/ro\/wp-json\/wp\/v2\/media?parent=15717"}],"curies":[{"name":"wp","href":"https:\/\/api.w.org\/{rel}","templated":true}]}}