{"id":15715,"date":"2024-11-25T20:20:18","date_gmt":"2024-11-25T20:20:18","guid":{"rendered":"https:\/\/ko-tropfen-kaufen.com\/?page_id=15715"},"modified":"2024-11-28T18:29:42","modified_gmt":"2024-11-28T18:29:42","slug":"dreptul-de-intoarcere","status":"publish","type":"page","link":"https:\/\/ko-tropfen-kaufen.com\/ro\/dreptul-de-intoarcere\/","title":{"rendered":"Dreptul de returnare"},"content":{"rendered":"<div id=\"ez-toc-container\" class=\"ez-toc-v2_0_82_2 counter-hierarchy ez-toc-counter ez-toc-grey ez-toc-container-direction\">\n<div class=\"ez-toc-title-container\">\n<p class=\"ez-toc-title\" style=\"cursor:inherit\">Tabla de con\u021binut<\/p>\n<span class=\"ez-toc-title-toggle\"><a href=\"#\" class=\"ez-toc-pull-right ez-toc-btn ez-toc-btn-xs ez-toc-btn-default ez-toc-toggle\" aria-label=\"Toggle Tabelul de con\u021binut\"><span class=\"ez-toc-js-icon-con\"><span class=\"\"><span class=\"eztoc-hide\" style=\"display:none;\">Toggle<\/span><span class=\"ez-toc-icon-toggle-span\"><svg style=\"fill: #999;color:#999\" xmlns=\"http:\/\/www.w3.org\/2000\/svg\" class=\"list-377408\" width=\"20px\" height=\"20px\" viewbox=\"0 0 24 24\" fill=\"none\"><path d=\"M6 6H4v2h2V6zm14 0H8v2h12V6zM4 11h2v2H4v-2zm16 0H8v2h12v-2zM4 16h2v2H4v-2zm16 0H8v2h12v-2z\" fill=\"currentColor\"><\/path><\/svg><svg style=\"fill: #999;color:#999\" class=\"arrow-unsorted-368013\" xmlns=\"http:\/\/www.w3.org\/2000\/svg\" width=\"10px\" height=\"10px\" viewbox=\"0 0 24 24\" version=\"1.2\" baseprofile=\"tiny\"><path d=\"M18.2 9.3l-6.2-6.3-6.2 6.3c-.2.2-.3.4-.3.7s.1.5.3.7c.2.2.4.3.7.3h11c.3 0 .5-.1.7-.3.2-.2.3-.5.3-.7s-.1-.5-.3-.7zM5.8 14.7l6.2 6.3 6.2-6.3c.2-.2.3-.5.3-.7s-.1-.5-.3-.7c-.2-.2-.4-.3-.7-.3h-11c-.3 0-.5.1-.7.3-.2.2-.3.5-.3.7s.1.5.3.7z\"\/><\/svg><\/span><\/span><\/span><\/a><\/span><\/div>\n<nav><ul class='ez-toc-list ez-toc-list-level-1' ><li class='ez-toc-page-1 ez-toc-heading-level-2'><a class=\"ez-toc-link ez-toc-heading-1\" href=\"https:\/\/ko-tropfen-kaufen.com\/ro\/dreptul-de-intoarcere\/#ko-tropfen-kaufencom_Ruckgaberecht\" >ko-tropfen-kaufen.com Dreptul de returnare<\/a><ul class='ez-toc-list-level-3' ><li class='ez-toc-heading-level-3'><a class=\"ez-toc-link ez-toc-heading-2\" href=\"https:\/\/ko-tropfen-kaufen.com\/ro\/dreptul-de-intoarcere\/#30-Tage-Geld-zuruck-Garantie\" >Garan\u021bie de rambursare a banilor de 30 de zile<\/a><\/li><li class='ez-toc-page-1 ez-toc-heading-level-3'><a class=\"ez-toc-link ez-toc-heading-3\" href=\"https:\/\/ko-tropfen-kaufen.com\/ro\/dreptul-de-intoarcere\/#Voraussetzungen_fur_eine_Ruckerstattung\" >Cerin\u021be pentru o rambursare<\/a><\/li><li class='ez-toc-page-1 ez-toc-heading-level-3'><a class=\"ez-toc-link ez-toc-heading-4\" href=\"https:\/\/ko-tropfen-kaufen.com\/ro\/dreptul-de-intoarcere\/#Nicht_erstattungsfahige_Artikel\" >Articole nerambursabile<\/a><\/li><li class='ez-toc-page-1 ez-toc-heading-level-3'><a class=\"ez-toc-link ez-toc-heading-5\" href=\"https:\/\/ko-tropfen-kaufen.com\/ro\/dreptul-de-intoarcere\/#So_beantragen_Sie_eine_Ruckerstattung\" >Cum s\u0103 solicita\u021bi o rambursare<\/a><\/li><li class='ez-toc-page-1 ez-toc-heading-level-3'><a class=\"ez-toc-link ez-toc-heading-6\" href=\"https:\/\/ko-tropfen-kaufen.com\/ro\/dreptul-de-intoarcere\/#Bearbeitung_Ihrer_Ruckerstattung\" >Procesarea ramburs\u0103rii dvs.<\/a><\/li><li class='ez-toc-page-1 ez-toc-heading-level-3'><a class=\"ez-toc-link ez-toc-heading-7\" href=\"https:\/\/ko-tropfen-kaufen.com\/ro\/dreptul-de-intoarcere\/#Kontaktieren_Sie_uns\" >Lua\u021bi leg\u0103tura cu noi<\/a><\/li><\/ul><\/li><\/ul><\/nav><\/div>\n<h2 class=\"wp-block-heading\" id=\"h-ko-tropfen-kaufen-com-ruckgaberecht\"><span class=\"ez-toc-section\" id=\"ko-tropfen-kaufencom_Ruckgaberecht\"><\/span>ko-tropfen-kaufen.com Dreptul de returnare<span class=\"ez-toc-section-end\"><\/span><\/h2>\n\n\n\n<p>Cu <a href=\"https:\/\/ko-tropfen-kaufen.com?v=820eb5b696ea\">Cump\u0103ra\u021bi-co-drops.com<\/a> ne str\u0103duim s\u0103 ne asigur\u0103m c\u0103 clien\u021bii no\u0219tri sunt complet mul\u021bumi\u021bi de achizi\u021biile lor. Dac\u0103 din orice motiv nu sunte\u021bi complet mul\u021bumit de comanda dvs., politica noastr\u0103 de returnare v\u0103 va ajuta.<\/p>\n\n\n\n<h3 class=\"wp-block-heading\" id=\"h-30-tage-geld-zuruck-garantie\"><span class=\"ez-toc-section\" id=\"30-Tage-Geld-zuruck-Garantie\"><\/span>Garan\u021bie de rambursare a banilor de 30 de zile<span class=\"ez-toc-section-end\"><\/span><\/h3>\n\n\n\n<p>Oferim o garan\u021bie de returnare a banilor de 30 de zile pentru toate produsele noastre. Dac\u0103 nu sunte\u021bi mul\u021bumit de achizi\u021bia dvs., pute\u021bi solicita o rambursare \u00een termen de 30 de zile de la data achizi\u021biei.<\/p>\n\n\n\n<h3 class=\"wp-block-heading\" id=\"h-voraussetzungen-fur-eine-ruckerstattung\"><span class=\"ez-toc-section\" id=\"Voraussetzungen_fur_eine_Ruckerstattung\"><\/span>Cerin\u021be pentru o rambursare<span class=\"ez-toc-section-end\"><\/span><\/h3>\n\n\n\n<p>Pentru a fi eligibil pentru o rambursare, trebuie \u00eendeplinite urm\u0103toarele condi\u021bii:<\/p>\n\n\n\n<ul class=\"wp-block-list\">\n<li>Produsul trebuie returnat \u00een starea sa original\u0103, nedeschis \u0219i neutilizat.<\/li>\n\n\n\n<li>Trebuie furnizat\u0103 dovada achizi\u021biei (num\u0103r de comand\u0103, chitan\u021b\u0103 sau e-mail de confirmare).<\/li>\n\n\n\n<li>Cererea de rambursare trebuie s\u0103 fie f\u0103cut\u0103 \u00een termen de 30 de zile de la data achizi\u021biei.<\/li>\n<\/ul>\n\n\n\n<h3 class=\"wp-block-heading\" id=\"h-nicht-erstattungsfahige-artikel\"><span class=\"ez-toc-section\" id=\"Nicht_erstattungsfahige_Artikel\"><\/span>Articole nerambursabile<span class=\"ez-toc-section-end\"><\/span><\/h3>\n\n\n\n<p>Anumite articole nu sunt rambursabile, inclusiv:<\/p>\n\n\n\n<ul class=\"wp-block-list\">\n<li>Produse care au fost deschise sau utilizate.<\/li>\n\n\n\n<li>Articole care au fost achizi\u021bionate \u00een cadrul unei reduceri sau a unei oferte speciale.<\/li>\n<\/ul>\n\n\n\n<h3 class=\"wp-block-heading\" id=\"h-so-beantragen-sie-eine-ruckerstattung\"><span class=\"ez-toc-section\" id=\"So_beantragen_Sie_eine_Ruckerstattung\"><\/span>Cum s\u0103 solicita\u021bi o rambursare<span class=\"ez-toc-section-end\"><\/span><\/h3>\n\n\n\n<ol class=\"wp-block-list\">\n<li><strong>V\u0103 rug\u0103m s\u0103 ne contacta\u021bi:<\/strong> Trimite\u021bi un e-mail echipei noastre de servicii pentru clien\u021bi la support@ko-tropfen-kaufen.com cu detaliile comenzii dvs. \u0219i motivul ramburs\u0103rii.<\/li>\n\n\n\n<li><strong>Autoriza\u021bie de retur:<\/strong> Echipa noastr\u0103 v\u0103 va trimite o autoriza\u021bie de returnare \u0219i instruc\u021biuni cu privire la modul de returnare a produsului.<\/li>\n\n\n\n<li><strong>Trimite\u021bi articolul:<\/strong> Trimite\u021bi-ne produsul \u00eenapoi \u00een ambalajul original, \u00eempreun\u0103 cu autoriza\u021bia de retur.<\/li>\n<\/ol>\n\n\n\n<h3 class=\"wp-block-heading\" id=\"h-bearbeitung-ihrer-ruckerstattung\"><span class=\"ez-toc-section\" id=\"Bearbeitung_Ihrer_Ruckerstattung\"><\/span>Procesarea ramburs\u0103rii dvs.<span class=\"ez-toc-section-end\"><\/span><\/h3>\n\n\n\n<p>Dup\u0103 ce am primit \u0219i am inspectat produsul returnat, v\u0103 vom notifica prin e-mail. Dac\u0103 rambursarea dvs. este aprobat\u0103, aceasta va fi procesat\u0103 \u0219i un credit va fi aplicat metodei dvs. de plat\u0103 originale \u00een termen de 5-7 zile lucr\u0103toare.<\/p>\n\n\n\n<h3 class=\"wp-block-heading\" id=\"h-kontaktieren-sie-uns\"><span class=\"ez-toc-section\" id=\"Kontaktieren_Sie_uns\"><\/span>Lua\u021bi leg\u0103tura cu noi<span class=\"ez-toc-section-end\"><\/span><\/h3>\n\n\n\n<p>Dac\u0103 ave\u021bi \u00eentreb\u0103ri cu privire la politica noastr\u0103 de returnare, v\u0103 rug\u0103m s\u0103 contacta\u021bi echipa noastr\u0103 de servicii pentru clien\u021bi la support@ko-tropfen-kaufen.com. Suntem aici pentru a v\u0103 ajuta \u0219i a ne asigura c\u0103 experien\u021ba dvs. de cump\u0103r\u0103turi este satisf\u0103c\u0103toare.<\/p>\n\n\n\n<p>V\u0103 mul\u021bumim pentru cump\u0103r\u0103turi la Ko-Tropfen-Kaufen.com!<\/p>","protected":false},"excerpt":{"rendered":"<p>ko-tropfen-kaufen.com R\u00fcckgaberecht Bei Ko-Tropfen-Kaufen.com bem\u00fchen wir uns, sicherzustellen, dass unsere Kunden vollst\u00e4ndig zufrieden mit ihren Eink\u00e4ufen sind. Wenn Sie aus irgendeinem Grund nicht ganz zufrieden mit Ihrer Bestellung sind, hilft Ihnen unser R\u00fcckgaberecht weiter. 30-Tage-Geld-zur\u00fcck-Garantie Wir bieten eine 30-Tage-Geld-zur\u00fcck-Garantie auf alle unsere Produkte. Wenn Sie mit Ihrem Kauf nicht zufrieden sind, k\u00f6nnen Sie innerhalb von [&hellip;]<\/p>\n","protected":false},"author":2,"featured_media":0,"parent":0,"menu_order":0,"comment_status":"closed","ping_status":"closed","template":"","meta":{"footnotes":""},"class_list":["post-15715","page","type-page","status-publish","hentry"],"blocksy_meta":[],"jetpack_sharing_enabled":true,"_links":{"self":[{"href":"https:\/\/ko-tropfen-kaufen.com\/ro\/wp-json\/wp\/v2\/pages\/15715","targetHints":{"allow":["GET"]}}],"collection":[{"href":"https:\/\/ko-tropfen-kaufen.com\/ro\/wp-json\/wp\/v2\/pages"}],"about":[{"href":"https:\/\/ko-tropfen-kaufen.com\/ro\/wp-json\/wp\/v2\/types\/page"}],"author":[{"embeddable":true,"href":"https:\/\/ko-tropfen-kaufen.com\/ro\/wp-json\/wp\/v2\/users\/2"}],"replies":[{"embeddable":true,"href":"https:\/\/ko-tropfen-kaufen.com\/ro\/wp-json\/wp\/v2\/comments?post=15715"}],"version-history":[{"count":1,"href":"https:\/\/ko-tropfen-kaufen.com\/ro\/wp-json\/wp\/v2\/pages\/15715\/revisions"}],"predecessor-version":[{"id":15716,"href":"https:\/\/ko-tropfen-kaufen.com\/ro\/wp-json\/wp\/v2\/pages\/15715\/revisions\/15716"}],"wp:attachment":[{"href":"https:\/\/ko-tropfen-kaufen.com\/ro\/wp-json\/wp\/v2\/media?parent=15715"}],"curies":[{"name":"wp","href":"https:\/\/api.w.org\/{rel}","templated":true}]}}