{"id":15712,"date":"2024-11-25T20:10:01","date_gmt":"2024-11-25T20:10:01","guid":{"rendered":"https:\/\/ko-tropfen-kaufen.com\/?page_id=15712"},"modified":"2024-11-25T20:10:02","modified_gmt":"2024-11-25T20:10:02","slug":"informatii-legale-si-de-siguranta","status":"publish","type":"page","link":"https:\/\/ko-tropfen-kaufen.com\/ro\/informatii-legale-si-de-siguranta\/","title":{"rendered":"Securitate"},"content":{"rendered":"<p><a href=\"https:\/\/ko-tropfen-kaufen.com\/product\/gbl-kaufen-legal\/\">GBL<\/a> \u0219i <a href=\"https:\/\/ko-tropfen-kaufen.com\/product\/ghb-kaufen\/\">GHB<\/a> pot fi substan\u021be periculoase dac\u0103 nu sunt manipulate corespunz\u0103tor.<\/p>\n\n\n\n<ul class=\"wp-block-list\">\n<li><strong>Daune pentru s\u0103n\u0103tate:<\/strong> Ambele substan\u021be pot provoca daune grave s\u0103n\u0103t\u0103\u021bii, incon\u0219tien\u021b\u0103, depresie respiratorie \u0219i chiar deces dac\u0103 sunt administrate incorect.<\/li>\n\n\n\n<li><strong>Pericolul de dependen\u021b\u0103:<\/strong> GHB are un poten\u021bial ridicat de dependen\u021b\u0103 \u0219i consumul poate duce rapid la dependen\u021b\u0103.<\/li>\n\n\n\n<li><strong>Restric\u021bii legale:<\/strong> V\u00e2nzarea \u0219i de\u021binerea de GHB sunt strict interzise \u00een Germania \u00een temeiul Legii privind stupefiantele (BtMG). GBL face, de asemenea, obiectul controlului legal, \u00een func\u021bie de domeniul de aplicare.<\/li>\n<\/ul>\n\n\n\n<p>Informa\u021bi-v\u0103 \u00eenainte de fiecare utilizare!<\/p>\n\n\n\n<h2 class=\"wp-block-heading\" id=\"h-rechtliche-aspekte\"><strong>Aspecte juridice<\/strong><\/h2>\n\n\n\n<ul class=\"wp-block-list\">\n<li><strong>Germania:<\/strong> V\u00e2nzarea \u0219i de\u021binerea de GHB nu sunt legale (dar dealerii continu\u0103 s\u0103 cumpere \u0219i s\u0103 v\u00e2nd\u0103 GHB). GBL face obiectul anexei 2 la Ordonan\u021ba privind substan\u021bele periculoase (GefStoffV) \u0219i poate fi achizi\u021bionat \u0219i utilizat numai cu o licen\u021b\u0103 corespunz\u0103toare.<\/li>\n\n\n\n<li><strong>Interna\u021bional:<\/strong> Situa\u021bia juridic\u0103 privind GBL \u0219i GHB poate varia considerabil \u00een \u00eentreaga lume. Verifica\u021bi \u00eentotdeauna legisla\u021bia aplicabil\u0103 \u00een \u021bara dumneavoastr\u0103 \u00eenainte de a cump\u0103ra sau de a utiliza GBL sau GHB.<\/li>\n<\/ul>\n\n\n\n<p><strong>Dac\u0103 ave\u021bi \u00eentreb\u0103ri cu privire la manipularea substan\u021belor chimice periculoase, v\u0103 rug\u0103m s\u0103 contacta\u021bi un distribuitor specializat certificat sau un expert chimic.<\/strong><\/p>\n\n\n\n<p><strong>Urm\u0103toarele resurse pot fi utile:<\/strong><\/p>\n\n\n\n<ul class=\"wp-block-list\">\n<li><strong>Institutul Federal pentru Securitate \u0219i S\u0103n\u0103tate \u00een Munc\u0103 (BAUA):<\/strong> <a href=\"https:\/\/www.baua.de\/\" target=\"_blank\" rel=\"noreferrer noopener\">https:\/\/www.baua.de\/<\/a><\/li>\n\n\n\n<li><strong>Centrul de control al otr\u0103vurilor:<\/strong> <a href=\"\/\/www.bvl.bund.de\/DE\/Arbeitsbereiche\/01_Lebensmittel\/03_Verbraucher\/09_InfektionenIntoxikationen\/02_Giftnotrufzentralen\/lm_LMVergiftung_giftnotrufzentralen_node.html\" target=\"_blank\" rel=\"noreferrer noopener\">https:\/\/www.bvl.bund.de\/DE\/Arbeitsbereiche\/01_Lebensmittel\/03_Verbraucher\/09_InfektionenIntoxikationen\/02_Giftnotrufzentralen\/lm_LMVergiftung_giftnotrufzentralen_node.html<\/a><\/li>\n<\/ul>\n\n\n\n<p><strong>Alte cuvinte cheie relevante:<\/strong> GBL, gamma-butirolacton\u0103, GHB, acid gamma-hidroxibutiric, substan\u021be periculoase, Legea privind stupefiantele (BtMG), Ordonan\u021ba privind substan\u021bele periculoase (GefStoffV), situa\u021bie juridic\u0103, daune pentru s\u0103n\u0103tate, risc de dependen\u021b\u0103.<\/p>","protected":false},"excerpt":{"rendered":"<p>GBL und GHB k\u00f6nnen gef\u00e4hrliche Stoffe sein, wenn sie nicht ordnungsgem\u00e4\u00df gehandhabt werden. Informieren Sie sich vor jeder Verwendung! Rechtliche Aspekte Wenn Sie Fragen zum Umgang mit gef\u00e4hrlichen chemischen Substanzen haben, wenden Sie sich bitte an einen zertifizierten Fachh\u00e4ndler oder eine chemische Sachverst\u00e4ndigen. Folgende Ressourcen k\u00f6nnen hilfreich sein: Andere relevante Keywords: GBL, Gamma-Butyrolacton, GHB, Gamma-Hydroxybutters\u00e4ure, [&hellip;]<\/p>\n","protected":false},"author":2,"featured_media":15713,"parent":0,"menu_order":0,"comment_status":"closed","ping_status":"closed","template":"","meta":{"footnotes":""},"class_list":["post-15712","page","type-page","status-publish","has-post-thumbnail","hentry"],"blocksy_meta":[],"jetpack_sharing_enabled":true,"_links":{"self":[{"href":"https:\/\/ko-tropfen-kaufen.com\/ro\/wp-json\/wp\/v2\/pages\/15712","targetHints":{"allow":["GET"]}}],"collection":[{"href":"https:\/\/ko-tropfen-kaufen.com\/ro\/wp-json\/wp\/v2\/pages"}],"about":[{"href":"https:\/\/ko-tropfen-kaufen.com\/ro\/wp-json\/wp\/v2\/types\/page"}],"author":[{"embeddable":true,"href":"https:\/\/ko-tropfen-kaufen.com\/ro\/wp-json\/wp\/v2\/users\/2"}],"replies":[{"embeddable":true,"href":"https:\/\/ko-tropfen-kaufen.com\/ro\/wp-json\/wp\/v2\/comments?post=15712"}],"version-history":[{"count":1,"href":"https:\/\/ko-tropfen-kaufen.com\/ro\/wp-json\/wp\/v2\/pages\/15712\/revisions"}],"predecessor-version":[{"id":15714,"href":"https:\/\/ko-tropfen-kaufen.com\/ro\/wp-json\/wp\/v2\/pages\/15712\/revisions\/15714"}],"wp:featuredmedia":[{"embeddable":true,"href":"https:\/\/ko-tropfen-kaufen.com\/ro\/wp-json\/wp\/v2\/media\/15713"}],"wp:attachment":[{"href":"https:\/\/ko-tropfen-kaufen.com\/ro\/wp-json\/wp\/v2\/media?parent=15712"}],"curies":[{"name":"wp","href":"https:\/\/api.w.org\/{rel}","templated":true}]}}