{"id":15705,"date":"2024-11-25T20:57:41","date_gmt":"2024-11-25T19:57:41","guid":{"rendered":"https:\/\/ko-tropfen-kaufen.com\/?page_id=15705"},"modified":"2025-11-05T08:36:16","modified_gmt":"2025-11-05T07:36:16","slug":"ce-este-gbl","status":"publish","type":"page","link":"https:\/\/ko-tropfen-kaufen.com\/ro\/ce-este-gbl\/","title":{"rendered":"Ce este GBL"},"content":{"rendered":"<p>Ce este GBL - Gamma-butirolactona (GBL) este un lichid incolor, higroscopic, cunoscut pentru utilizarea sa ca solvent industrial \u0219i intermediar chimic.<\/p>\n\n\n\n<p>Acesta are formula molecular\u0103 C\u2084H\u2086O\u2082 \u0219i se caracterizeaz\u0103 printr-un miros slab \u0219i un gust amar. GBL este o lacton\u0103, un tip de ester ciclic, \u0219i este un precursor al acidului gamma-hidroxibutiric (GHB).<\/p>\n\n\n\n<blockquote class=\"wp-block-quote is-layout-flow wp-block-quote-is-layout-flow\">\n<p>Alte denumiri ale GBL: liquid ecstasys, blue nitro, blue nitro vitality, ghb droge, g droge, gbl dosieren, renewtrient, fire water, gamma-g, gh revitaliser, remforce.<\/p>\n<\/blockquote>\n\n\n\n<div id=\"ez-toc-container\" class=\"ez-toc-v2_0_82_2 counter-hierarchy ez-toc-counter ez-toc-grey ez-toc-container-direction\">\n<div class=\"ez-toc-title-container\">\n<p class=\"ez-toc-title\" style=\"cursor:inherit\">Tabla de con\u021binut<\/p>\n<span class=\"ez-toc-title-toggle\"><a href=\"#\" class=\"ez-toc-pull-right ez-toc-btn ez-toc-btn-xs ez-toc-btn-default ez-toc-toggle\" aria-label=\"Toggle Tabelul de con\u021binut\"><span class=\"ez-toc-js-icon-con\"><span class=\"\"><span class=\"eztoc-hide\" style=\"display:none;\">Toggle<\/span><span class=\"ez-toc-icon-toggle-span\"><svg style=\"fill: #999;color:#999\" xmlns=\"http:\/\/www.w3.org\/2000\/svg\" class=\"list-377408\" width=\"20px\" height=\"20px\" viewbox=\"0 0 24 24\" fill=\"none\"><path d=\"M6 6H4v2h2V6zm14 0H8v2h12V6zM4 11h2v2H4v-2zm16 0H8v2h12v-2zM4 16h2v2H4v-2zm16 0H8v2h12v-2z\" fill=\"currentColor\"><\/path><\/svg><svg style=\"fill: #999;color:#999\" class=\"arrow-unsorted-368013\" xmlns=\"http:\/\/www.w3.org\/2000\/svg\" width=\"10px\" height=\"10px\" viewbox=\"0 0 24 24\" version=\"1.2\" baseprofile=\"tiny\"><path d=\"M18.2 9.3l-6.2-6.3-6.2 6.3c-.2.2-.3.4-.3.7s.1.5.3.7c.2.2.4.3.7.3h11c.3 0 .5-.1.7-.3.2-.2.3-.5.3-.7s-.1-.5-.3-.7zM5.8 14.7l6.2 6.3 6.2-6.3c.2-.2.3-.5.3-.7s-.1-.5-.3-.7c-.2-.2-.4-.3-.7-.3h-11c-.3 0-.5.1-.7.3-.2.2-.3.5-.3.7s.1.5.3.7z\"\/><\/svg><\/span><\/span><\/span><\/a><\/span><\/div>\n<nav><ul class='ez-toc-list ez-toc-list-level-1' ><li class='ez-toc-page-1 ez-toc-heading-level-2'><a class=\"ez-toc-link ez-toc-heading-1\" href=\"https:\/\/ko-tropfen-kaufen.com\/ro\/ce-este-gbl\/#Chemische_Eigenschaften_und_industrielle_Verwendung_von_Gamma-Butyrolacton\" >Propriet\u0103\u021bile chimice \u0219i utilizarea industrial\u0103 a gamma-butirolactonei<\/a><\/li><li class='ez-toc-page-1 ez-toc-heading-level-2'><a class=\"ez-toc-link ez-toc-heading-2\" href=\"https:\/\/ko-tropfen-kaufen.com\/ro\/ce-este-gbl\/#Andere_Verwendungen_von_GBL\" >Alte utiliz\u0103ri ale GBL<\/a><\/li><li class='ez-toc-page-1 ez-toc-heading-level-2'><a class=\"ez-toc-link ez-toc-heading-3\" href=\"https:\/\/ko-tropfen-kaufen.com\/ro\/ce-este-gbl\/#Chemische_Reaktionen_von_GBL\" >Reac\u021bii chimice ale GBL<\/a><\/li><li class='ez-toc-page-1 ez-toc-heading-level-2'><a class=\"ez-toc-link ez-toc-heading-4\" href=\"https:\/\/ko-tropfen-kaufen.com\/ro\/ce-este-gbl\/#Regulierung_und_Rechtsstatus\" >Reglementare \u0219i statut juridic<\/a><\/li><li class='ez-toc-page-1 ez-toc-heading-level-2'><a class=\"ez-toc-link ez-toc-heading-5\" href=\"https:\/\/ko-tropfen-kaufen.com\/ro\/ce-este-gbl\/#Gesundheitliche_Auswirkungen_und_Risiken\" >Efecte \u0219i riscuri pentru s\u0103n\u0103tate<\/a><\/li><li class='ez-toc-page-1 ez-toc-heading-level-2'><a class=\"ez-toc-link ez-toc-heading-6\" href=\"https:\/\/ko-tropfen-kaufen.com\/ro\/ce-este-gbl\/#Wo_kann_man_GBL_kaufen\" >De unde pute\u021bi cump\u0103ra GBL?<\/a><\/li><\/ul><\/nav><\/div>\n<h2 class=\"wp-block-heading\" id=\"h-chemische-eigenschaften-und-industrielle-verwendung-von-gamma-butyrolacton\"><span class=\"ez-toc-section\" id=\"Chemische_Eigenschaften_und_industrielle_Verwendung_von_Gamma-Butyrolacton\"><\/span>Propriet\u0103\u021bile chimice \u0219i utilizarea industrial\u0103 a gamma-butirolactonei<span class=\"ez-toc-section-end\"><\/span><\/h2>\n\n\n\n<p>GBL este produs industrial prin dehidrogenarea 1,4-butanediolului \u00een prezen\u021ba unui catalizator de cupru la temperaturi cuprinse \u00eentre 180-300 \u00b0C.<\/p>\n\n\n\n<p>Randamentul acestui proces este de aproximativ 95 %, cu purificare prin extrac\u021bie \u00een faz\u0103 gazoas\u0103 lichid\u0103. GBL poate fi, de asemenea, sintetizat \u00een laborator prin oxidarea tetrahidrofuranului (THF) sau printr-o reac\u021bie catalizat\u0103 de lipaz\u0103 cu 4-hidroxibutiratul (4-HB).<\/p>\n\n\n\n<p>GBL este, de asemenea, utilizat ca intermediar \u00een produc\u021bia altor substan\u021be chimice, cum ar fi N-metil-2-pirrolidona (NMP) \u0219i pirrolidona, precum \u0219i \u00een sinteza anumitor produse farmaceutice.<\/p>\n\n\n\n<h2 class=\"wp-block-heading\" id=\"h-andere-verwendungen-von-gbl\"><span class=\"ez-toc-section\" id=\"Andere_Verwendungen_von_GBL\"><\/span>Alte utiliz\u0103ri ale GBL<span class=\"ez-toc-section-end\"><\/span><\/h2>\n\n\n\n<ul class=\"wp-block-list\">\n<li>Culoare mai sub\u021bire<\/li>\n\n\n\n<li>Agen\u021bi de cur\u0103\u021bare<\/li>\n\n\n\n<li>Dispozitiv de \u00eendep\u0103rtare a lipiciului super<\/li>\n\n\n\n<li>Condensatoare electrolitice<\/li>\n<\/ul>\n\n\n\n<h2 class=\"wp-block-heading\" id=\"h-chemische-reaktionen-von-gbl\"><span class=\"ez-toc-section\" id=\"Chemische_Reaktionen_von_GBL\"><\/span>Reac\u021bii chimice ale GBL<span class=\"ez-toc-section-end\"><\/span><\/h2>\n\n\n\n<p>Structura chimic\u0103 a GBL permite hidroliza sa \u00een acid gamma-hidroxibutiric (GHB) \u00een condi\u021bii bazice. Aceast\u0103 proprietate a condus la utilizarea GBL pentru a produce GHB, care este at\u00e2t un agent terapeutic, c\u00e2t \u0219i o substan\u021b\u0103 de abuz. Procesul de conversie este simplu, f\u0103c\u00e2nd din GBL un precursor important pentru sinteza GHB.<\/p>\n\n\n\n<figure class=\"wp-block-image size-full\"><img data-recalc-dims=\"1\" fetchpriority=\"high\" decoding=\"async\" width=\"1024\" height=\"379\" src=\"https:\/\/i0.wp.com\/ko-tropfen-kaufen.com\/wp-content\/uploads\/2024\/11\/Gbl-Produktionsprozess-1024x379-1.png?resize=1024%2C379&#038;ssl=1\" alt=\"\" class=\"wp-image-15708\" srcset=\"https:\/\/i0.wp.com\/ko-tropfen-kaufen.com\/wp-content\/uploads\/2024\/11\/Gbl-Produktionsprozess-1024x379-1.png?w=1024&amp;ssl=1 1024w, https:\/\/i0.wp.com\/ko-tropfen-kaufen.com\/wp-content\/uploads\/2024\/11\/Gbl-Produktionsprozess-1024x379-1.png?resize=430%2C159&amp;ssl=1 430w, https:\/\/i0.wp.com\/ko-tropfen-kaufen.com\/wp-content\/uploads\/2024\/11\/Gbl-Produktionsprozess-1024x379-1.png?resize=700%2C259&amp;ssl=1 700w, https:\/\/i0.wp.com\/ko-tropfen-kaufen.com\/wp-content\/uploads\/2024\/11\/Gbl-Produktionsprozess-1024x379-1.png?resize=400%2C148&amp;ssl=1 400w, https:\/\/i0.wp.com\/ko-tropfen-kaufen.com\/wp-content\/uploads\/2024\/11\/Gbl-Produktionsprozess-1024x379-1.png?resize=768%2C284&amp;ssl=1 768w\" sizes=\"(max-width: 1024px) 100vw, 1024px\" \/><\/figure>\n\n\n\n<h2 class=\"wp-block-heading\" id=\"h-regulierung-und-rechtsstatus\"><span class=\"ez-toc-section\" id=\"Regulierung_und_Rechtsstatus\"><\/span>Reglementare \u0219i statut juridic<span class=\"ez-toc-section-end\"><\/span><\/h2>\n\n\n\n<p>GBL este reglementat prin lege \u00een multe \u021b\u0103ri, deoarece poate fi consumat \u00een mod abuziv ca drog recreativ prin transformarea sa \u00een GHB \u00een organism. GHB este cunoscut pentru efectele sale sedative \u0219i euforice, care au dus la asocierea sa cu utilizarea ilegal\u0103 \u0219i cu probleme de siguran\u021b\u0103. Ca urmare, GBL este adesea controlat\u0103 \u00een temeiul legilor privind precursorii de droguri, iar v\u00e2nzarea \u0219i de\u021binerea sa pot fi restric\u021bionate.<\/p>\n\n\n\n<h2 class=\"wp-block-heading\" id=\"h-gesundheitliche-auswirkungen-und-risiken\"><span class=\"ez-toc-section\" id=\"Gesundheitliche_Auswirkungen_und_Risiken\"><\/span>Efecte \u0219i riscuri pentru s\u0103n\u0103tate<span class=\"ez-toc-section-end\"><\/span><\/h2>\n\n\n\n<p>Consumul de GBL poate provoca o serie de efecte secundare, inclusiv grea\u021b\u0103, dureri de cap, vedere \u00eence\u021bo\u0219at\u0103, b\u0103t\u0103i rapide ale inimii \u0219i cre\u0219terea tensiunii arteriale. Abuzul pe termen lung poate duce la probleme grave de s\u0103n\u0103tate mintal\u0103 \u0219i fizic\u0103, cum ar fi depresia, anxietatea \u0219i chiar psihoza. Prin urmare, este esen\u021bial s\u0103 se consume GBL \u00een mod responsabil \u0219i \u00een conformitate cu orient\u0103rile legale \u0219i de siguran\u021b\u0103 relevante.<\/p>\n\n\n\n<figure class=\"wp-block-image size-full is-resized\"><img data-recalc-dims=\"1\" decoding=\"async\" width=\"1024\" height=\"585\" src=\"https:\/\/i0.wp.com\/ko-tropfen-kaufen.com\/wp-content\/uploads\/2024\/11\/GBL-pharmacie-1024x585-1.jpg?resize=1024%2C585&#038;ssl=1\" alt=\"\" class=\"wp-image-15709\" style=\"width:1192px;height:auto\" srcset=\"https:\/\/i0.wp.com\/ko-tropfen-kaufen.com\/wp-content\/uploads\/2024\/11\/GBL-pharmacie-1024x585-1.jpg?w=1024&amp;ssl=1 1024w, https:\/\/i0.wp.com\/ko-tropfen-kaufen.com\/wp-content\/uploads\/2024\/11\/GBL-pharmacie-1024x585-1.jpg?resize=430%2C246&amp;ssl=1 430w, https:\/\/i0.wp.com\/ko-tropfen-kaufen.com\/wp-content\/uploads\/2024\/11\/GBL-pharmacie-1024x585-1.jpg?resize=700%2C400&amp;ssl=1 700w, https:\/\/i0.wp.com\/ko-tropfen-kaufen.com\/wp-content\/uploads\/2024\/11\/GBL-pharmacie-1024x585-1.jpg?resize=400%2C229&amp;ssl=1 400w, https:\/\/i0.wp.com\/ko-tropfen-kaufen.com\/wp-content\/uploads\/2024\/11\/GBL-pharmacie-1024x585-1.jpg?resize=768%2C439&amp;ssl=1 768w\" sizes=\"(max-width: 1024px) 100vw, 1024px\" \/><\/figure>\n\n\n\n<h2 class=\"wp-block-heading\" id=\"h-wo-kann-man-gbl-kaufen\"><span class=\"ez-toc-section\" id=\"Wo_kann_man_GBL_kaufen\"><\/span>De unde pute\u021bi cump\u0103ra GBL?<span class=\"ez-toc-section-end\"><\/span><\/h2>\n\n\n\n<p>Dac\u0103 ave\u021bi nevoie de GBL \u00een scopuri industriale legitime, \u00eel pute\u021bi cump\u0103ra de la diver\u0219i furnizori. Sursele de \u00eencredere includ furnizori de produse chimice specializate \u0219i furnizori industriali. Atunci c\u00e2nd cump\u0103ra\u021bi GBL, asigura\u021bi-v\u0103 \u00eentotdeauna c\u0103 respecta\u021bi reglement\u0103rile locale. Cercetarea furnizorilor \u0219i citirea recenziilor v\u0103 pot ajuta s\u0103 v\u0103 asigura\u021bi c\u0103 ob\u021bine\u021bi GBL de \u00eenalt\u0103 calitate pentru nevoile dumneavoastr\u0103.<\/p>\n\n\n\n<ul class=\"wp-block-list\">\n<li><strong>GBL Clean Shop<\/strong>Acest magazin ofer\u0103 o varietate de produse GBL care sunt comercializate \u00een principal \u00een scopuri de cur\u0103\u021bare industrial\u0103, cum ar fi cur\u0103\u021barea ro\u021bilor \u0219i aplica\u021bii cu solven\u021bi. Compania pune mare accent pe calitatea \u0219i puritatea produselor sale GBL \u0219i ofer\u0103 instruc\u021biuni detaliate de utilizare (GBL Clean Shop).<\/li>\n\n\n\n<li><strong>Magazin GBL<\/strong>Acest magazin este cunoscut pentru gama sa complet\u0103 de produse GBL \u0219i ofer\u0103 op\u021biuni pentru diferite cantit\u0103\u021bi, inclusiv 500 ml, 1 litru, 2 litri, 5 litri \u0219i mai mult. Acesta asigur\u0103 tranzac\u021bii sigure \u0219i discrete \u0219i ofer\u0103 pre\u021buri competitive (<a href=\"https:\/\/ko-tropfen-kaufen.com\/serioser-gbl-shop\">Magazin GBL<\/a>).<\/li>\n\n\n\n<li><strong>Laborator de chimie GBL<\/strong>GBL este v\u00e2ndut \u00een diferite cantit\u0103\u021bi pe acest site \u0219i este promovat\u0103 utilizarea sa pentru cur\u0103\u021barea industrial\u0103 \u0219i ca intermediar chimic. Ace\u0219tia pun accentul pe procesul securizat de comand\u0103 \u0219i pe op\u021biunile de expediere rapid\u0103 (GBL Chem Lab).<\/li>\n<\/ul>\n\n\n\n<p>Informa\u021bii mai detaliate pot fi g\u0103site \u00een surse precum Wikipedia \u0219i FineChemical.net (<a href=\"https:\/\/de.wikipedia.org\/wiki\/\u0393-Butyrolacton\" target=\"_blank\" rel=\"noopener\">Wikipedia<\/a>) (Anbu Chem).<\/p>\n\n\n\n<p>Pe scurt, istoria GBL este caracterizat\u0103 de rolul s\u0103u dublu de solvent industrial valoros \u0219i de precursor controlat al GHB, reflect\u00e2nd at\u00e2t utilitatea sa, c\u00e2t \u0219i nevoia de reglementare pentru a reduce abuzul.<\/p>","protected":false},"excerpt":{"rendered":"<p>Was ist GBL &#8211; Gamma-Butyrolacton (GBL) ist eine farblose, hygroskopische Fl\u00fcssigkeit, die f\u00fcr ihre Verwendung als industrielles L\u00f6sungsmittel und chemisches Zwischenprodukt bekannt ist. Es hat die Molekularformel C\u2084H\u2086O\u2082 und zeichnet sich durch einen schwachen Geruch und einen bitteren Geschmack aus. GBL ist ein Lacton, eine Art zyklischer Ester, und ist ein Vorl\u00e4ufer von Gamma-Hydroxybutters\u00e4ure (GHB). [&hellip;]<\/p>\n","protected":false},"author":2,"featured_media":0,"parent":0,"menu_order":0,"comment_status":"closed","ping_status":"closed","template":"","meta":{"footnotes":""},"class_list":["post-15705","page","type-page","status-publish","hentry"],"blocksy_meta":[],"jetpack_sharing_enabled":true,"_links":{"self":[{"href":"https:\/\/ko-tropfen-kaufen.com\/ro\/wp-json\/wp\/v2\/pages\/15705","targetHints":{"allow":["GET"]}}],"collection":[{"href":"https:\/\/ko-tropfen-kaufen.com\/ro\/wp-json\/wp\/v2\/pages"}],"about":[{"href":"https:\/\/ko-tropfen-kaufen.com\/ro\/wp-json\/wp\/v2\/types\/page"}],"author":[{"embeddable":true,"href":"https:\/\/ko-tropfen-kaufen.com\/ro\/wp-json\/wp\/v2\/users\/2"}],"replies":[{"embeddable":true,"href":"https:\/\/ko-tropfen-kaufen.com\/ro\/wp-json\/wp\/v2\/comments?post=15705"}],"version-history":[{"count":2,"href":"https:\/\/ko-tropfen-kaufen.com\/ro\/wp-json\/wp\/v2\/pages\/15705\/revisions"}],"predecessor-version":[{"id":15831,"href":"https:\/\/ko-tropfen-kaufen.com\/ro\/wp-json\/wp\/v2\/pages\/15705\/revisions\/15831"}],"wp:attachment":[{"href":"https:\/\/ko-tropfen-kaufen.com\/ro\/wp-json\/wp\/v2\/media?parent=15705"}],"curies":[{"name":"wp","href":"https:\/\/api.w.org\/{rel}","templated":true}]}}