{"id":15965,"date":"2025-08-13T20:06:48","date_gmt":"2025-08-13T20:06:48","guid":{"rendered":"https:\/\/ko-tropfen-kaufen.com\/?post_type=product&#038;p=15965"},"modified":"2025-11-16T14:24:14","modified_gmt":"2025-11-16T13:24:14","slug":"oxibato-de-sodio","status":"publish","type":"product","link":"https:\/\/ko-tropfen-kaufen.com\/pt\/product\/oxibato-de-sodio\/","title":{"rendered":"Oxybato de s\u00f3dio Ethypharm 500 mg\/ml"},"content":{"rendered":"<h2 data-start=\"213\" data-end=\"315\">Comprar oxibato de s\u00f3dio Ethypharm 500 mg\/ml solution - Mat\u00e9ria-prima de alta qualidade para a investiga\u00e7\u00e3o e a ind\u00fastria<\/h2>\n<p data-start=\"317\" data-end=\"694\"><strong data-start=\"317\" data-end=\"361\">Oxibato de s\u00f3dio Ethypharm 500 mg\/ml solu\u00e7\u00e3o<\/strong> (tamb\u00e9m conhecido pela denomina\u00e7\u00e3o comum internacional oxibato de s\u00f3dio e pela denomina\u00e7\u00e3o comercial <em data-start=\"448\" data-end=\"455\">Xyrem<\/em>) \u00e9 o sal de s\u00f3dio do \u00e1cido gama-hidroxibut\u00edrico (<a href=\"https:\/\/ko-tropfen-kaufen.com\/product\/ghb-kaufen\/\">GHB<\/a>).<br data-start=\"512\" data-end=\"515\" \/>Na investiga\u00e7\u00e3o e na ind\u00fastria, \u00e9 principalmente utilizado para estudos farmacol\u00f3gicos, an\u00e1lises neuroqu\u00edmicas e para o desenvolvimento e valida\u00e7\u00e3o de novas formula\u00e7\u00f5es.<\/p>\n<p data-start=\"696\" data-end=\"929\">Na Alemanha <strong data-start=\"722\" data-end=\"749\">Oxibato de s\u00f3dio Ethypharm<\/strong> regulamentos legais estritos de acordo com o <strong data-start=\"792\" data-end=\"825\">Lei dos Estupefacientes (BtMG)<\/strong> e s\u00f3 pode ser utilizado para fins cient\u00edficos ou industriais autorizados.<\/p>\n<h3 data-start=\"936\" data-end=\"977\">Porqu\u00ea escolher o oxibato de s\u00f3dio Ethypharm?<\/h3>\n<ul data-start=\"978\" data-end=\"1391\">\n<li data-start=\"978\" data-end=\"1074\">\n<p data-start=\"980\" data-end=\"1074\"><strong data-start=\"980\" data-end=\"1013\">Aplica\u00e7\u00f5es de investiga\u00e7\u00e3o precisas<\/strong> - ideal para estudos farmacol\u00f3gicos e neurobiol\u00f3gicos.<\/p>\n<\/li>\n<li data-start=\"1075\" data-end=\"1183\">\n<p data-start=\"1077\" data-end=\"1183\"><strong data-start=\"1077\" data-end=\"1121\">Elevada pureza e concentra\u00e7\u00e3o definida<\/strong> - 500 mg\/ml garantem resultados de teste reprodut\u00edveis.<\/p>\n<\/li>\n<li data-start=\"1184\" data-end=\"1281\">\n<p data-start=\"1186\" data-end=\"1281\"><strong data-start=\"1186\" data-end=\"1209\">Compat\u00edvel com o sector<\/strong> - Adequado para otimiza\u00e7\u00e3o de processos, controlo de qualidade e an\u00e1lise.<\/p>\n<\/li>\n<li data-start=\"1282\" data-end=\"1391\">\n<p data-start=\"1284\" data-end=\"1391\"><strong data-start=\"1284\" data-end=\"1312\">Documenta\u00e7\u00e3o completa<\/strong> - Fornecido com COA (Certificado de An\u00e1lise) e SDS (Ficha de Dados de Seguran\u00e7a).<\/p>\n<\/li>\n<\/ul>\n<h3 data-start=\"1398\" data-end=\"1464\">Que cuidados devo ter ao comprar Oxybato de s\u00f3dio Ethypharm 500 mg\/ml?<\/h3>\n<ol data-start=\"1465\" data-end=\"2035\">\n<li data-start=\"1465\" data-end=\"1615\">\n<p data-start=\"1468\" data-end=\"1500\"><strong data-start=\"1468\" data-end=\"1498\">Pureza e concentra\u00e7\u00e3o<\/strong><\/p>\n<ul data-start=\"1504\" data-end=\"1615\">\n<li data-start=\"1504\" data-end=\"1615\">\n<p data-start=\"1506\" data-end=\"1615\">Grau farmac\u00eautico, definido como 500 mg\/ml; para trabalhos cient\u00edficos \u00e9 necess\u00e1ria uma pureza \u2265 99 %.<\/p>\n<\/li>\n<\/ul>\n<\/li>\n<li data-start=\"1616\" data-end=\"1751\">\n<p data-start=\"1619\" data-end=\"1636\"><strong data-start=\"1619\" data-end=\"1634\">Certificados<\/strong><\/p>\n<ul data-start=\"1640\" data-end=\"1751\">\n<li data-start=\"1640\" data-end=\"1690\">\n<p data-start=\"1642\" data-end=\"1690\"><strong data-start=\"1642\" data-end=\"1649\">COA<\/strong> para confirmar a an\u00e1lise qu\u00edmica<\/p>\n<\/li>\n<li data-start=\"1694\" data-end=\"1751\">\n<p data-start=\"1696\" data-end=\"1751\"><strong data-start=\"1696\" data-end=\"1703\">SDS<\/strong> com todas as informa\u00e7\u00f5es relevantes para a seguran\u00e7a<\/p>\n<\/li>\n<\/ul>\n<\/li>\n<li data-start=\"1752\" data-end=\"1906\">\n<p data-start=\"1755\" data-end=\"1789\"><strong data-start=\"1755\" data-end=\"1787\">Fornecedor de confian\u00e7a<\/strong><\/p>\n<ul data-start=\"1793\" data-end=\"1906\">\n<li data-start=\"1793\" data-end=\"1850\">\n<p data-start=\"1795\" data-end=\"1850\">Experi\u00eancia comprovada no dom\u00ednio das subst\u00e2ncias regulamentadas<\/p>\n<\/li>\n<li data-start=\"1854\" data-end=\"1906\">\n<p data-start=\"1856\" data-end=\"1906\">Conformidade com os requisitos legais alem\u00e3es e da UE<\/p>\n<\/li>\n<\/ul>\n<\/li>\n<li data-start=\"1907\" data-end=\"2035\">\n<p data-start=\"1910\" data-end=\"1936\"><strong data-start=\"1910\" data-end=\"1934\">Embalagem e expedi\u00e7\u00e3o<\/strong><\/p>\n<ul data-start=\"1940\" data-end=\"2035\">\n<li data-start=\"1940\" data-end=\"1982\">\n<p data-start=\"1942\" data-end=\"1982\">Frascos selados e resistentes a produtos qu\u00edmicos<\/p>\n<\/li>\n<li data-start=\"1986\" data-end=\"2035\">\n<p data-start=\"1988\" data-end=\"2035\">Transporte de mercadorias perigosas ADR com temperatura controlada<\/p>\n<\/li>\n<\/ul>\n<\/li>\n<\/ol>\n<h3 data-start=\"2042\" data-end=\"2079\">Dados t\u00e9cnicos<\/h3>\n<ul data-start=\"2080\" data-end=\"2469\">\n<li data-start=\"2080\" data-end=\"2141\">\n<p data-start=\"2082\" data-end=\"2141\"><strong data-start=\"2082\" data-end=\"2098\">Nome comercial:<\/strong> Oxibato de s\u00f3dio Ethypharm 500 mg\/ml solu\u00e7\u00e3o<\/p>\n<\/li>\n<li data-start=\"2142\" data-end=\"2198\">\n<p data-start=\"2144\" data-end=\"2198\"><strong data-start=\"2144\" data-end=\"2170\">Denomina\u00e7\u00e3o qu\u00edmica:<\/strong> 4-hidroxibutanoato de s\u00f3dio<\/p>\n<\/li>\n<li data-start=\"2199\" data-end=\"2229\">\n<p data-start=\"2201\" data-end=\"2229\"><strong data-start=\"2201\" data-end=\"2218\">F\u00f3rmula da soma:<\/strong> <a href=\"https:\/\/pubchem.ncbi.nlm.nih.gov\/compound\/49849725\" target=\"_blank\" rel=\"noopener\">C\u2084H\u2087NaO\u2083<\/a><\/p>\n<\/li>\n<li data-start=\"2230\" data-end=\"2264\">\n<p data-start=\"2232\" data-end=\"2264\"><strong data-start=\"2232\" data-end=\"2249\">Massa molar:<\/strong> 126,09 g\/mol<\/p>\n<\/li>\n<li data-start=\"2265\" data-end=\"2330\">\n<p data-start=\"2267\" data-end=\"2330\"><strong data-start=\"2267\" data-end=\"2288\">Forma de dosagem:<\/strong> L\u00edquido l\u00edmpido e incolor (500 mg\/ml)<\/p>\n<\/li>\n<li data-start=\"2331\" data-end=\"2370\">\n<p data-start=\"2333\" data-end=\"2370\"><strong data-start=\"2333\" data-end=\"2349\">Solubilidade:<\/strong> Muito bom na \u00e1gua<\/p>\n<\/li>\n<li data-start=\"2371\" data-end=\"2409\">\n<p data-start=\"2373\" data-end=\"2409\"><strong data-start=\"2373\" data-end=\"2399\">Valor do pH (solu\u00e7\u00e3o 10 %):<\/strong> aprox. 7-8<\/p>\n<\/li>\n<li data-start=\"2410\" data-end=\"2469\">\n<p data-start=\"2412\" data-end=\"2469\"><strong data-start=\"2412\" data-end=\"2435\">Unidade de embalagem:<\/strong> Frasco de 180 ml = 90 g de ingrediente ativo<\/p>\n<\/li>\n<\/ul>\n<h3 data-start=\"2476\" data-end=\"2501\">Armazenamento e seguran\u00e7a<\/h3>\n<ul data-start=\"2502\" data-end=\"2759\">\n<li data-start=\"2502\" data-end=\"2565\">\n<p data-start=\"2504\" data-end=\"2565\"><strong data-start=\"2504\" data-end=\"2517\">Armazenamento:<\/strong> Frio, seco e bem fechado a 2-8 \u00b0C<\/p>\n<\/li>\n<li data-start=\"2566\" data-end=\"2622\">\n<p data-start=\"2568\" data-end=\"2622\"><strong data-start=\"2568\" data-end=\"2576\">EPI:<\/strong> \u00d3culos de prote\u00e7\u00e3o, luvas de nitrilo, bata de laborat\u00f3rio<\/p>\n<\/li>\n<li data-start=\"2623\" data-end=\"2675\">\n<p data-start=\"2625\" data-end=\"2675\"><strong data-start=\"2625\" data-end=\"2640\">Manuseamento:<\/strong> Apenas em \u00e1reas de laborat\u00f3rio ventiladas<\/p>\n<\/li>\n<li data-start=\"2676\" data-end=\"2759\">\n<p data-start=\"2678\" data-end=\"2759\"><strong data-start=\"2678\" data-end=\"2693\">Elimina\u00e7\u00e3o:<\/strong> De acordo com os regulamentos locais relativos a estupefacientes e subst\u00e2ncias perigosas<\/p>\n<\/li>\n<\/ul>\n<h3 data-start=\"2766\" data-end=\"2790\">FAQ - Perguntas mais frequentes<\/h3>\n<p data-start=\"2791\" data-end=\"2858\"><strong data-start=\"2791\" data-end=\"2856\">\u00c9 legal comprar oxibato de s\u00f3dio Ethypharm na Alemanha?<\/strong><\/p>\n<ul data-start=\"2859\" data-end=\"2933\">\n<li data-start=\"2859\" data-end=\"2933\">\n<p data-start=\"2861\" data-end=\"2933\">Sim, mas apenas para instala\u00e7\u00f5es autorizadas com uma licen\u00e7a em conformidade com a BtMG.<\/p>\n<\/li>\n<\/ul>\n<p data-start=\"2935\" data-end=\"2967\"><strong data-start=\"2935\" data-end=\"2965\">Como \u00e9 organizada a entrega?<\/strong><\/p>\n<ul data-start=\"2968\" data-end=\"3045\">\n<li data-start=\"2968\" data-end=\"3045\">\n<p data-start=\"2970\" data-end=\"3045\">Exclusivamente para institui\u00e7\u00f5es registadas, atrav\u00e9s do transporte de mercadorias perigosas ADR.<\/p>\n<\/li>\n<\/ul>\n<p data-start=\"3047\" data-end=\"3086\"><strong data-start=\"3047\" data-end=\"3084\">Que documentos s\u00e3o necess\u00e1rios?<\/strong><\/p>\n<ul data-start=\"3087\" data-end=\"3158\">\n<li data-start=\"3087\" data-end=\"3158\">\n<p data-start=\"3089\" data-end=\"3158\">Licen\u00e7a oficial, licen\u00e7a comercial, certificado de utiliza\u00e7\u00e3o final, se aplic\u00e1vel.<\/p>\n<\/li>\n<\/ul>\n<p data-start=\"3160\" data-end=\"3202\"><strong data-start=\"3160\" data-end=\"3200\">Diferen\u00e7a em rela\u00e7\u00e3o a subst\u00e2ncias semelhantes?<\/strong><\/p>\n<ul data-start=\"3203\" data-end=\"3301\">\n<li data-start=\"3203\" data-end=\"3301\">\n<p data-start=\"3205\" data-end=\"3301\">Subst\u00e2ncia estritamente regulamentada, que n\u00e3o deve ser confundida com sais ou precursores n\u00e3o controlados.<\/p>\n<\/li>\n<\/ul>\n<h3 data-start=\"3308\" data-end=\"3335\">Pedir um or\u00e7amento agora<\/h3>\n<p data-start=\"3336\" data-end=\"3521\">Para uma oferta personalizada para <strong data-start=\"3369\" data-end=\"3420\">Comprar oxibato de s\u00f3dio Ethypharm 500 mg\/ml solu\u00e7\u00e3o<\/strong> e pormenores sobre as condi\u00e7\u00f5es de entrega na Alemanha, envie-nos os seus documentos de autoriza\u00e7\u00e3o.<\/p>\n<p data-start=\"3528\" data-end=\"3815\"><strong data-start=\"3528\" data-end=\"3552\">Aviso legal:<\/strong><br data-start=\"3552\" data-end=\"3555\" \/>A distribui\u00e7\u00e3o e o envio destinam-se exclusivamente a institui\u00e7\u00f5es autorizadas, de acordo com os regulamentos alem\u00e3es da BtMG e da UE. O comprador \u00e9 respons\u00e1vel pelo cumprimento de todos os requisitos legais, incluindo armazenamento, manuseamento e utiliza\u00e7\u00e3o final.<\/p>","protected":false},"excerpt":{"rendered":"<p>Oxibato de s\u00f3dio Ethypharm 500 mg\/ml solu\u00e7\u00e3o (oxibato de s\u00f3dio, Xyrem) em grau farmac\u00eautico \u226599 % pureza com COA &amp; SDS. Envio ADR em conformidade com a lei para instala\u00e7\u00f5es autorizadas na Alemanha, de acordo com a BtMG.<\/p>","protected":false},"featured_media":15966,"comment_status":"open","ping_status":"closed","template":"","meta":{"jetpack_publicize_message":"","jetpack_publicize_feature_enabled":true,"jetpack_social_post_already_shared":false,"jetpack_social_options":{"image_generator_settings":{"template":"highway","default_image_id":0,"font":"","enabled":false},"version":2}},"product_brand":[],"product_cat":[27],"product_tag":[89,90],"class_list":{"0":"post-15965","1":"product","2":"type-product","3":"status-publish","4":"has-post-thumbnail","6":"product_cat-ko-tropfen-wo-kaufen","7":"product_tag-gbl-bestellen-deutschland","8":"product_tag-ghb-kaufen-deutschland","10":"first","11":"instock","12":"sale","13":"featured","14":"shipping-taxable","15":"purchasable","16":"product-type-simple"},"jetpack_publicize_connections":[],"jetpack_sharing_enabled":true,"_links":{"self":[{"href":"https:\/\/ko-tropfen-kaufen.com\/pt\/wp-json\/wp\/v2\/product\/15965","targetHints":{"allow":["GET"]}}],"collection":[{"href":"https:\/\/ko-tropfen-kaufen.com\/pt\/wp-json\/wp\/v2\/product"}],"about":[{"href":"https:\/\/ko-tropfen-kaufen.com\/pt\/wp-json\/wp\/v2\/types\/product"}],"replies":[{"embeddable":true,"href":"https:\/\/ko-tropfen-kaufen.com\/pt\/wp-json\/wp\/v2\/comments?post=15965"}],"version-history":[{"count":1,"href":"https:\/\/ko-tropfen-kaufen.com\/pt\/wp-json\/wp\/v2\/product\/15965\/revisions"}],"predecessor-version":[{"id":15967,"href":"https:\/\/ko-tropfen-kaufen.com\/pt\/wp-json\/wp\/v2\/product\/15965\/revisions\/15967"}],"wp:featuredmedia":[{"embeddable":true,"href":"https:\/\/ko-tropfen-kaufen.com\/pt\/wp-json\/wp\/v2\/media\/15966"}],"wp:attachment":[{"href":"https:\/\/ko-tropfen-kaufen.com\/pt\/wp-json\/wp\/v2\/media?parent=15965"}],"wp:term":[{"taxonomy":"product_brand","embeddable":true,"href":"https:\/\/ko-tropfen-kaufen.com\/pt\/wp-json\/wp\/v2\/product_brand?post=15965"},{"taxonomy":"product_cat","embeddable":true,"href":"https:\/\/ko-tropfen-kaufen.com\/pt\/wp-json\/wp\/v2\/product_cat?post=15965"},{"taxonomy":"product_tag","embeddable":true,"href":"https:\/\/ko-tropfen-kaufen.com\/pt\/wp-json\/wp\/v2\/product_tag?post=15965"}],"curies":[{"name":"wp","href":"https:\/\/api.w.org\/{rel}","templated":true}]}}