{"id":15957,"date":"2025-08-13T18:57:26","date_gmt":"2025-08-13T18:57:26","guid":{"rendered":"https:\/\/ko-tropfen-kaufen.com\/?post_type=product&#038;p=15957"},"modified":"2026-04-13T07:37:01","modified_gmt":"2026-04-13T06:37:01","slug":"comprar-bdo","status":"publish","type":"product","link":"https:\/\/ko-tropfen-kaufen.com\/pt\/product\/comprar-bdo\/","title":{"rendered":"BDO (1,4-butanodiol)"},"content":{"rendered":"<h1 data-start=\"362\" data-end=\"434\">Comprar BDO - O guia compacto do 1,4-butanodiol (BDO) na Alemanha<\/h1>\n<p data-start=\"436\" data-end=\"645\"><strong data-start=\"436\" data-end=\"452\">Curto e claro:<\/strong> Se <strong data-start=\"462\" data-end=\"485\">BDO (1,4-butanodiol)<\/strong> para investiga\u00e7\u00e3o ou aplica\u00e7\u00f5es industriais na Alemanha, pode rapidamente descobrir o que \u00e9 importante aqui - qualidade, seguran\u00e7a e certeza jur\u00eddica.<\/p>\n<h2 data-start=\"652\" data-end=\"697\">O que \u00e9 o BDO e para que \u00e9 utilizado (comprar BDO)?<\/h2>\n<p data-start=\"698\" data-end=\"970\">O 1,4-butanodiol (BDO) \u00e9 um diol incolor e higrosc\u00f3pico - um solvente e intermedi\u00e1rio vers\u00e1til. Aplica\u00e7\u00f5es t\u00edpicas: Produ\u00e7\u00e3o de pol\u00edmeros e pl\u00e1sticos, s\u00edntese farmac\u00eautica, solvente reativo em laborat\u00f3rios e formula\u00e7\u00f5es industriais.<\/p>\n<p data-start=\"972\" data-end=\"995\"><strong data-start=\"972\" data-end=\"993\">Porqu\u00ea escolher a BDO?<\/strong><\/p>\n<ul data-start=\"996\" data-end=\"1159\">\n<li data-start=\"996\" data-end=\"1041\">\n<p data-start=\"998\" data-end=\"1041\">Boa solubilidade e estabilidade qu\u00edmica<\/p>\n<\/li>\n<li data-start=\"1042\" data-end=\"1096\">\n<p data-start=\"1044\" data-end=\"1096\">Prazo de validade prolongado com uma armazenagem correta<\/p>\n<\/li>\n<li data-start=\"1097\" data-end=\"1159\">\n<p data-start=\"1099\" data-end=\"1159\">Produto interm\u00e9dio muito utilizado na investiga\u00e7\u00e3o e na ind\u00fastria<\/p>\n<\/li>\n<\/ul>\n<h2 data-start=\"1166\" data-end=\"1217\">O que deve ter em aten\u00e7\u00e3o ao comprar<\/h2>\n<ul data-start=\"1218\" data-end=\"1823\">\n<li data-start=\"1218\" data-end=\"1303\">\n<p data-start=\"1220\" data-end=\"1303\"><strong data-start=\"1220\" data-end=\"1233\">Pureza:<\/strong> \u2265 99,5% (99,9% poss\u00edvel para as exig\u00eancias mais elevadas). Solicite sempre o COA.<\/p>\n<\/li>\n<li data-start=\"1304\" data-end=\"1406\">\n<p data-start=\"1306\" data-end=\"1406\"><strong data-start=\"1306\" data-end=\"1320\">COA &amp; SDS:<\/strong> Certificado de an\u00e1lise + ficha de dados de seguran\u00e7a por lote. Sem COA: n\u00e3o comprar.<\/p>\n<\/li>\n<li data-start=\"1407\" data-end=\"1484\">\n<p data-start=\"1409\" data-end=\"1484\"><strong data-start=\"1409\" data-end=\"1435\">Certificados do fabricante:<\/strong> As instru\u00e7\u00f5es GMP\/ISO aumentam a fiabilidade.<\/p>\n<\/li>\n<li data-start=\"1485\" data-end=\"1595\">\n<p data-start=\"1487\" data-end=\"1595\"><strong data-start=\"1487\" data-end=\"1512\">Embalagem e envio:<\/strong> Contentores \u00e0 prova de fugas e em conformidade com as normas da ONU; entrega discreta e segura na Alemanha.<\/p>\n<\/li>\n<li data-start=\"1596\" data-end=\"1733\">\n<p data-start=\"1598\" data-end=\"1733\"><strong data-start=\"1598\" data-end=\"1612\">Tipo de comprador:<\/strong> Vendas preferencialmente a clientes comerciais, laborat\u00f3rios e institutos de investiga\u00e7\u00e3o - clientes privados apenas com prova leg\u00edtima.<\/p>\n<\/li>\n<li data-start=\"1734\" data-end=\"1823\">\n<p data-start=\"1736\" data-end=\"1823\"><strong data-start=\"1736\" data-end=\"1754\">Apoio ao cliente:<\/strong> Devem estar dispon\u00edveis aconselhamento t\u00e9cnico e informa\u00e7\u00f5es sobre os lotes.<\/p>\n<\/li>\n<\/ul>\n<h2 data-start=\"1830\" data-end=\"1877\">Dados t\u00e9cnicos<\/h2>\n<div class=\"_tableContainer_1rjym_1\">\n<div class=\"_tableWrapper_1rjym_13 group flex w-fit flex-col-reverse\" tabindex=\"-1\">\n<table class=\"w-fit min-w-(--thread-content-width)\" data-start=\"1878\" data-end=\"2321\">\n<thead data-start=\"1878\" data-end=\"1910\">\n<tr data-start=\"1878\" data-end=\"1910\">\n<th data-start=\"1878\" data-end=\"1892\" data-col-size=\"sm\">Carater\u00edstica<\/th>\n<th data-start=\"1892\" data-end=\"1910\" data-col-size=\"md\">Valor t\u00edpico<\/th>\n<\/tr>\n<\/thead>\n<tbody data-start=\"1922\" data-end=\"2321\">\n<tr data-start=\"1922\" data-end=\"1969\">\n<td data-start=\"1922\" data-end=\"1946\" data-col-size=\"sm\">Denomina\u00e7\u00e3o qu\u00edmica<\/td>\n<td data-start=\"1946\" data-end=\"1969\" data-col-size=\"md\">1,4-Butanodiol (BDO)<\/td>\n<\/tr>\n<tr data-start=\"1970\" data-end=\"1996\">\n<td data-start=\"1970\" data-end=\"1985\" data-col-size=\"sm\">F\u00f3rmula da soma<\/td>\n<td data-start=\"1985\" data-end=\"1996\" data-col-size=\"md\"><a href=\"https:\/\/de.wikipedia.org\/wiki\/1,4-Butandiol\" target=\"_blank\" rel=\"noopener\">C\u2084H\u2081\u2080O\u2082<\/a><\/td>\n<\/tr>\n<tr data-start=\"1997\" data-end=\"2033\">\n<td data-start=\"1997\" data-end=\"2016\" data-col-size=\"sm\">Peso molecular<\/td>\n<td data-start=\"2016\" data-end=\"2033\" data-col-size=\"md\">90,12 g-mol-\u00b9<\/td>\n<\/tr>\n<tr data-start=\"2034\" data-end=\"2073\">\n<td data-start=\"2034\" data-end=\"2045\" data-col-size=\"sm\">Pureza<\/td>\n<td data-start=\"2045\" data-end=\"2073\" data-col-size=\"md\">\u2265 99,5 % (COA confirmado)<\/td>\n<\/tr>\n<tr data-start=\"2074\" data-end=\"2113\">\n<td data-start=\"2074\" data-end=\"2092\" data-col-size=\"sm\">Estado agregado<\/td>\n<td data-start=\"2092\" data-end=\"2113\" data-col-size=\"md\">L\u00edquido (incolor)<\/td>\n<\/tr>\n<tr data-start=\"2114\" data-end=\"2155\">\n<td data-start=\"2114\" data-end=\"2131\" data-col-size=\"sm\">Densidade (20 \u00b0C)<\/td>\n<td data-start=\"2131\" data-end=\"2155\" data-col-size=\"md\">aprox. 1,01-1,02 g-cm-\u00b3<\/td>\n<\/tr>\n<tr data-start=\"2156\" data-end=\"2183\">\n<td data-start=\"2156\" data-end=\"2169\" data-col-size=\"sm\">Ponto de ebuli\u00e7\u00e3o<\/td>\n<td data-start=\"2169\" data-end=\"2183\" data-col-size=\"md\">aprox. 230 \u00b0C<\/td>\n<\/tr>\n<tr data-start=\"2184\" data-end=\"2222\">\n<td data-start=\"2184\" data-end=\"2211\" data-col-size=\"sm\">Ponto de inflama\u00e7\u00e3o (fechado)<\/td>\n<td data-start=\"2211\" data-end=\"2222\" data-col-size=\"md\">\u2248 96 \u00b0C<\/td>\n<\/tr>\n<tr data-start=\"2223\" data-end=\"2298\">\n<td data-start=\"2223\" data-end=\"2237\" data-col-size=\"sm\">Solubilidade<\/td>\n<td data-start=\"2237\" data-end=\"2298\" data-col-size=\"md\">Misc\u00edvel com \u00e1gua e muitos solventes org\u00e2nicos<\/td>\n<\/tr>\n<tr data-start=\"2299\" data-end=\"2321\">\n<td data-start=\"2299\" data-end=\"2309\" data-col-size=\"sm\">N.\u00ba CAS<\/td>\n<td data-start=\"2309\" data-end=\"2321\" data-col-size=\"md\">110-63-4<\/td>\n<\/tr>\n<\/tbody>\n<\/table>\n<div class=\"sticky end-(--thread-content-margin) h-0 self-end select-none\">\n<div class=\"absolute end-0 flex items-end\"><\/div>\n<\/div>\n<\/div>\n<\/div>\n<p data-start=\"2323\" data-end=\"2423\"><em data-start=\"2323\" data-end=\"2333\">Nota:<\/em> Os valores exactos podem ser encontrados no COA de cada lote - verifique este documento antes de utilizar.<\/p>\n<h2 data-start=\"2430\" data-end=\"2462\">Armazenamento e manuseamento seguro<\/h2>\n<ul data-start=\"2463\" data-end=\"2880\">\n<li data-start=\"2463\" data-end=\"2547\">\n<p data-start=\"2465\" data-end=\"2547\"><strong data-start=\"2465\" data-end=\"2486\">Condi\u00e7\u00f5es de armazenamento:<\/strong> Em local fresco (10-25 \u00b0C), seco, protegido da luz e bem ventilado.<\/p>\n<\/li>\n<li data-start=\"2548\" data-end=\"2622\">\n<p data-start=\"2550\" data-end=\"2622\"><strong data-start=\"2550\" data-end=\"2558\">PSA:<\/strong> Utilizar luvas, \u00f3culos de prote\u00e7\u00e3o e vestu\u00e1rio de prote\u00e7\u00e3o adequado.<\/p>\n<\/li>\n<li data-start=\"2623\" data-end=\"2708\">\n<p data-start=\"2625\" data-end=\"2708\"><strong data-start=\"2625\" data-end=\"2636\">Manuseamento:<\/strong> Trabalhar numa \u00e1rea bem ventilada; evitar o contacto com a pele\/olhos.<\/p>\n<\/li>\n<li data-start=\"2709\" data-end=\"2799\">\n<p data-start=\"2711\" data-end=\"2799\"><strong data-start=\"2711\" data-end=\"2726\">Elimina\u00e7\u00e3o:<\/strong> De acordo com os regulamentos alem\u00e3es e da UE relativos a res\u00edduos; nunca deitar fora em \u00e1guas residuais.<\/p>\n<\/li>\n<li data-start=\"2800\" data-end=\"2880\">\n<p data-start=\"2802\" data-end=\"2880\"><strong data-start=\"2802\" data-end=\"2814\">Emerg\u00eancia:<\/strong> Em caso de ingest\u00e3o ou de contacto com os olhos, consultar imediatamente um m\u00e9dico.<\/p>\n<\/li>\n<\/ul>\n<h2 data-start=\"2887\" data-end=\"2913\">FAQ curto<\/h2>\n<p data-start=\"2914\" data-end=\"3108\"><strong data-start=\"2914\" data-end=\"2955\">Posso comprar a BDO como pessoa singular?<\/strong><br data-start=\"2955\" data-end=\"2958\" \/>Geralmente n\u00e3o - as entregas s\u00e3o efectuadas a clientes comerciais, laborat\u00f3rios e institutos de investiga\u00e7\u00e3o. Verificaremos as excep\u00e7\u00f5es se houver provas justificadas.<\/p>\n<p data-start=\"3110\" data-end=\"3253\"><strong data-start=\"3110\" data-end=\"3144\">Que documentos irei receber?<\/strong><br data-start=\"3144\" data-end=\"3147\" \/>S\u00e3o fornecidos o COA (certificado de an\u00e1lise) e a FDS (ficha de dados de seguran\u00e7a); documentos de transporte a pedido.<\/p>\n<p data-start=\"3255\" data-end=\"3439\"><strong data-start=\"3255\" data-end=\"3298\">Qual \u00e9 o prazo de entrega na Alemanha?<\/strong><br data-start=\"3298\" data-end=\"3301\" \/>O prazo de entrega depende da quantidade, do estado de disponibilidade e da verifica\u00e7\u00e3o da conformidade - a expedi\u00e7\u00e3o normal \u00e9 poss\u00edvel ap\u00f3s a aprova\u00e7\u00e3o dos documentos.<\/p>\n<p data-start=\"3441\" data-end=\"3667\"><strong data-start=\"3441\" data-end=\"3506\">Em que \u00e9 que o BDO difere de subst\u00e2ncias semelhantes (por exemplo <a href=\"https:\/\/ko-tropfen-kaufen.com\/product\/gbl-kaufen-legal\/\">GBL<\/a>)?<\/strong><br data-start=\"3506\" data-end=\"3509\" \/>O BDO \u00e9 menos vol\u00e1til, mais est\u00e1vel e mais f\u00e1cil de manusear do que as butirolactonas; no entanto, as principais \u00e1reas de aplica\u00e7\u00e3o sobrep\u00f5em-se na ind\u00fastria e na investiga\u00e7\u00e3o.<\/p>\n<h4 data-start=\"4175\" data-end=\"4204\">\u26a0\ufe0f Aviso legal<\/h4>\n<p data-start=\"4205\" data-end=\"4456\">O BDO \u00e9 um produto qu\u00edmico industrial. <strong data-start=\"4239\" data-end=\"4317\">A venda e a entrega destinam-se apenas a fins legais e autorizados.<\/strong> O comprador \u00e9 respons\u00e1vel pelo cumprimento de toda a legisla\u00e7\u00e3o alem\u00e3 e comunit\u00e1ria aplic\u00e1vel. \u00c9 proibida a utiliza\u00e7\u00e3o incorrecta.<\/p>","protected":false},"excerpt":{"rendered":"<p>Compre BDO - 1,4-Butanodiol (BDO) na mais alta pureza \u226599,5% para pesquisa e ind\u00fastria na Alemanha. Transporte seguro e aconselhamento jur\u00eddico.<\/p>","protected":false},"featured_media":15959,"comment_status":"open","ping_status":"closed","template":"","meta":{"jetpack_publicize_message":"","jetpack_publicize_feature_enabled":true,"jetpack_social_post_already_shared":false,"jetpack_social_options":{"image_generator_settings":{"template":"highway","default_image_id":0,"font":"","enabled":false},"version":2}},"product_brand":[],"product_cat":[27],"product_tag":[89,90],"class_list":{"0":"post-15957","1":"product","2":"type-product","3":"status-publish","4":"has-post-thumbnail","6":"product_cat-ko-tropfen-wo-kaufen","7":"product_tag-gbl-bestellen-deutschland","8":"product_tag-ghb-kaufen-deutschland","10":"first","11":"instock","12":"shipping-taxable","13":"purchasable","14":"product-type-variable"},"jetpack_publicize_connections":[],"jetpack_sharing_enabled":true,"_links":{"self":[{"href":"https:\/\/ko-tropfen-kaufen.com\/pt\/wp-json\/wp\/v2\/product\/15957","targetHints":{"allow":["GET"]}}],"collection":[{"href":"https:\/\/ko-tropfen-kaufen.com\/pt\/wp-json\/wp\/v2\/product"}],"about":[{"href":"https:\/\/ko-tropfen-kaufen.com\/pt\/wp-json\/wp\/v2\/types\/product"}],"replies":[{"embeddable":true,"href":"https:\/\/ko-tropfen-kaufen.com\/pt\/wp-json\/wp\/v2\/comments?post=15957"}],"version-history":[{"count":3,"href":"https:\/\/ko-tropfen-kaufen.com\/pt\/wp-json\/wp\/v2\/product\/15957\/revisions"}],"predecessor-version":[{"id":15961,"href":"https:\/\/ko-tropfen-kaufen.com\/pt\/wp-json\/wp\/v2\/product\/15957\/revisions\/15961"}],"wp:featuredmedia":[{"embeddable":true,"href":"https:\/\/ko-tropfen-kaufen.com\/pt\/wp-json\/wp\/v2\/media\/15959"}],"wp:attachment":[{"href":"https:\/\/ko-tropfen-kaufen.com\/pt\/wp-json\/wp\/v2\/media?parent=15957"}],"wp:term":[{"taxonomy":"product_brand","embeddable":true,"href":"https:\/\/ko-tropfen-kaufen.com\/pt\/wp-json\/wp\/v2\/product_brand?post=15957"},{"taxonomy":"product_cat","embeddable":true,"href":"https:\/\/ko-tropfen-kaufen.com\/pt\/wp-json\/wp\/v2\/product_cat?post=15957"},{"taxonomy":"product_tag","embeddable":true,"href":"https:\/\/ko-tropfen-kaufen.com\/pt\/wp-json\/wp\/v2\/product_tag?post=15957"}],"curies":[{"name":"wp","href":"https:\/\/api.w.org\/{rel}","templated":true}]}}