{"id":15632,"date":"2024-11-25T12:11:27","date_gmt":"2024-11-25T12:11:27","guid":{"rendered":"https:\/\/ko-tropfen-kaufen.com\/?post_type=product&#038;p=15632"},"modified":"2026-03-21T14:38:40","modified_gmt":"2026-03-21T13:38:40","slug":"comprar-gbl-legal","status":"publish","type":"product","link":"https:\/\/ko-tropfen-kaufen.com\/pt\/product\/comprar-gbl-legal\/","title":{"rendered":"Gama-butirolactona (GBL)"},"content":{"rendered":"<h1>GBL Comprar Legal<\/h1>\n<h2>Introdu\u00e7\u00e3o \u00e0 gama-butirolactona (GBL)<\/h2>\n<p>Bem-vindo ao <a href=\"https:\/\/ko-tropfen-kaufen.com\/\">KO-Drops-Buy.com<\/a>a sua fonte de confian\u00e7a para a compra de <a href=\"https:\/\/de.wikipedia.org\/wiki\/\u0393-Butyrolacton\" target=\"_blank\" rel=\"noopener\">Gama-butirolactona (GBL)<\/a>. A gama-butirolactona (GBL) \u00e9 um composto qu\u00edmico vers\u00e1til e de alta qualidade que \u00e9 amplamente utilizado em v\u00e1rias aplica\u00e7\u00f5es industriais e de investiga\u00e7\u00e3o. Conhecida pelas suas excelentes propriedades solventes, a GBL \u00e9 essencial para a produ\u00e7\u00e3o de muitos produtos comerciais e industriais.<\/p>\n<h2>Utiliza\u00e7\u00f5es e benef\u00edcios da gama-butirolactona (GBL)<\/h2>\n<p>A gama-butirolactona (GBL buy legal) da K.O.-Tropfen oferece in\u00fameras vantagens para fins industriais e de investiga\u00e7\u00e3o:<\/p>\n<ul>\n<li><strong>Aplica\u00e7\u00f5es industriais<\/strong>A GBL \u00e9 um solvente importante na produ\u00e7\u00e3o de produtos farmac\u00eauticos, pol\u00edmeros e agroqu\u00edmicos. As suas fortes propriedades de solvente tornam-no ideal para processos de limpeza, remo\u00e7\u00e3o de tintas e remo\u00e7\u00e3o de adesivos.<\/li>\n<li><strong>Aplica\u00e7\u00f5es de investiga\u00e7\u00e3o<\/strong>A GBL \u00e9 um reagente valioso e um intermedi\u00e1rio na s\u00edntese org\u00e2nica em instala\u00e7\u00f5es de investiga\u00e7\u00e3o. \u00c9 utilizada em laborat\u00f3rios para desenvolver novos compostos qu\u00edmicos e formula\u00e7\u00f5es.<\/li>\n<li><strong>Elevada pureza e qualidade<\/strong>A nossa GBL \u00e9 da mais elevada pureza e assegura um desempenho e fiabilidade \u00f3ptimos em todas as aplica\u00e7\u00f5es.<\/li>\n<\/ul>\n<h2>Variantes do produto e op\u00e7\u00f5es de embalagem (comprar GBL legalmente)<\/h2>\n<p>Oferecemos uma gama de variantes de medicamentos de gama-butirolactona (GBL) e op\u00e7\u00f5es de embalagem para satisfazer os seus requisitos espec\u00edficos:<\/p>\n<ul>\n<li><strong>Variantes do produto<\/strong>Escolha entre diferentes concentra\u00e7\u00f5es e qualidades de GBL para satisfazer as suas necessidades industriais ou de investiga\u00e7\u00e3o.<\/li>\n<li><strong>Op\u00e7\u00f5es de embalagem<\/strong>Oferecemos GBL em v\u00e1rios tamanhos de embalagem, incluindo garrafas de 1 litro, bid\u00f5es de 5 litros e contentores maiores para granel. Todas as embalagens s\u00e3o concebidas para garantir um transporte seguro e protegido.<\/li>\n<\/ul>\n<h2>Orienta\u00e7\u00f5es de seguran\u00e7a e manuseamento<\/h2>\n<p>A utiliza\u00e7\u00e3o e o manuseamento seguros de <span class=\"\" title=\"\" data-v-365c7fdc=\"\">medicamentos<\/span> \u00e9 a nossa principal prioridade. Quando comprar gama-butirolactona (GBL buy legal) \u00e0 K.O.-Tropfen, siga estas diretrizes para garantir a seguran\u00e7a e a conformidade:<\/p>\n<ul>\n<li><strong>Equipamento de prote\u00e7\u00e3o individual (<a href=\"https:\/\/www.bghm.de\/arbeitsschuetzer\/fach-themen\/persoenliche-schutzausruestung-psa\/\" target=\"_blank\" rel=\"noopener\">PSA<\/a>)<\/strong>Usar sempre EPI adequado, incluindo luvas, \u00f3culos de prote\u00e7\u00e3o e vestu\u00e1rio de prote\u00e7\u00e3o ao manusear GBL.<\/li>\n<li><strong>Armazenamento<\/strong>Armazenar a GBL num local fresco, seco e bem ventilado, longe da luz solar direta e de fontes de calor. Assegurar que os contentores est\u00e3o bem fechados quando n\u00e3o est\u00e3o a ser utilizados.<\/li>\n<li><strong>Procedimentos de manuseamento<\/strong>Utilizar o GBL numa \u00e1rea bem ventilada e evitar a inala\u00e7\u00e3o ou o contacto com a pele e os olhos. Em caso de contacto acidental, lavar abundantemente com \u00e1gua e, se necess\u00e1rio, procurar assist\u00eancia m\u00e9dica.<\/li>\n<li><strong>Elimina\u00e7\u00e3o de res\u00edduos<\/strong>Eliminar a GBL de acordo com os regulamentos locais, estatais e federais. N\u00e3o deitar a GBL pelo ralo nem libert\u00e1-la no ambiente.<\/li>\n<\/ul>\n<blockquote><p>Descubra a nossa vasta gama de op\u00e7\u00f5es de gamma-butyrolactone (GBL buy legal) e experimente a qualidade e fiabilidade que KO-Drops-Buy.com oferece. Encomende hoje e beneficie dos nossos servi\u00e7os de envio seguros e discretos.<\/p><\/blockquote>","protected":false},"excerpt":{"rendered":"<p>GBL de alta qualidade para a ind\u00fastria e a investiga\u00e7\u00e3o. Comprar GBL em grandes ou pequenas quantidades.<\/p>","protected":false},"featured_media":15633,"comment_status":"open","ping_status":"closed","template":"","meta":{"jetpack_publicize_message":"","jetpack_publicize_feature_enabled":true,"jetpack_social_post_already_shared":false,"jetpack_social_options":{"image_generator_settings":{"template":"highway","default_image_id":0,"font":"","enabled":false},"version":2}},"product_brand":[],"product_cat":[27],"product_tag":[89,90],"class_list":{"0":"post-15632","1":"product","2":"type-product","3":"status-publish","4":"has-post-thumbnail","6":"product_cat-ko-tropfen-wo-kaufen","7":"product_tag-gbl-bestellen-deutschland","8":"product_tag-ghb-kaufen-deutschland","10":"first","11":"instock","12":"shipping-taxable","13":"purchasable","14":"product-type-variable"},"jetpack_publicize_connections":[],"jetpack_sharing_enabled":true,"_links":{"self":[{"href":"https:\/\/ko-tropfen-kaufen.com\/pt\/wp-json\/wp\/v2\/product\/15632","targetHints":{"allow":["GET"]}}],"collection":[{"href":"https:\/\/ko-tropfen-kaufen.com\/pt\/wp-json\/wp\/v2\/product"}],"about":[{"href":"https:\/\/ko-tropfen-kaufen.com\/pt\/wp-json\/wp\/v2\/types\/product"}],"replies":[{"embeddable":true,"href":"https:\/\/ko-tropfen-kaufen.com\/pt\/wp-json\/wp\/v2\/comments?post=15632"}],"version-history":[{"count":2,"href":"https:\/\/ko-tropfen-kaufen.com\/pt\/wp-json\/wp\/v2\/product\/15632\/revisions"}],"predecessor-version":[{"id":15658,"href":"https:\/\/ko-tropfen-kaufen.com\/pt\/wp-json\/wp\/v2\/product\/15632\/revisions\/15658"}],"wp:featuredmedia":[{"embeddable":true,"href":"https:\/\/ko-tropfen-kaufen.com\/pt\/wp-json\/wp\/v2\/media\/15633"}],"wp:attachment":[{"href":"https:\/\/ko-tropfen-kaufen.com\/pt\/wp-json\/wp\/v2\/media?parent=15632"}],"wp:term":[{"taxonomy":"product_brand","embeddable":true,"href":"https:\/\/ko-tropfen-kaufen.com\/pt\/wp-json\/wp\/v2\/product_brand?post=15632"},{"taxonomy":"product_cat","embeddable":true,"href":"https:\/\/ko-tropfen-kaufen.com\/pt\/wp-json\/wp\/v2\/product_cat?post=15632"},{"taxonomy":"product_tag","embeddable":true,"href":"https:\/\/ko-tropfen-kaufen.com\/pt\/wp-json\/wp\/v2\/product_tag?post=15632"}],"curies":[{"name":"wp","href":"https:\/\/api.w.org\/{rel}","templated":true}]}}