{"id":15725,"date":"2024-11-25T21:57:31","date_gmt":"2024-11-25T20:57:31","guid":{"rendered":"https:\/\/ko-tropfen-kaufen.com\/?page_id=15725"},"modified":"2025-11-24T16:12:14","modified_gmt":"2025-11-24T15:12:14","slug":"termos-e-condicoes-gerais","status":"publish","type":"page","link":"https:\/\/ko-tropfen-kaufen.com\/pt\/termos-e-condicoes-gerais\/","title":{"rendered":"Termos e condi\u00e7\u00f5es gerais"},"content":{"rendered":"<div id=\"ez-toc-container\" class=\"ez-toc-v2_0_82_2 counter-hierarchy ez-toc-counter ez-toc-grey ez-toc-container-direction\">\n<div class=\"ez-toc-title-container\">\n<p class=\"ez-toc-title\" style=\"cursor:inherit\">\u00cdndice<\/p>\n<span class=\"ez-toc-title-toggle\"><a href=\"#\" class=\"ez-toc-pull-right ez-toc-btn ez-toc-btn-xs ez-toc-btn-default ez-toc-toggle\" aria-label=\"Alternar o \u00edndice\"><span class=\"ez-toc-js-icon-con\"><span class=\"\"><span class=\"eztoc-hide\" style=\"display:none;\">Alternar<\/span><span class=\"ez-toc-icon-toggle-span\"><svg style=\"fill: #999;color:#999\" xmlns=\"http:\/\/www.w3.org\/2000\/svg\" class=\"list-377408\" width=\"20px\" height=\"20px\" viewbox=\"0 0 24 24\" fill=\"none\"><path d=\"M6 6H4v2h2V6zm14 0H8v2h12V6zM4 11h2v2H4v-2zm16 0H8v2h12v-2zM4 16h2v2H4v-2zm16 0H8v2h12v-2z\" fill=\"currentColor\"><\/path><\/svg><svg style=\"fill: #999;color:#999\" class=\"arrow-unsorted-368013\" xmlns=\"http:\/\/www.w3.org\/2000\/svg\" width=\"10px\" height=\"10px\" viewbox=\"0 0 24 24\" version=\"1.2\" baseprofile=\"tiny\"><path d=\"M18.2 9.3l-6.2-6.3-6.2 6.3c-.2.2-.3.4-.3.7s.1.5.3.7c.2.2.4.3.7.3h11c.3 0 .5-.1.7-.3.2-.2.3-.5.3-.7s-.1-.5-.3-.7zM5.8 14.7l6.2 6.3 6.2-6.3c.2-.2.3-.5.3-.7s-.1-.5-.3-.7c-.2-.2-.4-.3-.7-.3h-11c-.3 0-.5.1-.7.3-.2.2-.3.5-.3.7s.1.5.3.7z\"\/><\/svg><\/span><\/span><\/span><\/a><\/span><\/div>\n<nav><ul class='ez-toc-list ez-toc-list-level-1' ><li class='ez-toc-page-1 ez-toc-heading-level-3'><a class=\"ez-toc-link ez-toc-heading-1\" href=\"https:\/\/ko-tropfen-kaufen.com\/pt\/termos-e-condicoes-gerais\/#Ko-Tropfen-Kaufencom\" >Comprar-co-drops.com<\/a><\/li><li class='ez-toc-page-1 ez-toc-heading-level-3'><a class=\"ez-toc-link ez-toc-heading-2\" href=\"https:\/\/ko-tropfen-kaufen.com\/pt\/termos-e-condicoes-gerais\/#1_Allgemeine_Bedingungen\" >1. condi\u00e7\u00f5es gerais<\/a><\/li><li class='ez-toc-page-1 ez-toc-heading-level-3'><a class=\"ez-toc-link ez-toc-heading-3\" href=\"https:\/\/ko-tropfen-kaufen.com\/pt\/termos-e-condicoes-gerais\/#2_Bestellungen_und_Zahlungen\" >2. encomendas e pagamentos<\/a><\/li><li class='ez-toc-page-1 ez-toc-heading-level-3'><a class=\"ez-toc-link ez-toc-heading-4\" href=\"https:\/\/ko-tropfen-kaufen.com\/pt\/termos-e-condicoes-gerais\/#3_Versand_und_Lieferung\" >3. expedi\u00e7\u00e3o e entrega<\/a><\/li><li class='ez-toc-page-1 ez-toc-heading-level-3'><a class=\"ez-toc-link ez-toc-heading-5\" href=\"https:\/\/ko-tropfen-kaufen.com\/pt\/termos-e-condicoes-gerais\/#4_Ruckgabe_und_Ruckerstattung\" >4. devolu\u00e7\u00e3o e reembolso<\/a><\/li><li class='ez-toc-page-1 ez-toc-heading-level-3'><a class=\"ez-toc-link ez-toc-heading-6\" href=\"https:\/\/ko-tropfen-kaufen.com\/pt\/termos-e-condicoes-gerais\/#5_Haftungsausschluss\" >5. Declara\u00e7\u00e3o de exonera\u00e7\u00e3o de responsabilidade<\/a><\/li><li class='ez-toc-page-1 ez-toc-heading-level-3'><a class=\"ez-toc-link ez-toc-heading-7\" href=\"https:\/\/ko-tropfen-kaufen.com\/pt\/termos-e-condicoes-gerais\/#6_Datenschutz\" >6. prote\u00e7\u00e3o de dados<\/a><\/li><li class='ez-toc-page-1 ez-toc-heading-level-3'><a class=\"ez-toc-link ez-toc-heading-8\" href=\"https:\/\/ko-tropfen-kaufen.com\/pt\/termos-e-condicoes-gerais\/#7_Geistiges_Eigentum\" >7 Propriedade intelectual<\/a><\/li><li class='ez-toc-page-1 ez-toc-heading-level-3'><a class=\"ez-toc-link ez-toc-heading-9\" href=\"https:\/\/ko-tropfen-kaufen.com\/pt\/termos-e-condicoes-gerais\/#8_Anwendbares_Recht\" >8 Direito aplic\u00e1vel<\/a><\/li><li class='ez-toc-page-1 ez-toc-heading-level-3'><a class=\"ez-toc-link ez-toc-heading-10\" href=\"https:\/\/ko-tropfen-kaufen.com\/pt\/termos-e-condicoes-gerais\/#9_Kontakt\" >9. contacto<\/a><\/li><\/ul><\/nav><\/div>\n<h3 class=\"wp-block-heading\" id=\"h-ko-tropfen-kaufen-com\"><span class=\"ez-toc-section\" id=\"Ko-Tropfen-Kaufencom\"><\/span>Comprar-co-drops.com<span class=\"ez-toc-section-end\"><\/span><\/h3>\n\n\n\n<p>Bem-vindo ao <a href=\"https:\/\/ko-tropfen-kaufen.com?v=820eb5b696ea\">Comprar-co-drops.com<\/a>. Ao aceder ao nosso s\u00edtio Web e utilizar os nossos servi\u00e7os, o utilizador aceita as seguintes Condi\u00e7\u00f5es Gerais de Venda (CGV). Leia-os atentamente.<\/p>\n\n\n\n<h3 class=\"wp-block-heading\" id=\"h-1-allgemeine-bedingungen\"><span class=\"ez-toc-section\" id=\"1_Allgemeine_Bedingungen\"><\/span>1. condi\u00e7\u00f5es gerais<span class=\"ez-toc-section-end\"><\/span><\/h3>\n\n\n\n<p>1.1. <strong>Utiliza\u00e7\u00e3o do s\u00edtio Web:<\/strong> Ao utilizar o nosso s\u00edtio Web, o utilizador concorda com os presentes termos e condi\u00e7\u00f5es e compromete-se a cumprir todas as leis e regulamentos aplic\u00e1veis.<\/p>\n\n\n\n<p>1.2. <strong>Altera\u00e7\u00f5es:<\/strong> Reservamo-nos o direito de alterar estas CGV em qualquer altura. As altera\u00e7\u00f5es ser\u00e3o publicadas nesta p\u00e1gina e entrar\u00e3o em vigor imediatamente. A utiliza\u00e7\u00e3o continuada do s\u00edtio Web pelo utilizador constitui a aceita\u00e7\u00e3o das condi\u00e7\u00f5es alteradas.<\/p>\n\n\n\n<h3 class=\"wp-block-heading\" id=\"h-2-bestellungen-und-zahlungen\"><span class=\"ez-toc-section\" id=\"2_Bestellungen_und_Zahlungen\"><\/span>2. encomendas e pagamentos<span class=\"ez-toc-section-end\"><\/span><\/h3>\n\n\n\n<p>2.1. <strong>Processo de encomenda:<\/strong> Todas as encomendas efectuadas no nosso s\u00edtio Web s\u00e3o vinculativas. Receber\u00e1 uma confirma\u00e7\u00e3o de encomenda por correio eletr\u00f3nico assim que a sua encomenda tiver sido efectuada com sucesso.<\/p>\n\n\n\n<p>2.2. <strong>Pre\u00e7os:<\/strong> Todos os pre\u00e7os indicados no s\u00edtio Web incluem IVA, mas excluem os custos de envio. Reservamo-nos o direito de alterar os pre\u00e7os em qualquer altura.<\/p>\n\n\n\n<p>2.3. <strong>Formas de pagamento:<\/strong> Aceitamos v\u00e1rios m\u00e9todos de pagamento, que s\u00e3o especificados durante o processo de encomenda. O pagamento deve ser efectuado antes do envio dos produtos encomendados.<\/p>\n\n\n\n<h3 class=\"wp-block-heading\" id=\"h-3-versand-und-lieferung\"><span class=\"ez-toc-section\" id=\"3_Versand_und_Lieferung\"><\/span>3. expedi\u00e7\u00e3o e entrega<span class=\"ez-toc-section-end\"><\/span><\/h3>\n\n\n\n<p>3.1. <strong>Despacho:<\/strong> Enviamos os nossos produtos para a Alemanha e para o estrangeiro. Os custos de envio e os prazos de entrega s\u00e3o indicados durante o processo de encomenda.<\/p>\n\n\n\n<p>3.2. <strong>Prazos de entrega:<\/strong> Os prazos de entrega podem variar consoante o destino do envio. Esfor\u00e7amo-nos por enviar a sua encomenda o mais rapidamente poss\u00edvel. Os atrasos devidos a circunst\u00e2ncias imprevistas est\u00e3o fora do nosso controlo.<\/p>\n\n\n\n<h3 class=\"wp-block-heading\" id=\"h-4-ruckgabe-und-ruckerstattung\"><span class=\"ez-toc-section\" id=\"4_Ruckgabe_und_Ruckerstattung\"><\/span>4. devolu\u00e7\u00e3o e reembolso<span class=\"ez-toc-section-end\"><\/span><\/h3>\n\n\n\n<p>4.1. <strong>Direito de regresso:<\/strong> O utilizador tem o direito de devolver os produtos no prazo de 30 dias a contar da data de rece\u00e7\u00e3o. Os produtos devem ser devolvidos no seu estado original, n\u00e3o abertos e n\u00e3o utilizados.<\/p>\n\n\n\n<p>4.2. <strong>Reembolso:<\/strong> Ap\u00f3s a rece\u00e7\u00e3o e inspe\u00e7\u00e3o dos produtos devolvidos, ser\u00e1 emitido um reembolso para o m\u00e9todo de pagamento original no prazo de 5 a 7 dias \u00fateis.<\/p>\n\n\n\n<h3 class=\"wp-block-heading\" id=\"h-5-haftungsausschluss\"><span class=\"ez-toc-section\" id=\"5_Haftungsausschluss\"><\/span>5. Declara\u00e7\u00e3o de exonera\u00e7\u00e3o de responsabilidade<span class=\"ez-toc-section-end\"><\/span><\/h3>\n\n\n\n<p>5.1. <strong>Conte\u00fado do s\u00edtio Web:<\/strong> Embora nos esforcemos por fornecer informa\u00e7\u00f5es exactas e actualizadas, n\u00e3o assumimos qualquer responsabilidade pela exatid\u00e3o, integridade ou atualidade do conte\u00fado do nosso s\u00edtio Web.<\/p>\n\n\n\n<p>5.2. <strong>Liga\u00e7\u00f5es externas:<\/strong> O nosso s\u00edtio Web pode conter liga\u00e7\u00f5es a s\u00edtios Web externos. N\u00e3o somos respons\u00e1veis pelo conte\u00fado ou pelas pr\u00e1ticas de privacidade desses s\u00edtios Web.<\/p>\n\n\n\n<h3 class=\"wp-block-heading\" id=\"h-6-datenschutz\"><span class=\"ez-toc-section\" id=\"6_Datenschutz\"><\/span>6. prote\u00e7\u00e3o de dados<span class=\"ez-toc-section-end\"><\/span><\/h3>\n\n\n\n<p>6.1. <strong>Pol\u00edtica de privacidade:<\/strong> A nossa Pol\u00edtica de Privacidade, que descreve a forma como recolhemos, utilizamos e protegemos os seus dados pessoais, \u00e9 parte integrante destas CG.<\/p>\n\n\n\n<h3 class=\"wp-block-heading\" id=\"h-7-geistiges-eigentum\"><span class=\"ez-toc-section\" id=\"7_Geistiges_Eigentum\"><\/span>7 Propriedade intelectual<span class=\"ez-toc-section-end\"><\/span><\/h3>\n\n\n\n<p>7.1. <strong>Direitos de autor:<\/strong> Todo o conte\u00fado do nosso s\u00edtio Web, incluindo texto, imagens e gr\u00e1ficos, est\u00e1 protegido por direitos de autor. \u00c9 proibida a utiliza\u00e7\u00e3o deste conte\u00fado sem o nosso consentimento expresso por escrito.<\/p>\n\n\n\n<h3 class=\"wp-block-heading\" id=\"h-8-anwendbares-recht\"><span class=\"ez-toc-section\" id=\"8_Anwendbares_Recht\"><\/span>8 Direito aplic\u00e1vel<span class=\"ez-toc-section-end\"><\/span><\/h3>\n\n\n\n<p>8.1. <strong>Local de jurisdi\u00e7\u00e3o:<\/strong> As presentes CGV est\u00e3o sujeitas ao direito alem\u00e3o. Em caso de lit\u00edgio, o local de jurisdi\u00e7\u00e3o \u00e9 a sede social da nossa empresa.<\/p>\n\n\n\n<h3 class=\"wp-block-heading\" id=\"h-9-kontakt\"><span class=\"ez-toc-section\" id=\"9_Kontakt\"><\/span>9. contacto<span class=\"ez-toc-section-end\"><\/span><\/h3>\n\n\n\n<p>Se tiver alguma d\u00favida sobre estes TCG, contacte-nos atrav\u00e9s de <a>support@ko-tropfen-kaufen.com<\/a>. Esfor\u00e7amo-nos sempre por resolver as suas preocupa\u00e7\u00f5es de forma r\u00e1pida e satisfat\u00f3ria.<\/p>\n\n\n\n<p>Obrigado por comprar em Ko-Tropfen-Kaufen.com!<\/p>","protected":false},"excerpt":{"rendered":"<p>Ko-Tropfen-Kaufen.com Willkommen bei Ko-Tropfen-Kaufen.com. Durch den Zugriff auf unsere Website und die Nutzung unserer Dienste stimmen Sie den folgenden Allgemeinen Gesch\u00e4ftsbedingungen (AGB) zu. Bitte lesen Sie diese sorgf\u00e4ltig durch. 1. Allgemeine Bedingungen 1.1. Nutzung der Website: Durch die Nutzung unserer Website erkl\u00e4ren Sie sich mit diesen AGB einverstanden und verpflichten sich, alle geltenden Gesetze und [&hellip;]<\/p>\n","protected":false},"author":2,"featured_media":0,"parent":0,"menu_order":0,"comment_status":"closed","ping_status":"closed","template":"","meta":{"footnotes":""},"class_list":["post-15725","page","type-page","status-publish","hentry"],"blocksy_meta":[],"jetpack_sharing_enabled":true,"_links":{"self":[{"href":"https:\/\/ko-tropfen-kaufen.com\/pt\/wp-json\/wp\/v2\/pages\/15725","targetHints":{"allow":["GET"]}}],"collection":[{"href":"https:\/\/ko-tropfen-kaufen.com\/pt\/wp-json\/wp\/v2\/pages"}],"about":[{"href":"https:\/\/ko-tropfen-kaufen.com\/pt\/wp-json\/wp\/v2\/types\/page"}],"author":[{"embeddable":true,"href":"https:\/\/ko-tropfen-kaufen.com\/pt\/wp-json\/wp\/v2\/users\/2"}],"replies":[{"embeddable":true,"href":"https:\/\/ko-tropfen-kaufen.com\/pt\/wp-json\/wp\/v2\/comments?post=15725"}],"version-history":[{"count":1,"href":"https:\/\/ko-tropfen-kaufen.com\/pt\/wp-json\/wp\/v2\/pages\/15725\/revisions"}],"predecessor-version":[{"id":15726,"href":"https:\/\/ko-tropfen-kaufen.com\/pt\/wp-json\/wp\/v2\/pages\/15725\/revisions\/15726"}],"wp:attachment":[{"href":"https:\/\/ko-tropfen-kaufen.com\/pt\/wp-json\/wp\/v2\/media?parent=15725"}],"curies":[{"name":"wp","href":"https:\/\/api.w.org\/{rel}","templated":true}]}}