{"id":15720,"date":"2024-11-25T20:38:37","date_gmt":"2024-11-25T20:38:37","guid":{"rendered":"https:\/\/ko-tropfen-kaufen.com\/?page_id=15720"},"modified":"2024-11-25T20:38:42","modified_gmt":"2024-11-25T20:38:42","slug":"politica-de-privacidade","status":"publish","type":"page","link":"https:\/\/ko-tropfen-kaufen.com\/pt\/politica-de-privacidade\/","title":{"rendered":"Pol\u00edtica de privacidade"},"content":{"rendered":"<div id=\"ez-toc-container\" class=\"ez-toc-v2_0_82_2 counter-hierarchy ez-toc-counter ez-toc-grey ez-toc-container-direction\">\n<div class=\"ez-toc-title-container\">\n<p class=\"ez-toc-title\" style=\"cursor:inherit\">\u00cdndice<\/p>\n<span class=\"ez-toc-title-toggle\"><a href=\"#\" class=\"ez-toc-pull-right ez-toc-btn ez-toc-btn-xs ez-toc-btn-default ez-toc-toggle\" aria-label=\"Alternar o \u00edndice\"><span class=\"ez-toc-js-icon-con\"><span class=\"\"><span class=\"eztoc-hide\" style=\"display:none;\">Alternar<\/span><span class=\"ez-toc-icon-toggle-span\"><svg style=\"fill: #999;color:#999\" xmlns=\"http:\/\/www.w3.org\/2000\/svg\" class=\"list-377408\" width=\"20px\" height=\"20px\" viewbox=\"0 0 24 24\" fill=\"none\"><path d=\"M6 6H4v2h2V6zm14 0H8v2h12V6zM4 11h2v2H4v-2zm16 0H8v2h12v-2zM4 16h2v2H4v-2zm16 0H8v2h12v-2z\" fill=\"currentColor\"><\/path><\/svg><svg style=\"fill: #999;color:#999\" class=\"arrow-unsorted-368013\" xmlns=\"http:\/\/www.w3.org\/2000\/svg\" width=\"10px\" height=\"10px\" viewbox=\"0 0 24 24\" version=\"1.2\" baseprofile=\"tiny\"><path d=\"M18.2 9.3l-6.2-6.3-6.2 6.3c-.2.2-.3.4-.3.7s.1.5.3.7c.2.2.4.3.7.3h11c.3 0 .5-.1.7-.3.2-.2.3-.5.3-.7s-.1-.5-.3-.7zM5.8 14.7l6.2 6.3 6.2-6.3c.2-.2.3-.5.3-.7s-.1-.5-.3-.7c-.2-.2-.4-.3-.7-.3h-11c-.3 0-.5.1-.7.3-.2.2-.3.5-.3.7s.1.5.3.7z\"\/><\/svg><\/span><\/span><\/span><\/a><\/span><\/div>\n<nav><ul class='ez-toc-list ez-toc-list-level-1' ><li class='ez-toc-page-1 ez-toc-heading-level-3'><a class=\"ez-toc-link ez-toc-heading-1\" href=\"https:\/\/ko-tropfen-kaufen.com\/pt\/politica-de-privacidade\/#Ko-Tropfen-Kaufencom_Datenschutzrichtlinie\" >Pol\u00edtica de privacidade de Ko-Tropfen-Kaufen.com<\/a><\/li><li class='ez-toc-page-1 ez-toc-heading-level-3'><a class=\"ez-toc-link ez-toc-heading-2\" href=\"https:\/\/ko-tropfen-kaufen.com\/pt\/politica-de-privacidade\/#Erfassung_und_Verwendung_von_Daten\" >Recolha e utiliza\u00e7\u00e3o de dados<\/a><ul class='ez-toc-list-level-4' ><li class='ez-toc-heading-level-4'><a class=\"ez-toc-link ez-toc-heading-3\" href=\"https:\/\/ko-tropfen-kaufen.com\/pt\/politica-de-privacidade\/#Personliche_Daten\" >Dados pessoais<\/a><\/li><li class='ez-toc-page-1 ez-toc-heading-level-4'><a class=\"ez-toc-link ez-toc-heading-4\" href=\"https:\/\/ko-tropfen-kaufen.com\/pt\/politica-de-privacidade\/#Automatisch_erfasste_Daten\" >Dados registados automaticamente<\/a><\/li><\/ul><\/li><li class='ez-toc-page-1 ez-toc-heading-level-3'><a class=\"ez-toc-link ez-toc-heading-5\" href=\"https:\/\/ko-tropfen-kaufen.com\/pt\/politica-de-privacidade\/#Verwendung_von_Cookies\" >Utiliza\u00e7\u00e3o de cookies<\/a><\/li><li class='ez-toc-page-1 ez-toc-heading-level-3'><a class=\"ez-toc-link ez-toc-heading-6\" href=\"https:\/\/ko-tropfen-kaufen.com\/pt\/politica-de-privacidade\/#Weitergabe_von_Daten\" >Reencaminhamento de dados<\/a><\/li><li class='ez-toc-page-1 ez-toc-heading-level-3'><a class=\"ez-toc-link ez-toc-heading-7\" href=\"https:\/\/ko-tropfen-kaufen.com\/pt\/politica-de-privacidade\/#Datensicherheit\" >Seguran\u00e7a dos dados<\/a><\/li><li class='ez-toc-page-1 ez-toc-heading-level-3'><a class=\"ez-toc-link ez-toc-heading-8\" href=\"https:\/\/ko-tropfen-kaufen.com\/pt\/politica-de-privacidade\/#Ihre_Rechte\" >Os seus direitos<\/a><\/li><li class='ez-toc-page-1 ez-toc-heading-level-3'><a class=\"ez-toc-link ez-toc-heading-9\" href=\"https:\/\/ko-tropfen-kaufen.com\/pt\/politica-de-privacidade\/#Anderungen_an_dieser_Datenschutzrichtlinie\" >Altera\u00e7\u00f5es a esta pol\u00edtica de privacidade<\/a><\/li><li class='ez-toc-page-1 ez-toc-heading-level-3'><a class=\"ez-toc-link ez-toc-heading-10\" href=\"https:\/\/ko-tropfen-kaufen.com\/pt\/politica-de-privacidade\/#Kontakt\" >Contactar-nos<\/a><\/li><\/ul><\/nav><\/div>\n<h3 class=\"wp-block-heading\" id=\"h-ko-tropfen-kaufen-com-datenschutzrichtlinie\"><span class=\"ez-toc-section\" id=\"Ko-Tropfen-Kaufencom_Datenschutzrichtlinie\"><\/span>Pol\u00edtica de privacidade de Ko-Tropfen-Kaufen.com<span class=\"ez-toc-section-end\"><\/span><\/h3>\n\n\n\n<p>Com <a href=\"https:\/\/ko-tropfen-kaufen.com?v=820eb5b696ea\">Comprar-co-drops.com<\/a> atribu\u00edmos grande import\u00e2ncia \u00e0 prote\u00e7\u00e3o da sua privacidade e \u00e0 seguran\u00e7a dos seus dados pessoais. Esta pol\u00edtica de privacidade explica quais as informa\u00e7\u00f5es que recolhemos, como as utilizamos e que medidas tomamos para proteger os seus dados.<\/p>\n\n\n\n<h3 class=\"wp-block-heading\" id=\"h-erfassung-und-verwendung-von-daten\"><span class=\"ez-toc-section\" id=\"Erfassung_und_Verwendung_von_Daten\"><\/span>Recolha e utiliza\u00e7\u00e3o de dados<span class=\"ez-toc-section-end\"><\/span><\/h3>\n\n\n\n<h4 class=\"wp-block-heading\" id=\"h-personliche-daten\"><span class=\"ez-toc-section\" id=\"Personliche_Daten\"><\/span>Dados pessoais<span class=\"ez-toc-section-end\"><\/span><\/h4>\n\n\n\n<p>Recolhemos dados pessoais que o utilizador nos fornece voluntariamente quando utiliza o nosso s\u00edtio Web, tais como<\/p>\n\n\n\n<ul class=\"wp-block-list\">\n<li>Nome<\/li>\n\n\n\n<li>Endere\u00e7o<\/li>\n\n\n\n<li>Endere\u00e7o eletr\u00f3nico<\/li>\n\n\n\n<li>N\u00famero de telefone<\/li>\n\n\n\n<li>Informa\u00e7\u00f5es sobre o pagamento<\/li>\n<\/ul>\n\n\n\n<p>Estas informa\u00e7\u00f5es s\u00e3o utilizadas para processar as suas encomendas, prestar apoio ao cliente e enviar-lhe informa\u00e7\u00f5es e ofertas relevantes.<\/p>\n\n\n\n<h4 class=\"wp-block-heading\" id=\"h-automatisch-erfasste-daten\"><span class=\"ez-toc-section\" id=\"Automatisch_erfasste_Daten\"><\/span>Dados registados automaticamente<span class=\"ez-toc-section-end\"><\/span><\/h4>\n\n\n\n<p>Quando visita o nosso s\u00edtio Web, recolhemos automaticamente determinadas informa\u00e7\u00f5es sobre o seu dispositivo e a sua utiliza\u00e7\u00e3o do nosso s\u00edtio Web, incluindo:<\/p>\n\n\n\n<ul class=\"wp-block-list\">\n<li>Endere\u00e7o IP<\/li>\n\n\n\n<li>Tipo e vers\u00e3o do navegador<\/li>\n\n\n\n<li>URL de refer\u00eancia<\/li>\n\n\n\n<li>Data e hora de acesso<\/li>\n\n\n\n<li>P\u00e1ginas visitadas e liga\u00e7\u00f5es clicadas<\/li>\n<\/ul>\n\n\n\n<p>Estas informa\u00e7\u00f5es ajudam-nos a melhorar o nosso s\u00edtio Web e a otimizar a experi\u00eancia do utilizador.<\/p>\n\n\n\n<h3 class=\"wp-block-heading\" id=\"h-verwendung-von-cookies\"><span class=\"ez-toc-section\" id=\"Verwendung_von_Cookies\"><\/span>Utiliza\u00e7\u00e3o de cookies<span class=\"ez-toc-section-end\"><\/span><\/h3>\n\n\n\n<p>O nosso s\u00edtio Web utiliza cookies para melhorar a sua experi\u00eancia de utilizador e para fornecer determinadas fun\u00e7\u00f5es. Os cookies s\u00e3o pequenos ficheiros de texto que s\u00e3o armazenados no seu dispositivo. Pode desativar a utiliza\u00e7\u00e3o de cookies nas defini\u00e7\u00f5es do seu browser, mas isso pode afetar a funcionalidade do nosso s\u00edtio Web.<\/p>\n\n\n\n<h3 class=\"wp-block-heading\" id=\"h-weitergabe-von-daten\"><span class=\"ez-toc-section\" id=\"Weitergabe_von_Daten\"><\/span>Reencaminhamento de dados<span class=\"ez-toc-section-end\"><\/span><\/h3>\n\n\n\n<p>N\u00e3o transmitimos os seus dados pessoais a terceiros, exceto nos seguintes casos:<\/p>\n\n\n\n<ul class=\"wp-block-list\">\n<li><strong>Prestador de servi\u00e7os:<\/strong> Trabalhamos com prestadores de servi\u00e7os de confian\u00e7a que efectuam determinadas tarefas em nosso nome, como o processamento de pagamentos e a expedi\u00e7\u00e3o. Estes prestadores de servi\u00e7os apenas t\u00eam acesso \u00e0s informa\u00e7\u00f5es de que necessitam para cumprir as suas tarefas e est\u00e3o contratualmente obrigados a proteger os seus dados.<\/li>\n\n\n\n<li><strong>Requisitos legais:<\/strong> Podemos divulgar as suas informa\u00e7\u00f5es se tal for exigido por lei ou para proteger os nossos direitos.<\/li>\n<\/ul>\n\n\n\n<h3 class=\"wp-block-heading\" id=\"h-datensicherheit\"><span class=\"ez-toc-section\" id=\"Datensicherheit\"><\/span>Seguran\u00e7a dos dados<span class=\"ez-toc-section-end\"><\/span><\/h3>\n\n\n\n<p>Utilizamos medidas t\u00e9cnicas e organizacionais adequadas para proteger os dados pessoais do utilizador contra o acesso n\u00e3o autorizado, a perda ou a utiliza\u00e7\u00e3o indevida. Estas medidas incluem a encripta\u00e7\u00e3o de informa\u00e7\u00f5es sens\u00edveis e verifica\u00e7\u00f5es de seguran\u00e7a regulares.<\/p>\n\n\n\n<h3 class=\"wp-block-heading\" id=\"h-ihre-rechte\"><span class=\"ez-toc-section\" id=\"Ihre_Rechte\"><\/span>Os seus direitos<span class=\"ez-toc-section-end\"><\/span><\/h3>\n\n\n\n<p>Tem o direito de receber informa\u00e7\u00f5es sobre os dados pessoais armazenados por n\u00f3s em qualquer altura, de solicitar a sua corre\u00e7\u00e3o ou elimina\u00e7\u00e3o e de se opor ao processamento dos seus dados. Para tal, contacte-nos atrav\u00e9s de <a>support@ko-tropfen-kaufen.com<\/a>.<\/p>\n\n\n\n<h3 class=\"wp-block-heading\" id=\"h-anderungen-an-dieser-datenschutzrichtlinie\"><span class=\"ez-toc-section\" id=\"Anderungen_an_dieser_Datenschutzrichtlinie\"><\/span>Altera\u00e7\u00f5es a esta pol\u00edtica de privacidade<span class=\"ez-toc-section-end\"><\/span><\/h3>\n\n\n\n<p>Reservamo-nos o direito de atualizar esta pol\u00edtica de privacidade em qualquer altura. As altera\u00e7\u00f5es ser\u00e3o publicadas nesta p\u00e1gina e entrar\u00e3o em vigor imediatamente. Recomendamos-lhe que consulte esta pol\u00edtica regularmente.<\/p>\n\n\n\n<h3 class=\"wp-block-heading\" id=\"h-kontakt\"><span class=\"ez-toc-section\" id=\"Kontakt\"><\/span>Contactar-nos<span class=\"ez-toc-section-end\"><\/span><\/h3>\n\n\n\n<p>Se tiver alguma quest\u00e3o ou d\u00favida sobre a nossa pol\u00edtica de privacidade, contacte-nos atrav\u00e9s de <a>support@ko-tropfen-kaufen.com<\/a>. Esfor\u00e7amo-nos sempre por resolver as suas preocupa\u00e7\u00f5es de forma r\u00e1pida e satisfat\u00f3ria.<\/p>\n\n\n\n<p>Obrigado por confiar em Ko-Tropfen-Kaufen.com!<\/p>","protected":false},"excerpt":{"rendered":"<p>Ko-Tropfen-Kaufen.com Datenschutzrichtlinie Bei Ko-Tropfen-Kaufen.com legen wir gro\u00dfen Wert auf den Schutz Ihrer Privatsph\u00e4re und die Sicherheit Ihrer pers\u00f6nlichen Daten. Diese Datenschutzrichtlinie erkl\u00e4rt, welche Informationen wir sammeln, wie wir sie verwenden und welche Ma\u00dfnahmen wir ergreifen, um Ihre Daten zu sch\u00fctzen. Erfassung und Verwendung von Daten Pers\u00f6nliche Daten Wir erfassen pers\u00f6nliche Daten, die Sie uns freiwillig [&hellip;]<\/p>\n","protected":false},"author":2,"featured_media":0,"parent":0,"menu_order":0,"comment_status":"closed","ping_status":"closed","template":"","meta":{"footnotes":""},"class_list":["post-15720","page","type-page","status-publish","hentry"],"blocksy_meta":[],"jetpack_sharing_enabled":true,"_links":{"self":[{"href":"https:\/\/ko-tropfen-kaufen.com\/pt\/wp-json\/wp\/v2\/pages\/15720","targetHints":{"allow":["GET"]}}],"collection":[{"href":"https:\/\/ko-tropfen-kaufen.com\/pt\/wp-json\/wp\/v2\/pages"}],"about":[{"href":"https:\/\/ko-tropfen-kaufen.com\/pt\/wp-json\/wp\/v2\/types\/page"}],"author":[{"embeddable":true,"href":"https:\/\/ko-tropfen-kaufen.com\/pt\/wp-json\/wp\/v2\/users\/2"}],"replies":[{"embeddable":true,"href":"https:\/\/ko-tropfen-kaufen.com\/pt\/wp-json\/wp\/v2\/comments?post=15720"}],"version-history":[{"count":1,"href":"https:\/\/ko-tropfen-kaufen.com\/pt\/wp-json\/wp\/v2\/pages\/15720\/revisions"}],"predecessor-version":[{"id":15721,"href":"https:\/\/ko-tropfen-kaufen.com\/pt\/wp-json\/wp\/v2\/pages\/15720\/revisions\/15721"}],"wp:attachment":[{"href":"https:\/\/ko-tropfen-kaufen.com\/pt\/wp-json\/wp\/v2\/media?parent=15720"}],"curies":[{"name":"wp","href":"https:\/\/api.w.org\/{rel}","templated":true}]}}