{"id":15715,"date":"2024-11-25T20:20:18","date_gmt":"2024-11-25T20:20:18","guid":{"rendered":"https:\/\/ko-tropfen-kaufen.com\/?page_id=15715"},"modified":"2024-11-28T18:29:42","modified_gmt":"2024-11-28T18:29:42","slug":"direito-de-regresso","status":"publish","type":"page","link":"https:\/\/ko-tropfen-kaufen.com\/pt\/direito-de-regresso\/","title":{"rendered":"Direito de regresso"},"content":{"rendered":"<div id=\"ez-toc-container\" class=\"ez-toc-v2_0_82_2 counter-hierarchy ez-toc-counter ez-toc-grey ez-toc-container-direction\">\n<div class=\"ez-toc-title-container\">\n<p class=\"ez-toc-title\" style=\"cursor:inherit\">\u00cdndice<\/p>\n<span class=\"ez-toc-title-toggle\"><a href=\"#\" class=\"ez-toc-pull-right ez-toc-btn ez-toc-btn-xs ez-toc-btn-default ez-toc-toggle\" aria-label=\"Alternar o \u00edndice\"><span class=\"ez-toc-js-icon-con\"><span class=\"\"><span class=\"eztoc-hide\" style=\"display:none;\">Alternar<\/span><span class=\"ez-toc-icon-toggle-span\"><svg style=\"fill: #999;color:#999\" xmlns=\"http:\/\/www.w3.org\/2000\/svg\" class=\"list-377408\" width=\"20px\" height=\"20px\" viewbox=\"0 0 24 24\" fill=\"none\"><path d=\"M6 6H4v2h2V6zm14 0H8v2h12V6zM4 11h2v2H4v-2zm16 0H8v2h12v-2zM4 16h2v2H4v-2zm16 0H8v2h12v-2z\" fill=\"currentColor\"><\/path><\/svg><svg style=\"fill: #999;color:#999\" class=\"arrow-unsorted-368013\" xmlns=\"http:\/\/www.w3.org\/2000\/svg\" width=\"10px\" height=\"10px\" viewbox=\"0 0 24 24\" version=\"1.2\" baseprofile=\"tiny\"><path d=\"M18.2 9.3l-6.2-6.3-6.2 6.3c-.2.2-.3.4-.3.7s.1.5.3.7c.2.2.4.3.7.3h11c.3 0 .5-.1.7-.3.2-.2.3-.5.3-.7s-.1-.5-.3-.7zM5.8 14.7l6.2 6.3 6.2-6.3c.2-.2.3-.5.3-.7s-.1-.5-.3-.7c-.2-.2-.4-.3-.7-.3h-11c-.3 0-.5.1-.7.3-.2.2-.3.5-.3.7s.1.5.3.7z\"\/><\/svg><\/span><\/span><\/span><\/a><\/span><\/div>\n<nav><ul class='ez-toc-list ez-toc-list-level-1' ><li class='ez-toc-page-1 ez-toc-heading-level-2'><a class=\"ez-toc-link ez-toc-heading-1\" href=\"https:\/\/ko-tropfen-kaufen.com\/pt\/direito-de-regresso\/#ko-tropfen-kaufencom_Ruckgaberecht\" >ko-tropfen-kaufen.com Direito de regresso<\/a><ul class='ez-toc-list-level-3' ><li class='ez-toc-heading-level-3'><a class=\"ez-toc-link ez-toc-heading-2\" href=\"https:\/\/ko-tropfen-kaufen.com\/pt\/direito-de-regresso\/#30-Tage-Geld-zuruck-Garantie\" >Garantia de reembolso de 30 dias<\/a><\/li><li class='ez-toc-page-1 ez-toc-heading-level-3'><a class=\"ez-toc-link ez-toc-heading-3\" href=\"https:\/\/ko-tropfen-kaufen.com\/pt\/direito-de-regresso\/#Voraussetzungen_fur_eine_Ruckerstattung\" >Requisitos para um reembolso<\/a><\/li><li class='ez-toc-page-1 ez-toc-heading-level-3'><a class=\"ez-toc-link ez-toc-heading-4\" href=\"https:\/\/ko-tropfen-kaufen.com\/pt\/direito-de-regresso\/#Nicht_erstattungsfahige_Artikel\" >Artigos n\u00e3o reembols\u00e1veis<\/a><\/li><li class='ez-toc-page-1 ez-toc-heading-level-3'><a class=\"ez-toc-link ez-toc-heading-5\" href=\"https:\/\/ko-tropfen-kaufen.com\/pt\/direito-de-regresso\/#So_beantragen_Sie_eine_Ruckerstattung\" >Como solicitar um reembolso<\/a><\/li><li class='ez-toc-page-1 ez-toc-heading-level-3'><a class=\"ez-toc-link ez-toc-heading-6\" href=\"https:\/\/ko-tropfen-kaufen.com\/pt\/direito-de-regresso\/#Bearbeitung_Ihrer_Ruckerstattung\" >Processamento do seu reembolso<\/a><\/li><li class='ez-toc-page-1 ez-toc-heading-level-3'><a class=\"ez-toc-link ez-toc-heading-7\" href=\"https:\/\/ko-tropfen-kaufen.com\/pt\/direito-de-regresso\/#Kontaktieren_Sie_uns\" >Entre em contacto connosco<\/a><\/li><\/ul><\/li><\/ul><\/nav><\/div>\n<h2 class=\"wp-block-heading\" id=\"h-ko-tropfen-kaufen-com-ruckgaberecht\"><span class=\"ez-toc-section\" id=\"ko-tropfen-kaufencom_Ruckgaberecht\"><\/span>ko-tropfen-kaufen.com Direito de regresso<span class=\"ez-toc-section-end\"><\/span><\/h2>\n\n\n\n<p>Com <a href=\"https:\/\/ko-tropfen-kaufen.com?v=820eb5b696ea\">Comprar-co-drops.com<\/a> esfor\u00e7amo-nos por garantir que os nossos clientes fiquem completamente satisfeitos com as suas compras. Se, por qualquer raz\u00e3o, n\u00e3o ficar completamente satisfeito com a sua encomenda, a nossa pol\u00edtica de devolu\u00e7\u00f5es ajud\u00e1-lo-\u00e1.<\/p>\n\n\n\n<h3 class=\"wp-block-heading\" id=\"h-30-tage-geld-zuruck-garantie\"><span class=\"ez-toc-section\" id=\"30-Tage-Geld-zuruck-Garantie\"><\/span>Garantia de reembolso de 30 dias<span class=\"ez-toc-section-end\"><\/span><\/h3>\n\n\n\n<p>Oferecemos uma garantia de reembolso de 30 dias para todos os nossos produtos. Se n\u00e3o ficar satisfeito com a sua compra, pode solicitar um reembolso no prazo de 30 dias a contar da data de compra.<\/p>\n\n\n\n<h3 class=\"wp-block-heading\" id=\"h-voraussetzungen-fur-eine-ruckerstattung\"><span class=\"ez-toc-section\" id=\"Voraussetzungen_fur_eine_Ruckerstattung\"><\/span>Requisitos para um reembolso<span class=\"ez-toc-section-end\"><\/span><\/h3>\n\n\n\n<p>Para ter direito a um reembolso, devem estar reunidas as seguintes condi\u00e7\u00f5es:<\/p>\n\n\n\n<ul class=\"wp-block-list\">\n<li>O produto deve ser devolvido no seu estado original, fechado e n\u00e3o utilizado.<\/li>\n\n\n\n<li>Deve ser apresentada uma prova de compra (n\u00famero de encomenda, recibo ou correio eletr\u00f3nico de confirma\u00e7\u00e3o).<\/li>\n\n\n\n<li>O pedido de reembolso deve ser efectuado no prazo de 30 dias a contar da data da compra.<\/li>\n<\/ul>\n\n\n\n<h3 class=\"wp-block-heading\" id=\"h-nicht-erstattungsfahige-artikel\"><span class=\"ez-toc-section\" id=\"Nicht_erstattungsfahige_Artikel\"><\/span>Artigos n\u00e3o reembols\u00e1veis<span class=\"ez-toc-section-end\"><\/span><\/h3>\n\n\n\n<p>Alguns artigos n\u00e3o s\u00e3o reembols\u00e1veis, nomeadamente<\/p>\n\n\n\n<ul class=\"wp-block-list\">\n<li>Produtos que tenham sido abertos ou utilizados.<\/li>\n\n\n\n<li>Artigos que foram comprados numa venda ou numa oferta especial.<\/li>\n<\/ul>\n\n\n\n<h3 class=\"wp-block-heading\" id=\"h-so-beantragen-sie-eine-ruckerstattung\"><span class=\"ez-toc-section\" id=\"So_beantragen_Sie_eine_Ruckerstattung\"><\/span>Como solicitar um reembolso<span class=\"ez-toc-section-end\"><\/span><\/h3>\n\n\n\n<ol class=\"wp-block-list\">\n<li><strong>Por favor, contacte-nos:<\/strong> Envie uma mensagem de correio eletr\u00f3nico para a nossa equipa de apoio ao cliente em support@ko-tropfen-kaufen.com com os dados da sua encomenda e o motivo do reembolso.<\/li>\n\n\n\n<li><strong>Autoriza\u00e7\u00e3o de devolu\u00e7\u00e3o:<\/strong> A nossa equipa enviar-lhe-\u00e1 uma autoriza\u00e7\u00e3o de devolu\u00e7\u00e3o e instru\u00e7\u00f5es sobre como devolver o produto.<\/li>\n\n\n\n<li><strong>Enviar artigo:<\/strong> Envie-nos o artigo na sua embalagem original, juntamente com a autoriza\u00e7\u00e3o de devolu\u00e7\u00e3o.<\/li>\n<\/ol>\n\n\n\n<h3 class=\"wp-block-heading\" id=\"h-bearbeitung-ihrer-ruckerstattung\"><span class=\"ez-toc-section\" id=\"Bearbeitung_Ihrer_Ruckerstattung\"><\/span>Processamento do seu reembolso<span class=\"ez-toc-section-end\"><\/span><\/h3>\n\n\n\n<p>Depois de recebermos e inspeccionarmos o produto devolvido, notific\u00e1-lo-emos por correio eletr\u00f3nico. Se o seu reembolso for aprovado, ser\u00e1 processado e ser\u00e1 aplicado um cr\u00e9dito ao seu m\u00e9todo de pagamento original no prazo de 5-7 dias \u00fateis.<\/p>\n\n\n\n<h3 class=\"wp-block-heading\" id=\"h-kontaktieren-sie-uns\"><span class=\"ez-toc-section\" id=\"Kontaktieren_Sie_uns\"><\/span>Entre em contacto connosco<span class=\"ez-toc-section-end\"><\/span><\/h3>\n\n\n\n<p>Se tiver alguma d\u00favida sobre a nossa pol\u00edtica de devolu\u00e7\u00f5es, contacte a nossa equipa de apoio ao cliente em support@ko-tropfen-kaufen.com. Estamos aqui para o ajudar e garantir que a sua experi\u00eancia de compra \u00e9 satisfat\u00f3ria.<\/p>\n\n\n\n<p>Obrigado por comprar em Ko-Tropfen-Kaufen.com!<\/p>","protected":false},"excerpt":{"rendered":"<p>ko-tropfen-kaufen.com R\u00fcckgaberecht Bei Ko-Tropfen-Kaufen.com bem\u00fchen wir uns, sicherzustellen, dass unsere Kunden vollst\u00e4ndig zufrieden mit ihren Eink\u00e4ufen sind. Wenn Sie aus irgendeinem Grund nicht ganz zufrieden mit Ihrer Bestellung sind, hilft Ihnen unser R\u00fcckgaberecht weiter. 30-Tage-Geld-zur\u00fcck-Garantie Wir bieten eine 30-Tage-Geld-zur\u00fcck-Garantie auf alle unsere Produkte. Wenn Sie mit Ihrem Kauf nicht zufrieden sind, k\u00f6nnen Sie innerhalb von [&hellip;]<\/p>\n","protected":false},"author":2,"featured_media":0,"parent":0,"menu_order":0,"comment_status":"closed","ping_status":"closed","template":"","meta":{"footnotes":""},"class_list":["post-15715","page","type-page","status-publish","hentry"],"blocksy_meta":[],"jetpack_sharing_enabled":true,"_links":{"self":[{"href":"https:\/\/ko-tropfen-kaufen.com\/pt\/wp-json\/wp\/v2\/pages\/15715","targetHints":{"allow":["GET"]}}],"collection":[{"href":"https:\/\/ko-tropfen-kaufen.com\/pt\/wp-json\/wp\/v2\/pages"}],"about":[{"href":"https:\/\/ko-tropfen-kaufen.com\/pt\/wp-json\/wp\/v2\/types\/page"}],"author":[{"embeddable":true,"href":"https:\/\/ko-tropfen-kaufen.com\/pt\/wp-json\/wp\/v2\/users\/2"}],"replies":[{"embeddable":true,"href":"https:\/\/ko-tropfen-kaufen.com\/pt\/wp-json\/wp\/v2\/comments?post=15715"}],"version-history":[{"count":1,"href":"https:\/\/ko-tropfen-kaufen.com\/pt\/wp-json\/wp\/v2\/pages\/15715\/revisions"}],"predecessor-version":[{"id":15716,"href":"https:\/\/ko-tropfen-kaufen.com\/pt\/wp-json\/wp\/v2\/pages\/15715\/revisions\/15716"}],"wp:attachment":[{"href":"https:\/\/ko-tropfen-kaufen.com\/pt\/wp-json\/wp\/v2\/media?parent=15715"}],"curies":[{"name":"wp","href":"https:\/\/api.w.org\/{rel}","templated":true}]}}