{"id":15712,"date":"2024-11-25T20:10:01","date_gmt":"2024-11-25T20:10:01","guid":{"rendered":"https:\/\/ko-tropfen-kaufen.com\/?page_id=15712"},"modified":"2024-11-25T20:10:02","modified_gmt":"2024-11-25T20:10:02","slug":"informacoes-legais-e-de-seguranca","status":"publish","type":"page","link":"https:\/\/ko-tropfen-kaufen.com\/pt\/informacoes-legais-e-de-seguranca\/","title":{"rendered":"Seguran\u00e7a"},"content":{"rendered":"<p><a href=\"https:\/\/ko-tropfen-kaufen.com\/product\/gbl-kaufen-legal\/\">GBL<\/a> e <a href=\"https:\/\/ko-tropfen-kaufen.com\/product\/ghb-kaufen\/\">GHB<\/a> podem ser subst\u00e2ncias perigosas se n\u00e3o forem manuseadas corretamente.<\/p>\n\n\n\n<ul class=\"wp-block-list\">\n<li><strong>Danos para a sa\u00fade:<\/strong> Ambas as subst\u00e2ncias podem causar danos graves para a sa\u00fade, inconsci\u00eancia, depress\u00e3o respirat\u00f3ria e mesmo a morte se forem tomadas incorretamente.<\/li>\n\n\n\n<li><strong>Perigo de depend\u00eancia:<\/strong> O GHB tem um elevado potencial de depend\u00eancia e o seu consumo pode levar rapidamente \u00e0 depend\u00eancia.<\/li>\n\n\n\n<li><strong>Restri\u00e7\u00f5es legais:<\/strong> A venda e a posse de GHB s\u00e3o estritamente proibidas na Alemanha ao abrigo da Lei dos Estupefacientes (BtMG). A GBL tamb\u00e9m est\u00e1 sujeita a controlo legal, dependendo da \u00e1rea de aplica\u00e7\u00e3o.<\/li>\n<\/ul>\n\n\n\n<p>Informe-se antes de cada utiliza\u00e7\u00e3o!<\/p>\n\n\n\n<h2 class=\"wp-block-heading\" id=\"h-rechtliche-aspekte\"><strong>Aspectos jur\u00eddicos<\/strong><\/h2>\n\n\n\n<ul class=\"wp-block-list\">\n<li><strong>Alemanha:<\/strong> A venda e a posse de GHB n\u00e3o s\u00e3o legais (mas os traficantes continuam a comprar e a vender GHB). A GBL est\u00e1 sujeita ao Anexo 2 da Portaria sobre Subst\u00e2ncias Perigosas (GefStoffV) e s\u00f3 pode ser comprada e utilizada com uma licen\u00e7a correspondente.<\/li>\n\n\n\n<li><strong>Internacional:<\/strong> A situa\u00e7\u00e3o legal relativa \u00e0 GBL e ao GHB pode variar consideravelmente em todo o mundo. Verifica sempre a legisla\u00e7\u00e3o aplic\u00e1vel no teu pa\u00eds antes de comprares ou utilizares GBL ou GHB.<\/li>\n<\/ul>\n\n\n\n<p><strong>Se tiver alguma d\u00favida sobre o manuseamento de subst\u00e2ncias qu\u00edmicas perigosas, contacte um revendedor especializado certificado ou um perito em produtos qu\u00edmicos.<\/strong><\/p>\n\n\n\n<p><strong>Os seguintes recursos podem ser \u00fateis:<\/strong><\/p>\n\n\n\n<ul class=\"wp-block-list\">\n<li><strong>Instituto Federal para a Seguran\u00e7a e Sa\u00fade no Trabalho (BAUA):<\/strong> <a href=\"https:\/\/www.baua.de\/\" target=\"_blank\" rel=\"noreferrer noopener\">https:\/\/www.baua.de\/<\/a><\/li>\n\n\n\n<li><strong>Centro de controlo de venenos:<\/strong> <a href=\"\/\/www.bvl.bund.de\/DE\/Arbeitsbereiche\/01_Lebensmittel\/03_Verbraucher\/09_InfektionenIntoxikationen\/02_Giftnotrufzentralen\/lm_LMVergiftung_giftnotrufzentralen_node.html\" target=\"_blank\" rel=\"noreferrer noopener\">https:\/\/www.bvl.bund.de\/DE\/Arbeitsbereiche\/01_Lebensmittel\/03_Verbraucher\/09_InfektionenIntoxikationen\/02_Giftnotrufzentralen\/lm_LMVergiftung_giftnotrufzentralen_node.html<\/a><\/li>\n<\/ul>\n\n\n\n<p><strong>Outras palavras-chave relevantes:<\/strong> GBL, gama-butirolactona, GHB, \u00e1cido gama-hidroxibut\u00edrico, subst\u00e2ncias perigosas, lei sobre os estupefacientes (BtMG), decreto sobre as subst\u00e2ncias perigosas (GefStoffV), situa\u00e7\u00e3o jur\u00eddica, danos para a sa\u00fade, risco de depend\u00eancia.<\/p>","protected":false},"excerpt":{"rendered":"<p>GBL und GHB k\u00f6nnen gef\u00e4hrliche Stoffe sein, wenn sie nicht ordnungsgem\u00e4\u00df gehandhabt werden. Informieren Sie sich vor jeder Verwendung! Rechtliche Aspekte Wenn Sie Fragen zum Umgang mit gef\u00e4hrlichen chemischen Substanzen haben, wenden Sie sich bitte an einen zertifizierten Fachh\u00e4ndler oder eine chemische Sachverst\u00e4ndigen. Folgende Ressourcen k\u00f6nnen hilfreich sein: Andere relevante Keywords: GBL, Gamma-Butyrolacton, GHB, Gamma-Hydroxybutters\u00e4ure, [&hellip;]<\/p>\n","protected":false},"author":2,"featured_media":15713,"parent":0,"menu_order":0,"comment_status":"closed","ping_status":"closed","template":"","meta":{"footnotes":""},"class_list":["post-15712","page","type-page","status-publish","has-post-thumbnail","hentry"],"blocksy_meta":[],"jetpack_sharing_enabled":true,"_links":{"self":[{"href":"https:\/\/ko-tropfen-kaufen.com\/pt\/wp-json\/wp\/v2\/pages\/15712","targetHints":{"allow":["GET"]}}],"collection":[{"href":"https:\/\/ko-tropfen-kaufen.com\/pt\/wp-json\/wp\/v2\/pages"}],"about":[{"href":"https:\/\/ko-tropfen-kaufen.com\/pt\/wp-json\/wp\/v2\/types\/page"}],"author":[{"embeddable":true,"href":"https:\/\/ko-tropfen-kaufen.com\/pt\/wp-json\/wp\/v2\/users\/2"}],"replies":[{"embeddable":true,"href":"https:\/\/ko-tropfen-kaufen.com\/pt\/wp-json\/wp\/v2\/comments?post=15712"}],"version-history":[{"count":1,"href":"https:\/\/ko-tropfen-kaufen.com\/pt\/wp-json\/wp\/v2\/pages\/15712\/revisions"}],"predecessor-version":[{"id":15714,"href":"https:\/\/ko-tropfen-kaufen.com\/pt\/wp-json\/wp\/v2\/pages\/15712\/revisions\/15714"}],"wp:featuredmedia":[{"embeddable":true,"href":"https:\/\/ko-tropfen-kaufen.com\/pt\/wp-json\/wp\/v2\/media\/15713"}],"wp:attachment":[{"href":"https:\/\/ko-tropfen-kaufen.com\/pt\/wp-json\/wp\/v2\/media?parent=15712"}],"curies":[{"name":"wp","href":"https:\/\/api.w.org\/{rel}","templated":true}]}}