{"id":15705,"date":"2024-11-25T20:57:41","date_gmt":"2024-11-25T19:57:41","guid":{"rendered":"https:\/\/ko-tropfen-kaufen.com\/?page_id=15705"},"modified":"2025-11-05T08:36:16","modified_gmt":"2025-11-05T07:36:16","slug":"o-que-e-o-gbl","status":"publish","type":"page","link":"https:\/\/ko-tropfen-kaufen.com\/pt\/o-que-e-o-gbl\/","title":{"rendered":"O que \u00e9 a GBL"},"content":{"rendered":"<p>O que \u00e9 a GBL - A gama-butirolactona (GBL) \u00e9 um l\u00edquido incolor e higrosc\u00f3pico conhecido pela sua utiliza\u00e7\u00e3o como solvente industrial e intermedi\u00e1rio qu\u00edmico.<\/p>\n\n\n\n<p>Tem a f\u00f3rmula molecular C\u2084H\u2086O\u2082 e caracteriza-se por um odor t\u00e9nue e um sabor amargo. A GBL \u00e9 uma lactona, um tipo de \u00e9ster c\u00edclico, e \u00e9 um precursor do \u00e1cido gama-hidroxibut\u00edrico (GHB).<\/p>\n\n\n\n<blockquote class=\"wp-block-quote is-layout-flow wp-block-quote-is-layout-flow\">\n<p>Outros nomes de GBL: liquid ecstasys, blue nitro, blue nitro vitality, ghb droge, g droge, gbl dosieren, renewtrient, fire water, gamma-g, gh revitaliser, remforce.<\/p>\n<\/blockquote>\n\n\n\n<div id=\"ez-toc-container\" class=\"ez-toc-v2_0_82_2 counter-hierarchy ez-toc-counter ez-toc-grey ez-toc-container-direction\">\n<div class=\"ez-toc-title-container\">\n<p class=\"ez-toc-title\" style=\"cursor:inherit\">\u00cdndice<\/p>\n<span class=\"ez-toc-title-toggle\"><a href=\"#\" class=\"ez-toc-pull-right ez-toc-btn ez-toc-btn-xs ez-toc-btn-default ez-toc-toggle\" aria-label=\"Alternar o \u00edndice\"><span class=\"ez-toc-js-icon-con\"><span class=\"\"><span class=\"eztoc-hide\" style=\"display:none;\">Alternar<\/span><span class=\"ez-toc-icon-toggle-span\"><svg style=\"fill: #999;color:#999\" xmlns=\"http:\/\/www.w3.org\/2000\/svg\" class=\"list-377408\" width=\"20px\" height=\"20px\" viewbox=\"0 0 24 24\" fill=\"none\"><path d=\"M6 6H4v2h2V6zm14 0H8v2h12V6zM4 11h2v2H4v-2zm16 0H8v2h12v-2zM4 16h2v2H4v-2zm16 0H8v2h12v-2z\" fill=\"currentColor\"><\/path><\/svg><svg style=\"fill: #999;color:#999\" class=\"arrow-unsorted-368013\" xmlns=\"http:\/\/www.w3.org\/2000\/svg\" width=\"10px\" height=\"10px\" viewbox=\"0 0 24 24\" version=\"1.2\" baseprofile=\"tiny\"><path d=\"M18.2 9.3l-6.2-6.3-6.2 6.3c-.2.2-.3.4-.3.7s.1.5.3.7c.2.2.4.3.7.3h11c.3 0 .5-.1.7-.3.2-.2.3-.5.3-.7s-.1-.5-.3-.7zM5.8 14.7l6.2 6.3 6.2-6.3c.2-.2.3-.5.3-.7s-.1-.5-.3-.7c-.2-.2-.4-.3-.7-.3h-11c-.3 0-.5.1-.7.3-.2.2-.3.5-.3.7s.1.5.3.7z\"\/><\/svg><\/span><\/span><\/span><\/a><\/span><\/div>\n<nav><ul class='ez-toc-list ez-toc-list-level-1' ><li class='ez-toc-page-1 ez-toc-heading-level-2'><a class=\"ez-toc-link ez-toc-heading-1\" href=\"https:\/\/ko-tropfen-kaufen.com\/pt\/o-que-e-o-gbl\/#Chemische_Eigenschaften_und_industrielle_Verwendung_von_Gamma-Butyrolacton\" >Propriedades qu\u00edmicas e utiliza\u00e7\u00e3o industrial da gama-butirolactona<\/a><\/li><li class='ez-toc-page-1 ez-toc-heading-level-2'><a class=\"ez-toc-link ez-toc-heading-2\" href=\"https:\/\/ko-tropfen-kaufen.com\/pt\/o-que-e-o-gbl\/#Andere_Verwendungen_von_GBL\" >Outras utiliza\u00e7\u00f5es da GBL<\/a><\/li><li class='ez-toc-page-1 ez-toc-heading-level-2'><a class=\"ez-toc-link ez-toc-heading-3\" href=\"https:\/\/ko-tropfen-kaufen.com\/pt\/o-que-e-o-gbl\/#Chemische_Reaktionen_von_GBL\" >Reac\u00e7\u00f5es qu\u00edmicas da GBL<\/a><\/li><li class='ez-toc-page-1 ez-toc-heading-level-2'><a class=\"ez-toc-link ez-toc-heading-4\" href=\"https:\/\/ko-tropfen-kaufen.com\/pt\/o-que-e-o-gbl\/#Regulierung_und_Rechtsstatus\" >Regulamenta\u00e7\u00e3o e estatuto jur\u00eddico<\/a><\/li><li class='ez-toc-page-1 ez-toc-heading-level-2'><a class=\"ez-toc-link ez-toc-heading-5\" href=\"https:\/\/ko-tropfen-kaufen.com\/pt\/o-que-e-o-gbl\/#Gesundheitliche_Auswirkungen_und_Risiken\" >Efeitos e riscos para a sa\u00fade<\/a><\/li><li class='ez-toc-page-1 ez-toc-heading-level-2'><a class=\"ez-toc-link ez-toc-heading-6\" href=\"https:\/\/ko-tropfen-kaufen.com\/pt\/o-que-e-o-gbl\/#Wo_kann_man_GBL_kaufen\" >Onde se pode comprar GBL?<\/a><\/li><\/ul><\/nav><\/div>\n<h2 class=\"wp-block-heading\" id=\"h-chemische-eigenschaften-und-industrielle-verwendung-von-gamma-butyrolacton\"><span class=\"ez-toc-section\" id=\"Chemische_Eigenschaften_und_industrielle_Verwendung_von_Gamma-Butyrolacton\"><\/span>Propriedades qu\u00edmicas e utiliza\u00e7\u00e3o industrial da gama-butirolactona<span class=\"ez-toc-section-end\"><\/span><\/h2>\n\n\n\n<p>A GBL \u00e9 produzida industrialmente por desidrogena\u00e7\u00e3o do 1,4-butanodiol na presen\u00e7a de um catalisador de cobre a temperaturas entre 180 e 300 \u00b0C.<\/p>\n\n\n\n<p>O rendimento deste processo \u00e9 de aproximadamente 95 %, com purifica\u00e7\u00e3o por extra\u00e7\u00e3o em fase gasosa l\u00edquida. A GBL pode tamb\u00e9m ser sintetizada em laborat\u00f3rio por oxida\u00e7\u00e3o do tetra-hidrofurano (THF) ou por uma rea\u00e7\u00e3o catalisada por lipase com 4-hidroxibutirato (4-HB).<\/p>\n\n\n\n<p>A GBL \u00e9 tamb\u00e9m utilizada como intermedi\u00e1rio na produ\u00e7\u00e3o de outros produtos qu\u00edmicos, como a N-metil-2-pirrolidona (NMP) e a pirrolidona, e na s\u00edntese de certos produtos farmac\u00eauticos.<\/p>\n\n\n\n<h2 class=\"wp-block-heading\" id=\"h-andere-verwendungen-von-gbl\"><span class=\"ez-toc-section\" id=\"Andere_Verwendungen_von_GBL\"><\/span>Outras utiliza\u00e7\u00f5es da GBL<span class=\"ez-toc-section-end\"><\/span><\/h2>\n\n\n\n<ul class=\"wp-block-list\">\n<li>Cor mais fina<\/li>\n\n\n\n<li>Agentes de limpeza<\/li>\n\n\n\n<li>Removedor de super cola<\/li>\n\n\n\n<li>Condensadores electrol\u00edticos<\/li>\n<\/ul>\n\n\n\n<h2 class=\"wp-block-heading\" id=\"h-chemische-reaktionen-von-gbl\"><span class=\"ez-toc-section\" id=\"Chemische_Reaktionen_von_GBL\"><\/span>Reac\u00e7\u00f5es qu\u00edmicas da GBL<span class=\"ez-toc-section-end\"><\/span><\/h2>\n\n\n\n<p>A estrutura qu\u00edmica da GBL permite a sua hidr\u00f3lise em \u00e1cido gama-hidroxibut\u00edrico (GHB) em condi\u00e7\u00f5es b\u00e1sicas. Esta propriedade levou a que a GBL fosse utilizada para produzir GHB, que \u00e9 simultaneamente um agente terap\u00eautico e uma subst\u00e2ncia de abuso. O processo de convers\u00e3o \u00e9 simples, o que faz da GBL um precursor importante para a s\u00edntese de GHB.<\/p>\n\n\n\n<figure class=\"wp-block-image size-full\"><img data-recalc-dims=\"1\" fetchpriority=\"high\" decoding=\"async\" width=\"1024\" height=\"379\" src=\"https:\/\/i0.wp.com\/ko-tropfen-kaufen.com\/wp-content\/uploads\/2024\/11\/Gbl-Produktionsprozess-1024x379-1.png?resize=1024%2C379&#038;ssl=1\" alt=\"\" class=\"wp-image-15708\" srcset=\"https:\/\/i0.wp.com\/ko-tropfen-kaufen.com\/wp-content\/uploads\/2024\/11\/Gbl-Produktionsprozess-1024x379-1.png?w=1024&amp;ssl=1 1024w, https:\/\/i0.wp.com\/ko-tropfen-kaufen.com\/wp-content\/uploads\/2024\/11\/Gbl-Produktionsprozess-1024x379-1.png?resize=430%2C159&amp;ssl=1 430w, https:\/\/i0.wp.com\/ko-tropfen-kaufen.com\/wp-content\/uploads\/2024\/11\/Gbl-Produktionsprozess-1024x379-1.png?resize=700%2C259&amp;ssl=1 700w, https:\/\/i0.wp.com\/ko-tropfen-kaufen.com\/wp-content\/uploads\/2024\/11\/Gbl-Produktionsprozess-1024x379-1.png?resize=400%2C148&amp;ssl=1 400w, https:\/\/i0.wp.com\/ko-tropfen-kaufen.com\/wp-content\/uploads\/2024\/11\/Gbl-Produktionsprozess-1024x379-1.png?resize=768%2C284&amp;ssl=1 768w\" sizes=\"(max-width: 1024px) 100vw, 1024px\" \/><\/figure>\n\n\n\n<h2 class=\"wp-block-heading\" id=\"h-regulierung-und-rechtsstatus\"><span class=\"ez-toc-section\" id=\"Regulierung_und_Rechtsstatus\"><\/span>Regulamenta\u00e7\u00e3o e estatuto jur\u00eddico<span class=\"ez-toc-section-end\"><\/span><\/h2>\n\n\n\n<p>A GBL \u00e9 regulamentada por lei em muitos pa\u00edses, uma vez que pode ser consumida de forma abusiva como droga recreativa atrav\u00e9s da sua convers\u00e3o em GHB no organismo. O GHB \u00e9 conhecido pelos seus efeitos sedativos e euf\u00f3ricos, que o levaram a ser associado ao uso ilegal e a preocupa\u00e7\u00f5es de seguran\u00e7a. Consequentemente, a GBL \u00e9 frequentemente controlada ao abrigo das leis relativas aos precursores de drogas e a sua venda e posse podem ser restringidas.<\/p>\n\n\n\n<h2 class=\"wp-block-heading\" id=\"h-gesundheitliche-auswirkungen-und-risiken\"><span class=\"ez-toc-section\" id=\"Gesundheitliche_Auswirkungen_und_Risiken\"><\/span>Efeitos e riscos para a sa\u00fade<span class=\"ez-toc-section-end\"><\/span><\/h2>\n\n\n\n<p>A ingest\u00e3o de GBL pode causar uma s\u00e9rie de efeitos secund\u00e1rios, incluindo n\u00e1useas, dores de cabe\u00e7a, vis\u00e3o turva, batimentos card\u00edacos acelerados e aumento da tens\u00e3o arterial. O abuso a longo prazo pode levar a graves problemas de sa\u00fade f\u00edsica e mental, como depress\u00e3o, ansiedade e at\u00e9 psicose. Por conseguinte, \u00e9 fundamental consumir a GBL de forma respons\u00e1vel e de acordo com as diretrizes legais e de seguran\u00e7a aplic\u00e1veis.<\/p>\n\n\n\n<figure class=\"wp-block-image size-full is-resized\"><img data-recalc-dims=\"1\" decoding=\"async\" width=\"1024\" height=\"585\" src=\"https:\/\/i0.wp.com\/ko-tropfen-kaufen.com\/wp-content\/uploads\/2024\/11\/GBL-pharmacie-1024x585-1.jpg?resize=1024%2C585&#038;ssl=1\" alt=\"\" class=\"wp-image-15709\" style=\"width:1192px;height:auto\" srcset=\"https:\/\/i0.wp.com\/ko-tropfen-kaufen.com\/wp-content\/uploads\/2024\/11\/GBL-pharmacie-1024x585-1.jpg?w=1024&amp;ssl=1 1024w, https:\/\/i0.wp.com\/ko-tropfen-kaufen.com\/wp-content\/uploads\/2024\/11\/GBL-pharmacie-1024x585-1.jpg?resize=430%2C246&amp;ssl=1 430w, https:\/\/i0.wp.com\/ko-tropfen-kaufen.com\/wp-content\/uploads\/2024\/11\/GBL-pharmacie-1024x585-1.jpg?resize=700%2C400&amp;ssl=1 700w, https:\/\/i0.wp.com\/ko-tropfen-kaufen.com\/wp-content\/uploads\/2024\/11\/GBL-pharmacie-1024x585-1.jpg?resize=400%2C229&amp;ssl=1 400w, https:\/\/i0.wp.com\/ko-tropfen-kaufen.com\/wp-content\/uploads\/2024\/11\/GBL-pharmacie-1024x585-1.jpg?resize=768%2C439&amp;ssl=1 768w\" sizes=\"(max-width: 1024px) 100vw, 1024px\" \/><\/figure>\n\n\n\n<h2 class=\"wp-block-heading\" id=\"h-wo-kann-man-gbl-kaufen\"><span class=\"ez-toc-section\" id=\"Wo_kann_man_GBL_kaufen\"><\/span>Onde se pode comprar GBL?<span class=\"ez-toc-section-end\"><\/span><\/h2>\n\n\n\n<p>Se necessitar de GBL para fins industriais leg\u00edtimos, pode adquiri-la junto de v\u00e1rios fornecedores. As fontes fi\u00e1veis incluem fornecedores especializados em produtos qu\u00edmicos e fornecedores industriais. Ao comprar GBL, certifique-se sempre de que cumpre os regulamentos locais. A pesquisa de fornecedores e a leitura de cr\u00edticas podem ajudar a garantir que obt\u00e9m GBL de alta qualidade para as suas necessidades.<\/p>\n\n\n\n<ul class=\"wp-block-list\">\n<li><strong>GBL Clean Shop<\/strong>Esta loja oferece uma variedade de produtos GBL que s\u00e3o principalmente comercializados para fins de limpeza industrial, tais como a limpeza de rodas e aplica\u00e7\u00f5es de solventes. A empresa d\u00e1 grande \u00eanfase \u00e0 qualidade e pureza dos seus produtos GBL e fornece instru\u00e7\u00f5es pormenorizadas de utiliza\u00e7\u00e3o (GBL Clean Shop).<\/li>\n\n\n\n<li><strong>Loja GBL<\/strong>Esta loja \u00e9 conhecida pela sua gama completa de produtos GBL e oferece op\u00e7\u00f5es para v\u00e1rias quantidades, incluindo 500 ml, 1 litro, 2 litros, 5 litros e mais. Garante transac\u00e7\u00f5es seguras e discretas e oferece pre\u00e7os competitivos (<a href=\"https:\/\/ko-tropfen-kaufen.com\/serioser-gbl-shop\">Loja GBL<\/a>).<\/li>\n\n\n\n<li><strong>Laborat\u00f3rio de Qu\u00edmica GBL<\/strong>A GBL \u00e9 vendida em v\u00e1rias quantidades neste s\u00edtio Web e \u00e9 anunciada a sua utiliza\u00e7\u00e3o para limpeza industrial e como produto qu\u00edmico interm\u00e9dio. O s\u00edtio salienta o seu processo de encomenda seguro e as op\u00e7\u00f5es de envio r\u00e1pido (GBL Chem Lab).<\/li>\n<\/ul>\n\n\n\n<p>Podem ser encontradas informa\u00e7\u00f5es mais pormenorizadas em fontes como a Wikipedia e FineChemical.net (<a href=\"https:\/\/de.wikipedia.org\/wiki\/\u0393-Butyrolacton\" target=\"_blank\" rel=\"noopener\">Wikip\u00e9dia<\/a>) (Anbu Chem).<\/p>\n\n\n\n<p>Em resumo, a hist\u00f3ria da GBL caracteriza-se pelo seu duplo papel como solvente industrial valioso e precursor controlado do GHB, reflectindo tanto a sua utilidade como a necessidade de regulamenta\u00e7\u00e3o para reduzir o abuso.<\/p>","protected":false},"excerpt":{"rendered":"<p>Was ist GBL &#8211; Gamma-Butyrolacton (GBL) ist eine farblose, hygroskopische Fl\u00fcssigkeit, die f\u00fcr ihre Verwendung als industrielles L\u00f6sungsmittel und chemisches Zwischenprodukt bekannt ist. Es hat die Molekularformel C\u2084H\u2086O\u2082 und zeichnet sich durch einen schwachen Geruch und einen bitteren Geschmack aus. GBL ist ein Lacton, eine Art zyklischer Ester, und ist ein Vorl\u00e4ufer von Gamma-Hydroxybutters\u00e4ure (GHB). [&hellip;]<\/p>\n","protected":false},"author":2,"featured_media":0,"parent":0,"menu_order":0,"comment_status":"closed","ping_status":"closed","template":"","meta":{"footnotes":""},"class_list":["post-15705","page","type-page","status-publish","hentry"],"blocksy_meta":[],"jetpack_sharing_enabled":true,"_links":{"self":[{"href":"https:\/\/ko-tropfen-kaufen.com\/pt\/wp-json\/wp\/v2\/pages\/15705","targetHints":{"allow":["GET"]}}],"collection":[{"href":"https:\/\/ko-tropfen-kaufen.com\/pt\/wp-json\/wp\/v2\/pages"}],"about":[{"href":"https:\/\/ko-tropfen-kaufen.com\/pt\/wp-json\/wp\/v2\/types\/page"}],"author":[{"embeddable":true,"href":"https:\/\/ko-tropfen-kaufen.com\/pt\/wp-json\/wp\/v2\/users\/2"}],"replies":[{"embeddable":true,"href":"https:\/\/ko-tropfen-kaufen.com\/pt\/wp-json\/wp\/v2\/comments?post=15705"}],"version-history":[{"count":2,"href":"https:\/\/ko-tropfen-kaufen.com\/pt\/wp-json\/wp\/v2\/pages\/15705\/revisions"}],"predecessor-version":[{"id":15831,"href":"https:\/\/ko-tropfen-kaufen.com\/pt\/wp-json\/wp\/v2\/pages\/15705\/revisions\/15831"}],"wp:attachment":[{"href":"https:\/\/ko-tropfen-kaufen.com\/pt\/wp-json\/wp\/v2\/media?parent=15705"}],"curies":[{"name":"wp","href":"https:\/\/api.w.org\/{rel}","templated":true}]}}