{"id":15965,"date":"2025-08-13T20:06:48","date_gmt":"2025-08-13T20:06:48","guid":{"rendered":"https:\/\/ko-tropfen-kaufen.com\/?post_type=product&#038;p=15965"},"modified":"2025-11-16T14:24:14","modified_gmt":"2025-11-16T13:24:14","slug":"oksybate-sodu","status":"publish","type":"product","link":"https:\/\/ko-tropfen-kaufen.com\/pl\/product\/oksybate-sodu\/","title":{"rendered":"Oksybian sodu Ethypharm 500 mg\/ml"},"content":{"rendered":"<h2 data-start=\"213\" data-end=\"315\">Kup oksybian sodu Ethypharm 500 mg\/ml roztw\u00f3r - Wysokiej jako\u015bci surowiec do bada\u0144 i przemys\u0142u<\/h2>\n<p data-start=\"317\" data-end=\"694\"><strong data-start=\"317\" data-end=\"361\">Oksybian sodu Ethypharm 500 mg\/ml roztw\u00f3r<\/strong> (znany r\u00f3wnie\u017c pod mi\u0119dzynarodow\u0105 niezastrze\u017con\u0105 nazw\u0105 oksybate sodu i nazw\u0105 handlow\u0105 <em data-start=\"448\" data-end=\"455\">Xyrem<\/em>) jest sol\u0105 sodow\u0105 kwasu gamma-hydroksymas\u0142owego (<a href=\"https:\/\/ko-tropfen-kaufen.com\/product\/ghb-kaufen\/\">GHB<\/a>).<br data-start=\"512\" data-end=\"515\" \/>W badaniach i przemy\u015ble jest on wykorzystywany g\u0142\u00f3wnie do bada\u0144 farmakologicznych, analiz neurochemicznych oraz do opracowywania i walidacji nowych preparat\u00f3w.<\/p>\n<p data-start=\"696\" data-end=\"929\">W Niemczech <strong data-start=\"722\" data-end=\"749\">Oksybian sodu Ethypharm<\/strong> \u015bcis\u0142e regulacje prawne zgodnie z <strong data-start=\"792\" data-end=\"825\">Ustawa o \u015brodkach odurzaj\u0105cych (BtMG)<\/strong> i mog\u0105 by\u0107 wykorzystywane wy\u0142\u0105cznie do dozwolonych cel\u00f3w naukowych lub przemys\u0142owych.<\/p>\n<h3 data-start=\"936\" data-end=\"977\">Dlaczego warto wybra\u0107 oksybian sodu Ethypharm?<\/h3>\n<ul data-start=\"978\" data-end=\"1391\">\n<li data-start=\"978\" data-end=\"1074\">\n<p data-start=\"980\" data-end=\"1074\"><strong data-start=\"980\" data-end=\"1013\">Precyzyjne aplikacje badawcze<\/strong> - Idealny do bada\u0144 farmakologicznych i neurobiologicznych.<\/p>\n<\/li>\n<li data-start=\"1075\" data-end=\"1183\">\n<p data-start=\"1077\" data-end=\"1183\"><strong data-start=\"1077\" data-end=\"1121\">Wysoka czysto\u015b\u0107 i okre\u015blone st\u0119\u017cenie<\/strong> - 500 mg\/ml gwarantuje powtarzalne wyniki test\u00f3w.<\/p>\n<\/li>\n<li data-start=\"1184\" data-end=\"1281\">\n<p data-start=\"1186\" data-end=\"1281\"><strong data-start=\"1186\" data-end=\"1209\">Kompatybilny z przemys\u0142em<\/strong> - Nadaje si\u0119 do optymalizacji proces\u00f3w, kontroli jako\u015bci i analizy.<\/p>\n<\/li>\n<li data-start=\"1282\" data-end=\"1391\">\n<p data-start=\"1284\" data-end=\"1391\"><strong data-start=\"1284\" data-end=\"1312\">Pe\u0142na dokumentacja<\/strong> - Dostarczany z COA (certyfikat analizy) i SDS (karta charakterystyki).<\/p>\n<\/li>\n<\/ul>\n<h3 data-start=\"1398\" data-end=\"1464\">Na co zwr\u00f3ci\u0107 uwag\u0119 kupuj\u0105c oksybate sodu Ethypharm 500 mg\/ml?<\/h3>\n<ol data-start=\"1465\" data-end=\"2035\">\n<li data-start=\"1465\" data-end=\"1615\">\n<p data-start=\"1468\" data-end=\"1500\"><strong data-start=\"1468\" data-end=\"1498\">Czysto\u015b\u0107 i koncentracja<\/strong><\/p>\n<ul data-start=\"1504\" data-end=\"1615\">\n<li data-start=\"1504\" data-end=\"1615\">\n<p data-start=\"1506\" data-end=\"1615\">Klasa farmaceutyczna, zdefiniowana jako 500 mg\/ml; do prac naukowych wymagana jest czysto\u015b\u0107 \u2265 99 %.<\/p>\n<\/li>\n<\/ul>\n<\/li>\n<li data-start=\"1616\" data-end=\"1751\">\n<p data-start=\"1619\" data-end=\"1636\"><strong data-start=\"1619\" data-end=\"1634\">Certyfikaty<\/strong><\/p>\n<ul data-start=\"1640\" data-end=\"1751\">\n<li data-start=\"1640\" data-end=\"1690\">\n<p data-start=\"1642\" data-end=\"1690\"><strong data-start=\"1642\" data-end=\"1649\">COA<\/strong> w celu potwierdzenia analizy chemicznej<\/p>\n<\/li>\n<li data-start=\"1694\" data-end=\"1751\">\n<p data-start=\"1696\" data-end=\"1751\"><strong data-start=\"1696\" data-end=\"1703\">SDS<\/strong> ze wszystkimi informacjami istotnymi dla bezpiecze\u0144stwa<\/p>\n<\/li>\n<\/ul>\n<\/li>\n<li data-start=\"1752\" data-end=\"1906\">\n<p data-start=\"1755\" data-end=\"1789\"><strong data-start=\"1755\" data-end=\"1787\">Zaufany dostawca<\/strong><\/p>\n<ul data-start=\"1793\" data-end=\"1906\">\n<li data-start=\"1793\" data-end=\"1850\">\n<p data-start=\"1795\" data-end=\"1850\">Udokumentowane do\u015bwiadczenie z substancjami kontrolowanymi<\/p>\n<\/li>\n<li data-start=\"1854\" data-end=\"1906\">\n<p data-start=\"1856\" data-end=\"1906\">Zgodno\u015b\u0107 z niemieckimi i unijnymi wymogami prawnymi<\/p>\n<\/li>\n<\/ul>\n<\/li>\n<li data-start=\"1907\" data-end=\"2035\">\n<p data-start=\"1910\" data-end=\"1936\"><strong data-start=\"1910\" data-end=\"1934\">Pakowanie i wysy\u0142ka<\/strong><\/p>\n<ul data-start=\"1940\" data-end=\"2035\">\n<li data-start=\"1940\" data-end=\"1982\">\n<p data-start=\"1942\" data-end=\"1982\">Odporne na chemikalia, szczelnie zamkni\u0119te butelki<\/p>\n<\/li>\n<li data-start=\"1986\" data-end=\"2035\">\n<p data-start=\"1988\" data-end=\"2035\">Wysy\u0142ka towar\u00f3w niebezpiecznych ADR w kontrolowanej temperaturze<\/p>\n<\/li>\n<\/ul>\n<\/li>\n<\/ol>\n<h3 data-start=\"2042\" data-end=\"2079\">Dane techniczne<\/h3>\n<ul data-start=\"2080\" data-end=\"2469\">\n<li data-start=\"2080\" data-end=\"2141\">\n<p data-start=\"2082\" data-end=\"2141\"><strong data-start=\"2082\" data-end=\"2098\">Nazwa handlowa:<\/strong> Oksybian sodu Ethypharm 500 mg\/ml roztw\u00f3r<\/p>\n<\/li>\n<li data-start=\"2142\" data-end=\"2198\">\n<p data-start=\"2144\" data-end=\"2198\"><strong data-start=\"2144\" data-end=\"2170\">Nazwa chemiczna:<\/strong> 4-hydroksybutanian sodu<\/p>\n<\/li>\n<li data-start=\"2199\" data-end=\"2229\">\n<p data-start=\"2201\" data-end=\"2229\"><strong data-start=\"2201\" data-end=\"2218\">Wz\u00f3r na sum\u0119:<\/strong> <a href=\"https:\/\/pubchem.ncbi.nlm.nih.gov\/compound\/49849725\" target=\"_blank\" rel=\"noopener\">C\u2084H\u2087NaO\u2083<\/a><\/p>\n<\/li>\n<li data-start=\"2230\" data-end=\"2264\">\n<p data-start=\"2232\" data-end=\"2264\"><strong data-start=\"2232\" data-end=\"2249\">Masa molowa:<\/strong> 126,09 g\/mol<\/p>\n<\/li>\n<li data-start=\"2265\" data-end=\"2330\">\n<p data-start=\"2267\" data-end=\"2330\"><strong data-start=\"2267\" data-end=\"2288\">Posta\u0107 dawkowania:<\/strong> Przejrzysty, bezbarwny p\u0142yn (500 mg\/ml)<\/p>\n<\/li>\n<li data-start=\"2331\" data-end=\"2370\">\n<p data-start=\"2333\" data-end=\"2370\"><strong data-start=\"2333\" data-end=\"2349\">Rozpuszczalno\u015b\u0107:<\/strong> Bardzo dobry w wodzie<\/p>\n<\/li>\n<li data-start=\"2371\" data-end=\"2409\">\n<p data-start=\"2373\" data-end=\"2409\"><strong data-start=\"2373\" data-end=\"2399\">Warto\u015b\u0107 pH (roztw\u00f3r 10 %):<\/strong> ok. 7-8<\/p>\n<\/li>\n<li data-start=\"2410\" data-end=\"2469\">\n<p data-start=\"2412\" data-end=\"2469\"><strong data-start=\"2412\" data-end=\"2435\">Jednostka opakowania:<\/strong> Butelka 180 ml = 90 g sk\u0142adnika aktywnego<\/p>\n<\/li>\n<\/ul>\n<h3 data-start=\"2476\" data-end=\"2501\">Przechowywanie i bezpiecze\u0144stwo<\/h3>\n<ul data-start=\"2502\" data-end=\"2759\">\n<li data-start=\"2502\" data-end=\"2565\">\n<p data-start=\"2504\" data-end=\"2565\"><strong data-start=\"2504\" data-end=\"2517\">Przechowywanie:<\/strong> Sch\u0142odzone, suche i dobrze zamkni\u0119te w temperaturze 2-8 \u00b0C<\/p>\n<\/li>\n<li data-start=\"2566\" data-end=\"2622\">\n<p data-start=\"2568\" data-end=\"2622\"><strong data-start=\"2568\" data-end=\"2576\">\u015aRODKI OCHRONY INDYWIDUALNEJ:<\/strong> Okulary ochronne, r\u0119kawice nitrylowe, fartuch laboratoryjny<\/p>\n<\/li>\n<li data-start=\"2623\" data-end=\"2675\">\n<p data-start=\"2625\" data-end=\"2675\"><strong data-start=\"2625\" data-end=\"2640\">Obs\u0142uga:<\/strong> Tylko w wentylowanych pomieszczeniach laboratoryjnych<\/p>\n<\/li>\n<li data-start=\"2676\" data-end=\"2759\">\n<p data-start=\"2678\" data-end=\"2759\"><strong data-start=\"2678\" data-end=\"2693\">Utylizacja:<\/strong> Zgodnie z lokalnymi przepisami dotycz\u0105cymi narkotyk\u00f3w i substancji niebezpiecznych<\/p>\n<\/li>\n<\/ul>\n<h3 data-start=\"2766\" data-end=\"2790\">FAQ - Cz\u0119sto zadawane pytania<\/h3>\n<p data-start=\"2791\" data-end=\"2858\"><strong data-start=\"2791\" data-end=\"2856\">Czy oksybian sodu Ethypharm mo\u017cna kupi\u0107 legalnie w Niemczech?<\/strong><\/p>\n<ul data-start=\"2859\" data-end=\"2933\">\n<li data-start=\"2859\" data-end=\"2933\">\n<p data-start=\"2861\" data-end=\"2933\">Tak, ale tylko w przypadku autoryzowanych obiekt\u00f3w posiadaj\u0105cych licencj\u0119 zgodnie z BtMG.<\/p>\n<\/li>\n<\/ul>\n<p data-start=\"2935\" data-end=\"2967\"><strong data-start=\"2935\" data-end=\"2965\">Jak zorganizowana jest dostawa?<\/strong><\/p>\n<ul data-start=\"2968\" data-end=\"3045\">\n<li data-start=\"2968\" data-end=\"3045\">\n<p data-start=\"2970\" data-end=\"3045\">Wy\u0142\u0105cznie do zarejestrowanych instytucji, za po\u015brednictwem transportu towar\u00f3w niebezpiecznych ADR.<\/p>\n<\/li>\n<\/ul>\n<p data-start=\"3047\" data-end=\"3086\"><strong data-start=\"3047\" data-end=\"3084\">Jakie dokumenty s\u0105 wymagane?<\/strong><\/p>\n<ul data-start=\"3087\" data-end=\"3158\">\n<li data-start=\"3087\" data-end=\"3158\">\n<p data-start=\"3089\" data-end=\"3158\">Oficjalna licencja, licencja handlowa, certyfikat ko\u0144cowego zastosowania, je\u015bli dotyczy.<\/p>\n<\/li>\n<\/ul>\n<p data-start=\"3160\" data-end=\"3202\"><strong data-start=\"3160\" data-end=\"3200\">R\u00f3\u017cnica w stosunku do podobnych substancji?<\/strong><\/p>\n<ul data-start=\"3203\" data-end=\"3301\">\n<li data-start=\"3203\" data-end=\"3301\">\n<p data-start=\"3205\" data-end=\"3301\">\u015aci\u015ble regulowana substancja, kt\u00f3rej nie nale\u017cy myli\u0107 z niekontrolowanymi solami lub prekursorami.<\/p>\n<\/li>\n<\/ul>\n<h3 data-start=\"3308\" data-end=\"3335\">Popro\u015b o wycen\u0119 ju\u017c teraz<\/h3>\n<p data-start=\"3336\" data-end=\"3521\">Aby uzyska\u0107 spersonalizowan\u0105 ofert\u0119 dla <strong data-start=\"3369\" data-end=\"3420\">Kup Sodium oxybate Ethypharm 500 mg\/ml roztw\u00f3r<\/strong> oraz szczeg\u00f3\u0142y dotycz\u0105ce warunk\u00f3w dostawy w Niemczech, prosimy o przes\u0142anie nam dokument\u00f3w autoryzacyjnych.<\/p>\n<p data-start=\"3528\" data-end=\"3815\"><strong data-start=\"3528\" data-end=\"3552\">Nota prawna:<\/strong><br data-start=\"3552\" data-end=\"3555\" \/>Dystrybucja i wysy\u0142ka odbywa si\u0119 wy\u0142\u0105cznie do autoryzowanych instytucji zgodnie z niemieckimi przepisami BtMG i UE. Kupuj\u0105cy jest odpowiedzialny za zgodno\u015b\u0107 ze wszystkimi wymogami prawnymi, w tym za przechowywanie, obs\u0142ug\u0119 i u\u017cytkowanie ko\u0144cowe.<\/p>","protected":false},"excerpt":{"rendered":"<p>Oksybian sodu Ethypharm 500 mg\/ml roztw\u00f3r (Sodium Oxybate, Xyrem) o czysto\u015bci farmaceutycznej \u226599 % z COA i SDS. Zgodna z prawem wysy\u0142ka ADR do autoryzowanych plac\u00f3wek w Niemczech zgodnie z BtMG.<\/p>","protected":false},"featured_media":15966,"comment_status":"open","ping_status":"closed","template":"","meta":{"jetpack_publicize_message":"","jetpack_publicize_feature_enabled":true,"jetpack_social_post_already_shared":false,"jetpack_social_options":{"image_generator_settings":{"template":"highway","default_image_id":0,"font":"","enabled":false},"version":2}},"product_brand":[],"product_cat":[27],"product_tag":[89,90],"class_list":{"0":"post-15965","1":"product","2":"type-product","3":"status-publish","4":"has-post-thumbnail","6":"product_cat-ko-tropfen-wo-kaufen","7":"product_tag-gbl-bestellen-deutschland","8":"product_tag-ghb-kaufen-deutschland","10":"first","11":"instock","12":"sale","13":"featured","14":"shipping-taxable","15":"purchasable","16":"product-type-simple"},"jetpack_publicize_connections":[],"jetpack_sharing_enabled":true,"_links":{"self":[{"href":"https:\/\/ko-tropfen-kaufen.com\/pl\/wp-json\/wp\/v2\/product\/15965","targetHints":{"allow":["GET"]}}],"collection":[{"href":"https:\/\/ko-tropfen-kaufen.com\/pl\/wp-json\/wp\/v2\/product"}],"about":[{"href":"https:\/\/ko-tropfen-kaufen.com\/pl\/wp-json\/wp\/v2\/types\/product"}],"replies":[{"embeddable":true,"href":"https:\/\/ko-tropfen-kaufen.com\/pl\/wp-json\/wp\/v2\/comments?post=15965"}],"version-history":[{"count":1,"href":"https:\/\/ko-tropfen-kaufen.com\/pl\/wp-json\/wp\/v2\/product\/15965\/revisions"}],"predecessor-version":[{"id":15967,"href":"https:\/\/ko-tropfen-kaufen.com\/pl\/wp-json\/wp\/v2\/product\/15965\/revisions\/15967"}],"wp:featuredmedia":[{"embeddable":true,"href":"https:\/\/ko-tropfen-kaufen.com\/pl\/wp-json\/wp\/v2\/media\/15966"}],"wp:attachment":[{"href":"https:\/\/ko-tropfen-kaufen.com\/pl\/wp-json\/wp\/v2\/media?parent=15965"}],"wp:term":[{"taxonomy":"product_brand","embeddable":true,"href":"https:\/\/ko-tropfen-kaufen.com\/pl\/wp-json\/wp\/v2\/product_brand?post=15965"},{"taxonomy":"product_cat","embeddable":true,"href":"https:\/\/ko-tropfen-kaufen.com\/pl\/wp-json\/wp\/v2\/product_cat?post=15965"},{"taxonomy":"product_tag","embeddable":true,"href":"https:\/\/ko-tropfen-kaufen.com\/pl\/wp-json\/wp\/v2\/product_tag?post=15965"}],"curies":[{"name":"wp","href":"https:\/\/api.w.org\/{rel}","templated":true}]}}