{"id":15632,"date":"2024-11-25T12:11:27","date_gmt":"2024-11-25T12:11:27","guid":{"rendered":"https:\/\/ko-tropfen-kaufen.com\/?post_type=product&#038;p=15632"},"modified":"2026-03-21T14:38:40","modified_gmt":"2026-03-21T13:38:40","slug":"kup-gbl-legalnie","status":"publish","type":"product","link":"https:\/\/ko-tropfen-kaufen.com\/pl\/product\/kup-gbl-legalnie\/","title":{"rendered":"Gamma-butyrolakton (GBL)"},"content":{"rendered":"<h1>GBL Buy Legal<\/h1>\n<h2>Wprowadzenie do gamma-butyrolaktonu (GBL)<\/h2>\n<p>Witamy w <a href=\"https:\/\/ko-tropfen-kaufen.com\/\">KO-Drops-Buy.com<\/a>zaufane \u017ar\u00f3d\u0142o zakupu <a href=\"https:\/\/de.wikipedia.org\/wiki\/\u0393-Butyrolacton\" target=\"_blank\" rel=\"noopener\">Gamma-butyrolakton (GBL)<\/a>. Gamma-butyrolakton (GBL) to wysokiej jako\u015bci, wszechstronny zwi\u0105zek chemiczny, kt\u00f3ry jest szeroko stosowany w r\u00f3\u017cnych zastosowaniach przemys\u0142owych i badawczych. Znany ze swoich doskona\u0142ych w\u0142a\u015bciwo\u015bci rozpuszczalnika, GBL jest niezb\u0119dny do produkcji wielu produkt\u00f3w komercyjnych i przemys\u0142owych.<\/p>\n<h2>Zastosowania i zalety gamma-butyrolaktonu (GBL)<\/h2>\n<p>Gamma-butyrolakton (GBL kupuj legalnie) od K.O.-Tropfen oferuje liczne korzy\u015bci do cel\u00f3w przemys\u0142owych i badawczych:<\/p>\n<ul>\n<li><strong>Zastosowania przemys\u0142owe<\/strong>GBL jest wa\u017cnym rozpuszczalnikiem w produkcji farmaceutyk\u00f3w, polimer\u00f3w i agrochemikali\u00f3w. Jego silne w\u0142a\u015bciwo\u015bci rozpuszczaj\u0105ce sprawiaj\u0105, \u017ce idealnie nadaje si\u0119 do czyszczenia, usuwania farby i proces\u00f3w usuwania kleju.<\/li>\n<li><strong>Zastosowania badawcze<\/strong>GBL s\u0142u\u017cy jako cenny odczynnik i p\u00f3\u0142produkt w syntezie organicznej w o\u015brodkach badawczych. Jest wykorzystywany w laboratoriach do opracowywania nowych zwi\u0105zk\u00f3w chemicznych i preparat\u00f3w.<\/li>\n<li><strong>Wysoka czysto\u015b\u0107 i jako\u015b\u0107<\/strong>Nasz GBL ma najwy\u017csz\u0105 czysto\u015b\u0107 i zapewnia optymaln\u0105 wydajno\u015b\u0107 i niezawodno\u015b\u0107 we wszystkich zastosowaniach.<\/li>\n<\/ul>\n<h2>Warianty produkt\u00f3w i opcje pakowania (kupuj GBL legalnie)<\/h2>\n<p>Oferujemy szereg wariant\u00f3w lek\u00f3w z gamma-butyrolaktonem (GBL) i opcji pakowania, aby spe\u0142ni\u0107 okre\u015blone wymagania:<\/p>\n<ul>\n<li><strong>Warianty produktu<\/strong>Wybierz spo\u015br\u00f3d r\u00f3\u017cnych st\u0119\u017ce\u0144 i jako\u015bci GBL, aby spe\u0142ni\u0107 wymagania przemys\u0142owe lub badawcze.<\/li>\n<li><strong>Opcje pakowania<\/strong>Oferujemy GBL w opakowaniach o r\u00f3\u017cnych rozmiarach, w tym 1-litrowych butelkach, 5-litrowych kanistrach i wi\u0119kszych pojemnikach zbiorczych. Wszystkie opakowania s\u0105 zaprojektowane tak, aby zapewni\u0107 bezpieczny transport.<\/li>\n<\/ul>\n<h2>Wytyczne dotycz\u0105ce bezpiecze\u0144stwa i obs\u0142ugi<\/h2>\n<p>Bezpieczne u\u017cytkowanie i obs\u0142uga <span class=\"\" title=\"\" data-v-365c7fdc=\"\">leki<\/span> jest naszym najwy\u017cszym priorytetem. Kupuj\u0105c gamma-butyrolakton (GBL kupuj legalnie) od K.O.-Tropfen, post\u0119puj zgodnie z poni\u017cszymi wskaz\u00f3wkami, aby zapewni\u0107 bezpiecze\u0144stwo i zgodno\u015b\u0107:<\/p>\n<ul>\n<li><strong>\u015arodki ochrony indywidualnej (<a href=\"https:\/\/www.bghm.de\/arbeitsschuetzer\/fach-themen\/persoenliche-schutzausruestung-psa\/\" target=\"_blank\" rel=\"noopener\">PSA<\/a>)<\/strong>Podczas pracy z GBL nale\u017cy zawsze nosi\u0107 odpowiednie \u015brodki ochrony indywidualnej, w tym r\u0119kawice, okulary i odzie\u017c ochronn\u0105.<\/li>\n<li><strong>Przechowywanie<\/strong>Przechowywa\u0107 GBL w ch\u0142odnym, suchym i dobrze wentylowanym miejscu, z dala od bezpo\u015bredniego \u015bwiat\u0142a s\u0142onecznego i \u017ar\u00f3de\u0142 ciep\u0142a. Upewni\u0107 si\u0119, \u017ce pojemniki s\u0105 szczelnie zamkni\u0119te, gdy nie s\u0105 u\u017cywane.<\/li>\n<li><strong>Procedury obs\u0142ugi<\/strong>U\u017cywa\u0107 GBL w dobrze wentylowanym miejscu i unika\u0107 wdychania lub kontaktu ze sk\u00f3r\u0105 i oczami. W razie przypadkowego kontaktu dok\u0142adnie sp\u0142uka\u0107 wod\u0105 i w razie potrzeby skontaktowa\u0107 si\u0119 z lekarzem.<\/li>\n<li><strong>Usuwanie odpad\u00f3w<\/strong>Utylizowa\u0107 GBL zgodnie z lokalnymi, stanowymi i federalnymi przepisami. Nie wylewa\u0107 GBL do kanalizacji ani nie uwalnia\u0107 do \u015brodowiska.<\/li>\n<\/ul>\n<blockquote><p>Odkryj nasz\u0105 szerok\u0105 gam\u0119 opcji gamma-butyrolaktonu (GBL kup legalnie) i przekonaj si\u0119 o jako\u015bci i niezawodno\u015bci, kt\u00f3re oferuje KO-Drops-Buy.com. Zam\u00f3w ju\u017c dzi\u015b i skorzystaj z naszych bezpiecznych i dyskretnych us\u0142ug wysy\u0142kowych.<\/p><\/blockquote>","protected":false},"excerpt":{"rendered":"<p>Wysokiej jako\u015bci GBL dla przemys\u0142u i bada\u0144. Kup GBL w du\u017cych lub ma\u0142ych ilo\u015bciach.<\/p>","protected":false},"featured_media":15633,"comment_status":"open","ping_status":"closed","template":"","meta":{"jetpack_publicize_message":"","jetpack_publicize_feature_enabled":true,"jetpack_social_post_already_shared":false,"jetpack_social_options":{"image_generator_settings":{"template":"highway","default_image_id":0,"font":"","enabled":false},"version":2}},"product_brand":[],"product_cat":[27],"product_tag":[89,90],"class_list":{"0":"post-15632","1":"product","2":"type-product","3":"status-publish","4":"has-post-thumbnail","6":"product_cat-ko-tropfen-wo-kaufen","7":"product_tag-gbl-bestellen-deutschland","8":"product_tag-ghb-kaufen-deutschland","10":"first","11":"instock","12":"shipping-taxable","13":"purchasable","14":"product-type-variable"},"jetpack_publicize_connections":[],"jetpack_sharing_enabled":true,"_links":{"self":[{"href":"https:\/\/ko-tropfen-kaufen.com\/pl\/wp-json\/wp\/v2\/product\/15632","targetHints":{"allow":["GET"]}}],"collection":[{"href":"https:\/\/ko-tropfen-kaufen.com\/pl\/wp-json\/wp\/v2\/product"}],"about":[{"href":"https:\/\/ko-tropfen-kaufen.com\/pl\/wp-json\/wp\/v2\/types\/product"}],"replies":[{"embeddable":true,"href":"https:\/\/ko-tropfen-kaufen.com\/pl\/wp-json\/wp\/v2\/comments?post=15632"}],"version-history":[{"count":2,"href":"https:\/\/ko-tropfen-kaufen.com\/pl\/wp-json\/wp\/v2\/product\/15632\/revisions"}],"predecessor-version":[{"id":15658,"href":"https:\/\/ko-tropfen-kaufen.com\/pl\/wp-json\/wp\/v2\/product\/15632\/revisions\/15658"}],"wp:featuredmedia":[{"embeddable":true,"href":"https:\/\/ko-tropfen-kaufen.com\/pl\/wp-json\/wp\/v2\/media\/15633"}],"wp:attachment":[{"href":"https:\/\/ko-tropfen-kaufen.com\/pl\/wp-json\/wp\/v2\/media?parent=15632"}],"wp:term":[{"taxonomy":"product_brand","embeddable":true,"href":"https:\/\/ko-tropfen-kaufen.com\/pl\/wp-json\/wp\/v2\/product_brand?post=15632"},{"taxonomy":"product_cat","embeddable":true,"href":"https:\/\/ko-tropfen-kaufen.com\/pl\/wp-json\/wp\/v2\/product_cat?post=15632"},{"taxonomy":"product_tag","embeddable":true,"href":"https:\/\/ko-tropfen-kaufen.com\/pl\/wp-json\/wp\/v2\/product_tag?post=15632"}],"curies":[{"name":"wp","href":"https:\/\/api.w.org\/{rel}","templated":true}]}}