{"id":15622,"date":"2024-11-25T10:53:35","date_gmt":"2024-11-25T10:53:35","guid":{"rendered":"https:\/\/ko-tropfen-kaufen.com\/?post_type=product&#038;p=15622"},"modified":"2026-04-14T20:02:55","modified_gmt":"2026-04-14T19:02:55","slug":"kupic-ghb","status":"publish","type":"product","link":"https:\/\/ko-tropfen-kaufen.com\/pl\/product\/kupic-ghb\/","title":{"rendered":"Gamma-hydroksyma\u015blan (GHB)"},"content":{"rendered":"<h1>Kup GHB<\/h1>\n<h2>Wprowadzenie do gamma-hydroksyma\u015blanu (GHB)<\/h2>\n<p>Witamy w <a href=\"https:\/\/ko-tropfen-kaufen.com\/\">KO-Drops-Buy.com<\/a>zaufane \u017ar\u00f3d\u0142o zakupu <a href=\"https:\/\/flexikon.doccheck.com\/de\/Gammahydroxybutters\u00e4ure\" target=\"_blank\" rel=\"noopener\">Gamma-hydroksyma\u015blan (GHB)<\/a>. Gamma-hydroksyma\u015blan (kup GHB) to wysokiej jako\u015bci zwi\u0105zek chemiczny, kt\u00f3ry jest szeroko stosowany w r\u00f3\u017cnych zastosowaniach przemys\u0142owych i badawczych. Znany ze swojej skuteczno\u015bci i wszechstronno\u015bci, GHB jest niezb\u0119dnym sk\u0142adnikiem w wielu specjalistycznych procesach.<\/p>\n<h2>Zastosowania i zalety gamma-hydroksyma\u015blanu (kup GHB)<\/h2>\n<p>Gamma-hydroksyma\u015blan (GHB) od KO-Tropfen-Kaufen.com oferuje liczne korzy\u015bci dla cel\u00f3w przemys\u0142owych i badawczych:<\/p>\n<ul>\n<li><strong>Zastosowania przemys\u0142owe<\/strong>GHB jest cz\u0119sto wykorzystywany w przemy\u015ble chemicznym, szczeg\u00f3lnie w produkcji rozpuszczalnik\u00f3w i odczynnik\u00f3w. Jest r\u00f3wnie\u017c wa\u017cnym sk\u0142adnikiem w produkcji farmaceutyk\u00f3w i kosmetyk\u00f3w.<\/li>\n<li><strong>Zastosowania badawcze<\/strong>W badaniach naukowych GHB s\u0142u\u017cy jako cenne narz\u0119dzie do badania proces\u00f3w neurologicznych i jako p\u00f3\u0142produkt w syntezie r\u00f3\u017cnych zwi\u0105zk\u00f3w chemicznych.<\/li>\n<li><strong>Wysoka czysto\u015b\u0107 i jako\u015b\u0107<\/strong>Nasz GHB ma najwy\u017csz\u0105 czysto\u015b\u0107, co zapewnia optymaln\u0105 wydajno\u015b\u0107 i niezawodno\u015b\u0107 we wszystkich zastosowaniach.<\/li>\n<\/ul>\n<h2>Warianty produkt\u00f3w i opcje pakowania<\/h2>\n<p>W KO-Drops-Buy.com oferujemy szereg wariant\u00f3w produkt\u00f3w gamma hydroksyma\u015blanu (kup GHB) i opcji pakowania, aby spe\u0142ni\u0107 Twoje specyficzne potrzeby:<\/p>\n<ul>\n<li><strong>Warianty produktu<\/strong>Wybierz spo\u015br\u00f3d r\u00f3\u017cnych st\u0119\u017ce\u0144 i jako\u015bci GHB, aby spe\u0142ni\u0107 wymagania przemys\u0142owe lub badawcze.<\/li>\n<li><strong>Opcje pakowania<\/strong>Oferujemy GHB w opakowaniach o r\u00f3\u017cnych rozmiarach, w tym w butelkach o pojemno\u015bci 1 litra, kanistrach o pojemno\u015bci 5 litr\u00f3w i wi\u0119kszych pojemnikach zbiorczych. Wszystkie opakowania zosta\u0142y zaprojektowane tak, aby zapewni\u0107 bezpieczny transport.<\/li>\n<\/ul>\n<h2>Wytyczne dotycz\u0105ce bezpiecze\u0144stwa i obs\u0142ugi<\/h2>\n<p>Bezpieczne u\u017cytkowanie i obchodzenie si\u0119 z GHB jest naszym najwy\u017cszym priorytetem. Kupuj\u0105c gamma-hydroksyma\u015blan (GHB) od KO-Drops-Buy.com, post\u0119puj zgodnie z poni\u017cszymi wskaz\u00f3wkami, aby zapewni\u0107 bezpiecze\u0144stwo i zgodno\u015b\u0107:<\/p>\n<ul>\n<li><strong>\u015arodki ochrony indywidualnej (<a href=\"https:\/\/www.bghm.de\/arbeitsschuetzer\/fach-themen\/persoenliche-schutzausruestung-psa\/\" target=\"_blank\" rel=\"noopener\">PSA<\/a>)<\/strong>Podczas pracy z GHB nale\u017cy zawsze nosi\u0107 odpowiednie \u015brodki ochrony indywidualnej, w tym r\u0119kawice, okulary i odzie\u017c ochronn\u0105.<\/li>\n<li><strong>Przechowywanie<\/strong>GHB nale\u017cy przechowywa\u0107 w ch\u0142odnym, suchym i dobrze wentylowanym miejscu, z dala od bezpo\u015bredniego \u015bwiat\u0142a s\u0142onecznego i \u017ar\u00f3de\u0142 ciep\u0142a. Upewni\u0107 si\u0119, \u017ce pojemniki s\u0105 szczelnie zamkni\u0119te, gdy nie s\u0105 u\u017cywane.<\/li>\n<li><strong>Procedury obs\u0142ugi<\/strong>GHB nale\u017cy stosowa\u0107 w dobrze wentylowanym miejscu i unika\u0107 wdychania lub kontaktu ze sk\u00f3r\u0105 i oczami. W razie przypadkowego kontaktu nale\u017cy dok\u0142adnie sp\u0142uka\u0107 wod\u0105 i w razie potrzeby skontaktowa\u0107 si\u0119 z lekarzem.<\/li>\n<li><strong>Usuwanie odpad\u00f3w<\/strong>GHB nale\u017cy utylizowa\u0107 zgodnie z lokalnymi, stanowymi i federalnymi przepisami. Nie wylewa\u0107 GHB do kanalizacji ani nie uwalnia\u0107 do \u015brodowiska.<\/li>\n<\/ul>\n<blockquote><p>Odkryj nasz\u0105 szerok\u0105 gam\u0119 <strong>Gamma-hydroksyma\u015blan (kup GHB)<\/strong> opcje i do\u015bwiadcz jako\u015bci i niezawodno\u015bci, kt\u00f3re oferuje KO-Tropfen-Kaufen.com. Zam\u00f3w ju\u017c dzi\u015b i skorzystaj z naszych bezpiecznych i dyskretnych us\u0142ug wysy\u0142kowych.<\/p><\/blockquote>","protected":false},"excerpt":{"rendered":"<p>Wysokiej jako\u015bci gamma-hydroksyma\u015blan (GHB) do r\u00f3\u017cnych zastosowa\u0144. Bezpieczny i niezawodny.<\/p>","protected":false},"featured_media":15628,"comment_status":"open","ping_status":"closed","template":"","meta":{"jetpack_publicize_message":"","jetpack_publicize_feature_enabled":true,"jetpack_social_post_already_shared":false,"jetpack_social_options":{"image_generator_settings":{"template":"highway","default_image_id":0,"font":"","enabled":false},"version":2}},"product_brand":[],"product_cat":[27],"product_tag":[89,90],"class_list":{"0":"post-15622","1":"product","2":"type-product","3":"status-publish","4":"has-post-thumbnail","6":"product_cat-ko-tropfen-wo-kaufen","7":"product_tag-gbl-bestellen-deutschland","8":"product_tag-ghb-kaufen-deutschland","10":"first","11":"instock","12":"shipping-taxable","13":"purchasable","14":"product-type-variable"},"jetpack_publicize_connections":[],"jetpack_sharing_enabled":true,"_links":{"self":[{"href":"https:\/\/ko-tropfen-kaufen.com\/pl\/wp-json\/wp\/v2\/product\/15622","targetHints":{"allow":["GET"]}}],"collection":[{"href":"https:\/\/ko-tropfen-kaufen.com\/pl\/wp-json\/wp\/v2\/product"}],"about":[{"href":"https:\/\/ko-tropfen-kaufen.com\/pl\/wp-json\/wp\/v2\/types\/product"}],"replies":[{"embeddable":true,"href":"https:\/\/ko-tropfen-kaufen.com\/pl\/wp-json\/wp\/v2\/comments?post=15622"}],"version-history":[{"count":1,"href":"https:\/\/ko-tropfen-kaufen.com\/pl\/wp-json\/wp\/v2\/product\/15622\/revisions"}],"predecessor-version":[{"id":15631,"href":"https:\/\/ko-tropfen-kaufen.com\/pl\/wp-json\/wp\/v2\/product\/15622\/revisions\/15631"}],"wp:featuredmedia":[{"embeddable":true,"href":"https:\/\/ko-tropfen-kaufen.com\/pl\/wp-json\/wp\/v2\/media\/15628"}],"wp:attachment":[{"href":"https:\/\/ko-tropfen-kaufen.com\/pl\/wp-json\/wp\/v2\/media?parent=15622"}],"wp:term":[{"taxonomy":"product_brand","embeddable":true,"href":"https:\/\/ko-tropfen-kaufen.com\/pl\/wp-json\/wp\/v2\/product_brand?post=15622"},{"taxonomy":"product_cat","embeddable":true,"href":"https:\/\/ko-tropfen-kaufen.com\/pl\/wp-json\/wp\/v2\/product_cat?post=15622"},{"taxonomy":"product_tag","embeddable":true,"href":"https:\/\/ko-tropfen-kaufen.com\/pl\/wp-json\/wp\/v2\/product_tag?post=15622"}],"curies":[{"name":"wp","href":"https:\/\/api.w.org\/{rel}","templated":true}]}}