{"id":15720,"date":"2024-11-25T20:38:37","date_gmt":"2024-11-25T20:38:37","guid":{"rendered":"https:\/\/ko-tropfen-kaufen.com\/?page_id=15720"},"modified":"2024-11-25T20:38:42","modified_gmt":"2024-11-25T20:38:42","slug":"polityka-prywatnosci","status":"publish","type":"page","link":"https:\/\/ko-tropfen-kaufen.com\/pl\/polityka-prywatnosci\/","title":{"rendered":"Polityka prywatno\u015bci"},"content":{"rendered":"<div id=\"ez-toc-container\" class=\"ez-toc-v2_0_82_2 counter-hierarchy ez-toc-counter ez-toc-grey ez-toc-container-direction\">\n<div class=\"ez-toc-title-container\">\n<p class=\"ez-toc-title\" style=\"cursor:inherit\">Spis tre\u015bci<\/p>\n<span class=\"ez-toc-title-toggle\"><a href=\"#\" class=\"ez-toc-pull-right ez-toc-btn ez-toc-btn-xs ez-toc-btn-default ez-toc-toggle\" aria-label=\"Prze\u0142\u0105cznik Spisu Tre\u015bci\"><span class=\"ez-toc-js-icon-con\"><span class=\"\"><span class=\"eztoc-hide\" style=\"display:none;\">Toggle<\/span><span class=\"ez-toc-icon-toggle-span\"><svg style=\"fill: #999;color:#999\" xmlns=\"http:\/\/www.w3.org\/2000\/svg\" class=\"list-377408\" width=\"20px\" height=\"20px\" viewbox=\"0 0 24 24\" fill=\"none\"><path d=\"M6 6H4v2h2V6zm14 0H8v2h12V6zM4 11h2v2H4v-2zm16 0H8v2h12v-2zM4 16h2v2H4v-2zm16 0H8v2h12v-2z\" fill=\"currentColor\"><\/path><\/svg><svg style=\"fill: #999;color:#999\" class=\"arrow-unsorted-368013\" xmlns=\"http:\/\/www.w3.org\/2000\/svg\" width=\"10px\" height=\"10px\" viewbox=\"0 0 24 24\" version=\"1.2\" baseprofile=\"tiny\"><path d=\"M18.2 9.3l-6.2-6.3-6.2 6.3c-.2.2-.3.4-.3.7s.1.5.3.7c.2.2.4.3.7.3h11c.3 0 .5-.1.7-.3.2-.2.3-.5.3-.7s-.1-.5-.3-.7zM5.8 14.7l6.2 6.3 6.2-6.3c.2-.2.3-.5.3-.7s-.1-.5-.3-.7c-.2-.2-.4-.3-.7-.3h-11c-.3 0-.5.1-.7.3-.2.2-.3.5-.3.7s.1.5.3.7z\"\/><\/svg><\/span><\/span><\/span><\/a><\/span><\/div>\n<nav><ul class='ez-toc-list ez-toc-list-level-1' ><li class='ez-toc-page-1 ez-toc-heading-level-3'><a class=\"ez-toc-link ez-toc-heading-1\" href=\"https:\/\/ko-tropfen-kaufen.com\/pl\/polityka-prywatnosci\/#Ko-Tropfen-Kaufencom_Datenschutzrichtlinie\" >Polityka prywatno\u015bci Ko-Tropfen-Kaufen.com<\/a><\/li><li class='ez-toc-page-1 ez-toc-heading-level-3'><a class=\"ez-toc-link ez-toc-heading-2\" href=\"https:\/\/ko-tropfen-kaufen.com\/pl\/polityka-prywatnosci\/#Erfassung_und_Verwendung_von_Daten\" >Gromadzenie i wykorzystywanie danych<\/a><ul class='ez-toc-list-level-4' ><li class='ez-toc-heading-level-4'><a class=\"ez-toc-link ez-toc-heading-3\" href=\"https:\/\/ko-tropfen-kaufen.com\/pl\/polityka-prywatnosci\/#Personliche_Daten\" >Dane osobowe<\/a><\/li><li class='ez-toc-page-1 ez-toc-heading-level-4'><a class=\"ez-toc-link ez-toc-heading-4\" href=\"https:\/\/ko-tropfen-kaufen.com\/pl\/polityka-prywatnosci\/#Automatisch_erfasste_Daten\" >Automatycznie rejestrowane dane<\/a><\/li><\/ul><\/li><li class='ez-toc-page-1 ez-toc-heading-level-3'><a class=\"ez-toc-link ez-toc-heading-5\" href=\"https:\/\/ko-tropfen-kaufen.com\/pl\/polityka-prywatnosci\/#Verwendung_von_Cookies\" >Korzystanie z plik\u00f3w cookie<\/a><\/li><li class='ez-toc-page-1 ez-toc-heading-level-3'><a class=\"ez-toc-link ez-toc-heading-6\" href=\"https:\/\/ko-tropfen-kaufen.com\/pl\/polityka-prywatnosci\/#Weitergabe_von_Daten\" >Przekazywanie danych<\/a><\/li><li class='ez-toc-page-1 ez-toc-heading-level-3'><a class=\"ez-toc-link ez-toc-heading-7\" href=\"https:\/\/ko-tropfen-kaufen.com\/pl\/polityka-prywatnosci\/#Datensicherheit\" >Bezpiecze\u0144stwo danych<\/a><\/li><li class='ez-toc-page-1 ez-toc-heading-level-3'><a class=\"ez-toc-link ez-toc-heading-8\" href=\"https:\/\/ko-tropfen-kaufen.com\/pl\/polityka-prywatnosci\/#Ihre_Rechte\" >Twoje prawa<\/a><\/li><li class='ez-toc-page-1 ez-toc-heading-level-3'><a class=\"ez-toc-link ez-toc-heading-9\" href=\"https:\/\/ko-tropfen-kaufen.com\/pl\/polityka-prywatnosci\/#Anderungen_an_dieser_Datenschutzrichtlinie\" >Zmiany w niniejszej polityce prywatno\u015bci<\/a><\/li><li class='ez-toc-page-1 ez-toc-heading-level-3'><a class=\"ez-toc-link ez-toc-heading-10\" href=\"https:\/\/ko-tropfen-kaufen.com\/pl\/polityka-prywatnosci\/#Kontakt\" >Skontaktuj si\u0119 z nami<\/a><\/li><\/ul><\/nav><\/div>\n<h3 class=\"wp-block-heading\" id=\"h-ko-tropfen-kaufen-com-datenschutzrichtlinie\"><span class=\"ez-toc-section\" id=\"Ko-Tropfen-Kaufencom_Datenschutzrichtlinie\"><\/span>Polityka prywatno\u015bci Ko-Tropfen-Kaufen.com<span class=\"ez-toc-section-end\"><\/span><\/h3>\n\n\n\n<p>Z <a href=\"https:\/\/ko-tropfen-kaufen.com?v=820eb5b696ea\">Buy-co-drops.com<\/a> przywi\u0105zujemy du\u017c\u0105 wag\u0119 do ochrony prywatno\u015bci i bezpiecze\u0144stwa danych osobowych u\u017cytkownik\u00f3w. Niniejsza polityka prywatno\u015bci wyja\u015bnia, jakie informacje gromadzimy, w jaki spos\u00f3b je wykorzystujemy i jakie \u015brodki podejmujemy w celu ochrony danych.<\/p>\n\n\n\n<h3 class=\"wp-block-heading\" id=\"h-erfassung-und-verwendung-von-daten\"><span class=\"ez-toc-section\" id=\"Erfassung_und_Verwendung_von_Daten\"><\/span>Gromadzenie i wykorzystywanie danych<span class=\"ez-toc-section-end\"><\/span><\/h3>\n\n\n\n<h4 class=\"wp-block-heading\" id=\"h-personliche-daten\"><span class=\"ez-toc-section\" id=\"Personliche_Daten\"><\/span>Dane osobowe<span class=\"ez-toc-section-end\"><\/span><\/h4>\n\n\n\n<p>Gromadzimy dane osobowe, kt\u00f3re u\u017cytkownik dobrowolnie przekazuje nam podczas korzystania z naszej witryny internetowej, takie jak<\/p>\n\n\n\n<ul class=\"wp-block-list\">\n<li>Nazwa<\/li>\n\n\n\n<li>Adres<\/li>\n\n\n\n<li>Adres e-mail<\/li>\n\n\n\n<li>Numer telefonu<\/li>\n\n\n\n<li>Informacje dotycz\u0105ce p\u0142atno\u015bci<\/li>\n<\/ul>\n\n\n\n<p>Informacje te s\u0105 wykorzystywane do przetwarzania zam\u00f3wie\u0144, zapewnienia obs\u0142ugi klienta oraz wysy\u0142ania odpowiednich informacji i ofert.<\/p>\n\n\n\n<h4 class=\"wp-block-heading\" id=\"h-automatisch-erfasste-daten\"><span class=\"ez-toc-section\" id=\"Automatisch_erfasste_Daten\"><\/span>Automatycznie rejestrowane dane<span class=\"ez-toc-section-end\"><\/span><\/h4>\n\n\n\n<p>Gdy u\u017cytkownik odwiedza nasz\u0105 witryn\u0119, automatycznie gromadzimy pewne informacje o jego urz\u0105dzeniu i korzystaniu z naszej witryny, w tym:<\/p>\n\n\n\n<ul class=\"wp-block-list\">\n<li>Adres IP<\/li>\n\n\n\n<li>Typ i wersja przegl\u0105darki<\/li>\n\n\n\n<li>Referencyjny adres URL<\/li>\n\n\n\n<li>Data i godzina dost\u0119pu<\/li>\n\n\n\n<li>Odwiedzone strony i klikni\u0119te linki<\/li>\n<\/ul>\n\n\n\n<p>Informacje te pomagaj\u0105 nam ulepsza\u0107 nasz\u0105 stron\u0119 internetow\u0105 i optymalizowa\u0107 do\u015bwiadczenia u\u017cytkownik\u00f3w.<\/p>\n\n\n\n<h3 class=\"wp-block-heading\" id=\"h-verwendung-von-cookies\"><span class=\"ez-toc-section\" id=\"Verwendung_von_Cookies\"><\/span>Korzystanie z plik\u00f3w cookie<span class=\"ez-toc-section-end\"><\/span><\/h3>\n\n\n\n<p>Nasza strona internetowa wykorzystuje pliki cookie w celu poprawy komfortu u\u017cytkowania i zapewnienia okre\u015blonych funkcji. Pliki cookie to ma\u0142e pliki tekstowe przechowywane na urz\u0105dzeniu u\u017cytkownika. Korzystanie z plik\u00f3w cookie mo\u017cna wy\u0142\u0105czy\u0107 w ustawieniach przegl\u0105darki, ale mo\u017ce to wp\u0142yn\u0105\u0107 na funkcjonalno\u015b\u0107 naszej witryny.<\/p>\n\n\n\n<h3 class=\"wp-block-heading\" id=\"h-weitergabe-von-daten\"><span class=\"ez-toc-section\" id=\"Weitergabe_von_Daten\"><\/span>Przekazywanie danych<span class=\"ez-toc-section-end\"><\/span><\/h3>\n\n\n\n<p>Nie przekazujemy danych osobowych u\u017cytkownik\u00f3w stronom trzecim, z wyj\u0105tkiem nast\u0119puj\u0105cych przypadk\u00f3w:<\/p>\n\n\n\n<ul class=\"wp-block-list\">\n<li><strong>Dostawca us\u0142ug:<\/strong> Wsp\u00f3\u0142pracujemy z zaufanymi dostawcami us\u0142ug, kt\u00f3rzy wykonuj\u0105 pewne zadania w naszym imieniu, takie jak przetwarzanie p\u0142atno\u015bci i wysy\u0142ka. Us\u0142ugodawcy ci maj\u0105 dost\u0119p wy\u0142\u0105cznie do informacji, kt\u00f3rych potrzebuj\u0105 do realizacji swoich zada\u0144 i s\u0105 zobowi\u0105zani umow\u0105 do ochrony danych u\u017cytkownika.<\/li>\n\n\n\n<li><strong>Wymogi prawne:<\/strong> Mo\u017cemy ujawni\u0107 dane u\u017cytkownika, je\u015bli jest to wymagane przez prawo lub w celu ochrony naszych praw.<\/li>\n<\/ul>\n\n\n\n<h3 class=\"wp-block-heading\" id=\"h-datensicherheit\"><span class=\"ez-toc-section\" id=\"Datensicherheit\"><\/span>Bezpiecze\u0144stwo danych<span class=\"ez-toc-section-end\"><\/span><\/h3>\n\n\n\n<p>Stosujemy odpowiednie \u015brodki techniczne i organizacyjne w celu ochrony danych osobowych u\u017cytkownika przed nieuprawnionym dost\u0119pem, utrat\u0105 lub niew\u0142a\u015bciwym wykorzystaniem. Obejmuj\u0105 one szyfrowanie poufnych informacji i regularne kontrole bezpiecze\u0144stwa.<\/p>\n\n\n\n<h3 class=\"wp-block-heading\" id=\"h-ihre-rechte\"><span class=\"ez-toc-section\" id=\"Ihre_Rechte\"><\/span>Twoje prawa<span class=\"ez-toc-section-end\"><\/span><\/h3>\n\n\n\n<p>U\u017cytkownik ma prawo w dowolnym momencie uzyska\u0107 informacje na temat przechowywanych przez nas danych osobowych, za\u017c\u0105da\u0107 ich poprawienia lub usuni\u0119cia oraz sprzeciwi\u0107 si\u0119 ich przetwarzaniu. W tym celu prosimy o kontakt pod adresem <a>support@ko-tropfen-kaufen.com<\/a>.<\/p>\n\n\n\n<h3 class=\"wp-block-heading\" id=\"h-anderungen-an-dieser-datenschutzrichtlinie\"><span class=\"ez-toc-section\" id=\"Anderungen_an_dieser_Datenschutzrichtlinie\"><\/span>Zmiany w niniejszej polityce prywatno\u015bci<span class=\"ez-toc-section-end\"><\/span><\/h3>\n\n\n\n<p>Zastrzegamy sobie prawo do aktualizacji niniejszej polityki prywatno\u015bci w dowolnym momencie. Zmiany zostan\u0105 opublikowane na tej stronie i wejd\u0105 w \u017cycie natychmiast. Zalecamy regularne sprawdzanie niniejszej polityki.<\/p>\n\n\n\n<h3 class=\"wp-block-heading\" id=\"h-kontakt\"><span class=\"ez-toc-section\" id=\"Kontakt\"><\/span>Skontaktuj si\u0119 z nami<span class=\"ez-toc-section-end\"><\/span><\/h3>\n\n\n\n<p>W przypadku jakichkolwiek pyta\u0144 lub w\u0105tpliwo\u015bci dotycz\u0105cych naszej polityki prywatno\u015bci prosimy o kontakt pod adresem <a>support@ko-tropfen-kaufen.com<\/a>. Zawsze staramy si\u0119 szybko i satysfakcjonuj\u0105co rozwi\u0105zywa\u0107 Twoje w\u0105tpliwo\u015bci.<\/p>\n\n\n\n<p>Dzi\u0119kujemy za zaufanie Ko-Tropfen-Kaufen.com!<\/p>","protected":false},"excerpt":{"rendered":"<p>Ko-Tropfen-Kaufen.com Datenschutzrichtlinie Bei Ko-Tropfen-Kaufen.com legen wir gro\u00dfen Wert auf den Schutz Ihrer Privatsph\u00e4re und die Sicherheit Ihrer pers\u00f6nlichen Daten. Diese Datenschutzrichtlinie erkl\u00e4rt, welche Informationen wir sammeln, wie wir sie verwenden und welche Ma\u00dfnahmen wir ergreifen, um Ihre Daten zu sch\u00fctzen. Erfassung und Verwendung von Daten Pers\u00f6nliche Daten Wir erfassen pers\u00f6nliche Daten, die Sie uns freiwillig [&hellip;]<\/p>\n","protected":false},"author":2,"featured_media":0,"parent":0,"menu_order":0,"comment_status":"closed","ping_status":"closed","template":"","meta":{"footnotes":""},"class_list":["post-15720","page","type-page","status-publish","hentry"],"blocksy_meta":[],"jetpack_sharing_enabled":true,"_links":{"self":[{"href":"https:\/\/ko-tropfen-kaufen.com\/pl\/wp-json\/wp\/v2\/pages\/15720","targetHints":{"allow":["GET"]}}],"collection":[{"href":"https:\/\/ko-tropfen-kaufen.com\/pl\/wp-json\/wp\/v2\/pages"}],"about":[{"href":"https:\/\/ko-tropfen-kaufen.com\/pl\/wp-json\/wp\/v2\/types\/page"}],"author":[{"embeddable":true,"href":"https:\/\/ko-tropfen-kaufen.com\/pl\/wp-json\/wp\/v2\/users\/2"}],"replies":[{"embeddable":true,"href":"https:\/\/ko-tropfen-kaufen.com\/pl\/wp-json\/wp\/v2\/comments?post=15720"}],"version-history":[{"count":1,"href":"https:\/\/ko-tropfen-kaufen.com\/pl\/wp-json\/wp\/v2\/pages\/15720\/revisions"}],"predecessor-version":[{"id":15721,"href":"https:\/\/ko-tropfen-kaufen.com\/pl\/wp-json\/wp\/v2\/pages\/15720\/revisions\/15721"}],"wp:attachment":[{"href":"https:\/\/ko-tropfen-kaufen.com\/pl\/wp-json\/wp\/v2\/media?parent=15720"}],"curies":[{"name":"wp","href":"https:\/\/api.w.org\/{rel}","templated":true}]}}