{"id":15717,"date":"2024-11-25T21:29:54","date_gmt":"2024-11-25T20:29:54","guid":{"rendered":"https:\/\/ko-tropfen-kaufen.com\/?page_id=15717"},"modified":"2025-11-24T16:12:52","modified_gmt":"2025-11-24T15:12:52","slug":"pytania-dotyczace-gbl-i-ghb","status":"publish","type":"page","link":"https:\/\/ko-tropfen-kaufen.com\/pl\/pytania-dotyczace-gbl-i-ghb\/","title":{"rendered":"Najcz\u0119\u015bciej zadawane pytania"},"content":{"rendered":"<div id=\"ez-toc-container\" class=\"ez-toc-v2_0_82_2 counter-hierarchy ez-toc-counter ez-toc-grey ez-toc-container-direction\">\n<div class=\"ez-toc-title-container\">\n<p class=\"ez-toc-title\" style=\"cursor:inherit\">Spis tre\u015bci<\/p>\n<span class=\"ez-toc-title-toggle\"><a href=\"#\" class=\"ez-toc-pull-right ez-toc-btn ez-toc-btn-xs ez-toc-btn-default ez-toc-toggle\" aria-label=\"Prze\u0142\u0105cznik Spisu Tre\u015bci\"><span class=\"ez-toc-js-icon-con\"><span class=\"\"><span class=\"eztoc-hide\" style=\"display:none;\">Toggle<\/span><span class=\"ez-toc-icon-toggle-span\"><svg style=\"fill: #999;color:#999\" xmlns=\"http:\/\/www.w3.org\/2000\/svg\" class=\"list-377408\" width=\"20px\" height=\"20px\" viewbox=\"0 0 24 24\" fill=\"none\"><path d=\"M6 6H4v2h2V6zm14 0H8v2h12V6zM4 11h2v2H4v-2zm16 0H8v2h12v-2zM4 16h2v2H4v-2zm16 0H8v2h12v-2z\" fill=\"currentColor\"><\/path><\/svg><svg style=\"fill: #999;color:#999\" class=\"arrow-unsorted-368013\" xmlns=\"http:\/\/www.w3.org\/2000\/svg\" width=\"10px\" height=\"10px\" viewbox=\"0 0 24 24\" version=\"1.2\" baseprofile=\"tiny\"><path d=\"M18.2 9.3l-6.2-6.3-6.2 6.3c-.2.2-.3.4-.3.7s.1.5.3.7c.2.2.4.3.7.3h11c.3 0 .5-.1.7-.3.2-.2.3-.5.3-.7s-.1-.5-.3-.7zM5.8 14.7l6.2 6.3 6.2-6.3c.2-.2.3-.5.3-.7s-.1-.5-.3-.7c-.2-.2-.4-.3-.7-.3h-11c-.3 0-.5.1-.7.3-.2.2-.3.5-.3.7s.1.5.3.7z\"\/><\/svg><\/span><\/span><\/span><\/a><\/span><\/div>\n<nav><ul class='ez-toc-list ez-toc-list-level-1' ><li class='ez-toc-page-1 ez-toc-heading-level-1'><a class=\"ez-toc-link ez-toc-heading-1\" href=\"https:\/\/ko-tropfen-kaufen.com\/pl\/pytania-dotyczace-gbl-i-ghb\/#FAQs_zu_GBL_und_GHB\" >Najcz\u0119\u015bciej zadawane pytania dotycz\u0105ce GBL i GHB<\/a><ul class='ez-toc-list-level-3' ><li class='ez-toc-heading-level-3'><ul class='ez-toc-list-level-3' ><li class='ez-toc-heading-level-3'><a class=\"ez-toc-link ez-toc-heading-2\" href=\"https:\/\/ko-tropfen-kaufen.com\/pl\/pytania-dotyczace-gbl-i-ghb\/#Was_sind_GBL_und_GHB\" >Czym s\u0105 GBL i GHB?<\/a><\/li><li class='ez-toc-page-1 ez-toc-heading-level-3'><a class=\"ez-toc-link ez-toc-heading-3\" href=\"https:\/\/ko-tropfen-kaufen.com\/pl\/pytania-dotyczace-gbl-i-ghb\/#Wie_werden_GBL_und_GHB_konsumiert\" >W jaki spos\u00f3b spo\u017cywane s\u0105 GBL i GHB?<\/a><\/li><li class='ez-toc-page-1 ez-toc-heading-level-3'><a class=\"ez-toc-link ez-toc-heading-4\" href=\"https:\/\/ko-tropfen-kaufen.com\/pl\/pytania-dotyczace-gbl-i-ghb\/#Welche_Wirkungen_haben_GBL_und_GHB\" >Jakie s\u0105 skutki za\u017cywania GBL i GHB?<\/a><\/li><li class='ez-toc-page-1 ez-toc-heading-level-3'><a class=\"ez-toc-link ez-toc-heading-5\" href=\"https:\/\/ko-tropfen-kaufen.com\/pl\/pytania-dotyczace-gbl-i-ghb\/#Was_sind_die_Risiken_und_Nebenwirkungen\" >Jakie s\u0105 zagro\u017cenia i skutki uboczne?<\/a><\/li><li class='ez-toc-page-1 ez-toc-heading-level-3'><a class=\"ez-toc-link ez-toc-heading-6\" href=\"https:\/\/ko-tropfen-kaufen.com\/pl\/pytania-dotyczace-gbl-i-ghb\/#Warum_werden_GBL_und_GHB_manchmal_als_%E2%80%9EK-o-Tropfen%E2%80%9C_bezeichnet\" >Dlaczego GBL i GHB s\u0105 czasami okre\u015blane jako \"nokautuj\u0105ce krople\"?<\/a><\/li><li class='ez-toc-page-1 ez-toc-heading-level-3'><a class=\"ez-toc-link ez-toc-heading-7\" href=\"https:\/\/ko-tropfen-kaufen.com\/pl\/pytania-dotyczace-gbl-i-ghb\/#Wie_kann_man_das_Risiko_bei_der_Verwendung_von_GBL_oder_GHB_minimieren\" >Jak zminimalizowa\u0107 ryzyko zwi\u0105zane z u\u017cywaniem GBL lub GHB?<\/a><\/li><li class='ez-toc-page-1 ez-toc-heading-level-3'><a class=\"ez-toc-link ez-toc-heading-8\" href=\"https:\/\/ko-tropfen-kaufen.com\/pl\/pytania-dotyczace-gbl-i-ghb\/#Was_sollte_man_im_Falle_einer_Uberdosierung_tun\" >Co nale\u017cy zrobi\u0107 w przypadku przedawkowania?<\/a><\/li><\/ul><\/li><\/ul><\/li><\/ul><\/nav><\/div>\n<h1 class=\"wp-block-heading\" id=\"h-faqs-zu-gbl-und-ghb\"><span class=\"ez-toc-section\" id=\"FAQs_zu_GBL_und_GHB\"><\/span>Najcz\u0119\u015bciej zadawane pytania dotycz\u0105ce GBL i GHB<span class=\"ez-toc-section-end\"><\/span><\/h1>\n\n\n\n<p>Znajd\u017a odpowiedzi na najcz\u0119\u015bciej zadawane pytania dotycz\u0105ce<a href=\"https:\/\/ko-tropfen-kaufen.com\/product\/gbl-kaufen-legal\/\" data-type=\"product\" data-id=\"15632\"> GBL<\/a>- oraz <a href=\"https:\/\/ko-tropfen-kaufen.com\/product\/ghb-kaufen\/\" data-type=\"product\" data-id=\"15622\">GHB<\/a>-produkty i us\u0142ugi.<\/p>\n\n\n\n<h3 class=\"wp-block-heading\" id=\"h-was-sind-gbl-und-ghb\"><span class=\"ez-toc-section\" id=\"Was_sind_GBL_und_GHB\"><\/span><strong>Czym s\u0105 GBL i GHB?<\/strong><span class=\"ez-toc-section-end\"><\/span><\/h3>\n\n\n\n<p>GBL (gamma-butyrolakton) i GHB (gamma-hydroksyma\u015blan) s\u0105 chemicznie podobnymi substancjami. GBL jest prekursorem GHB i jest przekszta\u0142cany w GHB w organizmie. Obie substancje s\u0105 depresantami o\u015brodkowego uk\u0142adu nerwowego o dzia\u0142aniu uspokajaj\u0105cym i euforycznym (<a href=\"https:\/\/www.alcoholanddrugsaction.org.uk\/a-to-z\/ghb-gbl\" target=\"_blank\" rel=\"noreferrer noopener\">Dzia\u0142ania zwi\u0105zane z alkoholem i narkotykami<\/a>).<\/p>\n\n\n\n<h3 class=\"wp-block-heading\" id=\"h-wie-werden-gbl-und-ghb-konsumiert\"><span class=\"ez-toc-section\" id=\"Wie_werden_GBL_und_GHB_konsumiert\"><\/span><strong>W jaki spos\u00f3b spo\u017cywane s\u0105 GBL i GHB?<\/strong><span class=\"ez-toc-section-end\"><\/span><\/h3>\n\n\n\n<p>Obie substancje s\u0105 zwykle przyjmowane doustnie. GHB jest cz\u0119sto dost\u0119pny w postaci przezroczystego, bezwonnego i prawie bezsmakowego p\u0142ynu. GBL jest zwykle rozcie\u0144czany sokiem lub innymi p\u0142ynami ze wzgl\u0119du na jego silny chemiczny smak.<\/p>\n\n\n\n<h3 class=\"wp-block-heading\" id=\"h-welche-wirkungen-haben-gbl-und-ghb\"><span class=\"ez-toc-section\" id=\"Welche_Wirkungen_haben_GBL_und_GHB\"><\/span><strong>Jakie s\u0105 skutki za\u017cywania GBL i GHB?<\/strong><span class=\"ez-toc-section-end\"><\/span><\/h3>\n\n\n\n<p>Efekty obejmuj\u0105 eufori\u0119, zmniejszenie zahamowa\u0144 i senno\u015b\u0107. W wy\u017cszych dawkach mog\u0105 powodowa\u0107 dezorientacj\u0119, utrat\u0119 przytomno\u015bci i depresj\u0119 oddechow\u0105. Efekty mog\u0105 wyst\u0105pi\u0107 w ci\u0105gu 10-60 minut i trwa\u0107 do siedmiu godzin (<a href=\"https:\/\/www.drugfacts.org.uk\/index.php?title=GBL_\/_GHB\" target=\"_blank\" rel=\"noreferrer noopener\">DrugFacts<\/a>) (<a href=\"https:\/\/www.cads.org.nz\/reducing-harm\/drugs\/ghb-gbl-and-14b-g-gbh-one4b-liquid-ecstasy-fantasy\/\" target=\"_blank\" rel=\"noreferrer noopener\">CADS Auckland<\/a>).<\/p>\n\n\n\n<h3 class=\"wp-block-heading\" id=\"h-was-sind-die-risiken-und-nebenwirkungen\"><span class=\"ez-toc-section\" id=\"Was_sind_die_Risiken_und_Nebenwirkungen\"><\/span><strong>Jakie s\u0105 zagro\u017cenia i skutki uboczne?<\/strong><span class=\"ez-toc-section-end\"><\/span><\/h3>\n\n\n\n<p>Kr\u00f3tkoterminowe skutki obejmuj\u0105 nudno\u015bci, wymioty, utrat\u0119 pami\u0119ci i spowolnienie akcji serca. Ryzyko przedawkowania jest znaczne, zw\u0142aszcza w po\u0142\u0105czeniu z alkoholem lub innymi \u015brodkami depresyjnymi, co mo\u017ce prowadzi\u0107 do \u015bpi\u0105czki lub \u015bmierci. D\u0142ugotrwa\u0142e stosowanie mo\u017ce prowadzi\u0107 do uzale\u017cnienia, objaw\u00f3w odstawienia i powa\u017cnych problem\u00f3w zdrowotnych.<\/p>\n\n\n\n<h3 class=\"wp-block-heading\" id=\"h-warum-werden-gbl-und-ghb-manchmal-als-k-o-tropfen-bezeichnet\"><span class=\"ez-toc-section\" id=\"Warum_werden_GBL_und_GHB_manchmal_als_%E2%80%9EK-o-Tropfen%E2%80%9C_bezeichnet\"><\/span><strong>Dlaczego GBL i GHB s\u0105 czasami okre\u015blane jako \"nokautuj\u0105ce krople\"?<\/strong><span class=\"ez-toc-section-end\"><\/span><\/h3>\n\n\n\n<p>Ze wzgl\u0119du na swoje w\u0142a\u015bciwo\u015bci uspokajaj\u0105ce oraz fakt, \u017ce cz\u0119sto s\u0105 bezbarwne i pozbawione smaku, GBL i GHB by\u0142y wykorzystywane do u\u0142atwiania przest\u0119pstw seksualnych poprzez uspokajanie ofiar bez ich wiedzy.<\/p>\n\n\n\n<h3 class=\"wp-block-heading\" id=\"h-wie-kann-man-das-risiko-bei-der-verwendung-von-gbl-oder-ghb-minimieren\"><span class=\"ez-toc-section\" id=\"Wie_kann_man_das_Risiko_bei_der_Verwendung_von_GBL_oder_GHB_minimieren\"><\/span><strong>Jak zminimalizowa\u0107 ryzyko zwi\u0105zane z u\u017cywaniem GBL lub GHB?<\/strong><span class=\"ez-toc-section-end\"><\/span><\/h3>\n\n\n\n<p>Unikaj za\u017cywania go w samotno\u015bci, zawsze przebywaj z przyjaci\u00f3\u0142mi i upewnij si\u0119, \u017ce kto\u015b wie, co za\u017cy\u0142e\u015b. Nale\u017cy uwa\u017ca\u0107 na \u017ar\u00f3d\u0142o leku, poniewa\u017c jego moc mo\u017ce si\u0119 r\u00f3\u017cni\u0107. Nigdy nie mieszaj z alkoholem lub innymi \u015brodkami uspokajaj\u0105cymi, poniewa\u017c ryzyko przedawkowania jest wysokie.<\/p>\n\n\n\n<h3 class=\"wp-block-heading\" id=\"h-was-sollte-man-im-falle-einer-uberdosierung-tun\"><span class=\"ez-toc-section\" id=\"Was_sollte_man_im_Falle_einer_Uberdosierung_tun\"><\/span><strong>Co nale\u017cy zrobi\u0107 w przypadku przedawkowania?<\/strong><span class=\"ez-toc-section-end\"><\/span><\/h3>\n\n\n\n<p>Je\u015bli kto\u015b straci przytomno\u015b\u0107 po za\u017cyciu GBL lub GHB, wa\u017cne jest, aby natychmiast zadzwoni\u0107 pod numer 911. Utrzymuj osob\u0119 przytomn\u0105 w bezpiecznej pozycji do czasu przybycia pomocy.<\/p>","protected":false},"excerpt":{"rendered":"<p>FAQs zu GBL und GHB Finden Sie Antworten auf h\u00e4ufig gestellte Fragen zu unseren GBL&#8211; und GHB-Produkten und -Dienstleistungen. Was sind GBL und GHB? GBL (Gamma-Butyrolacton) und GHB (Gamma-Hydroxybutyrat) sind chemisch \u00e4hnliche Substanzen. GBL ist eine Vorstufe von GHB und wird im K\u00f6rper zu GHB umgewandelt. Beide sind ZNS-Depressiva mit sedativen und euphorisierenden Effekten\u200b (Alcohol [&hellip;]<\/p>\n","protected":false},"author":2,"featured_media":0,"parent":0,"menu_order":0,"comment_status":"closed","ping_status":"closed","template":"","meta":{"footnotes":""},"class_list":["post-15717","page","type-page","status-publish","hentry"],"blocksy_meta":[],"jetpack_sharing_enabled":true,"_links":{"self":[{"href":"https:\/\/ko-tropfen-kaufen.com\/pl\/wp-json\/wp\/v2\/pages\/15717","targetHints":{"allow":["GET"]}}],"collection":[{"href":"https:\/\/ko-tropfen-kaufen.com\/pl\/wp-json\/wp\/v2\/pages"}],"about":[{"href":"https:\/\/ko-tropfen-kaufen.com\/pl\/wp-json\/wp\/v2\/types\/page"}],"author":[{"embeddable":true,"href":"https:\/\/ko-tropfen-kaufen.com\/pl\/wp-json\/wp\/v2\/users\/2"}],"replies":[{"embeddable":true,"href":"https:\/\/ko-tropfen-kaufen.com\/pl\/wp-json\/wp\/v2\/comments?post=15717"}],"version-history":[{"count":2,"href":"https:\/\/ko-tropfen-kaufen.com\/pl\/wp-json\/wp\/v2\/pages\/15717\/revisions"}],"predecessor-version":[{"id":15886,"href":"https:\/\/ko-tropfen-kaufen.com\/pl\/wp-json\/wp\/v2\/pages\/15717\/revisions\/15886"}],"wp:attachment":[{"href":"https:\/\/ko-tropfen-kaufen.com\/pl\/wp-json\/wp\/v2\/media?parent=15717"}],"curies":[{"name":"wp","href":"https:\/\/api.w.org\/{rel}","templated":true}]}}