{"id":15715,"date":"2024-11-25T20:20:18","date_gmt":"2024-11-25T20:20:18","guid":{"rendered":"https:\/\/ko-tropfen-kaufen.com\/?page_id=15715"},"modified":"2024-11-28T18:29:42","modified_gmt":"2024-11-28T18:29:42","slug":"prawo-powrotu","status":"publish","type":"page","link":"https:\/\/ko-tropfen-kaufen.com\/pl\/prawo-powrotu\/","title":{"rendered":"Prawo powrotu"},"content":{"rendered":"<div id=\"ez-toc-container\" class=\"ez-toc-v2_0_82_2 counter-hierarchy ez-toc-counter ez-toc-grey ez-toc-container-direction\">\n<div class=\"ez-toc-title-container\">\n<p class=\"ez-toc-title\" style=\"cursor:inherit\">Spis tre\u015bci<\/p>\n<span class=\"ez-toc-title-toggle\"><a href=\"#\" class=\"ez-toc-pull-right ez-toc-btn ez-toc-btn-xs ez-toc-btn-default ez-toc-toggle\" aria-label=\"Prze\u0142\u0105cznik Spisu Tre\u015bci\"><span class=\"ez-toc-js-icon-con\"><span class=\"\"><span class=\"eztoc-hide\" style=\"display:none;\">Toggle<\/span><span class=\"ez-toc-icon-toggle-span\"><svg style=\"fill: #999;color:#999\" xmlns=\"http:\/\/www.w3.org\/2000\/svg\" class=\"list-377408\" width=\"20px\" height=\"20px\" viewbox=\"0 0 24 24\" fill=\"none\"><path d=\"M6 6H4v2h2V6zm14 0H8v2h12V6zM4 11h2v2H4v-2zm16 0H8v2h12v-2zM4 16h2v2H4v-2zm16 0H8v2h12v-2z\" fill=\"currentColor\"><\/path><\/svg><svg style=\"fill: #999;color:#999\" class=\"arrow-unsorted-368013\" xmlns=\"http:\/\/www.w3.org\/2000\/svg\" width=\"10px\" height=\"10px\" viewbox=\"0 0 24 24\" version=\"1.2\" baseprofile=\"tiny\"><path d=\"M18.2 9.3l-6.2-6.3-6.2 6.3c-.2.2-.3.4-.3.7s.1.5.3.7c.2.2.4.3.7.3h11c.3 0 .5-.1.7-.3.2-.2.3-.5.3-.7s-.1-.5-.3-.7zM5.8 14.7l6.2 6.3 6.2-6.3c.2-.2.3-.5.3-.7s-.1-.5-.3-.7c-.2-.2-.4-.3-.7-.3h-11c-.3 0-.5.1-.7.3-.2.2-.3.5-.3.7s.1.5.3.7z\"\/><\/svg><\/span><\/span><\/span><\/a><\/span><\/div>\n<nav><ul class='ez-toc-list ez-toc-list-level-1' ><li class='ez-toc-page-1 ez-toc-heading-level-2'><a class=\"ez-toc-link ez-toc-heading-1\" href=\"https:\/\/ko-tropfen-kaufen.com\/pl\/prawo-powrotu\/#ko-tropfen-kaufencom_Ruckgaberecht\" >ko-tropfen-kaufen.com Prawo zwrotu<\/a><ul class='ez-toc-list-level-3' ><li class='ez-toc-heading-level-3'><a class=\"ez-toc-link ez-toc-heading-2\" href=\"https:\/\/ko-tropfen-kaufen.com\/pl\/prawo-powrotu\/#30-Tage-Geld-zuruck-Garantie\" >30-dniowa gwarancja zwrotu pieni\u0119dzy<\/a><\/li><li class='ez-toc-page-1 ez-toc-heading-level-3'><a class=\"ez-toc-link ez-toc-heading-3\" href=\"https:\/\/ko-tropfen-kaufen.com\/pl\/prawo-powrotu\/#Voraussetzungen_fur_eine_Ruckerstattung\" >Wymagania dotycz\u0105ce zwrotu pieni\u0119dzy<\/a><\/li><li class='ez-toc-page-1 ez-toc-heading-level-3'><a class=\"ez-toc-link ez-toc-heading-4\" href=\"https:\/\/ko-tropfen-kaufen.com\/pl\/prawo-powrotu\/#Nicht_erstattungsfahige_Artikel\" >Przedmioty niepodlegaj\u0105ce zwrotowi<\/a><\/li><li class='ez-toc-page-1 ez-toc-heading-level-3'><a class=\"ez-toc-link ez-toc-heading-5\" href=\"https:\/\/ko-tropfen-kaufen.com\/pl\/prawo-powrotu\/#So_beantragen_Sie_eine_Ruckerstattung\" >Jak ubiega\u0107 si\u0119 o zwrot pieni\u0119dzy<\/a><\/li><li class='ez-toc-page-1 ez-toc-heading-level-3'><a class=\"ez-toc-link ez-toc-heading-6\" href=\"https:\/\/ko-tropfen-kaufen.com\/pl\/prawo-powrotu\/#Bearbeitung_Ihrer_Ruckerstattung\" >Przetwarzanie zwrotu pieni\u0119dzy<\/a><\/li><li class='ez-toc-page-1 ez-toc-heading-level-3'><a class=\"ez-toc-link ez-toc-heading-7\" href=\"https:\/\/ko-tropfen-kaufen.com\/pl\/prawo-powrotu\/#Kontaktieren_Sie_uns\" >Skontaktuj si\u0119 z nami<\/a><\/li><\/ul><\/li><\/ul><\/nav><\/div>\n<h2 class=\"wp-block-heading\" id=\"h-ko-tropfen-kaufen-com-ruckgaberecht\"><span class=\"ez-toc-section\" id=\"ko-tropfen-kaufencom_Ruckgaberecht\"><\/span>ko-tropfen-kaufen.com Prawo zwrotu<span class=\"ez-toc-section-end\"><\/span><\/h2>\n\n\n\n<p>Z <a href=\"https:\/\/ko-tropfen-kaufen.com?v=820eb5b696ea\">Buy-co-drops.com<\/a> Dok\u0142adamy wszelkich stara\u0144, aby nasi klienci byli w pe\u0142ni zadowoleni z dokonanych zakup\u00f3w. Je\u015bli z jakiegokolwiek powodu nie jeste\u015b w pe\u0142ni zadowolony ze swojego zam\u00f3wienia, nasza polityka zwrot\u00f3w Ci pomo\u017ce.<\/p>\n\n\n\n<h3 class=\"wp-block-heading\" id=\"h-30-tage-geld-zuruck-garantie\"><span class=\"ez-toc-section\" id=\"30-Tage-Geld-zuruck-Garantie\"><\/span>30-dniowa gwarancja zwrotu pieni\u0119dzy<span class=\"ez-toc-section-end\"><\/span><\/h3>\n\n\n\n<p>Oferujemy 30-dniow\u0105 gwarancj\u0119 zwrotu pieni\u0119dzy na wszystkie nasze produkty. Je\u015bli nie jeste\u015b zadowolony z zakupu, mo\u017cesz poprosi\u0107 o zwrot pieni\u0119dzy w ci\u0105gu 30 dni od daty zakupu.<\/p>\n\n\n\n<h3 class=\"wp-block-heading\" id=\"h-voraussetzungen-fur-eine-ruckerstattung\"><span class=\"ez-toc-section\" id=\"Voraussetzungen_fur_eine_Ruckerstattung\"><\/span>Wymagania dotycz\u0105ce zwrotu pieni\u0119dzy<span class=\"ez-toc-section-end\"><\/span><\/h3>\n\n\n\n<p>Aby kwalifikowa\u0107 si\u0119 do zwrotu, musz\u0105 zosta\u0107 spe\u0142nione nast\u0119puj\u0105ce warunki:<\/p>\n\n\n\n<ul class=\"wp-block-list\">\n<li>Produkt musi zosta\u0107 zwr\u00f3cony w oryginalnym stanie, nieotwarty i nieu\u017cywany.<\/li>\n\n\n\n<li>Nale\u017cy przedstawi\u0107 dow\u00f3d zakupu (numer zam\u00f3wienia, paragon lub wiadomo\u015b\u0107 e-mail z potwierdzeniem).<\/li>\n\n\n\n<li>Wniosek o zwrot musi zosta\u0107 z\u0142o\u017cony w ci\u0105gu 30 dni od daty zakupu.<\/li>\n<\/ul>\n\n\n\n<h3 class=\"wp-block-heading\" id=\"h-nicht-erstattungsfahige-artikel\"><span class=\"ez-toc-section\" id=\"Nicht_erstattungsfahige_Artikel\"><\/span>Przedmioty niepodlegaj\u0105ce zwrotowi<span class=\"ez-toc-section-end\"><\/span><\/h3>\n\n\n\n<p>Niekt\u00f3re przedmioty nie podlegaj\u0105 zwrotowi, w tym:<\/p>\n\n\n\n<ul class=\"wp-block-list\">\n<li>Produkty, kt\u00f3re by\u0142y otwierane lub u\u017cywane.<\/li>\n\n\n\n<li>Przedmioty zakupione w ramach wyprzeda\u017cy lub oferty specjalnej.<\/li>\n<\/ul>\n\n\n\n<h3 class=\"wp-block-heading\" id=\"h-so-beantragen-sie-eine-ruckerstattung\"><span class=\"ez-toc-section\" id=\"So_beantragen_Sie_eine_Ruckerstattung\"><\/span>Jak ubiega\u0107 si\u0119 o zwrot pieni\u0119dzy<span class=\"ez-toc-section-end\"><\/span><\/h3>\n\n\n\n<ol class=\"wp-block-list\">\n<li><strong>Prosimy o kontakt:<\/strong> Wy\u015blij wiadomo\u015b\u0107 e-mail do naszego zespo\u0142u obs\u0142ugi klienta na adres support@ko-tropfen-kaufen.com ze szczeg\u00f3\u0142ami zam\u00f3wienia i powodem zwrotu pieni\u0119dzy.<\/li>\n\n\n\n<li><strong>Autoryzacja zwrotu:<\/strong> Nasz zesp\u00f3\u0142 prze\u015ble autoryzacj\u0119 zwrotu i instrukcje dotycz\u0105ce sposobu zwrotu produktu.<\/li>\n\n\n\n<li><strong>Wy\u015blij artyku\u0142:<\/strong> Nale\u017cy odes\u0142a\u0107 przedmiot do nas w oryginalnym opakowaniu wraz z upowa\u017cnieniem do zwrotu.<\/li>\n<\/ol>\n\n\n\n<h3 class=\"wp-block-heading\" id=\"h-bearbeitung-ihrer-ruckerstattung\"><span class=\"ez-toc-section\" id=\"Bearbeitung_Ihrer_Ruckerstattung\"><\/span>Przetwarzanie zwrotu pieni\u0119dzy<span class=\"ez-toc-section-end\"><\/span><\/h3>\n\n\n\n<p>Po otrzymaniu i sprawdzeniu zwr\u00f3conego produktu powiadomimy Ci\u0119 o tym e-mailem. Je\u015bli zwrot zostanie zatwierdzony, zostanie on przetworzony, a kredyt zostanie zastosowany do pierwotnej metody p\u0142atno\u015bci w ci\u0105gu 5-7 dni roboczych.<\/p>\n\n\n\n<h3 class=\"wp-block-heading\" id=\"h-kontaktieren-sie-uns\"><span class=\"ez-toc-section\" id=\"Kontaktieren_Sie_uns\"><\/span>Skontaktuj si\u0119 z nami<span class=\"ez-toc-section-end\"><\/span><\/h3>\n\n\n\n<p>Je\u015bli masz jakiekolwiek pytania dotycz\u0105ce naszej polityki zwrot\u00f3w, skontaktuj si\u0119 z naszym zespo\u0142em obs\u0142ugi klienta pod adresem support@ko-tropfen-kaufen.com. Jeste\u015bmy tutaj, aby Ci pom\u00f3c i upewni\u0107 si\u0119, \u017ce Twoje zakupy b\u0119d\u0105 satysfakcjonuj\u0105ce.<\/p>\n\n\n\n<p>Dzi\u0119kujemy za zakupy w Ko-Tropfen-Kaufen.com!<\/p>","protected":false},"excerpt":{"rendered":"<p>ko-tropfen-kaufen.com R\u00fcckgaberecht Bei Ko-Tropfen-Kaufen.com bem\u00fchen wir uns, sicherzustellen, dass unsere Kunden vollst\u00e4ndig zufrieden mit ihren Eink\u00e4ufen sind. Wenn Sie aus irgendeinem Grund nicht ganz zufrieden mit Ihrer Bestellung sind, hilft Ihnen unser R\u00fcckgaberecht weiter. 30-Tage-Geld-zur\u00fcck-Garantie Wir bieten eine 30-Tage-Geld-zur\u00fcck-Garantie auf alle unsere Produkte. Wenn Sie mit Ihrem Kauf nicht zufrieden sind, k\u00f6nnen Sie innerhalb von [&hellip;]<\/p>\n","protected":false},"author":2,"featured_media":0,"parent":0,"menu_order":0,"comment_status":"closed","ping_status":"closed","template":"","meta":{"footnotes":""},"class_list":["post-15715","page","type-page","status-publish","hentry"],"blocksy_meta":[],"jetpack_sharing_enabled":true,"_links":{"self":[{"href":"https:\/\/ko-tropfen-kaufen.com\/pl\/wp-json\/wp\/v2\/pages\/15715","targetHints":{"allow":["GET"]}}],"collection":[{"href":"https:\/\/ko-tropfen-kaufen.com\/pl\/wp-json\/wp\/v2\/pages"}],"about":[{"href":"https:\/\/ko-tropfen-kaufen.com\/pl\/wp-json\/wp\/v2\/types\/page"}],"author":[{"embeddable":true,"href":"https:\/\/ko-tropfen-kaufen.com\/pl\/wp-json\/wp\/v2\/users\/2"}],"replies":[{"embeddable":true,"href":"https:\/\/ko-tropfen-kaufen.com\/pl\/wp-json\/wp\/v2\/comments?post=15715"}],"version-history":[{"count":1,"href":"https:\/\/ko-tropfen-kaufen.com\/pl\/wp-json\/wp\/v2\/pages\/15715\/revisions"}],"predecessor-version":[{"id":15716,"href":"https:\/\/ko-tropfen-kaufen.com\/pl\/wp-json\/wp\/v2\/pages\/15715\/revisions\/15716"}],"wp:attachment":[{"href":"https:\/\/ko-tropfen-kaufen.com\/pl\/wp-json\/wp\/v2\/media?parent=15715"}],"curies":[{"name":"wp","href":"https:\/\/api.w.org\/{rel}","templated":true}]}}