{"id":15712,"date":"2024-11-25T20:10:01","date_gmt":"2024-11-25T20:10:01","guid":{"rendered":"https:\/\/ko-tropfen-kaufen.com\/?page_id=15712"},"modified":"2024-11-25T20:10:02","modified_gmt":"2024-11-25T20:10:02","slug":"bezpieczenstwo-i-informacje-prawne","status":"publish","type":"page","link":"https:\/\/ko-tropfen-kaufen.com\/pl\/bezpieczenstwo-i-informacje-prawne\/","title":{"rendered":"Bezpiecze\u0144stwo"},"content":{"rendered":"<p><a href=\"https:\/\/ko-tropfen-kaufen.com\/product\/gbl-kaufen-legal\/\">GBL<\/a> oraz <a href=\"https:\/\/ko-tropfen-kaufen.com\/product\/ghb-kaufen\/\">GHB<\/a> mog\u0105 by\u0107 substancjami niebezpiecznymi, je\u015bli nie s\u0105 odpowiednio obs\u0142ugiwane.<\/p>\n\n\n\n<ul class=\"wp-block-list\">\n<li><strong>Uszczerbek na zdrowiu:<\/strong> Obie substancje mog\u0105 powodowa\u0107 powa\u017cny uszczerbek na zdrowiu, utrat\u0119 przytomno\u015bci, depresj\u0119 oddechow\u0105, a nawet \u015bmier\u0107, je\u015bli zostan\u0105 niew\u0142a\u015bciwie za\u017cyte.<\/li>\n\n\n\n<li><strong>Niebezpiecze\u0144stwo uzale\u017cnienia:<\/strong> GHB ma wysoki potencja\u0142 uzale\u017cniaj\u0105cy, a jego za\u017cywanie mo\u017ce szybko prowadzi\u0107 do uzale\u017cnienia.<\/li>\n\n\n\n<li><strong>Ograniczenia prawne:<\/strong> Sprzeda\u017c i posiadanie GHB jest w Niemczech surowo zabronione na mocy ustawy o \u015brodkach odurzaj\u0105cych (BtMG). GBL r\u00f3wnie\u017c podlega kontroli prawnej w zale\u017cno\u015bci od obszaru zastosowania.<\/li>\n<\/ul>\n\n\n\n<p>Poinformuj si\u0119 przed ka\u017cdym u\u017cyciem!<\/p>\n\n\n\n<h2 class=\"wp-block-heading\" id=\"h-rechtliche-aspekte\"><strong>Aspekty prawne<\/strong><\/h2>\n\n\n\n<ul class=\"wp-block-list\">\n<li><strong>Niemcy:<\/strong> Sprzeda\u017c i posiadanie GHB nie jest legalne (ale dealerzy nadal kupuj\u0105 i sprzedaj\u0105 GHB). GBL podlega za\u0142\u0105cznikowi 2 do rozporz\u0105dzenia w sprawie substancji niebezpiecznych (GefStoffV) i mo\u017ce by\u0107 kupowany i u\u017cywany wy\u0142\u0105cznie na podstawie odpowiedniej licencji.<\/li>\n\n\n\n<li><strong>Mi\u0119dzynarodowy:<\/strong> Sytuacja prawna dotycz\u0105ca GBL i GHB mo\u017ce si\u0119 znacznie r\u00f3\u017cni\u0107 na ca\u0142ym \u015bwiecie. Przed zakupem lub u\u017cyciem GBL lub GHB nale\u017cy zawsze sprawdzi\u0107 przepisy obowi\u0105zuj\u0105ce w danym kraju.<\/li>\n<\/ul>\n\n\n\n<p><strong>W przypadku jakichkolwiek pyta\u0144 dotycz\u0105cych obchodzenia si\u0119 z niebezpiecznymi substancjami chemicznymi nale\u017cy skontaktowa\u0107 si\u0119 z certyfikowanym specjalistycznym sprzedawc\u0105 lub ekspertem ds. substancji chemicznych.<\/strong><\/p>\n\n\n\n<p><strong>Pomocne mog\u0105 by\u0107 nast\u0119puj\u0105ce zasoby:<\/strong><\/p>\n\n\n\n<ul class=\"wp-block-list\">\n<li><strong>Federalny Instytut Bezpiecze\u0144stwa i Higieny Pracy (BAUA):<\/strong> <a href=\"https:\/\/www.baua.de\/\" target=\"_blank\" rel=\"noreferrer noopener\">https:\/\/www.baua.de\/<\/a><\/li>\n\n\n\n<li><strong>Centrum kontroli zatru\u0107:<\/strong> <a href=\"\/\/www.bvl.bund.de\/DE\/Arbeitsbereiche\/01_Lebensmittel\/03_Verbraucher\/09_InfektionenIntoxikationen\/02_Giftnotrufzentralen\/lm_LMVergiftung_giftnotrufzentralen_node.html\" target=\"_blank\" rel=\"noreferrer noopener\">https:\/\/www.bvl.bund.de\/DE\/Arbeitsbereiche\/01_Lebensmittel\/03_Verbraucher\/09_InfektionenIntoxikationen\/02_Giftnotrufzentralen\/lm_LMVergiftung_giftnotrufzentralen_node.html<\/a><\/li>\n<\/ul>\n\n\n\n<p><strong>Inne istotne s\u0142owa kluczowe:<\/strong> GBL, gamma-butyrolakton, GHB, kwas gamma-hydroksymas\u0142owy, substancje niebezpieczne, ustawa o \u015brodkach odurzaj\u0105cych (BtMG), rozporz\u0105dzenie w sprawie substancji niebezpiecznych (GefStoffV), sytuacja prawna, uszczerbek na zdrowiu, ryzyko uzale\u017cnienia.<\/p>","protected":false},"excerpt":{"rendered":"<p>GBL und GHB k\u00f6nnen gef\u00e4hrliche Stoffe sein, wenn sie nicht ordnungsgem\u00e4\u00df gehandhabt werden. Informieren Sie sich vor jeder Verwendung! Rechtliche Aspekte Wenn Sie Fragen zum Umgang mit gef\u00e4hrlichen chemischen Substanzen haben, wenden Sie sich bitte an einen zertifizierten Fachh\u00e4ndler oder eine chemische Sachverst\u00e4ndigen. Folgende Ressourcen k\u00f6nnen hilfreich sein: Andere relevante Keywords: GBL, Gamma-Butyrolacton, GHB, Gamma-Hydroxybutters\u00e4ure, [&hellip;]<\/p>\n","protected":false},"author":2,"featured_media":15713,"parent":0,"menu_order":0,"comment_status":"closed","ping_status":"closed","template":"","meta":{"footnotes":""},"class_list":["post-15712","page","type-page","status-publish","has-post-thumbnail","hentry"],"blocksy_meta":[],"jetpack_sharing_enabled":true,"_links":{"self":[{"href":"https:\/\/ko-tropfen-kaufen.com\/pl\/wp-json\/wp\/v2\/pages\/15712","targetHints":{"allow":["GET"]}}],"collection":[{"href":"https:\/\/ko-tropfen-kaufen.com\/pl\/wp-json\/wp\/v2\/pages"}],"about":[{"href":"https:\/\/ko-tropfen-kaufen.com\/pl\/wp-json\/wp\/v2\/types\/page"}],"author":[{"embeddable":true,"href":"https:\/\/ko-tropfen-kaufen.com\/pl\/wp-json\/wp\/v2\/users\/2"}],"replies":[{"embeddable":true,"href":"https:\/\/ko-tropfen-kaufen.com\/pl\/wp-json\/wp\/v2\/comments?post=15712"}],"version-history":[{"count":1,"href":"https:\/\/ko-tropfen-kaufen.com\/pl\/wp-json\/wp\/v2\/pages\/15712\/revisions"}],"predecessor-version":[{"id":15714,"href":"https:\/\/ko-tropfen-kaufen.com\/pl\/wp-json\/wp\/v2\/pages\/15712\/revisions\/15714"}],"wp:featuredmedia":[{"embeddable":true,"href":"https:\/\/ko-tropfen-kaufen.com\/pl\/wp-json\/wp\/v2\/media\/15713"}],"wp:attachment":[{"href":"https:\/\/ko-tropfen-kaufen.com\/pl\/wp-json\/wp\/v2\/media?parent=15712"}],"curies":[{"name":"wp","href":"https:\/\/api.w.org\/{rel}","templated":true}]}}