{"id":15705,"date":"2024-11-25T20:57:41","date_gmt":"2024-11-25T19:57:41","guid":{"rendered":"https:\/\/ko-tropfen-kaufen.com\/?page_id=15705"},"modified":"2025-11-05T08:36:16","modified_gmt":"2025-11-05T07:36:16","slug":"co-to-jest-gbl","status":"publish","type":"page","link":"https:\/\/ko-tropfen-kaufen.com\/pl\/co-to-jest-gbl\/","title":{"rendered":"Co to jest GBL"},"content":{"rendered":"<p>Co to jest GBL - Gamma-butyrolakton (GBL) to bezbarwna, higroskopijna ciecz znana z zastosowania jako rozpuszczalnik przemys\u0142owy i p\u00f3\u0142produkt chemiczny.<\/p>\n\n\n\n<p>Ma wz\u00f3r cz\u0105steczkowy C\u2084H\u2086O\u2082 i charakteryzuje si\u0119 s\u0142abym zapachem i gorzkim smakiem. GBL jest laktonem, rodzajem cyklicznego estru i jest prekursorem kwasu gamma-hydroksymas\u0142owego (GHB).<\/p>\n\n\n\n<blockquote class=\"wp-block-quote is-layout-flow wp-block-quote-is-layout-flow\">\n<p>Inne nazwy GBL: liquid ecstasys, blue nitro, blue nitro vitality, ghb droge, g droge, gbl dosieren, renewtrient, fire water, gamma-g, gh revitaliser, remforce.<\/p>\n<\/blockquote>\n\n\n\n<div id=\"ez-toc-container\" class=\"ez-toc-v2_0_82_2 counter-hierarchy ez-toc-counter ez-toc-grey ez-toc-container-direction\">\n<div class=\"ez-toc-title-container\">\n<p class=\"ez-toc-title\" style=\"cursor:inherit\">Spis tre\u015bci<\/p>\n<span class=\"ez-toc-title-toggle\"><a href=\"#\" class=\"ez-toc-pull-right ez-toc-btn ez-toc-btn-xs ez-toc-btn-default ez-toc-toggle\" aria-label=\"Prze\u0142\u0105cznik Spisu Tre\u015bci\"><span class=\"ez-toc-js-icon-con\"><span class=\"\"><span class=\"eztoc-hide\" style=\"display:none;\">Toggle<\/span><span class=\"ez-toc-icon-toggle-span\"><svg style=\"fill: #999;color:#999\" xmlns=\"http:\/\/www.w3.org\/2000\/svg\" class=\"list-377408\" width=\"20px\" height=\"20px\" viewbox=\"0 0 24 24\" fill=\"none\"><path d=\"M6 6H4v2h2V6zm14 0H8v2h12V6zM4 11h2v2H4v-2zm16 0H8v2h12v-2zM4 16h2v2H4v-2zm16 0H8v2h12v-2z\" fill=\"currentColor\"><\/path><\/svg><svg style=\"fill: #999;color:#999\" class=\"arrow-unsorted-368013\" xmlns=\"http:\/\/www.w3.org\/2000\/svg\" width=\"10px\" height=\"10px\" viewbox=\"0 0 24 24\" version=\"1.2\" baseprofile=\"tiny\"><path d=\"M18.2 9.3l-6.2-6.3-6.2 6.3c-.2.2-.3.4-.3.7s.1.5.3.7c.2.2.4.3.7.3h11c.3 0 .5-.1.7-.3.2-.2.3-.5.3-.7s-.1-.5-.3-.7zM5.8 14.7l6.2 6.3 6.2-6.3c.2-.2.3-.5.3-.7s-.1-.5-.3-.7c-.2-.2-.4-.3-.7-.3h-11c-.3 0-.5.1-.7.3-.2.2-.3.5-.3.7s.1.5.3.7z\"\/><\/svg><\/span><\/span><\/span><\/a><\/span><\/div>\n<nav><ul class='ez-toc-list ez-toc-list-level-1' ><li class='ez-toc-page-1 ez-toc-heading-level-2'><a class=\"ez-toc-link ez-toc-heading-1\" href=\"https:\/\/ko-tropfen-kaufen.com\/pl\/co-to-jest-gbl\/#Chemische_Eigenschaften_und_industrielle_Verwendung_von_Gamma-Butyrolacton\" >W\u0142a\u015bciwo\u015bci chemiczne i przemys\u0142owe zastosowanie gamma-butyrolaktonu<\/a><\/li><li class='ez-toc-page-1 ez-toc-heading-level-2'><a class=\"ez-toc-link ez-toc-heading-2\" href=\"https:\/\/ko-tropfen-kaufen.com\/pl\/co-to-jest-gbl\/#Andere_Verwendungen_von_GBL\" >Inne zastosowania GBL<\/a><\/li><li class='ez-toc-page-1 ez-toc-heading-level-2'><a class=\"ez-toc-link ez-toc-heading-3\" href=\"https:\/\/ko-tropfen-kaufen.com\/pl\/co-to-jest-gbl\/#Chemische_Reaktionen_von_GBL\" >Reakcje chemiczne GBL<\/a><\/li><li class='ez-toc-page-1 ez-toc-heading-level-2'><a class=\"ez-toc-link ez-toc-heading-4\" href=\"https:\/\/ko-tropfen-kaufen.com\/pl\/co-to-jest-gbl\/#Regulierung_und_Rechtsstatus\" >Regulacje i status prawny<\/a><\/li><li class='ez-toc-page-1 ez-toc-heading-level-2'><a class=\"ez-toc-link ez-toc-heading-5\" href=\"https:\/\/ko-tropfen-kaufen.com\/pl\/co-to-jest-gbl\/#Gesundheitliche_Auswirkungen_und_Risiken\" >Skutki zdrowotne i zagro\u017cenia<\/a><\/li><li class='ez-toc-page-1 ez-toc-heading-level-2'><a class=\"ez-toc-link ez-toc-heading-6\" href=\"https:\/\/ko-tropfen-kaufen.com\/pl\/co-to-jest-gbl\/#Wo_kann_man_GBL_kaufen\" >Gdzie mo\u017cna kupi\u0107 GBL?<\/a><\/li><\/ul><\/nav><\/div>\n<h2 class=\"wp-block-heading\" id=\"h-chemische-eigenschaften-und-industrielle-verwendung-von-gamma-butyrolacton\"><span class=\"ez-toc-section\" id=\"Chemische_Eigenschaften_und_industrielle_Verwendung_von_Gamma-Butyrolacton\"><\/span>W\u0142a\u015bciwo\u015bci chemiczne i przemys\u0142owe zastosowanie gamma-butyrolaktonu<span class=\"ez-toc-section-end\"><\/span><\/h2>\n\n\n\n<p>GBL jest produkowany przemys\u0142owo poprzez odwodornienie 1,4-butanodiolu w obecno\u015bci katalizatora miedziowego w temperaturach pomi\u0119dzy 180-300 \u00b0C.<\/p>\n\n\n\n<p>Wydajno\u015b\u0107 tego procesu wynosi oko\u0142o 95 %, z oczyszczaniem przez ekstrakcj\u0119 w fazie ciek\u0142ej gazu. GBL mo\u017cna r\u00f3wnie\u017c syntetyzowa\u0107 w laboratorium poprzez utlenianie tetrahydrofuranu (THF) lub w reakcji katalizowanej lipaz\u0105 z 4-hydroksyma\u015blanem (4-HB).<\/p>\n\n\n\n<p>GBL jest r\u00f3wnie\u017c stosowany jako p\u00f3\u0142produkt w produkcji innych chemikali\u00f3w, takich jak N-metylo-2-pirolidon (NMP) i pirolidon oraz w syntezie niekt\u00f3rych farmaceutyk\u00f3w.<\/p>\n\n\n\n<h2 class=\"wp-block-heading\" id=\"h-andere-verwendungen-von-gbl\"><span class=\"ez-toc-section\" id=\"Andere_Verwendungen_von_GBL\"><\/span>Inne zastosowania GBL<span class=\"ez-toc-section-end\"><\/span><\/h2>\n\n\n\n<ul class=\"wp-block-list\">\n<li>Rozcie\u0144czalnik do kolor\u00f3w<\/li>\n\n\n\n<li>\u015arodki czyszcz\u0105ce<\/li>\n\n\n\n<li>Super zmywacz kleju<\/li>\n\n\n\n<li>Kondensatory elektrolityczne<\/li>\n<\/ul>\n\n\n\n<h2 class=\"wp-block-heading\" id=\"h-chemische-reaktionen-von-gbl\"><span class=\"ez-toc-section\" id=\"Chemische_Reaktionen_von_GBL\"><\/span>Reakcje chemiczne GBL<span class=\"ez-toc-section-end\"><\/span><\/h2>\n\n\n\n<p>Struktura chemiczna GBL umo\u017cliwia jego hydroliz\u0119 do kwasu gamma-hydroksymas\u0142owego (GHB) w warunkach zasadowych. Ta w\u0142a\u015bciwo\u015b\u0107 doprowadzi\u0142a do wykorzystania GBL do produkcji GHB, kt\u00f3ry jest zar\u00f3wno \u015brodkiem terapeutycznym, jak i substancj\u0105 nadu\u017cywan\u0105. Proces konwersji jest prosty, dzi\u0119ki czemu GBL jest wa\u017cnym prekursorem do syntezy GHB.<\/p>\n\n\n\n<figure class=\"wp-block-image size-full\"><img data-recalc-dims=\"1\" fetchpriority=\"high\" decoding=\"async\" width=\"1024\" height=\"379\" src=\"https:\/\/i0.wp.com\/ko-tropfen-kaufen.com\/wp-content\/uploads\/2024\/11\/Gbl-Produktionsprozess-1024x379-1.png?resize=1024%2C379&#038;ssl=1\" alt=\"\" class=\"wp-image-15708\" srcset=\"https:\/\/i0.wp.com\/ko-tropfen-kaufen.com\/wp-content\/uploads\/2024\/11\/Gbl-Produktionsprozess-1024x379-1.png?w=1024&amp;ssl=1 1024w, https:\/\/i0.wp.com\/ko-tropfen-kaufen.com\/wp-content\/uploads\/2024\/11\/Gbl-Produktionsprozess-1024x379-1.png?resize=430%2C159&amp;ssl=1 430w, https:\/\/i0.wp.com\/ko-tropfen-kaufen.com\/wp-content\/uploads\/2024\/11\/Gbl-Produktionsprozess-1024x379-1.png?resize=700%2C259&amp;ssl=1 700w, https:\/\/i0.wp.com\/ko-tropfen-kaufen.com\/wp-content\/uploads\/2024\/11\/Gbl-Produktionsprozess-1024x379-1.png?resize=400%2C148&amp;ssl=1 400w, https:\/\/i0.wp.com\/ko-tropfen-kaufen.com\/wp-content\/uploads\/2024\/11\/Gbl-Produktionsprozess-1024x379-1.png?resize=768%2C284&amp;ssl=1 768w\" sizes=\"(max-width: 1024px) 100vw, 1024px\" \/><\/figure>\n\n\n\n<h2 class=\"wp-block-heading\" id=\"h-regulierung-und-rechtsstatus\"><span class=\"ez-toc-section\" id=\"Regulierung_und_Rechtsstatus\"><\/span>Regulacje i status prawny<span class=\"ez-toc-section-end\"><\/span><\/h2>\n\n\n\n<p>GBL jest regulowany prawnie w wielu krajach, poniewa\u017c mo\u017ce by\u0107 nadu\u017cywany jako narkotyk rekreacyjny poprzez przekszta\u0142cenie go w GHB w organizmie. GHB jest znany ze swoich uspokajaj\u0105cych i euforycznych efekt\u00f3w, kt\u00f3re doprowadzi\u0142y do tego, \u017ce jest kojarzony z nielegalnym u\u017cyciem i obawami o bezpiecze\u0144stwo. W rezultacie GBL jest cz\u0119sto kontrolowany na mocy przepis\u00f3w dotycz\u0105cych prekursor\u00f3w narkotyk\u00f3w, a jego sprzeda\u017c i posiadanie mog\u0105 by\u0107 ograniczone.<\/p>\n\n\n\n<h2 class=\"wp-block-heading\" id=\"h-gesundheitliche-auswirkungen-und-risiken\"><span class=\"ez-toc-section\" id=\"Gesundheitliche_Auswirkungen_und_Risiken\"><\/span>Skutki zdrowotne i zagro\u017cenia<span class=\"ez-toc-section-end\"><\/span><\/h2>\n\n\n\n<p>Za\u017cywanie GBL mo\u017ce powodowa\u0107 szereg skutk\u00f3w ubocznych, w tym nudno\u015bci, b\u00f3le g\u0142owy, niewyra\u017ane widzenie, szybkie bicie serca i podwy\u017cszone ci\u015bnienie krwi. D\u0142ugotrwa\u0142e nadu\u017cywanie mo\u017ce prowadzi\u0107 do powa\u017cnych problem\u00f3w ze zdrowiem psychicznym i fizycznym, takich jak depresja, l\u0119k, a nawet psychoza. Dlatego tak wa\u017cne jest, aby spo\u017cywa\u0107 GBL odpowiedzialnie i zgodnie z odpowiednimi wytycznymi prawnymi i dotycz\u0105cymi bezpiecze\u0144stwa.<\/p>\n\n\n\n<figure class=\"wp-block-image size-full is-resized\"><img data-recalc-dims=\"1\" decoding=\"async\" width=\"1024\" height=\"585\" src=\"https:\/\/i0.wp.com\/ko-tropfen-kaufen.com\/wp-content\/uploads\/2024\/11\/GBL-pharmacie-1024x585-1.jpg?resize=1024%2C585&#038;ssl=1\" alt=\"\" class=\"wp-image-15709\" style=\"width:1192px;height:auto\" srcset=\"https:\/\/i0.wp.com\/ko-tropfen-kaufen.com\/wp-content\/uploads\/2024\/11\/GBL-pharmacie-1024x585-1.jpg?w=1024&amp;ssl=1 1024w, https:\/\/i0.wp.com\/ko-tropfen-kaufen.com\/wp-content\/uploads\/2024\/11\/GBL-pharmacie-1024x585-1.jpg?resize=430%2C246&amp;ssl=1 430w, https:\/\/i0.wp.com\/ko-tropfen-kaufen.com\/wp-content\/uploads\/2024\/11\/GBL-pharmacie-1024x585-1.jpg?resize=700%2C400&amp;ssl=1 700w, https:\/\/i0.wp.com\/ko-tropfen-kaufen.com\/wp-content\/uploads\/2024\/11\/GBL-pharmacie-1024x585-1.jpg?resize=400%2C229&amp;ssl=1 400w, https:\/\/i0.wp.com\/ko-tropfen-kaufen.com\/wp-content\/uploads\/2024\/11\/GBL-pharmacie-1024x585-1.jpg?resize=768%2C439&amp;ssl=1 768w\" sizes=\"(max-width: 1024px) 100vw, 1024px\" \/><\/figure>\n\n\n\n<h2 class=\"wp-block-heading\" id=\"h-wo-kann-man-gbl-kaufen\"><span class=\"ez-toc-section\" id=\"Wo_kann_man_GBL_kaufen\"><\/span>Gdzie mo\u017cna kupi\u0107 GBL?<span class=\"ez-toc-section-end\"><\/span><\/h2>\n\n\n\n<p>Je\u015bli potrzebujesz GBL do legalnych cel\u00f3w przemys\u0142owych, mo\u017cesz go kupi\u0107 od r\u00f3\u017cnych dostawc\u00f3w. Wiarygodne \u017ar\u00f3d\u0142a obejmuj\u0105 wyspecjalizowanych dostawc\u00f3w chemikali\u00f3w i dostawc\u00f3w przemys\u0142owych. Przy zakupie GBL nale\u017cy zawsze przestrzega\u0107 lokalnych przepis\u00f3w. Badanie dostawc\u00f3w i czytanie recenzji mo\u017ce pom\u00f3c w zapewnieniu wysokiej jako\u015bci GBL do swoich potrzeb.<\/p>\n\n\n\n<ul class=\"wp-block-list\">\n<li><strong>GBL Clean Shop<\/strong>Sklep ten oferuje r\u00f3\u017cnorodne produkty GBL, kt\u00f3re s\u0105 sprzedawane g\u0142\u00f3wnie do cel\u00f3w czyszczenia przemys\u0142owego, takich jak czyszczenie k\u00f3\u0142 i zastosowania rozpuszczalnik\u00f3w. Firma k\u0142adzie du\u017cy nacisk na jako\u015b\u0107 i czysto\u015b\u0107 swoich produkt\u00f3w GBL i zapewnia szczeg\u00f3\u0142owe instrukcje u\u017cytkowania (GBL Clean Shop).<\/li>\n\n\n\n<li><strong>Sklep GBL<\/strong>Ten sklep jest znany z szerokiej gamy produkt\u00f3w GBL i oferuje opcje dla r\u00f3\u017cnych ilo\u015bci, w tym 500 ml, 1 litr, 2 litry, 5 litr\u00f3w i wi\u0119cej. Zapewnia bezpieczne i dyskretne transakcje oraz oferuje konkurencyjne ceny (<a href=\"https:\/\/ko-tropfen-kaufen.com\/serioser-gbl-shop\">Sklep GBL<\/a>).<\/li>\n\n\n\n<li><strong>Laboratorium chemiczne GBL<\/strong>GBL jest sprzedawany w r\u00f3\u017cnych ilo\u015bciach na tej stronie internetowej, a jego zastosowanie do czyszczenia przemys\u0142owego i jako p\u00f3\u0142produkt chemiczny jest reklamowane. Podkre\u015blaj\u0105 oni sw\u00f3j bezpieczny proces zamawiania i szybkie opcje wysy\u0142ki (GBL Chem Lab).<\/li>\n<\/ul>\n\n\n\n<p>Bardziej szczeg\u00f3\u0142owe informacje mo\u017cna znale\u017a\u0107 w takich \u017ar\u00f3d\u0142ach jak Wikipedia i FineChemical.net (<a href=\"https:\/\/de.wikipedia.org\/wiki\/\u0393-Butyrolacton\" target=\"_blank\" rel=\"noopener\">Wikipedia<\/a>) (Anbu Chem).<\/p>\n\n\n\n<p>Podsumowuj\u0105c, historia GBL charakteryzuje si\u0119 podw\u00f3jn\u0105 rol\u0105 jako cennego rozpuszczalnika przemys\u0142owego i kontrolowanego prekursora GHB, odzwierciedlaj\u0105c zar\u00f3wno jego u\u017cyteczno\u015b\u0107, jak i potrzeb\u0119 regulacji w celu ograniczenia nadu\u017cy\u0107.<\/p>","protected":false},"excerpt":{"rendered":"<p>Was ist GBL &#8211; Gamma-Butyrolacton (GBL) ist eine farblose, hygroskopische Fl\u00fcssigkeit, die f\u00fcr ihre Verwendung als industrielles L\u00f6sungsmittel und chemisches Zwischenprodukt bekannt ist. Es hat die Molekularformel C\u2084H\u2086O\u2082 und zeichnet sich durch einen schwachen Geruch und einen bitteren Geschmack aus. GBL ist ein Lacton, eine Art zyklischer Ester, und ist ein Vorl\u00e4ufer von Gamma-Hydroxybutters\u00e4ure (GHB). [&hellip;]<\/p>\n","protected":false},"author":2,"featured_media":0,"parent":0,"menu_order":0,"comment_status":"closed","ping_status":"closed","template":"","meta":{"footnotes":""},"class_list":["post-15705","page","type-page","status-publish","hentry"],"blocksy_meta":[],"jetpack_sharing_enabled":true,"_links":{"self":[{"href":"https:\/\/ko-tropfen-kaufen.com\/pl\/wp-json\/wp\/v2\/pages\/15705","targetHints":{"allow":["GET"]}}],"collection":[{"href":"https:\/\/ko-tropfen-kaufen.com\/pl\/wp-json\/wp\/v2\/pages"}],"about":[{"href":"https:\/\/ko-tropfen-kaufen.com\/pl\/wp-json\/wp\/v2\/types\/page"}],"author":[{"embeddable":true,"href":"https:\/\/ko-tropfen-kaufen.com\/pl\/wp-json\/wp\/v2\/users\/2"}],"replies":[{"embeddable":true,"href":"https:\/\/ko-tropfen-kaufen.com\/pl\/wp-json\/wp\/v2\/comments?post=15705"}],"version-history":[{"count":2,"href":"https:\/\/ko-tropfen-kaufen.com\/pl\/wp-json\/wp\/v2\/pages\/15705\/revisions"}],"predecessor-version":[{"id":15831,"href":"https:\/\/ko-tropfen-kaufen.com\/pl\/wp-json\/wp\/v2\/pages\/15705\/revisions\/15831"}],"wp:attachment":[{"href":"https:\/\/ko-tropfen-kaufen.com\/pl\/wp-json\/wp\/v2\/media?parent=15705"}],"curies":[{"name":"wp","href":"https:\/\/api.w.org\/{rel}","templated":true}]}}