{"id":15725,"date":"2024-11-25T21:57:31","date_gmt":"2024-11-25T20:57:31","guid":{"rendered":"https:\/\/ko-tropfen-kaufen.com\/?page_id=15725"},"modified":"2025-11-24T16:12:14","modified_gmt":"2025-11-24T15:12:14","slug":"algemene-voorwaarden","status":"publish","type":"page","link":"https:\/\/ko-tropfen-kaufen.com\/nl\/algemene-voorwaarden\/","title":{"rendered":"Algemene voorwaarden"},"content":{"rendered":"<div id=\"ez-toc-container\" class=\"ez-toc-v2_0_82_2 counter-hierarchy ez-toc-counter ez-toc-grey ez-toc-container-direction\">\n<div class=\"ez-toc-title-container\">\n<p class=\"ez-toc-title\" style=\"cursor:inherit\">Inhoudsopgave<\/p>\n<span class=\"ez-toc-title-toggle\"><a href=\"#\" class=\"ez-toc-pull-right ez-toc-btn ez-toc-btn-xs ez-toc-btn-default ez-toc-toggle\" aria-label=\"Toggle tabel met inhoud\"><span class=\"ez-toc-js-icon-con\"><span class=\"\"><span class=\"eztoc-hide\" style=\"display:none;\">Schakel<\/span><span class=\"ez-toc-icon-toggle-span\"><svg style=\"fill: #999;color:#999\" xmlns=\"http:\/\/www.w3.org\/2000\/svg\" class=\"list-377408\" width=\"20px\" height=\"20px\" viewbox=\"0 0 24 24\" fill=\"none\"><path d=\"M6 6H4v2h2V6zm14 0H8v2h12V6zM4 11h2v2H4v-2zm16 0H8v2h12v-2zM4 16h2v2H4v-2zm16 0H8v2h12v-2z\" fill=\"currentColor\"><\/path><\/svg><svg style=\"fill: #999;color:#999\" class=\"arrow-unsorted-368013\" xmlns=\"http:\/\/www.w3.org\/2000\/svg\" width=\"10px\" height=\"10px\" viewbox=\"0 0 24 24\" version=\"1.2\" baseprofile=\"tiny\"><path d=\"M18.2 9.3l-6.2-6.3-6.2 6.3c-.2.2-.3.4-.3.7s.1.5.3.7c.2.2.4.3.7.3h11c.3 0 .5-.1.7-.3.2-.2.3-.5.3-.7s-.1-.5-.3-.7zM5.8 14.7l6.2 6.3 6.2-6.3c.2-.2.3-.5.3-.7s-.1-.5-.3-.7c-.2-.2-.4-.3-.7-.3h-11c-.3 0-.5.1-.7.3-.2.2-.3.5-.3.7s.1.5.3.7z\"\/><\/svg><\/span><\/span><\/span><\/a><\/span><\/div>\n<nav><ul class='ez-toc-list ez-toc-list-level-1' ><li class='ez-toc-page-1 ez-toc-heading-level-3'><a class=\"ez-toc-link ez-toc-heading-1\" href=\"https:\/\/ko-tropfen-kaufen.com\/nl\/algemene-voorwaarden\/#Ko-Tropfen-Kaufencom\" >Kopen-co-druppels.nl<\/a><\/li><li class='ez-toc-page-1 ez-toc-heading-level-3'><a class=\"ez-toc-link ez-toc-heading-2\" href=\"https:\/\/ko-tropfen-kaufen.com\/nl\/algemene-voorwaarden\/#1_Allgemeine_Bedingungen\" >1. algemene voorwaarden<\/a><\/li><li class='ez-toc-page-1 ez-toc-heading-level-3'><a class=\"ez-toc-link ez-toc-heading-3\" href=\"https:\/\/ko-tropfen-kaufen.com\/nl\/algemene-voorwaarden\/#2_Bestellungen_und_Zahlungen\" >2. bestellingen en betalingen<\/a><\/li><li class='ez-toc-page-1 ez-toc-heading-level-3'><a class=\"ez-toc-link ez-toc-heading-4\" href=\"https:\/\/ko-tropfen-kaufen.com\/nl\/algemene-voorwaarden\/#3_Versand_und_Lieferung\" >3. verzending en levering<\/a><\/li><li class='ez-toc-page-1 ez-toc-heading-level-3'><a class=\"ez-toc-link ez-toc-heading-5\" href=\"https:\/\/ko-tropfen-kaufen.com\/nl\/algemene-voorwaarden\/#4_Ruckgabe_und_Ruckerstattung\" >4. retourzending en terugbetaling<\/a><\/li><li class='ez-toc-page-1 ez-toc-heading-level-3'><a class=\"ez-toc-link ez-toc-heading-6\" href=\"https:\/\/ko-tropfen-kaufen.com\/nl\/algemene-voorwaarden\/#5_Haftungsausschluss\" >5. disclaimer<\/a><\/li><li class='ez-toc-page-1 ez-toc-heading-level-3'><a class=\"ez-toc-link ez-toc-heading-7\" href=\"https:\/\/ko-tropfen-kaufen.com\/nl\/algemene-voorwaarden\/#6_Datenschutz\" >6. gegevensbescherming<\/a><\/li><li class='ez-toc-page-1 ez-toc-heading-level-3'><a class=\"ez-toc-link ez-toc-heading-8\" href=\"https:\/\/ko-tropfen-kaufen.com\/nl\/algemene-voorwaarden\/#7_Geistiges_Eigentum\" >7 Intellectueel eigendom<\/a><\/li><li class='ez-toc-page-1 ez-toc-heading-level-3'><a class=\"ez-toc-link ez-toc-heading-9\" href=\"https:\/\/ko-tropfen-kaufen.com\/nl\/algemene-voorwaarden\/#8_Anwendbares_Recht\" >8 Toepasselijk recht<\/a><\/li><li class='ez-toc-page-1 ez-toc-heading-level-3'><a class=\"ez-toc-link ez-toc-heading-10\" href=\"https:\/\/ko-tropfen-kaufen.com\/nl\/algemene-voorwaarden\/#9_Kontakt\" >9. contact<\/a><\/li><\/ul><\/nav><\/div>\n<h3 class=\"wp-block-heading\" id=\"h-ko-tropfen-kaufen-com\"><span class=\"ez-toc-section\" id=\"Ko-Tropfen-Kaufencom\"><\/span>Kopen-co-druppels.nl<span class=\"ez-toc-section-end\"><\/span><\/h3>\n\n\n\n<p>Welkom bij <a href=\"https:\/\/ko-tropfen-kaufen.com?v=820eb5b696ea\">Kopen-co-druppels.nl<\/a>. Door onze website te bezoeken en onze diensten te gebruiken, gaat u akkoord met de volgende Algemene Voorwaarden (AV). Lees ze aandachtig door.<\/p>\n\n\n\n<h3 class=\"wp-block-heading\" id=\"h-1-allgemeine-bedingungen\"><span class=\"ez-toc-section\" id=\"1_Allgemeine_Bedingungen\"><\/span>1. algemene voorwaarden<span class=\"ez-toc-section-end\"><\/span><\/h3>\n\n\n\n<p>1.1. <strong>Gebruik van de website:<\/strong> Door onze website te gebruiken, gaat u akkoord met deze voorwaarden en verbindt u zich ertoe alle toepasselijke wetten en reglementen na te leven.<\/p>\n\n\n\n<p>1.2. <strong>Veranderingen:<\/strong> Wij behouden ons het recht voor om deze AV te allen tijde te wijzigen. Wijzigingen worden op deze pagina gepubliceerd en treden onmiddellijk in werking. Als u de website blijft gebruiken, betekent dit dat u de gewijzigde voorwaarden accepteert.<\/p>\n\n\n\n<h3 class=\"wp-block-heading\" id=\"h-2-bestellungen-und-zahlungen\"><span class=\"ez-toc-section\" id=\"2_Bestellungen_und_Zahlungen\"><\/span>2. bestellingen en betalingen<span class=\"ez-toc-section-end\"><\/span><\/h3>\n\n\n\n<p>2.1. <strong>Bestelproces:<\/strong> Alle bestellingen op onze website zijn bindend. Je ontvangt een orderbevestiging per e-mail zodra je bestelling succesvol is geplaatst.<\/p>\n\n\n\n<p>2.2. <strong>Prijzen:<\/strong> Alle prijzen op de website zijn inclusief btw, maar exclusief verzendkosten. We behouden ons het recht voor om prijzen op elk moment te wijzigen.<\/p>\n\n\n\n<p>2.3. <strong>Betaalmethoden:<\/strong> We accepteren verschillende betalingsmethoden, die tijdens het bestelproces worden aangegeven. De betaling moet zijn voldaan voordat de bestelde producten worden verzonden.<\/p>\n\n\n\n<h3 class=\"wp-block-heading\" id=\"h-3-versand-und-lieferung\"><span class=\"ez-toc-section\" id=\"3_Versand_und_Lieferung\"><\/span>3. verzending en levering<span class=\"ez-toc-section-end\"><\/span><\/h3>\n\n\n\n<p>3.1. <strong>Verzending:<\/strong> We verzenden onze producten binnen Duitsland en internationaal. De verzendkosten en levertijden worden weergegeven tijdens het bestelproces.<\/p>\n\n\n\n<p>3.2. <strong>Levertijden:<\/strong> Levertijden kunnen vari\u00ebren, afhankelijk van de verzendbestemming. We proberen je bestelling zo snel mogelijk te verzenden. Vertragingen door onvoorziene omstandigheden vallen buiten onze controle.<\/p>\n\n\n\n<h3 class=\"wp-block-heading\" id=\"h-4-ruckgabe-und-ruckerstattung\"><span class=\"ez-toc-section\" id=\"4_Ruckgabe_und_Ruckerstattung\"><\/span>4. retourzending en terugbetaling<span class=\"ez-toc-section-end\"><\/span><\/h3>\n\n\n\n<p>4.1. <strong>Recht op terugkeer:<\/strong> Je hebt het recht om producten binnen 30 dagen na ontvangst te retourneren. De producten moeten in originele staat, ongeopend en ongebruikt worden geretourneerd.<\/p>\n\n\n\n<p>4.2. <strong>Vergoeding:<\/strong> Na ontvangst en controle van de geretourneerde producten wordt het geld binnen 5-7 werkdagen teruggestort op de oorspronkelijke betaalwijze.<\/p>\n\n\n\n<h3 class=\"wp-block-heading\" id=\"h-5-haftungsausschluss\"><span class=\"ez-toc-section\" id=\"5_Haftungsausschluss\"><\/span>5. disclaimer<span class=\"ez-toc-section-end\"><\/span><\/h3>\n\n\n\n<p>5.1. <strong>Inhoud van de website:<\/strong> Hoewel wij ernaar streven om nauwkeurige en actuele informatie te verstrekken, aanvaarden wij geen aansprakelijkheid voor de nauwkeurigheid, volledigheid of actualiteit van de inhoud op onze website.<\/p>\n\n\n\n<p>5.2. <strong>Externe links:<\/strong> Onze website kan links bevatten naar externe websites. Wij zijn niet verantwoordelijk voor de inhoud of het privacybeleid van deze websites.<\/p>\n\n\n\n<h3 class=\"wp-block-heading\" id=\"h-6-datenschutz\"><span class=\"ez-toc-section\" id=\"6_Datenschutz\"><\/span>6. gegevensbescherming<span class=\"ez-toc-section-end\"><\/span><\/h3>\n\n\n\n<p>6.1. <strong>Privacybeleid:<\/strong> Ons Privacybeleid, dat beschrijft hoe wij uw persoonlijke gegevens verzamelen, gebruiken en beschermen, maakt integraal deel uit van deze AV.<\/p>\n\n\n\n<h3 class=\"wp-block-heading\" id=\"h-7-geistiges-eigentum\"><span class=\"ez-toc-section\" id=\"7_Geistiges_Eigentum\"><\/span>7 Intellectueel eigendom<span class=\"ez-toc-section-end\"><\/span><\/h3>\n\n\n\n<p>7.1. <strong>Copyright:<\/strong> Alle inhoud op onze website, inclusief tekst, afbeeldingen en grafieken, is auteursrechtelijk beschermd. Het gebruik van deze inhoud zonder onze uitdrukkelijke schriftelijke toestemming is verboden.<\/p>\n\n\n\n<h3 class=\"wp-block-heading\" id=\"h-8-anwendbares-recht\"><span class=\"ez-toc-section\" id=\"8_Anwendbares_Recht\"><\/span>8 Toepasselijk recht<span class=\"ez-toc-section-end\"><\/span><\/h3>\n\n\n\n<p>8.1. <strong>Bevoegde rechtbank:<\/strong> Deze AV zijn onderworpen aan het Duitse recht. In geval van geschillen is de statutaire zetel van ons bedrijf de bevoegde rechtbank.<\/p>\n\n\n\n<h3 class=\"wp-block-heading\" id=\"h-9-kontakt\"><span class=\"ez-toc-section\" id=\"9_Kontakt\"><\/span>9. contact<span class=\"ez-toc-section-end\"><\/span><\/h3>\n\n\n\n<p>Als u vragen hebt over deze AV, kunt u contact met ons opnemen via <a>support@ko-tropfen-kaufen.com<\/a>. We streven er altijd naar om je problemen snel en naar tevredenheid op te lossen.<\/p>\n\n\n\n<p>Bedankt voor het winkelen bij Ko-Tropfen-Kaufen.com!<\/p>","protected":false},"excerpt":{"rendered":"<p>Ko-Tropfen-Kaufen.com Willkommen bei Ko-Tropfen-Kaufen.com. Durch den Zugriff auf unsere Website und die Nutzung unserer Dienste stimmen Sie den folgenden Allgemeinen Gesch\u00e4ftsbedingungen (AGB) zu. Bitte lesen Sie diese sorgf\u00e4ltig durch. 1. Allgemeine Bedingungen 1.1. Nutzung der Website: Durch die Nutzung unserer Website erkl\u00e4ren Sie sich mit diesen AGB einverstanden und verpflichten sich, alle geltenden Gesetze und [&hellip;]<\/p>\n","protected":false},"author":2,"featured_media":0,"parent":0,"menu_order":0,"comment_status":"closed","ping_status":"closed","template":"","meta":{"footnotes":""},"class_list":["post-15725","page","type-page","status-publish","hentry"],"blocksy_meta":[],"jetpack_sharing_enabled":true,"_links":{"self":[{"href":"https:\/\/ko-tropfen-kaufen.com\/nl\/wp-json\/wp\/v2\/pages\/15725","targetHints":{"allow":["GET"]}}],"collection":[{"href":"https:\/\/ko-tropfen-kaufen.com\/nl\/wp-json\/wp\/v2\/pages"}],"about":[{"href":"https:\/\/ko-tropfen-kaufen.com\/nl\/wp-json\/wp\/v2\/types\/page"}],"author":[{"embeddable":true,"href":"https:\/\/ko-tropfen-kaufen.com\/nl\/wp-json\/wp\/v2\/users\/2"}],"replies":[{"embeddable":true,"href":"https:\/\/ko-tropfen-kaufen.com\/nl\/wp-json\/wp\/v2\/comments?post=15725"}],"version-history":[{"count":1,"href":"https:\/\/ko-tropfen-kaufen.com\/nl\/wp-json\/wp\/v2\/pages\/15725\/revisions"}],"predecessor-version":[{"id":15726,"href":"https:\/\/ko-tropfen-kaufen.com\/nl\/wp-json\/wp\/v2\/pages\/15725\/revisions\/15726"}],"wp:attachment":[{"href":"https:\/\/ko-tropfen-kaufen.com\/nl\/wp-json\/wp\/v2\/media?parent=15725"}],"curies":[{"name":"wp","href":"https:\/\/api.w.org\/{rel}","templated":true}]}}