{"id":15715,"date":"2024-11-25T20:20:18","date_gmt":"2024-11-25T20:20:18","guid":{"rendered":"https:\/\/ko-tropfen-kaufen.com\/?page_id=15715"},"modified":"2024-11-28T18:29:42","modified_gmt":"2024-11-28T18:29:42","slug":"recht-op-teruggave","status":"publish","type":"page","link":"https:\/\/ko-tropfen-kaufen.com\/nl\/recht-op-teruggave\/","title":{"rendered":"Recht op terugkeer"},"content":{"rendered":"<div id=\"ez-toc-container\" class=\"ez-toc-v2_0_82_2 counter-hierarchy ez-toc-counter ez-toc-grey ez-toc-container-direction\">\n<div class=\"ez-toc-title-container\">\n<p class=\"ez-toc-title\" style=\"cursor:inherit\">Inhoudsopgave<\/p>\n<span class=\"ez-toc-title-toggle\"><a href=\"#\" class=\"ez-toc-pull-right ez-toc-btn ez-toc-btn-xs ez-toc-btn-default ez-toc-toggle\" aria-label=\"Toggle tabel met inhoud\"><span class=\"ez-toc-js-icon-con\"><span class=\"\"><span class=\"eztoc-hide\" style=\"display:none;\">Schakel<\/span><span class=\"ez-toc-icon-toggle-span\"><svg style=\"fill: #999;color:#999\" xmlns=\"http:\/\/www.w3.org\/2000\/svg\" class=\"list-377408\" width=\"20px\" height=\"20px\" viewbox=\"0 0 24 24\" fill=\"none\"><path d=\"M6 6H4v2h2V6zm14 0H8v2h12V6zM4 11h2v2H4v-2zm16 0H8v2h12v-2zM4 16h2v2H4v-2zm16 0H8v2h12v-2z\" fill=\"currentColor\"><\/path><\/svg><svg style=\"fill: #999;color:#999\" class=\"arrow-unsorted-368013\" xmlns=\"http:\/\/www.w3.org\/2000\/svg\" width=\"10px\" height=\"10px\" viewbox=\"0 0 24 24\" version=\"1.2\" baseprofile=\"tiny\"><path d=\"M18.2 9.3l-6.2-6.3-6.2 6.3c-.2.2-.3.4-.3.7s.1.5.3.7c.2.2.4.3.7.3h11c.3 0 .5-.1.7-.3.2-.2.3-.5.3-.7s-.1-.5-.3-.7zM5.8 14.7l6.2 6.3 6.2-6.3c.2-.2.3-.5.3-.7s-.1-.5-.3-.7c-.2-.2-.4-.3-.7-.3h-11c-.3 0-.5.1-.7.3-.2.2-.3.5-.3.7s.1.5.3.7z\"\/><\/svg><\/span><\/span><\/span><\/a><\/span><\/div>\n<nav><ul class='ez-toc-list ez-toc-list-level-1' ><li class='ez-toc-page-1 ez-toc-heading-level-2'><a class=\"ez-toc-link ez-toc-heading-1\" href=\"https:\/\/ko-tropfen-kaufen.com\/nl\/recht-op-teruggave\/#ko-tropfen-kaufencom_Ruckgaberecht\" >ko-tropfen-kaufen.com Recht op teruggave<\/a><ul class='ez-toc-list-level-3' ><li class='ez-toc-heading-level-3'><a class=\"ez-toc-link ez-toc-heading-2\" href=\"https:\/\/ko-tropfen-kaufen.com\/nl\/recht-op-teruggave\/#30-Tage-Geld-zuruck-Garantie\" >30 dagen geld-terug-garantie<\/a><\/li><li class='ez-toc-page-1 ez-toc-heading-level-3'><a class=\"ez-toc-link ez-toc-heading-3\" href=\"https:\/\/ko-tropfen-kaufen.com\/nl\/recht-op-teruggave\/#Voraussetzungen_fur_eine_Ruckerstattung\" >Vereisten voor restitutie<\/a><\/li><li class='ez-toc-page-1 ez-toc-heading-level-3'><a class=\"ez-toc-link ez-toc-heading-4\" href=\"https:\/\/ko-tropfen-kaufen.com\/nl\/recht-op-teruggave\/#Nicht_erstattungsfahige_Artikel\" >Niet-terugbetaalbare artikelen<\/a><\/li><li class='ez-toc-page-1 ez-toc-heading-level-3'><a class=\"ez-toc-link ez-toc-heading-5\" href=\"https:\/\/ko-tropfen-kaufen.com\/nl\/recht-op-teruggave\/#So_beantragen_Sie_eine_Ruckerstattung\" >Terugbetaling aanvragen<\/a><\/li><li class='ez-toc-page-1 ez-toc-heading-level-3'><a class=\"ez-toc-link ez-toc-heading-6\" href=\"https:\/\/ko-tropfen-kaufen.com\/nl\/recht-op-teruggave\/#Bearbeitung_Ihrer_Ruckerstattung\" >Je terugbetaling verwerken<\/a><\/li><li class='ez-toc-page-1 ez-toc-heading-level-3'><a class=\"ez-toc-link ez-toc-heading-7\" href=\"https:\/\/ko-tropfen-kaufen.com\/nl\/recht-op-teruggave\/#Kontaktieren_Sie_uns\" >Neem contact met ons op<\/a><\/li><\/ul><\/li><\/ul><\/nav><\/div>\n<h2 class=\"wp-block-heading\" id=\"h-ko-tropfen-kaufen-com-ruckgaberecht\"><span class=\"ez-toc-section\" id=\"ko-tropfen-kaufencom_Ruckgaberecht\"><\/span>ko-tropfen-kaufen.com Recht op teruggave<span class=\"ez-toc-section-end\"><\/span><\/h2>\n\n\n\n<p>Met <a href=\"https:\/\/ko-tropfen-kaufen.com?v=820eb5b696ea\">Kopen-co-druppels.nl<\/a> We doen er alles aan om ervoor te zorgen dat onze klanten volledig tevreden zijn met hun aankopen. Als je om wat voor reden dan ook niet helemaal tevreden bent met je bestelling, zal ons retourbeleid je helpen.<\/p>\n\n\n\n<h3 class=\"wp-block-heading\" id=\"h-30-tage-geld-zuruck-garantie\"><span class=\"ez-toc-section\" id=\"30-Tage-Geld-zuruck-Garantie\"><\/span>30 dagen geld-terug-garantie<span class=\"ez-toc-section-end\"><\/span><\/h3>\n\n\n\n<p>We bieden een 30 dagen geld-terug garantie op al onze producten. Als je niet tevreden bent met je aankoop, kun je binnen 30 dagen na aankoopdatum je geld terugvragen.<\/p>\n\n\n\n<h3 class=\"wp-block-heading\" id=\"h-voraussetzungen-fur-eine-ruckerstattung\"><span class=\"ez-toc-section\" id=\"Voraussetzungen_fur_eine_Ruckerstattung\"><\/span>Vereisten voor restitutie<span class=\"ez-toc-section-end\"><\/span><\/h3>\n\n\n\n<p>Om in aanmerking te komen voor restitutie, moet aan de volgende voorwaarden worden voldaan:<\/p>\n\n\n\n<ul class=\"wp-block-list\">\n<li>Het product moet in de oorspronkelijke staat, ongeopend en ongebruikt worden geretourneerd.<\/li>\n\n\n\n<li>Er moet een bewijs van aankoop (bestelnummer, ontvangstbewijs of bevestigingsmail) worden overlegd.<\/li>\n\n\n\n<li>Het restitutieverzoek moet binnen 30 dagen na de aankoopdatum worden ingediend.<\/li>\n<\/ul>\n\n\n\n<h3 class=\"wp-block-heading\" id=\"h-nicht-erstattungsfahige-artikel\"><span class=\"ez-toc-section\" id=\"Nicht_erstattungsfahige_Artikel\"><\/span>Niet-terugbetaalbare artikelen<span class=\"ez-toc-section-end\"><\/span><\/h3>\n\n\n\n<p>Bepaalde items worden niet gerestitueerd, waaronder:<\/p>\n\n\n\n<ul class=\"wp-block-list\">\n<li>Producten die geopend of gebruikt zijn.<\/li>\n\n\n\n<li>Artikelen die in een uitverkoop of speciale aanbieding zijn gekocht.<\/li>\n<\/ul>\n\n\n\n<h3 class=\"wp-block-heading\" id=\"h-so-beantragen-sie-eine-ruckerstattung\"><span class=\"ez-toc-section\" id=\"So_beantragen_Sie_eine_Ruckerstattung\"><\/span>Terugbetaling aanvragen<span class=\"ez-toc-section-end\"><\/span><\/h3>\n\n\n\n<ol class=\"wp-block-list\">\n<li><strong>Neem contact met ons op:<\/strong> Stuur een e-mail naar onze klantenservice op support@ko-tropfen-kaufen.com met je bestelgegevens en de reden voor de terugbetaling.<\/li>\n\n\n\n<li><strong>Toestemming voor retourneren:<\/strong> Ons team stuurt je een retourautorisatie en instructies voor het retourneren van het product.<\/li>\n\n\n\n<li><strong>Artikel verzenden:<\/strong> Stuur het artikel in de originele verpakking naar ons terug, samen met de retourautorisatie.<\/li>\n<\/ol>\n\n\n\n<h3 class=\"wp-block-heading\" id=\"h-bearbeitung-ihrer-ruckerstattung\"><span class=\"ez-toc-section\" id=\"Bearbeitung_Ihrer_Ruckerstattung\"><\/span>Je terugbetaling verwerken<span class=\"ez-toc-section-end\"><\/span><\/h3>\n\n\n\n<p>Zodra we het geretourneerde product hebben ontvangen en gecontroleerd, brengen we je hiervan per e-mail op de hoogte. Als je restitutie is goedgekeurd, wordt deze binnen 5-7 werkdagen verwerkt en teruggestort op je oorspronkelijke betaalmethode.<\/p>\n\n\n\n<h3 class=\"wp-block-heading\" id=\"h-kontaktieren-sie-uns\"><span class=\"ez-toc-section\" id=\"Kontaktieren_Sie_uns\"><\/span>Neem contact met ons op<span class=\"ez-toc-section-end\"><\/span><\/h3>\n\n\n\n<p>Als je vragen hebt over ons retourbeleid, kun je contact opnemen met onze klantenservice op support@ko-tropfen-kaufen.com. We zijn er om je te helpen en ervoor te zorgen dat je winkelervaring naar wens is.<\/p>\n\n\n\n<p>Bedankt voor het winkelen bij Ko-Tropfen-Kaufen.com!<\/p>","protected":false},"excerpt":{"rendered":"<p>ko-tropfen-kaufen.com R\u00fcckgaberecht Bei Ko-Tropfen-Kaufen.com bem\u00fchen wir uns, sicherzustellen, dass unsere Kunden vollst\u00e4ndig zufrieden mit ihren Eink\u00e4ufen sind. Wenn Sie aus irgendeinem Grund nicht ganz zufrieden mit Ihrer Bestellung sind, hilft Ihnen unser R\u00fcckgaberecht weiter. 30-Tage-Geld-zur\u00fcck-Garantie Wir bieten eine 30-Tage-Geld-zur\u00fcck-Garantie auf alle unsere Produkte. Wenn Sie mit Ihrem Kauf nicht zufrieden sind, k\u00f6nnen Sie innerhalb von [&hellip;]<\/p>\n","protected":false},"author":2,"featured_media":0,"parent":0,"menu_order":0,"comment_status":"closed","ping_status":"closed","template":"","meta":{"footnotes":""},"class_list":["post-15715","page","type-page","status-publish","hentry"],"blocksy_meta":[],"jetpack_sharing_enabled":true,"_links":{"self":[{"href":"https:\/\/ko-tropfen-kaufen.com\/nl\/wp-json\/wp\/v2\/pages\/15715","targetHints":{"allow":["GET"]}}],"collection":[{"href":"https:\/\/ko-tropfen-kaufen.com\/nl\/wp-json\/wp\/v2\/pages"}],"about":[{"href":"https:\/\/ko-tropfen-kaufen.com\/nl\/wp-json\/wp\/v2\/types\/page"}],"author":[{"embeddable":true,"href":"https:\/\/ko-tropfen-kaufen.com\/nl\/wp-json\/wp\/v2\/users\/2"}],"replies":[{"embeddable":true,"href":"https:\/\/ko-tropfen-kaufen.com\/nl\/wp-json\/wp\/v2\/comments?post=15715"}],"version-history":[{"count":1,"href":"https:\/\/ko-tropfen-kaufen.com\/nl\/wp-json\/wp\/v2\/pages\/15715\/revisions"}],"predecessor-version":[{"id":15716,"href":"https:\/\/ko-tropfen-kaufen.com\/nl\/wp-json\/wp\/v2\/pages\/15715\/revisions\/15716"}],"wp:attachment":[{"href":"https:\/\/ko-tropfen-kaufen.com\/nl\/wp-json\/wp\/v2\/media?parent=15715"}],"curies":[{"name":"wp","href":"https:\/\/api.w.org\/{rel}","templated":true}]}}