{"id":15705,"date":"2024-11-25T20:57:41","date_gmt":"2024-11-25T19:57:41","guid":{"rendered":"https:\/\/ko-tropfen-kaufen.com\/?page_id=15705"},"modified":"2025-11-05T08:36:16","modified_gmt":"2025-11-05T07:36:16","slug":"wat-is-gbl","status":"publish","type":"page","link":"https:\/\/ko-tropfen-kaufen.com\/nl\/wat-is-gbl\/","title":{"rendered":"Wat is GBL"},"content":{"rendered":"<p>Wat is GBL - Gamma-butyrolacton (GBL) is een kleurloze, hygroscopische vloeistof die bekend staat om zijn gebruik als industrieel oplosmiddel en chemisch tussenproduct.<\/p>\n\n\n\n<p>Het heeft de molecuulformule C\u2084H\u2086O\u2082 en wordt gekenmerkt door een zwakke geur en een bittere smaak. GBL is een lacton, een soort cyclische ester, en is een voorloper van gamma-hydroxyboterzuur (GHB).<\/p>\n\n\n\n<blockquote class=\"wp-block-quote is-layout-flow wp-block-quote-is-layout-flow\">\n<p>Andere namen van GBL: liquid ecstasys, blue nitro, blue nitro vitality, ghb droge, g droge, gbl dosieren, renewtrient, fire water, gamma-g, gh revitaliser, remforce.<\/p>\n<\/blockquote>\n\n\n\n<div id=\"ez-toc-container\" class=\"ez-toc-v2_0_82_2 counter-hierarchy ez-toc-counter ez-toc-grey ez-toc-container-direction\">\n<div class=\"ez-toc-title-container\">\n<p class=\"ez-toc-title\" style=\"cursor:inherit\">Inhoudsopgave<\/p>\n<span class=\"ez-toc-title-toggle\"><a href=\"#\" class=\"ez-toc-pull-right ez-toc-btn ez-toc-btn-xs ez-toc-btn-default ez-toc-toggle\" aria-label=\"Toggle tabel met inhoud\"><span class=\"ez-toc-js-icon-con\"><span class=\"\"><span class=\"eztoc-hide\" style=\"display:none;\">Schakel<\/span><span class=\"ez-toc-icon-toggle-span\"><svg style=\"fill: #999;color:#999\" xmlns=\"http:\/\/www.w3.org\/2000\/svg\" class=\"list-377408\" width=\"20px\" height=\"20px\" viewbox=\"0 0 24 24\" fill=\"none\"><path d=\"M6 6H4v2h2V6zm14 0H8v2h12V6zM4 11h2v2H4v-2zm16 0H8v2h12v-2zM4 16h2v2H4v-2zm16 0H8v2h12v-2z\" fill=\"currentColor\"><\/path><\/svg><svg style=\"fill: #999;color:#999\" class=\"arrow-unsorted-368013\" xmlns=\"http:\/\/www.w3.org\/2000\/svg\" width=\"10px\" height=\"10px\" viewbox=\"0 0 24 24\" version=\"1.2\" baseprofile=\"tiny\"><path d=\"M18.2 9.3l-6.2-6.3-6.2 6.3c-.2.2-.3.4-.3.7s.1.5.3.7c.2.2.4.3.7.3h11c.3 0 .5-.1.7-.3.2-.2.3-.5.3-.7s-.1-.5-.3-.7zM5.8 14.7l6.2 6.3 6.2-6.3c.2-.2.3-.5.3-.7s-.1-.5-.3-.7c-.2-.2-.4-.3-.7-.3h-11c-.3 0-.5.1-.7.3-.2.2-.3.5-.3.7s.1.5.3.7z\"\/><\/svg><\/span><\/span><\/span><\/a><\/span><\/div>\n<nav><ul class='ez-toc-list ez-toc-list-level-1' ><li class='ez-toc-page-1 ez-toc-heading-level-2'><a class=\"ez-toc-link ez-toc-heading-1\" href=\"https:\/\/ko-tropfen-kaufen.com\/nl\/wat-is-gbl\/#Chemische_Eigenschaften_und_industrielle_Verwendung_von_Gamma-Butyrolacton\" >Chemische eigenschappen en industrieel gebruik van gamma-butyrolacton<\/a><\/li><li class='ez-toc-page-1 ez-toc-heading-level-2'><a class=\"ez-toc-link ez-toc-heading-2\" href=\"https:\/\/ko-tropfen-kaufen.com\/nl\/wat-is-gbl\/#Andere_Verwendungen_von_GBL\" >Andere toepassingen van GBL<\/a><\/li><li class='ez-toc-page-1 ez-toc-heading-level-2'><a class=\"ez-toc-link ez-toc-heading-3\" href=\"https:\/\/ko-tropfen-kaufen.com\/nl\/wat-is-gbl\/#Chemische_Reaktionen_von_GBL\" >Chemische reacties van GBL<\/a><\/li><li class='ez-toc-page-1 ez-toc-heading-level-2'><a class=\"ez-toc-link ez-toc-heading-4\" href=\"https:\/\/ko-tropfen-kaufen.com\/nl\/wat-is-gbl\/#Regulierung_und_Rechtsstatus\" >Regelgeving en wettelijke status<\/a><\/li><li class='ez-toc-page-1 ez-toc-heading-level-2'><a class=\"ez-toc-link ez-toc-heading-5\" href=\"https:\/\/ko-tropfen-kaufen.com\/nl\/wat-is-gbl\/#Gesundheitliche_Auswirkungen_und_Risiken\" >Gezondheidseffecten en risico's<\/a><\/li><li class='ez-toc-page-1 ez-toc-heading-level-2'><a class=\"ez-toc-link ez-toc-heading-6\" href=\"https:\/\/ko-tropfen-kaufen.com\/nl\/wat-is-gbl\/#Wo_kann_man_GBL_kaufen\" >Waar kun je GBL kopen?<\/a><\/li><\/ul><\/nav><\/div>\n<h2 class=\"wp-block-heading\" id=\"h-chemische-eigenschaften-und-industrielle-verwendung-von-gamma-butyrolacton\"><span class=\"ez-toc-section\" id=\"Chemische_Eigenschaften_und_industrielle_Verwendung_von_Gamma-Butyrolacton\"><\/span>Chemische eigenschappen en industrieel gebruik van gamma-butyrolacton<span class=\"ez-toc-section-end\"><\/span><\/h2>\n\n\n\n<p>GBL wordt industrieel geproduceerd door dehydrogenering van 1,4-butaandiol in aanwezigheid van een koperkatalysator b\u0133 temperaturen tussen 180-300 \u00b0C.<\/p>\n\n\n\n<p>De opbrengst van dit proces is ongeveer 95 %, met zuivering door middel van vloeibare gasfase-extractie. GBL kan ook in het laboratorium worden gesynthetiseerd door oxidatie van tetrahydrofuraan (THF) of door een lipasegekatalyseerde reactie met 4-hydroxybutyraat (4-HB).<\/p>\n\n\n\n<p>GBL wordt ook gebruikt als tussenproduct bij de productie van andere chemicali\u00ebn zoals N-methyl-2-pyrrolidon (NMP) en pyrrolidon en bij de synthese van bepaalde geneesmiddelen.<\/p>\n\n\n\n<h2 class=\"wp-block-heading\" id=\"h-andere-verwendungen-von-gbl\"><span class=\"ez-toc-section\" id=\"Andere_Verwendungen_von_GBL\"><\/span>Andere toepassingen van GBL<span class=\"ez-toc-section-end\"><\/span><\/h2>\n\n\n\n<ul class=\"wp-block-list\">\n<li>Kleur verdunner<\/li>\n\n\n\n<li>Reinigingsmiddelen<\/li>\n\n\n\n<li>Superlijmverwijderaar<\/li>\n\n\n\n<li>Elektrolytische condensatoren<\/li>\n<\/ul>\n\n\n\n<h2 class=\"wp-block-heading\" id=\"h-chemische-reaktionen-von-gbl\"><span class=\"ez-toc-section\" id=\"Chemische_Reaktionen_von_GBL\"><\/span>Chemische reacties van GBL<span class=\"ez-toc-section-end\"><\/span><\/h2>\n\n\n\n<p>De chemische structuur van GBL maakt hydrolyse tot gamma-hydroxyboterzuur (GHB) mogelijk onder basische omstandigheden. Deze eigenschap heeft ertoe geleid dat GBL wordt gebruikt om GHB te produceren, dat zowel een therapeutisch middel als een misbruikstof is. Het omzettingsproces is eenvoudig, waardoor GBL een belangrijke precursor is voor de synthese van GHB.<\/p>\n\n\n\n<figure class=\"wp-block-image size-full\"><img data-recalc-dims=\"1\" fetchpriority=\"high\" decoding=\"async\" width=\"1024\" height=\"379\" src=\"https:\/\/i0.wp.com\/ko-tropfen-kaufen.com\/wp-content\/uploads\/2024\/11\/Gbl-Produktionsprozess-1024x379-1.png?resize=1024%2C379&#038;ssl=1\" alt=\"\" class=\"wp-image-15708\" srcset=\"https:\/\/i0.wp.com\/ko-tropfen-kaufen.com\/wp-content\/uploads\/2024\/11\/Gbl-Produktionsprozess-1024x379-1.png?w=1024&amp;ssl=1 1024w, https:\/\/i0.wp.com\/ko-tropfen-kaufen.com\/wp-content\/uploads\/2024\/11\/Gbl-Produktionsprozess-1024x379-1.png?resize=430%2C159&amp;ssl=1 430w, https:\/\/i0.wp.com\/ko-tropfen-kaufen.com\/wp-content\/uploads\/2024\/11\/Gbl-Produktionsprozess-1024x379-1.png?resize=700%2C259&amp;ssl=1 700w, https:\/\/i0.wp.com\/ko-tropfen-kaufen.com\/wp-content\/uploads\/2024\/11\/Gbl-Produktionsprozess-1024x379-1.png?resize=400%2C148&amp;ssl=1 400w, https:\/\/i0.wp.com\/ko-tropfen-kaufen.com\/wp-content\/uploads\/2024\/11\/Gbl-Produktionsprozess-1024x379-1.png?resize=768%2C284&amp;ssl=1 768w\" sizes=\"(max-width: 1024px) 100vw, 1024px\" \/><\/figure>\n\n\n\n<h2 class=\"wp-block-heading\" id=\"h-regulierung-und-rechtsstatus\"><span class=\"ez-toc-section\" id=\"Regulierung_und_Rechtsstatus\"><\/span>Regelgeving en wettelijke status<span class=\"ez-toc-section-end\"><\/span><\/h2>\n\n\n\n<p>GBL is in veel landen bij wet geregeld, omdat het als recreatieve drug misbruikt kan worden door het in het lichaam om te zetten in GHB. GHB staat bekend om zijn kalmerende en euforische effecten, waardoor het wordt geassocieerd met illegaal gebruik en veiligheidsproblemen. Als gevolg daarvan wordt GBL vaak gecontroleerd onder de wetgeving voor drugsprecursoren en kan de verkoop en het bezit ervan aan banden worden gelegd.<\/p>\n\n\n\n<h2 class=\"wp-block-heading\" id=\"h-gesundheitliche-auswirkungen-und-risiken\"><span class=\"ez-toc-section\" id=\"Gesundheitliche_Auswirkungen_und_Risiken\"><\/span>Gezondheidseffecten en risico's<span class=\"ez-toc-section-end\"><\/span><\/h2>\n\n\n\n<p>Het innemen van GBL kan een aantal bijwerkingen veroorzaken, waaronder misselijkheid, hoofdpijn, wazig zien, snelle hartslag en verhoogde bloeddruk. Langdurig misbruik kan leiden tot ernstige geestelijke en lichamelijke gezondheidsproblemen zoals depressie, angst en zelfs psychose. Het is daarom van cruciaal belang om GBL op verantwoorde wijze en in overeenstemming met de relevante wettelijke en veiligheidsrichtlijnen te consumeren.<\/p>\n\n\n\n<figure class=\"wp-block-image size-full is-resized\"><img data-recalc-dims=\"1\" decoding=\"async\" width=\"1024\" height=\"585\" src=\"https:\/\/i0.wp.com\/ko-tropfen-kaufen.com\/wp-content\/uploads\/2024\/11\/GBL-pharmacie-1024x585-1.jpg?resize=1024%2C585&#038;ssl=1\" alt=\"\" class=\"wp-image-15709\" style=\"width:1192px;height:auto\" srcset=\"https:\/\/i0.wp.com\/ko-tropfen-kaufen.com\/wp-content\/uploads\/2024\/11\/GBL-pharmacie-1024x585-1.jpg?w=1024&amp;ssl=1 1024w, https:\/\/i0.wp.com\/ko-tropfen-kaufen.com\/wp-content\/uploads\/2024\/11\/GBL-pharmacie-1024x585-1.jpg?resize=430%2C246&amp;ssl=1 430w, https:\/\/i0.wp.com\/ko-tropfen-kaufen.com\/wp-content\/uploads\/2024\/11\/GBL-pharmacie-1024x585-1.jpg?resize=700%2C400&amp;ssl=1 700w, https:\/\/i0.wp.com\/ko-tropfen-kaufen.com\/wp-content\/uploads\/2024\/11\/GBL-pharmacie-1024x585-1.jpg?resize=400%2C229&amp;ssl=1 400w, https:\/\/i0.wp.com\/ko-tropfen-kaufen.com\/wp-content\/uploads\/2024\/11\/GBL-pharmacie-1024x585-1.jpg?resize=768%2C439&amp;ssl=1 768w\" sizes=\"(max-width: 1024px) 100vw, 1024px\" \/><\/figure>\n\n\n\n<h2 class=\"wp-block-heading\" id=\"h-wo-kann-man-gbl-kaufen\"><span class=\"ez-toc-section\" id=\"Wo_kann_man_GBL_kaufen\"><\/span>Waar kun je GBL kopen?<span class=\"ez-toc-section-end\"><\/span><\/h2>\n\n\n\n<p>Als je GBL nodig hebt voor legitieme industri\u00eble doeleinden, kun je het kopen bij verschillende leveranciers. Betrouwbare bronnen zijn onder andere gespecialiseerde leveranciers van chemicali\u00ebn en industri\u00eble leveranciers. Zorg er bij het kopen van GBL altijd voor dat je de plaatselijke voorschriften naleeft. Door onderzoek te doen naar leveranciers en reviews te lezen, kun je ervoor zorgen dat je GBL van hoge kwaliteit krijgt voor jouw behoeften.<\/p>\n\n\n\n<ul class=\"wp-block-list\">\n<li><strong>GBL Schoonmaakwinkel<\/strong>Deze shop biedt een verscheidenheid aan GBL-producten die voornamelijk op de markt worden gebracht voor industri\u00eble reinigingsdoeleinden, zoals het reinigen van wielen en het gebruik van oplosmiddelen. Het bedrijf legt veel nadruk op de kwaliteit en zuiverheid van zijn GBL-producten en geeft gedetailleerde gebruiksaanwijzingen (GBL Clean Shop).<\/li>\n\n\n\n<li><strong>GBL Winkel<\/strong>Deze winkel staat bekend om zijn uitgebreide assortiment GBL-producten en biedt opties voor verschillende hoeveelheden, waaronder 500 ml, 1 liter, 2 liter, 5 liter en meer. Het garandeert veilige en discrete transacties en biedt concurrerende prijzen (<a href=\"https:\/\/ko-tropfen-kaufen.com\/serioser-gbl-shop\">GBL Winkel<\/a>).<\/li>\n\n\n\n<li><strong>GBL Scheikundelab<\/strong>GBL wordt in verschillende hoeveelheden verkocht op deze website en er wordt geadverteerd met het gebruik ervan voor industri\u00eble reiniging en als chemisch tussenproduct. Ze benadrukken hun veilige bestelproces en snelle verzendopties (GBL Chem Lab).<\/li>\n<\/ul>\n\n\n\n<p>Meer gedetailleerde informatie is te vinden in bronnen zoals Wikipedia en FineChemical.net (<a href=\"https:\/\/de.wikipedia.org\/wiki\/\u0393-Butyrolacton\" target=\"_blank\" rel=\"noopener\">Wikipedia<\/a>) (Anbu Chem).<\/p>\n\n\n\n<p>Samengevat wordt de geschiedenis van GBL gekenmerkt door zijn tweeledige rol als waardevol industrieel oplosmiddel en gecontroleerde precursor van GHB.<\/p>","protected":false},"excerpt":{"rendered":"<p>Was ist GBL &#8211; Gamma-Butyrolacton (GBL) ist eine farblose, hygroskopische Fl\u00fcssigkeit, die f\u00fcr ihre Verwendung als industrielles L\u00f6sungsmittel und chemisches Zwischenprodukt bekannt ist. Es hat die Molekularformel C\u2084H\u2086O\u2082 und zeichnet sich durch einen schwachen Geruch und einen bitteren Geschmack aus. GBL ist ein Lacton, eine Art zyklischer Ester, und ist ein Vorl\u00e4ufer von Gamma-Hydroxybutters\u00e4ure (GHB). [&hellip;]<\/p>\n","protected":false},"author":2,"featured_media":0,"parent":0,"menu_order":0,"comment_status":"closed","ping_status":"closed","template":"","meta":{"footnotes":""},"class_list":["post-15705","page","type-page","status-publish","hentry"],"blocksy_meta":[],"jetpack_sharing_enabled":true,"_links":{"self":[{"href":"https:\/\/ko-tropfen-kaufen.com\/nl\/wp-json\/wp\/v2\/pages\/15705","targetHints":{"allow":["GET"]}}],"collection":[{"href":"https:\/\/ko-tropfen-kaufen.com\/nl\/wp-json\/wp\/v2\/pages"}],"about":[{"href":"https:\/\/ko-tropfen-kaufen.com\/nl\/wp-json\/wp\/v2\/types\/page"}],"author":[{"embeddable":true,"href":"https:\/\/ko-tropfen-kaufen.com\/nl\/wp-json\/wp\/v2\/users\/2"}],"replies":[{"embeddable":true,"href":"https:\/\/ko-tropfen-kaufen.com\/nl\/wp-json\/wp\/v2\/comments?post=15705"}],"version-history":[{"count":2,"href":"https:\/\/ko-tropfen-kaufen.com\/nl\/wp-json\/wp\/v2\/pages\/15705\/revisions"}],"predecessor-version":[{"id":15831,"href":"https:\/\/ko-tropfen-kaufen.com\/nl\/wp-json\/wp\/v2\/pages\/15705\/revisions\/15831"}],"wp:attachment":[{"href":"https:\/\/ko-tropfen-kaufen.com\/nl\/wp-json\/wp\/v2\/media?parent=15705"}],"curies":[{"name":"wp","href":"https:\/\/api.w.org\/{rel}","templated":true}]}}