{"id":15965,"date":"2025-08-13T20:06:48","date_gmt":"2025-08-13T20:06:48","guid":{"rendered":"https:\/\/ko-tropfen-kaufen.com\/?post_type=product&#038;p=15965"},"modified":"2025-11-16T14:24:14","modified_gmt":"2025-11-16T13:24:14","slug":"natriumoksybat","status":"publish","type":"product","link":"https:\/\/ko-tropfen-kaufen.com\/nb\/product\/natriumoksybat\/","title":{"rendered":"Natriumoksybat Ethypharm 500 mg\/ml"},"content":{"rendered":"<h2 data-start=\"213\" data-end=\"315\">Kj\u00f8p natriumoksybat Ethypharm 500 mg\/ml oppl\u00f8sning - R\u00e5stoff av h\u00f8y kvalitet til forskning og industri<\/h2>\n<p data-start=\"317\" data-end=\"694\"><strong data-start=\"317\" data-end=\"361\">Natriumoksybat Ethypharm 500 mg\/ml oppl\u00f8sning<\/strong> (ogs\u00e5 kjent under det internasjonale merkenavnet natriumoksybat og handelsnavnet <em data-start=\"448\" data-end=\"455\">Xyrem<\/em>) er natriumsaltet av gammahydroksysm\u00f8rsyre (<a href=\"https:\/\/ko-tropfen-kaufen.com\/product\/ghb-kaufen\/\">GHB<\/a>).<br data-start=\"512\" data-end=\"515\" \/>Innen forskning og industri brukes det hovedsakelig til farmakologiske studier, nevrokjemiske analyser og til utvikling og validering av nye formuleringer.<\/p>\n<p data-start=\"696\" data-end=\"929\">I Tyskland <strong data-start=\"722\" data-end=\"749\">Natriumoksybat Ethypharm<\/strong> strenge juridiske bestemmelser i henhold til <strong data-start=\"792\" data-end=\"825\">Lov om narkotika (BtMG)<\/strong> og kan bare brukes til godkjente vitenskapelige eller industrielle form\u00e5l.<\/p>\n<h3 data-start=\"936\" data-end=\"977\">Hvorfor velge natriumoksybat Ethypharm?<\/h3>\n<ul data-start=\"978\" data-end=\"1391\">\n<li data-start=\"978\" data-end=\"1074\">\n<p data-start=\"980\" data-end=\"1074\"><strong data-start=\"980\" data-end=\"1013\">Presise forskningsapplikasjoner<\/strong> - ideell for farmakologiske og nevrobiologiske studier.<\/p>\n<\/li>\n<li data-start=\"1075\" data-end=\"1183\">\n<p data-start=\"1077\" data-end=\"1183\"><strong data-start=\"1077\" data-end=\"1121\">H\u00f8y renhet og definert konsentrasjon<\/strong> - 500 mg\/ml garanterer reproduserbare testresultater.<\/p>\n<\/li>\n<li data-start=\"1184\" data-end=\"1281\">\n<p data-start=\"1186\" data-end=\"1281\"><strong data-start=\"1186\" data-end=\"1209\">Industrikompatibel<\/strong> - Egnet for prosessoptimalisering, kvalitetskontroll og analyse.<\/p>\n<\/li>\n<li data-start=\"1282\" data-end=\"1391\">\n<p data-start=\"1284\" data-end=\"1391\"><strong data-start=\"1284\" data-end=\"1312\">Fullstendig dokumentasjon<\/strong> - Leveres med COA (Certificate of Analysis) og SDS (sikkerhetsdatablad).<\/p>\n<\/li>\n<\/ul>\n<h3 data-start=\"1398\" data-end=\"1464\">Hva skal jeg se etter n\u00e5r jeg kj\u00f8per natriumoksybat Ethypharm 500 mg\/ml?<\/h3>\n<ol data-start=\"1465\" data-end=\"2035\">\n<li data-start=\"1465\" data-end=\"1615\">\n<p data-start=\"1468\" data-end=\"1500\"><strong data-start=\"1468\" data-end=\"1498\">Renhet og konsentrasjon<\/strong><\/p>\n<ul data-start=\"1504\" data-end=\"1615\">\n<li data-start=\"1504\" data-end=\"1615\">\n<p data-start=\"1506\" data-end=\"1615\">Farmas\u00f8ytisk kvalitet, definert som 500 mg\/ml; for vitenskapelig arbeid kreves en renhet p\u00e5 \u2265 99 %.<\/p>\n<\/li>\n<\/ul>\n<\/li>\n<li data-start=\"1616\" data-end=\"1751\">\n<p data-start=\"1619\" data-end=\"1636\"><strong data-start=\"1619\" data-end=\"1634\">Sertifikater<\/strong><\/p>\n<ul data-start=\"1640\" data-end=\"1751\">\n<li data-start=\"1640\" data-end=\"1690\">\n<p data-start=\"1642\" data-end=\"1690\"><strong data-start=\"1642\" data-end=\"1649\">COA<\/strong> for \u00e5 bekrefte den kjemiske analysen<\/p>\n<\/li>\n<li data-start=\"1694\" data-end=\"1751\">\n<p data-start=\"1696\" data-end=\"1751\"><strong data-start=\"1696\" data-end=\"1703\">SDS<\/strong> med all sikkerhetsrelevant informasjon<\/p>\n<\/li>\n<\/ul>\n<\/li>\n<li data-start=\"1752\" data-end=\"1906\">\n<p data-start=\"1755\" data-end=\"1789\"><strong data-start=\"1755\" data-end=\"1787\">Betrodd leverand\u00f8r<\/strong><\/p>\n<ul data-start=\"1793\" data-end=\"1906\">\n<li data-start=\"1793\" data-end=\"1850\">\n<p data-start=\"1795\" data-end=\"1850\">Dokumentert erfaring med kontrollerte stoffer<\/p>\n<\/li>\n<li data-start=\"1854\" data-end=\"1906\">\n<p data-start=\"1856\" data-end=\"1906\">Overholdelse av tyske og EU-rettslige krav<\/p>\n<\/li>\n<\/ul>\n<\/li>\n<li data-start=\"1907\" data-end=\"2035\">\n<p data-start=\"1910\" data-end=\"1936\"><strong data-start=\"1910\" data-end=\"1934\">Emballasje og frakt<\/strong><\/p>\n<ul data-start=\"1940\" data-end=\"2035\">\n<li data-start=\"1940\" data-end=\"1982\">\n<p data-start=\"1942\" data-end=\"1982\">Kjemikaliebestandige, forseglede flasker<\/p>\n<\/li>\n<li data-start=\"1986\" data-end=\"2035\">\n<p data-start=\"1988\" data-end=\"2035\">Temperaturkontrollert ADR-frakt av farlig gods<\/p>\n<\/li>\n<\/ul>\n<\/li>\n<\/ol>\n<h3 data-start=\"2042\" data-end=\"2079\">Tekniske data<\/h3>\n<ul data-start=\"2080\" data-end=\"2469\">\n<li data-start=\"2080\" data-end=\"2141\">\n<p data-start=\"2082\" data-end=\"2141\"><strong data-start=\"2082\" data-end=\"2098\">Handelsnavn:<\/strong> Natriumoksybat Ethypharm 500 mg\/ml oppl\u00f8sning<\/p>\n<\/li>\n<li data-start=\"2142\" data-end=\"2198\">\n<p data-start=\"2144\" data-end=\"2198\"><strong data-start=\"2144\" data-end=\"2170\">Kjemisk navn:<\/strong> Natrium-4-hydroksybutanoat<\/p>\n<\/li>\n<li data-start=\"2199\" data-end=\"2229\">\n<p data-start=\"2201\" data-end=\"2229\"><strong data-start=\"2201\" data-end=\"2218\">Sumformel:<\/strong> <a href=\"https:\/\/pubchem.ncbi.nlm.nih.gov\/compound\/49849725\" target=\"_blank\" rel=\"noopener\">C\u2084H\u2087NaO\u2083<\/a><\/p>\n<\/li>\n<li data-start=\"2230\" data-end=\"2264\">\n<p data-start=\"2232\" data-end=\"2264\"><strong data-start=\"2232\" data-end=\"2249\">Molarmasse:<\/strong> 126,09 g\/mol<\/p>\n<\/li>\n<li data-start=\"2265\" data-end=\"2330\">\n<p data-start=\"2267\" data-end=\"2330\"><strong data-start=\"2267\" data-end=\"2288\">Doseringsform:<\/strong> Klar, fargel\u00f8s v\u00e6ske (500 mg\/ml)<\/p>\n<\/li>\n<li data-start=\"2331\" data-end=\"2370\">\n<p data-start=\"2333\" data-end=\"2370\"><strong data-start=\"2333\" data-end=\"2349\">L\u00f8selighet:<\/strong> Veldig bra i vann<\/p>\n<\/li>\n<li data-start=\"2371\" data-end=\"2409\">\n<p data-start=\"2373\" data-end=\"2409\"><strong data-start=\"2373\" data-end=\"2399\">pH-verdi (10 %-l\u00f8sning):<\/strong> ca. 7-8<\/p>\n<\/li>\n<li data-start=\"2410\" data-end=\"2469\">\n<p data-start=\"2412\" data-end=\"2469\"><strong data-start=\"2412\" data-end=\"2435\">Emballasjeenhet:<\/strong> 180 ml flaske = 90 g aktiv ingrediens<\/p>\n<\/li>\n<\/ul>\n<h3 data-start=\"2476\" data-end=\"2501\">Lagring og sikkerhet<\/h3>\n<ul data-start=\"2502\" data-end=\"2759\">\n<li data-start=\"2502\" data-end=\"2565\">\n<p data-start=\"2504\" data-end=\"2565\"><strong data-start=\"2504\" data-end=\"2517\">Lagring:<\/strong> Kj\u00f8lig, t\u00f8rr og godt forseglet ved 2-8 \u00b0C<\/p>\n<\/li>\n<li data-start=\"2566\" data-end=\"2622\">\n<p data-start=\"2568\" data-end=\"2622\"><strong data-start=\"2568\" data-end=\"2576\">PERSONLIG VERNEUTSTYR:<\/strong> Vernebriller, nitrilhansker, laboratoriefrakk<\/p>\n<\/li>\n<li data-start=\"2623\" data-end=\"2675\">\n<p data-start=\"2625\" data-end=\"2675\"><strong data-start=\"2625\" data-end=\"2640\">H\u00e5ndtering:<\/strong> Kun i ventilerte laboratorierom<\/p>\n<\/li>\n<li data-start=\"2676\" data-end=\"2759\">\n<p data-start=\"2678\" data-end=\"2759\"><strong data-start=\"2678\" data-end=\"2693\">Avhending:<\/strong> I henhold til lokale forskrifter for narkotika og farlige stoffer<\/p>\n<\/li>\n<\/ul>\n<h3 data-start=\"2766\" data-end=\"2790\">FAQ - Ofte stilte sp\u00f8rsm\u00e5l<\/h3>\n<p data-start=\"2791\" data-end=\"2858\"><strong data-start=\"2791\" data-end=\"2856\">Er natriumoksybat Ethypharm lovlig \u00e5 kj\u00f8pe i Tyskland?<\/strong><\/p>\n<ul data-start=\"2859\" data-end=\"2933\">\n<li data-start=\"2859\" data-end=\"2933\">\n<p data-start=\"2861\" data-end=\"2933\">Ja, men bare for autoriserte anlegg med lisens i henhold til BtMG.<\/p>\n<\/li>\n<\/ul>\n<p data-start=\"2935\" data-end=\"2967\"><strong data-start=\"2935\" data-end=\"2965\">Hvordan er leveransen organisert?<\/strong><\/p>\n<ul data-start=\"2968\" data-end=\"3045\">\n<li data-start=\"2968\" data-end=\"3045\">\n<p data-start=\"2970\" data-end=\"3045\">Kun til registrerte institusjoner, via ADR-transport av farlig gods.<\/p>\n<\/li>\n<\/ul>\n<p data-start=\"3047\" data-end=\"3086\"><strong data-start=\"3047\" data-end=\"3084\">Hvilke dokumenter er p\u00e5krevd?<\/strong><\/p>\n<ul data-start=\"3087\" data-end=\"3158\">\n<li data-start=\"3087\" data-end=\"3158\">\n<p data-start=\"3089\" data-end=\"3158\">Offisiell lisens, handelslisens, sluttbrukssertifikat, hvis aktuelt.<\/p>\n<\/li>\n<\/ul>\n<p data-start=\"3160\" data-end=\"3202\"><strong data-start=\"3160\" data-end=\"3200\">Forskjell til lignende stoffer?<\/strong><\/p>\n<ul data-start=\"3203\" data-end=\"3301\">\n<li data-start=\"3203\" data-end=\"3301\">\n<p data-start=\"3205\" data-end=\"3301\">Strengt regulert stoff, m\u00e5 ikke forveksles med ukontrollerte salter eller forl\u00f8pere.<\/p>\n<\/li>\n<\/ul>\n<h3 data-start=\"3308\" data-end=\"3335\">Be om et tilbud n\u00e5<\/h3>\n<p data-start=\"3336\" data-end=\"3521\">For et skreddersydd tilbud for <strong data-start=\"3369\" data-end=\"3420\">Kj\u00f8p Natriumoksybat Ethypharm 500 mg\/ml oppl\u00f8sning<\/strong> og detaljer om leveringsbetingelser i Tyskland, vennligst send oss autorisasjonsdokumentene dine.<\/p>\n<p data-start=\"3528\" data-end=\"3815\"><strong data-start=\"3528\" data-end=\"3552\">Juridisk merknad:<\/strong><br data-start=\"3552\" data-end=\"3555\" \/>Distribusjon og forsendelse skjer utelukkende til autoriserte institusjoner i samsvar med tyske BtMG- og EU-forskrifter. Kj\u00f8peren er ansvarlig for \u00e5 overholde alle lovkrav, inkludert lagring, h\u00e5ndtering og sluttbruk.<\/p>","protected":false},"excerpt":{"rendered":"<p>Natriumoksybat Ethypharm 500 mg\/ml oppl\u00f8sning (natriumoksybat, Xyrem) i farmas\u00f8ytisk kvalitet \u226599 % renhet med COA og SDS. Lovlig ADR-forsendelse til autoriserte anlegg i Tyskland i henhold til BtMG.<\/p>","protected":false},"featured_media":15966,"comment_status":"open","ping_status":"closed","template":"","meta":{"jetpack_publicize_message":"","jetpack_publicize_feature_enabled":true,"jetpack_social_post_already_shared":false,"jetpack_social_options":{"image_generator_settings":{"template":"highway","default_image_id":0,"font":"","enabled":false},"version":2}},"product_brand":[],"product_cat":[27],"product_tag":[89,90],"class_list":{"0":"post-15965","1":"product","2":"type-product","3":"status-publish","4":"has-post-thumbnail","6":"product_cat-ko-tropfen-wo-kaufen","7":"product_tag-gbl-bestellen-deutschland","8":"product_tag-ghb-kaufen-deutschland","10":"first","11":"instock","12":"sale","13":"featured","14":"shipping-taxable","15":"purchasable","16":"product-type-simple"},"jetpack_publicize_connections":[],"jetpack_sharing_enabled":true,"_links":{"self":[{"href":"https:\/\/ko-tropfen-kaufen.com\/nb\/wp-json\/wp\/v2\/product\/15965","targetHints":{"allow":["GET"]}}],"collection":[{"href":"https:\/\/ko-tropfen-kaufen.com\/nb\/wp-json\/wp\/v2\/product"}],"about":[{"href":"https:\/\/ko-tropfen-kaufen.com\/nb\/wp-json\/wp\/v2\/types\/product"}],"replies":[{"embeddable":true,"href":"https:\/\/ko-tropfen-kaufen.com\/nb\/wp-json\/wp\/v2\/comments?post=15965"}],"version-history":[{"count":1,"href":"https:\/\/ko-tropfen-kaufen.com\/nb\/wp-json\/wp\/v2\/product\/15965\/revisions"}],"predecessor-version":[{"id":15967,"href":"https:\/\/ko-tropfen-kaufen.com\/nb\/wp-json\/wp\/v2\/product\/15965\/revisions\/15967"}],"wp:featuredmedia":[{"embeddable":true,"href":"https:\/\/ko-tropfen-kaufen.com\/nb\/wp-json\/wp\/v2\/media\/15966"}],"wp:attachment":[{"href":"https:\/\/ko-tropfen-kaufen.com\/nb\/wp-json\/wp\/v2\/media?parent=15965"}],"wp:term":[{"taxonomy":"product_brand","embeddable":true,"href":"https:\/\/ko-tropfen-kaufen.com\/nb\/wp-json\/wp\/v2\/product_brand?post=15965"},{"taxonomy":"product_cat","embeddable":true,"href":"https:\/\/ko-tropfen-kaufen.com\/nb\/wp-json\/wp\/v2\/product_cat?post=15965"},{"taxonomy":"product_tag","embeddable":true,"href":"https:\/\/ko-tropfen-kaufen.com\/nb\/wp-json\/wp\/v2\/product_tag?post=15965"}],"curies":[{"name":"wp","href":"https:\/\/api.w.org\/{rel}","templated":true}]}}