{"id":15720,"date":"2024-11-25T20:38:37","date_gmt":"2024-11-25T20:38:37","guid":{"rendered":"https:\/\/ko-tropfen-kaufen.com\/?page_id=15720"},"modified":"2024-11-25T20:38:42","modified_gmt":"2024-11-25T20:38:42","slug":"personvernerklaering","status":"publish","type":"page","link":"https:\/\/ko-tropfen-kaufen.com\/nb\/personvernerklaering\/","title":{"rendered":"Retningslinjer for personvern"},"content":{"rendered":"<div id=\"ez-toc-container\" class=\"ez-toc-v2_0_82_2 counter-hierarchy ez-toc-counter ez-toc-grey ez-toc-container-direction\">\n<div class=\"ez-toc-title-container\">\n<p class=\"ez-toc-title\" style=\"cursor:inherit\">Innholdsfortegnelse<\/p>\n<span class=\"ez-toc-title-toggle\"><a href=\"#\" class=\"ez-toc-pull-right ez-toc-btn ez-toc-btn-xs ez-toc-btn-default ez-toc-toggle\" aria-label=\"Veksle mellom innholdsfortegnelsen\"><span class=\"ez-toc-js-icon-con\"><span class=\"\"><span class=\"eztoc-hide\" style=\"display:none;\">Toggle<\/span><span class=\"ez-toc-icon-toggle-span\"><svg style=\"fill: #999;color:#999\" xmlns=\"http:\/\/www.w3.org\/2000\/svg\" class=\"list-377408\" width=\"20px\" height=\"20px\" viewbox=\"0 0 24 24\" fill=\"none\"><path d=\"M6 6H4v2h2V6zm14 0H8v2h12V6zM4 11h2v2H4v-2zm16 0H8v2h12v-2zM4 16h2v2H4v-2zm16 0H8v2h12v-2z\" fill=\"currentColor\"><\/path><\/svg><svg style=\"fill: #999;color:#999\" class=\"arrow-unsorted-368013\" xmlns=\"http:\/\/www.w3.org\/2000\/svg\" width=\"10px\" height=\"10px\" viewbox=\"0 0 24 24\" version=\"1.2\" baseprofile=\"tiny\"><path d=\"M18.2 9.3l-6.2-6.3-6.2 6.3c-.2.2-.3.4-.3.7s.1.5.3.7c.2.2.4.3.7.3h11c.3 0 .5-.1.7-.3.2-.2.3-.5.3-.7s-.1-.5-.3-.7zM5.8 14.7l6.2 6.3 6.2-6.3c.2-.2.3-.5.3-.7s-.1-.5-.3-.7c-.2-.2-.4-.3-.7-.3h-11c-.3 0-.5.1-.7.3-.2.2-.3.5-.3.7s.1.5.3.7z\"\/><\/svg><\/span><\/span><\/span><\/a><\/span><\/div>\n<nav><ul class='ez-toc-list ez-toc-list-level-1' ><li class='ez-toc-page-1 ez-toc-heading-level-3'><a class=\"ez-toc-link ez-toc-heading-1\" href=\"https:\/\/ko-tropfen-kaufen.com\/nb\/personvernerklaering\/#Ko-Tropfen-Kaufencom_Datenschutzrichtlinie\" >Ko-Tropfen-Kaufen.com Retningslinjer for personvern<\/a><\/li><li class='ez-toc-page-1 ez-toc-heading-level-3'><a class=\"ez-toc-link ez-toc-heading-2\" href=\"https:\/\/ko-tropfen-kaufen.com\/nb\/personvernerklaering\/#Erfassung_und_Verwendung_von_Daten\" >Innsamling og bruk av data<\/a><ul class='ez-toc-list-level-4' ><li class='ez-toc-heading-level-4'><a class=\"ez-toc-link ez-toc-heading-3\" href=\"https:\/\/ko-tropfen-kaufen.com\/nb\/personvernerklaering\/#Personliche_Daten\" >Personopplysninger<\/a><\/li><li class='ez-toc-page-1 ez-toc-heading-level-4'><a class=\"ez-toc-link ez-toc-heading-4\" href=\"https:\/\/ko-tropfen-kaufen.com\/nb\/personvernerklaering\/#Automatisch_erfasste_Daten\" >Automatisk registrerte data<\/a><\/li><\/ul><\/li><li class='ez-toc-page-1 ez-toc-heading-level-3'><a class=\"ez-toc-link ez-toc-heading-5\" href=\"https:\/\/ko-tropfen-kaufen.com\/nb\/personvernerklaering\/#Verwendung_von_Cookies\" >Bruk av informasjonskapsler<\/a><\/li><li class='ez-toc-page-1 ez-toc-heading-level-3'><a class=\"ez-toc-link ez-toc-heading-6\" href=\"https:\/\/ko-tropfen-kaufen.com\/nb\/personvernerklaering\/#Weitergabe_von_Daten\" >Videresending av data<\/a><\/li><li class='ez-toc-page-1 ez-toc-heading-level-3'><a class=\"ez-toc-link ez-toc-heading-7\" href=\"https:\/\/ko-tropfen-kaufen.com\/nb\/personvernerklaering\/#Datensicherheit\" >Datasikkerhet<\/a><\/li><li class='ez-toc-page-1 ez-toc-heading-level-3'><a class=\"ez-toc-link ez-toc-heading-8\" href=\"https:\/\/ko-tropfen-kaufen.com\/nb\/personvernerklaering\/#Ihre_Rechte\" >Dine rettigheter<\/a><\/li><li class='ez-toc-page-1 ez-toc-heading-level-3'><a class=\"ez-toc-link ez-toc-heading-9\" href=\"https:\/\/ko-tropfen-kaufen.com\/nb\/personvernerklaering\/#Anderungen_an_dieser_Datenschutzrichtlinie\" >Endringer i denne personvernerkl\u00e6ringen<\/a><\/li><li class='ez-toc-page-1 ez-toc-heading-level-3'><a class=\"ez-toc-link ez-toc-heading-10\" href=\"https:\/\/ko-tropfen-kaufen.com\/nb\/personvernerklaering\/#Kontakt\" >Kontakt oss<\/a><\/li><\/ul><\/nav><\/div>\n<h3 class=\"wp-block-heading\" id=\"h-ko-tropfen-kaufen-com-datenschutzrichtlinie\"><span class=\"ez-toc-section\" id=\"Ko-Tropfen-Kaufencom_Datenschutzrichtlinie\"><\/span>Ko-Tropfen-Kaufen.com Retningslinjer for personvern<span class=\"ez-toc-section-end\"><\/span><\/h3>\n\n\n\n<p>Med <a href=\"https:\/\/ko-tropfen-kaufen.com?v=820eb5b696ea\">Kj\u00f8p-co-drops.com<\/a> legger vi stor vekt p\u00e5 \u00e5 beskytte personvernet ditt og sikkerheten til personopplysningene dine. Denne personvernerkl\u00e6ringen forklarer hvilke opplysninger vi samler inn, hvordan vi bruker dem og hvilke tiltak vi iverksetter for \u00e5 beskytte opplysningene dine.<\/p>\n\n\n\n<h3 class=\"wp-block-heading\" id=\"h-erfassung-und-verwendung-von-daten\"><span class=\"ez-toc-section\" id=\"Erfassung_und_Verwendung_von_Daten\"><\/span>Innsamling og bruk av data<span class=\"ez-toc-section-end\"><\/span><\/h3>\n\n\n\n<h4 class=\"wp-block-heading\" id=\"h-personliche-daten\"><span class=\"ez-toc-section\" id=\"Personliche_Daten\"><\/span>Personopplysninger<span class=\"ez-toc-section-end\"><\/span><\/h4>\n\n\n\n<p>Vi samler inn personopplysninger som du frivillig oppgir til oss n\u00e5r du bruker nettstedet v\u00e5rt, for eksempel<\/p>\n\n\n\n<ul class=\"wp-block-list\">\n<li>Navn<\/li>\n\n\n\n<li>Adresse<\/li>\n\n\n\n<li>E-postadresse<\/li>\n\n\n\n<li>Telefonnummer<\/li>\n\n\n\n<li>Betalingsinformasjon<\/li>\n<\/ul>\n\n\n\n<p>Denne informasjonen brukes til \u00e5 behandle bestillingene dine, gi kundest\u00f8tte og sende deg relevant informasjon og tilbud.<\/p>\n\n\n\n<h4 class=\"wp-block-heading\" id=\"h-automatisch-erfasste-daten\"><span class=\"ez-toc-section\" id=\"Automatisch_erfasste_Daten\"><\/span>Automatisk registrerte data<span class=\"ez-toc-section-end\"><\/span><\/h4>\n\n\n\n<p>N\u00e5r du bes\u00f8ker nettstedet v\u00e5rt, samler vi automatisk inn visse opplysninger om enheten din og din bruk av nettstedet, blant annet<\/p>\n\n\n\n<ul class=\"wp-block-list\">\n<li>IP-adresse<\/li>\n\n\n\n<li>Nettlesertype og -versjon<\/li>\n\n\n\n<li>Referanse-URL<\/li>\n\n\n\n<li>Dato og klokkeslett for tilgang<\/li>\n\n\n\n<li>Sider bes\u00f8kt og lenker klikket p\u00e5<\/li>\n<\/ul>\n\n\n\n<p>Denne informasjonen hjelper oss med \u00e5 forbedre nettstedet v\u00e5rt og optimalisere brukeropplevelsen.<\/p>\n\n\n\n<h3 class=\"wp-block-heading\" id=\"h-verwendung-von-cookies\"><span class=\"ez-toc-section\" id=\"Verwendung_von_Cookies\"><\/span>Bruk av informasjonskapsler<span class=\"ez-toc-section-end\"><\/span><\/h3>\n\n\n\n<p>Nettstedet v\u00e5rt bruker informasjonskapsler for \u00e5 forbedre brukeropplevelsen din og for \u00e5 tilby visse funksjoner. Informasjonskapsler er sm\u00e5 tekstfiler som lagres p\u00e5 enheten din. Du kan deaktivere bruken av informasjonskapsler i innstillingene i nettleseren din, men dette kan p\u00e5virke funksjonaliteten p\u00e5 nettstedet v\u00e5rt.<\/p>\n\n\n\n<h3 class=\"wp-block-heading\" id=\"h-weitergabe-von-daten\"><span class=\"ez-toc-section\" id=\"Weitergabe_von_Daten\"><\/span>Videresending av data<span class=\"ez-toc-section-end\"><\/span><\/h3>\n\n\n\n<p>Vi gir ikke personopplysningene dine videre til tredjeparter, med unntak av i f\u00f8lgende tilfeller:<\/p>\n\n\n\n<ul class=\"wp-block-list\">\n<li><strong>Tjenesteleverand\u00f8r:<\/strong> Vi samarbeider med p\u00e5litelige tjenesteleverand\u00f8rer som utf\u00f8rer visse oppgaver p\u00e5 v\u00e5re vegne, for eksempel betalingsbehandling og frakt. Disse tjenesteleverand\u00f8rene har kun tilgang til den informasjonen de trenger for \u00e5 utf\u00f8re oppgavene sine, og er kontraktsmessig forpliktet til \u00e5 beskytte opplysningene dine.<\/li>\n\n\n\n<li><strong>Juridiske krav:<\/strong> Vi kan utlevere opplysningene dine hvis loven krever det, eller for \u00e5 beskytte v\u00e5re rettigheter.<\/li>\n<\/ul>\n\n\n\n<h3 class=\"wp-block-heading\" id=\"h-datensicherheit\"><span class=\"ez-toc-section\" id=\"Datensicherheit\"><\/span>Datasikkerhet<span class=\"ez-toc-section-end\"><\/span><\/h3>\n\n\n\n<p>Vi bruker egnede tekniske og organisatoriske tiltak for \u00e5 beskytte personopplysningene dine mot uautorisert tilgang, tap eller misbruk. Disse tiltakene omfatter kryptering av sensitiv informasjon og regelmessige sikkerhetskontroller.<\/p>\n\n\n\n<h3 class=\"wp-block-heading\" id=\"h-ihre-rechte\"><span class=\"ez-toc-section\" id=\"Ihre_Rechte\"><\/span>Dine rettigheter<span class=\"ez-toc-section-end\"><\/span><\/h3>\n\n\n\n<p>Du har rett til n\u00e5r som helst \u00e5 f\u00e5 informasjon om personopplysningene som er lagret hos oss, til \u00e5 be om at de rettes eller slettes, og til \u00e5 protestere mot behandlingen av opplysningene dine. For \u00e5 gj\u00f8re dette, vennligst kontakt oss p\u00e5 <a>support@ko-tropfen-kaufen.com<\/a>.<\/p>\n\n\n\n<h3 class=\"wp-block-heading\" id=\"h-anderungen-an-dieser-datenschutzrichtlinie\"><span class=\"ez-toc-section\" id=\"Anderungen_an_dieser_Datenschutzrichtlinie\"><\/span>Endringer i denne personvernerkl\u00e6ringen<span class=\"ez-toc-section-end\"><\/span><\/h3>\n\n\n\n<p>Vi forbeholder oss retten til \u00e5 oppdatere denne personvernerkl\u00e6ringen n\u00e5r som helst. Endringer vil bli lagt ut p\u00e5 denne siden og vil tre i kraft umiddelbart. Vi anbefaler at du sjekker disse retningslinjene regelmessig.<\/p>\n\n\n\n<h3 class=\"wp-block-heading\" id=\"h-kontakt\"><span class=\"ez-toc-section\" id=\"Kontakt\"><\/span>Kontakt oss<span class=\"ez-toc-section-end\"><\/span><\/h3>\n\n\n\n<p>Hvis du har sp\u00f8rsm\u00e5l eller bekymringer om personvernreglene v\u00e5re, kan du kontakte oss p\u00e5 <a>support@ko-tropfen-kaufen.com<\/a>. Vi fors\u00f8ker alltid \u00e5 l\u00f8se problemene dine raskt og p\u00e5 en tilfredsstillende m\u00e5te.<\/p>\n\n\n\n<p>Takk for at du stoler p\u00e5 Ko-Tropfen-Kaufen.com!<\/p>","protected":false},"excerpt":{"rendered":"<p>Ko-Tropfen-Kaufen.com Datenschutzrichtlinie Bei Ko-Tropfen-Kaufen.com legen wir gro\u00dfen Wert auf den Schutz Ihrer Privatsph\u00e4re und die Sicherheit Ihrer pers\u00f6nlichen Daten. Diese Datenschutzrichtlinie erkl\u00e4rt, welche Informationen wir sammeln, wie wir sie verwenden und welche Ma\u00dfnahmen wir ergreifen, um Ihre Daten zu sch\u00fctzen. Erfassung und Verwendung von Daten Pers\u00f6nliche Daten Wir erfassen pers\u00f6nliche Daten, die Sie uns freiwillig [&hellip;]<\/p>\n","protected":false},"author":2,"featured_media":0,"parent":0,"menu_order":0,"comment_status":"closed","ping_status":"closed","template":"","meta":{"footnotes":""},"class_list":["post-15720","page","type-page","status-publish","hentry"],"blocksy_meta":[],"jetpack_sharing_enabled":true,"_links":{"self":[{"href":"https:\/\/ko-tropfen-kaufen.com\/nb\/wp-json\/wp\/v2\/pages\/15720","targetHints":{"allow":["GET"]}}],"collection":[{"href":"https:\/\/ko-tropfen-kaufen.com\/nb\/wp-json\/wp\/v2\/pages"}],"about":[{"href":"https:\/\/ko-tropfen-kaufen.com\/nb\/wp-json\/wp\/v2\/types\/page"}],"author":[{"embeddable":true,"href":"https:\/\/ko-tropfen-kaufen.com\/nb\/wp-json\/wp\/v2\/users\/2"}],"replies":[{"embeddable":true,"href":"https:\/\/ko-tropfen-kaufen.com\/nb\/wp-json\/wp\/v2\/comments?post=15720"}],"version-history":[{"count":1,"href":"https:\/\/ko-tropfen-kaufen.com\/nb\/wp-json\/wp\/v2\/pages\/15720\/revisions"}],"predecessor-version":[{"id":15721,"href":"https:\/\/ko-tropfen-kaufen.com\/nb\/wp-json\/wp\/v2\/pages\/15720\/revisions\/15721"}],"wp:attachment":[{"href":"https:\/\/ko-tropfen-kaufen.com\/nb\/wp-json\/wp\/v2\/media?parent=15720"}],"curies":[{"name":"wp","href":"https:\/\/api.w.org\/{rel}","templated":true}]}}