{"id":15717,"date":"2024-11-25T21:29:54","date_gmt":"2024-11-25T20:29:54","guid":{"rendered":"https:\/\/ko-tropfen-kaufen.com\/?page_id=15717"},"modified":"2025-11-24T16:12:52","modified_gmt":"2025-11-24T15:12:52","slug":"sporsmal-og-svar-om-gbl-og-ghb","status":"publish","type":"page","link":"https:\/\/ko-tropfen-kaufen.com\/nb\/sporsmal-og-svar-om-gbl-og-ghb\/","title":{"rendered":"Vanlige sp\u00f8rsm\u00e5l"},"content":{"rendered":"<div id=\"ez-toc-container\" class=\"ez-toc-v2_0_82_2 counter-hierarchy ez-toc-counter ez-toc-grey ez-toc-container-direction\">\n<div class=\"ez-toc-title-container\">\n<p class=\"ez-toc-title\" style=\"cursor:inherit\">Innholdsfortegnelse<\/p>\n<span class=\"ez-toc-title-toggle\"><a href=\"#\" class=\"ez-toc-pull-right ez-toc-btn ez-toc-btn-xs ez-toc-btn-default ez-toc-toggle\" aria-label=\"Veksle mellom innholdsfortegnelsen\"><span class=\"ez-toc-js-icon-con\"><span class=\"\"><span class=\"eztoc-hide\" style=\"display:none;\">Toggle<\/span><span class=\"ez-toc-icon-toggle-span\"><svg style=\"fill: #999;color:#999\" xmlns=\"http:\/\/www.w3.org\/2000\/svg\" class=\"list-377408\" width=\"20px\" height=\"20px\" viewbox=\"0 0 24 24\" fill=\"none\"><path d=\"M6 6H4v2h2V6zm14 0H8v2h12V6zM4 11h2v2H4v-2zm16 0H8v2h12v-2zM4 16h2v2H4v-2zm16 0H8v2h12v-2z\" fill=\"currentColor\"><\/path><\/svg><svg style=\"fill: #999;color:#999\" class=\"arrow-unsorted-368013\" xmlns=\"http:\/\/www.w3.org\/2000\/svg\" width=\"10px\" height=\"10px\" viewbox=\"0 0 24 24\" version=\"1.2\" baseprofile=\"tiny\"><path d=\"M18.2 9.3l-6.2-6.3-6.2 6.3c-.2.2-.3.4-.3.7s.1.5.3.7c.2.2.4.3.7.3h11c.3 0 .5-.1.7-.3.2-.2.3-.5.3-.7s-.1-.5-.3-.7zM5.8 14.7l6.2 6.3 6.2-6.3c.2-.2.3-.5.3-.7s-.1-.5-.3-.7c-.2-.2-.4-.3-.7-.3h-11c-.3 0-.5.1-.7.3-.2.2-.3.5-.3.7s.1.5.3.7z\"\/><\/svg><\/span><\/span><\/span><\/a><\/span><\/div>\n<nav><ul class='ez-toc-list ez-toc-list-level-1' ><li class='ez-toc-page-1 ez-toc-heading-level-1'><a class=\"ez-toc-link ez-toc-heading-1\" href=\"https:\/\/ko-tropfen-kaufen.com\/nb\/sporsmal-og-svar-om-gbl-og-ghb\/#FAQs_zu_GBL_und_GHB\" >Vanlige sp\u00f8rsm\u00e5l om GBL og GHB<\/a><ul class='ez-toc-list-level-3' ><li class='ez-toc-heading-level-3'><ul class='ez-toc-list-level-3' ><li class='ez-toc-heading-level-3'><a class=\"ez-toc-link ez-toc-heading-2\" href=\"https:\/\/ko-tropfen-kaufen.com\/nb\/sporsmal-og-svar-om-gbl-og-ghb\/#Was_sind_GBL_und_GHB\" >Hva er GBL og GHB?<\/a><\/li><li class='ez-toc-page-1 ez-toc-heading-level-3'><a class=\"ez-toc-link ez-toc-heading-3\" href=\"https:\/\/ko-tropfen-kaufen.com\/nb\/sporsmal-og-svar-om-gbl-og-ghb\/#Wie_werden_GBL_und_GHB_konsumiert\" >Hvordan inntas GBL og GHB?<\/a><\/li><li class='ez-toc-page-1 ez-toc-heading-level-3'><a class=\"ez-toc-link ez-toc-heading-4\" href=\"https:\/\/ko-tropfen-kaufen.com\/nb\/sporsmal-og-svar-om-gbl-og-ghb\/#Welche_Wirkungen_haben_GBL_und_GHB\" >Hva er virkningene av GBL og GHB?<\/a><\/li><li class='ez-toc-page-1 ez-toc-heading-level-3'><a class=\"ez-toc-link ez-toc-heading-5\" href=\"https:\/\/ko-tropfen-kaufen.com\/nb\/sporsmal-og-svar-om-gbl-og-ghb\/#Was_sind_die_Risiken_und_Nebenwirkungen\" >Hva er risikoen og bivirkningene?<\/a><\/li><li class='ez-toc-page-1 ez-toc-heading-level-3'><a class=\"ez-toc-link ez-toc-heading-6\" href=\"https:\/\/ko-tropfen-kaufen.com\/nb\/sporsmal-og-svar-om-gbl-og-ghb\/#Warum_werden_GBL_und_GHB_manchmal_als_%E2%80%9EK-o-Tropfen%E2%80%9C_bezeichnet\" >Hvorfor blir GBL og GHB noen ganger omtalt som \"knockout-drops\"?<\/a><\/li><li class='ez-toc-page-1 ez-toc-heading-level-3'><a class=\"ez-toc-link ez-toc-heading-7\" href=\"https:\/\/ko-tropfen-kaufen.com\/nb\/sporsmal-og-svar-om-gbl-og-ghb\/#Wie_kann_man_das_Risiko_bei_der_Verwendung_von_GBL_oder_GHB_minimieren\" >Hvordan kan du minimere risikoen ved bruk av GBL eller GHB?<\/a><\/li><li class='ez-toc-page-1 ez-toc-heading-level-3'><a class=\"ez-toc-link ez-toc-heading-8\" href=\"https:\/\/ko-tropfen-kaufen.com\/nb\/sporsmal-og-svar-om-gbl-og-ghb\/#Was_sollte_man_im_Falle_einer_Uberdosierung_tun\" >Hva skal jeg gj\u00f8re i tilfelle en overdose?<\/a><\/li><\/ul><\/li><\/ul><\/li><\/ul><\/nav><\/div>\n<h1 class=\"wp-block-heading\" id=\"h-faqs-zu-gbl-und-ghb\"><span class=\"ez-toc-section\" id=\"FAQs_zu_GBL_und_GHB\"><\/span>Vanlige sp\u00f8rsm\u00e5l om GBL og GHB<span class=\"ez-toc-section-end\"><\/span><\/h1>\n\n\n\n<p>Finn svar p\u00e5 ofte stilte sp\u00f8rsm\u00e5l om v\u00e5r<a href=\"https:\/\/ko-tropfen-kaufen.com\/product\/gbl-kaufen-legal\/\" data-type=\"product\" data-id=\"15632\"> GBL<\/a>- og <a href=\"https:\/\/ko-tropfen-kaufen.com\/product\/ghb-kaufen\/\" data-type=\"product\" data-id=\"15622\">GHB<\/a>-produkter og -tjenester.<\/p>\n\n\n\n<h3 class=\"wp-block-heading\" id=\"h-was-sind-gbl-und-ghb\"><span class=\"ez-toc-section\" id=\"Was_sind_GBL_und_GHB\"><\/span><strong>Hva er GBL og GHB?<\/strong><span class=\"ez-toc-section-end\"><\/span><\/h3>\n\n\n\n<p>GBL (gamma-butyrolakton) og GHB (gamma-hydroksybutyrat) er kjemisk sett like stoffer. GBL er en forl\u00f8per for GHB og omdannes til GHB i kroppen. Begge er CNS-depressiva med beroligende og euforiserende effekter (<a href=\"https:\/\/www.alcoholanddrugsaction.org.uk\/a-to-z\/ghb-gbl\" target=\"_blank\" rel=\"noreferrer noopener\">Tiltak mot alkohol og narkotika<\/a>).<\/p>\n\n\n\n<h3 class=\"wp-block-heading\" id=\"h-wie-werden-gbl-und-ghb-konsumiert\"><span class=\"ez-toc-section\" id=\"Wie_werden_GBL_und_GHB_konsumiert\"><\/span><strong>Hvordan inntas GBL og GHB?<\/strong><span class=\"ez-toc-section-end\"><\/span><\/h3>\n\n\n\n<p>Begge stoffene tas vanligvis oralt. GHB er ofte tilgjengelig i en klar, luktfri og nesten smakl\u00f8s v\u00e6skeform. GBL fortynnes vanligvis med juice eller andre v\u00e6sker p\u00e5 grunn av den sterke kjemiske smaken.<\/p>\n\n\n\n<h3 class=\"wp-block-heading\" id=\"h-welche-wirkungen-haben-gbl-und-ghb\"><span class=\"ez-toc-section\" id=\"Welche_Wirkungen_haben_GBL_und_GHB\"><\/span><strong>Hva er virkningene av GBL og GHB?<\/strong><span class=\"ez-toc-section-end\"><\/span><\/h3>\n\n\n\n<p>Virkningene inkluderer eufori, reduserte hemninger og d\u00f8sighet. Ved h\u00f8yere doser kan de for\u00e5rsake forvirring, bevisstl\u00f8shet og respirasjonsdepresjon. Effektene kan inntreffe i l\u00f8pet av 10-60 minutter og vare i opptil sju timer (<a href=\"https:\/\/www.drugfacts.org.uk\/index.php?title=GBL_\/_GHB\" target=\"_blank\" rel=\"noreferrer noopener\">DrugFacts<\/a>) (<a href=\"https:\/\/www.cads.org.nz\/reducing-harm\/drugs\/ghb-gbl-and-14b-g-gbh-one4b-liquid-ecstasy-fantasy\/\" target=\"_blank\" rel=\"noreferrer noopener\">CADS Auckland<\/a>).<\/p>\n\n\n\n<h3 class=\"wp-block-heading\" id=\"h-was-sind-die-risiken-und-nebenwirkungen\"><span class=\"ez-toc-section\" id=\"Was_sind_die_Risiken_und_Nebenwirkungen\"><\/span><strong>Hva er risikoen og bivirkningene?<\/strong><span class=\"ez-toc-section-end\"><\/span><\/h3>\n\n\n\n<p>Kortsiktige effekter inkluderer kvalme, oppkast, hukommelsestap og redusert hjertefrekvens. Risikoen for overdosering er betydelig, spesielt n\u00e5r det blandes med alkohol eller andre depressiva, noe som kan f\u00f8re til koma eller d\u00f8d. Langvarig bruk kan f\u00f8re til avhengighet, abstinenssymptomer og alvorlige helseproblemer.<\/p>\n\n\n\n<h3 class=\"wp-block-heading\" id=\"h-warum-werden-gbl-und-ghb-manchmal-als-k-o-tropfen-bezeichnet\"><span class=\"ez-toc-section\" id=\"Warum_werden_GBL_und_GHB_manchmal_als_%E2%80%9EK-o-Tropfen%E2%80%9C_bezeichnet\"><\/span><strong>Hvorfor blir GBL og GHB noen ganger omtalt som \"knockout-drops\"?<\/strong><span class=\"ez-toc-section-end\"><\/span><\/h3>\n\n\n\n<p>P\u00e5 grunn av sine beroligende egenskaper og det faktum at de ofte er fargel\u00f8se og smakl\u00f8se, har GBL og GHB blitt brukt til \u00e5 lette seksualforbrytelser ved \u00e5 bed\u00f8ve ofrene uten deres viten.<\/p>\n\n\n\n<h3 class=\"wp-block-heading\" id=\"h-wie-kann-man-das-risiko-bei-der-verwendung-von-gbl-oder-ghb-minimieren\"><span class=\"ez-toc-section\" id=\"Wie_kann_man_das_Risiko_bei_der_Verwendung_von_GBL_oder_GHB_minimieren\"><\/span><strong>Hvordan kan du minimere risikoen ved bruk av GBL eller GHB?<\/strong><span class=\"ez-toc-section-end\"><\/span><\/h3>\n\n\n\n<p>Unng\u00e5 \u00e5 ta det alene, v\u00e6r alltid sammen med venner og s\u00f8rg for at noen vet hva du har tatt. V\u00e6r forsiktig med hvor du f\u00e5r stoffet fra, da styrken kan variere. Bland aldri med alkohol eller andre beroligende midler, da risikoen for overdose er h\u00f8y.<\/p>\n\n\n\n<h3 class=\"wp-block-heading\" id=\"h-was-sollte-man-im-falle-einer-uberdosierung-tun\"><span class=\"ez-toc-section\" id=\"Was_sollte_man_im_Falle_einer_Uberdosierung_tun\"><\/span><strong>Hva skal jeg gj\u00f8re i tilfelle en overdose?<\/strong><span class=\"ez-toc-section-end\"><\/span><\/h3>\n\n\n\n<p>Hvis noen mister bevisstheten etter inntak av GBL eller GHB, er det viktig \u00e5 ringe 911 umiddelbart. Hold personen v\u00e5ken og i en trygg stilling til hjelpen ankommer.<\/p>","protected":false},"excerpt":{"rendered":"<p>FAQs zu GBL und GHB Finden Sie Antworten auf h\u00e4ufig gestellte Fragen zu unseren GBL&#8211; und GHB-Produkten und -Dienstleistungen. Was sind GBL und GHB? GBL (Gamma-Butyrolacton) und GHB (Gamma-Hydroxybutyrat) sind chemisch \u00e4hnliche Substanzen. GBL ist eine Vorstufe von GHB und wird im K\u00f6rper zu GHB umgewandelt. Beide sind ZNS-Depressiva mit sedativen und euphorisierenden Effekten\u200b (Alcohol [&hellip;]<\/p>\n","protected":false},"author":2,"featured_media":0,"parent":0,"menu_order":0,"comment_status":"closed","ping_status":"closed","template":"","meta":{"footnotes":""},"class_list":["post-15717","page","type-page","status-publish","hentry"],"blocksy_meta":[],"jetpack_sharing_enabled":true,"_links":{"self":[{"href":"https:\/\/ko-tropfen-kaufen.com\/nb\/wp-json\/wp\/v2\/pages\/15717","targetHints":{"allow":["GET"]}}],"collection":[{"href":"https:\/\/ko-tropfen-kaufen.com\/nb\/wp-json\/wp\/v2\/pages"}],"about":[{"href":"https:\/\/ko-tropfen-kaufen.com\/nb\/wp-json\/wp\/v2\/types\/page"}],"author":[{"embeddable":true,"href":"https:\/\/ko-tropfen-kaufen.com\/nb\/wp-json\/wp\/v2\/users\/2"}],"replies":[{"embeddable":true,"href":"https:\/\/ko-tropfen-kaufen.com\/nb\/wp-json\/wp\/v2\/comments?post=15717"}],"version-history":[{"count":2,"href":"https:\/\/ko-tropfen-kaufen.com\/nb\/wp-json\/wp\/v2\/pages\/15717\/revisions"}],"predecessor-version":[{"id":15886,"href":"https:\/\/ko-tropfen-kaufen.com\/nb\/wp-json\/wp\/v2\/pages\/15717\/revisions\/15886"}],"wp:attachment":[{"href":"https:\/\/ko-tropfen-kaufen.com\/nb\/wp-json\/wp\/v2\/media?parent=15717"}],"curies":[{"name":"wp","href":"https:\/\/api.w.org\/{rel}","templated":true}]}}