{"id":15712,"date":"2024-11-25T20:10:01","date_gmt":"2024-11-25T20:10:01","guid":{"rendered":"https:\/\/ko-tropfen-kaufen.com\/?page_id=15712"},"modified":"2024-11-25T20:10:02","modified_gmt":"2024-11-25T20:10:02","slug":"sikkerhet-og-juridisk-informasjon","status":"publish","type":"page","link":"https:\/\/ko-tropfen-kaufen.com\/nb\/sikkerhet-og-juridisk-informasjon\/","title":{"rendered":"Sikkerhet"},"content":{"rendered":"<p><a href=\"https:\/\/ko-tropfen-kaufen.com\/product\/gbl-kaufen-legal\/\">GBL<\/a> og <a href=\"https:\/\/ko-tropfen-kaufen.com\/product\/ghb-kaufen\/\">GHB<\/a> kan v\u00e6re farlige stoffer hvis de ikke h\u00e5ndteres p\u00e5 riktig m\u00e5te.<\/p>\n\n\n\n<ul class=\"wp-block-list\">\n<li><strong>Helseskade:<\/strong> Begge stoffene kan for\u00e5rsake alvorlige helseskader, bevisstl\u00f8shet, respirasjonsdepresjon og til og med d\u00f8d ved feilaktig inntak.<\/li>\n\n\n\n<li><strong>Fare for avhengighet:<\/strong> GHB har et h\u00f8yt avhengighetspotensial, og inntak kan raskt f\u00f8re til avhengighet.<\/li>\n\n\n\n<li><strong>Juridiske begrensninger:<\/strong> Salg og besittelse av GHB er strengt forbudt i Tyskland i henhold til narkotikaloven (BtMG). GBL er ogs\u00e5 underlagt juridisk kontroll, avhengig av bruksomr\u00e5de.<\/li>\n<\/ul>\n\n\n\n<p>Informer deg selv f\u00f8r hver bruk!<\/p>\n\n\n\n<h2 class=\"wp-block-heading\" id=\"h-rechtliche-aspekte\"><strong>Juridiske aspekter<\/strong><\/h2>\n\n\n\n<ul class=\"wp-block-list\">\n<li><strong>Tyskland:<\/strong> Salg og besittelse av GHB er ikke lovlig (men forhandlere kj\u00f8per og selger fortsatt GHB). GBL er underlagt vedlegg 2 i forordningen om farlige stoffer (GefStoffV) og kan bare kj\u00f8pes og brukes med en tilsvarende lisens.<\/li>\n\n\n\n<li><strong>Internasjonal:<\/strong> Den juridiske situasjonen n\u00e5r det gjelder GBL og GHB kan variere betydelig rundt om i verden. Sjekk alltid gjeldende lover i ditt land f\u00f8r du kj\u00f8per eller bruker GBL eller GHB.<\/li>\n<\/ul>\n\n\n\n<p><strong>Hvis du har sp\u00f8rsm\u00e5l om h\u00e5ndtering av farlige kjemiske stoffer, kan du kontakte en sertifisert forhandler eller en kjemikalieekspert.<\/strong><\/p>\n\n\n\n<p><strong>F\u00f8lgende ressurser kan v\u00e6re til hjelp:<\/strong><\/p>\n\n\n\n<ul class=\"wp-block-list\">\n<li><strong>Det f\u00f8derale instituttet for sikkerhet og helse p\u00e5 arbeidsplassen (BAUA):<\/strong> <a href=\"https:\/\/www.baua.de\/\" target=\"_blank\" rel=\"noreferrer noopener\">https:\/\/www.baua.de\/<\/a><\/li>\n\n\n\n<li><strong>Giftinformasjonssentralen:<\/strong> <a href=\"\/\/www.bvl.bund.de\/DE\/Arbeitsbereiche\/01_Lebensmittel\/03_Verbraucher\/09_InfektionenIntoxikationen\/02_Giftnotrufzentralen\/lm_LMVergiftung_giftnotrufzentralen_node.html\" target=\"_blank\" rel=\"noreferrer noopener\">https:\/\/www.bvl.bund.de\/DE\/Arbeitsbereiche\/01_Lebensmittel\/03_Verbraucher\/09_InfektionenIntoxikationen\/02_Giftnotrufzentralen\/lm_LMVergiftung_giftnotrufzentralen_node.html<\/a><\/li>\n<\/ul>\n\n\n\n<p><strong>Andre relevante s\u00f8keord:<\/strong> GBL, gamma-butyrolakton, GHB, gamma-hydroksysm\u00f8rsyre, farlige stoffer, narkotikalov (BtMG), forskrift om farlige stoffer (GefStoffV), rettstilstand, helseskade, risiko for avhengighet.<\/p>","protected":false},"excerpt":{"rendered":"<p>GBL und GHB k\u00f6nnen gef\u00e4hrliche Stoffe sein, wenn sie nicht ordnungsgem\u00e4\u00df gehandhabt werden. Informieren Sie sich vor jeder Verwendung! Rechtliche Aspekte Wenn Sie Fragen zum Umgang mit gef\u00e4hrlichen chemischen Substanzen haben, wenden Sie sich bitte an einen zertifizierten Fachh\u00e4ndler oder eine chemische Sachverst\u00e4ndigen. Folgende Ressourcen k\u00f6nnen hilfreich sein: Andere relevante Keywords: GBL, Gamma-Butyrolacton, GHB, Gamma-Hydroxybutters\u00e4ure, [&hellip;]<\/p>\n","protected":false},"author":2,"featured_media":15713,"parent":0,"menu_order":0,"comment_status":"closed","ping_status":"closed","template":"","meta":{"footnotes":""},"class_list":["post-15712","page","type-page","status-publish","has-post-thumbnail","hentry"],"blocksy_meta":[],"jetpack_sharing_enabled":true,"_links":{"self":[{"href":"https:\/\/ko-tropfen-kaufen.com\/nb\/wp-json\/wp\/v2\/pages\/15712","targetHints":{"allow":["GET"]}}],"collection":[{"href":"https:\/\/ko-tropfen-kaufen.com\/nb\/wp-json\/wp\/v2\/pages"}],"about":[{"href":"https:\/\/ko-tropfen-kaufen.com\/nb\/wp-json\/wp\/v2\/types\/page"}],"author":[{"embeddable":true,"href":"https:\/\/ko-tropfen-kaufen.com\/nb\/wp-json\/wp\/v2\/users\/2"}],"replies":[{"embeddable":true,"href":"https:\/\/ko-tropfen-kaufen.com\/nb\/wp-json\/wp\/v2\/comments?post=15712"}],"version-history":[{"count":1,"href":"https:\/\/ko-tropfen-kaufen.com\/nb\/wp-json\/wp\/v2\/pages\/15712\/revisions"}],"predecessor-version":[{"id":15714,"href":"https:\/\/ko-tropfen-kaufen.com\/nb\/wp-json\/wp\/v2\/pages\/15712\/revisions\/15714"}],"wp:featuredmedia":[{"embeddable":true,"href":"https:\/\/ko-tropfen-kaufen.com\/nb\/wp-json\/wp\/v2\/media\/15713"}],"wp:attachment":[{"href":"https:\/\/ko-tropfen-kaufen.com\/nb\/wp-json\/wp\/v2\/media?parent=15712"}],"curies":[{"name":"wp","href":"https:\/\/api.w.org\/{rel}","templated":true}]}}