{"id":15705,"date":"2024-11-25T20:57:41","date_gmt":"2024-11-25T19:57:41","guid":{"rendered":"https:\/\/ko-tropfen-kaufen.com\/?page_id=15705"},"modified":"2025-11-05T08:36:16","modified_gmt":"2025-11-05T07:36:16","slug":"hva-er-gbl","status":"publish","type":"page","link":"https:\/\/ko-tropfen-kaufen.com\/nb\/hva-er-gbl\/","title":{"rendered":"Hva er GBL?"},"content":{"rendered":"<p>Hva er GBL - Gamma-butyrolakton (GBL) er en fargel\u00f8s, hygroskopisk v\u00e6ske som er kjent for sin bruk som industrielt l\u00f8semiddel og kjemisk mellomprodukt.<\/p>\n\n\n\n<p>Det har molekylformelen C\u2084H\u2086O\u2082 og kjennetegnes av en svak lukt og en bitter smak. GBL er en lakton, en type syklisk ester, og er en forl\u00f8per for gammahydroksysm\u00f8rsyre (GHB).<\/p>\n\n\n\n<blockquote class=\"wp-block-quote is-layout-flow wp-block-quote-is-layout-flow\">\n<p>Andre navn p\u00e5 GBL: liquid ecstasys, blue nitro, blue nitro vitality, ghb droge, g droge, gbl dosieren, renewtrient, fire water, gamma-g, gh revitaliser, remforce.<\/p>\n<\/blockquote>\n\n\n\n<div id=\"ez-toc-container\" class=\"ez-toc-v2_0_82_2 counter-hierarchy ez-toc-counter ez-toc-grey ez-toc-container-direction\">\n<div class=\"ez-toc-title-container\">\n<p class=\"ez-toc-title\" style=\"cursor:inherit\">Innholdsfortegnelse<\/p>\n<span class=\"ez-toc-title-toggle\"><a href=\"#\" class=\"ez-toc-pull-right ez-toc-btn ez-toc-btn-xs ez-toc-btn-default ez-toc-toggle\" aria-label=\"Veksle mellom innholdsfortegnelsen\"><span class=\"ez-toc-js-icon-con\"><span class=\"\"><span class=\"eztoc-hide\" style=\"display:none;\">Toggle<\/span><span class=\"ez-toc-icon-toggle-span\"><svg style=\"fill: #999;color:#999\" xmlns=\"http:\/\/www.w3.org\/2000\/svg\" class=\"list-377408\" width=\"20px\" height=\"20px\" viewbox=\"0 0 24 24\" fill=\"none\"><path d=\"M6 6H4v2h2V6zm14 0H8v2h12V6zM4 11h2v2H4v-2zm16 0H8v2h12v-2zM4 16h2v2H4v-2zm16 0H8v2h12v-2z\" fill=\"currentColor\"><\/path><\/svg><svg style=\"fill: #999;color:#999\" class=\"arrow-unsorted-368013\" xmlns=\"http:\/\/www.w3.org\/2000\/svg\" width=\"10px\" height=\"10px\" viewbox=\"0 0 24 24\" version=\"1.2\" baseprofile=\"tiny\"><path d=\"M18.2 9.3l-6.2-6.3-6.2 6.3c-.2.2-.3.4-.3.7s.1.5.3.7c.2.2.4.3.7.3h11c.3 0 .5-.1.7-.3.2-.2.3-.5.3-.7s-.1-.5-.3-.7zM5.8 14.7l6.2 6.3 6.2-6.3c.2-.2.3-.5.3-.7s-.1-.5-.3-.7c-.2-.2-.4-.3-.7-.3h-11c-.3 0-.5.1-.7.3-.2.2-.3.5-.3.7s.1.5.3.7z\"\/><\/svg><\/span><\/span><\/span><\/a><\/span><\/div>\n<nav><ul class='ez-toc-list ez-toc-list-level-1' ><li class='ez-toc-page-1 ez-toc-heading-level-2'><a class=\"ez-toc-link ez-toc-heading-1\" href=\"https:\/\/ko-tropfen-kaufen.com\/nb\/hva-er-gbl\/#Chemische_Eigenschaften_und_industrielle_Verwendung_von_Gamma-Butyrolacton\" >Kjemiske egenskaper og industriell bruk av gamma-butyrolakton<\/a><\/li><li class='ez-toc-page-1 ez-toc-heading-level-2'><a class=\"ez-toc-link ez-toc-heading-2\" href=\"https:\/\/ko-tropfen-kaufen.com\/nb\/hva-er-gbl\/#Andere_Verwendungen_von_GBL\" >Andre bruksomr\u00e5der for GBL<\/a><\/li><li class='ez-toc-page-1 ez-toc-heading-level-2'><a class=\"ez-toc-link ez-toc-heading-3\" href=\"https:\/\/ko-tropfen-kaufen.com\/nb\/hva-er-gbl\/#Chemische_Reaktionen_von_GBL\" >Kjemiske reaksjoner av GBL<\/a><\/li><li class='ez-toc-page-1 ez-toc-heading-level-2'><a class=\"ez-toc-link ez-toc-heading-4\" href=\"https:\/\/ko-tropfen-kaufen.com\/nb\/hva-er-gbl\/#Regulierung_und_Rechtsstatus\" >Regulering og juridisk status<\/a><\/li><li class='ez-toc-page-1 ez-toc-heading-level-2'><a class=\"ez-toc-link ez-toc-heading-5\" href=\"https:\/\/ko-tropfen-kaufen.com\/nb\/hva-er-gbl\/#Gesundheitliche_Auswirkungen_und_Risiken\" >Helseeffekter og risiko<\/a><\/li><li class='ez-toc-page-1 ez-toc-heading-level-2'><a class=\"ez-toc-link ez-toc-heading-6\" href=\"https:\/\/ko-tropfen-kaufen.com\/nb\/hva-er-gbl\/#Wo_kann_man_GBL_kaufen\" >Hvor kan du kj\u00f8pe GBL?<\/a><\/li><\/ul><\/nav><\/div>\n<h2 class=\"wp-block-heading\" id=\"h-chemische-eigenschaften-und-industrielle-verwendung-von-gamma-butyrolacton\"><span class=\"ez-toc-section\" id=\"Chemische_Eigenschaften_und_industrielle_Verwendung_von_Gamma-Butyrolacton\"><\/span>Kjemiske egenskaper og industriell bruk av gamma-butyrolakton<span class=\"ez-toc-section-end\"><\/span><\/h2>\n\n\n\n<p>GBL produseres industrielt ved dehydrogenering av 1,4-butandiol i n\u00e6rv\u00e6r av en kobberkatalysator ved temperaturer mellom 180-300 \u00b0C.<\/p>\n\n\n\n<p>Utbyttet av denne prosessen er ca. 95 %, med rensing ved v\u00e6skefaseekstraksjon. GBL kan ogs\u00e5 syntetiseres i laboratoriet ved oksidasjon av tetrahydrofuran (THF) eller ved en lipasekatalysert reaksjon med 4-hydroksybutyrat (4-HB).<\/p>\n\n\n\n<p>GBL brukes ogs\u00e5 som mellomprodukt i produksjonen av andre kjemikalier, som N-metyl-2-pyrrolidon (NMP) og pyrrolidon, og i syntesen av visse legemidler.<\/p>\n\n\n\n<h2 class=\"wp-block-heading\" id=\"h-andere-verwendungen-von-gbl\"><span class=\"ez-toc-section\" id=\"Andere_Verwendungen_von_GBL\"><\/span>Andre bruksomr\u00e5der for GBL<span class=\"ez-toc-section-end\"><\/span><\/h2>\n\n\n\n<ul class=\"wp-block-list\">\n<li>Tynnere farge<\/li>\n\n\n\n<li>Rengj\u00f8ringsmidler<\/li>\n\n\n\n<li>Superlimfjerner<\/li>\n\n\n\n<li>Elektrolytiske kondensatorer<\/li>\n<\/ul>\n\n\n\n<h2 class=\"wp-block-heading\" id=\"h-chemische-reaktionen-von-gbl\"><span class=\"ez-toc-section\" id=\"Chemische_Reaktionen_von_GBL\"><\/span>Kjemiske reaksjoner av GBL<span class=\"ez-toc-section-end\"><\/span><\/h2>\n\n\n\n<p>Den kjemiske strukturen til GBL gj\u00f8r det mulig \u00e5 hydrolysere det til gammahydroksysm\u00f8rsyre (GHB) under basiske forhold. Denne egenskapen har f\u00f8rt til at GBL brukes til \u00e5 produsere GHB, som b\u00e5de er et terapeutisk middel og et misbruksstoff. Omdannelsesprosessen er enkel, noe som gj\u00f8r GBL til en viktig forl\u00f8per for GHB-syntese.<\/p>\n\n\n\n<figure class=\"wp-block-image size-full\"><img data-recalc-dims=\"1\" fetchpriority=\"high\" decoding=\"async\" width=\"1024\" height=\"379\" src=\"https:\/\/i0.wp.com\/ko-tropfen-kaufen.com\/wp-content\/uploads\/2024\/11\/Gbl-Produktionsprozess-1024x379-1.png?resize=1024%2C379&#038;ssl=1\" alt=\"\" class=\"wp-image-15708\" srcset=\"https:\/\/i0.wp.com\/ko-tropfen-kaufen.com\/wp-content\/uploads\/2024\/11\/Gbl-Produktionsprozess-1024x379-1.png?w=1024&amp;ssl=1 1024w, https:\/\/i0.wp.com\/ko-tropfen-kaufen.com\/wp-content\/uploads\/2024\/11\/Gbl-Produktionsprozess-1024x379-1.png?resize=430%2C159&amp;ssl=1 430w, https:\/\/i0.wp.com\/ko-tropfen-kaufen.com\/wp-content\/uploads\/2024\/11\/Gbl-Produktionsprozess-1024x379-1.png?resize=700%2C259&amp;ssl=1 700w, https:\/\/i0.wp.com\/ko-tropfen-kaufen.com\/wp-content\/uploads\/2024\/11\/Gbl-Produktionsprozess-1024x379-1.png?resize=400%2C148&amp;ssl=1 400w, https:\/\/i0.wp.com\/ko-tropfen-kaufen.com\/wp-content\/uploads\/2024\/11\/Gbl-Produktionsprozess-1024x379-1.png?resize=768%2C284&amp;ssl=1 768w\" sizes=\"(max-width: 1024px) 100vw, 1024px\" \/><\/figure>\n\n\n\n<h2 class=\"wp-block-heading\" id=\"h-regulierung-und-rechtsstatus\"><span class=\"ez-toc-section\" id=\"Regulierung_und_Rechtsstatus\"><\/span>Regulering og juridisk status<span class=\"ez-toc-section-end\"><\/span><\/h2>\n\n\n\n<p>GBL er lovregulert i mange land, ettersom det kan misbrukes som rusmiddel ved at det omdannes til GHB i kroppen. GHB er kjent for sine beroligende og euforiserende effekter, noe som har f\u00f8rt til at det har blitt forbundet med ulovlig bruk og sikkerhetsproblemer. Derfor er GBL ofte underlagt narkotikaprekursorlover, og salg og besittelse av stoffet kan v\u00e6re begrenset.<\/p>\n\n\n\n<h2 class=\"wp-block-heading\" id=\"h-gesundheitliche-auswirkungen-und-risiken\"><span class=\"ez-toc-section\" id=\"Gesundheitliche_Auswirkungen_und_Risiken\"><\/span>Helseeffekter og risiko<span class=\"ez-toc-section-end\"><\/span><\/h2>\n\n\n\n<p>Inntak av GBL kan for\u00e5rsake en rekke bivirkninger, blant annet kvalme, hodepine, t\u00e5kesyn, hjertebank og forh\u00f8yet blodtrykk. Langvarig misbruk kan f\u00f8re til alvorlige psykiske og fysiske helseproblemer som depresjon, angst og til og med psykose. Det er derfor avgj\u00f8rende \u00e5 innta GBL p\u00e5 en ansvarlig m\u00e5te og i samsvar med relevante juridiske og sikkerhetsmessige retningslinjer.<\/p>\n\n\n\n<figure class=\"wp-block-image size-full is-resized\"><img data-recalc-dims=\"1\" decoding=\"async\" width=\"1024\" height=\"585\" src=\"https:\/\/i0.wp.com\/ko-tropfen-kaufen.com\/wp-content\/uploads\/2024\/11\/GBL-pharmacie-1024x585-1.jpg?resize=1024%2C585&#038;ssl=1\" alt=\"\" class=\"wp-image-15709\" style=\"width:1192px;height:auto\" srcset=\"https:\/\/i0.wp.com\/ko-tropfen-kaufen.com\/wp-content\/uploads\/2024\/11\/GBL-pharmacie-1024x585-1.jpg?w=1024&amp;ssl=1 1024w, https:\/\/i0.wp.com\/ko-tropfen-kaufen.com\/wp-content\/uploads\/2024\/11\/GBL-pharmacie-1024x585-1.jpg?resize=430%2C246&amp;ssl=1 430w, https:\/\/i0.wp.com\/ko-tropfen-kaufen.com\/wp-content\/uploads\/2024\/11\/GBL-pharmacie-1024x585-1.jpg?resize=700%2C400&amp;ssl=1 700w, https:\/\/i0.wp.com\/ko-tropfen-kaufen.com\/wp-content\/uploads\/2024\/11\/GBL-pharmacie-1024x585-1.jpg?resize=400%2C229&amp;ssl=1 400w, https:\/\/i0.wp.com\/ko-tropfen-kaufen.com\/wp-content\/uploads\/2024\/11\/GBL-pharmacie-1024x585-1.jpg?resize=768%2C439&amp;ssl=1 768w\" sizes=\"(max-width: 1024px) 100vw, 1024px\" \/><\/figure>\n\n\n\n<h2 class=\"wp-block-heading\" id=\"h-wo-kann-man-gbl-kaufen\"><span class=\"ez-toc-section\" id=\"Wo_kann_man_GBL_kaufen\"><\/span>Hvor kan du kj\u00f8pe GBL?<span class=\"ez-toc-section-end\"><\/span><\/h2>\n\n\n\n<p>Hvis du trenger GBL til legitime industrielle form\u00e5l, kan du kj\u00f8pe det fra ulike leverand\u00f8rer. P\u00e5litelige kilder er blant annet spesialiserte kjemikalieleverand\u00f8rer og industrileverand\u00f8rer. N\u00e5r du kj\u00f8per GBL, m\u00e5 du alltid s\u00f8rge for \u00e5 overholde lokale forskrifter. Ved \u00e5 unders\u00f8ke leverand\u00f8rer og lese anmeldelser kan du sikre at du f\u00e5r GBL av h\u00f8y kvalitet til dine behov.<\/p>\n\n\n\n<ul class=\"wp-block-list\">\n<li><strong>GBL Clean Shop<\/strong>Denne butikken tilbyr en rekke GBL-produkter som f\u00f8rst og fremst markedsf\u00f8res for industriell rengj\u00f8ring, for eksempel hjulrengj\u00f8ring og l\u00f8semiddelbruk. Selskapet legger stor vekt p\u00e5 kvaliteten og renheten til GBL-produktene og gir detaljerte bruksanvisninger (GBL Clean Shop).<\/li>\n\n\n\n<li><strong>GBL Shop<\/strong>Denne butikken er kjent for sitt omfattende utvalg av GBL-produkter og tilbyr alternativer for ulike mengder, inkludert 500 ml, 1 liter, 2 liter, 5 liter og mer. Den s\u00f8rger for sikre og diskrete transaksjoner og tilbyr konkurransedyktige priser (<a href=\"https:\/\/ko-tropfen-kaufen.com\/serioser-gbl-shop\">GBL Shop<\/a>).<\/li>\n\n\n\n<li><strong>GBL Chem Lab<\/strong>GBL selges i ulike mengder p\u00e5 dette nettstedet, og det reklameres for bruken av GBL til industriell rengj\u00f8ring og som kjemisk mellomprodukt. De legger vekt p\u00e5 sin sikre bestillingsprosess og raske fraktalternativer (GBL Chem Lab).<\/li>\n<\/ul>\n\n\n\n<p>Mer detaljert informasjon finnes i kilder som Wikipedia og FineChemical.net (<a href=\"https:\/\/de.wikipedia.org\/wiki\/\u0393-Butyrolacton\" target=\"_blank\" rel=\"noopener\">Wikipedia<\/a>) (Anbu Chem).<\/p>\n\n\n\n<p>Oppsummert er GBLs historie preget av den doble rollen som verdifullt industrielt l\u00f8semiddel og kontrollert forl\u00f8per til GHB, noe som gjenspeiler b\u00e5de nytteverdien og behovet for regulering for \u00e5 redusere misbruk.<\/p>","protected":false},"excerpt":{"rendered":"<p>Was ist GBL &#8211; Gamma-Butyrolacton (GBL) ist eine farblose, hygroskopische Fl\u00fcssigkeit, die f\u00fcr ihre Verwendung als industrielles L\u00f6sungsmittel und chemisches Zwischenprodukt bekannt ist. Es hat die Molekularformel C\u2084H\u2086O\u2082 und zeichnet sich durch einen schwachen Geruch und einen bitteren Geschmack aus. GBL ist ein Lacton, eine Art zyklischer Ester, und ist ein Vorl\u00e4ufer von Gamma-Hydroxybutters\u00e4ure (GHB). [&hellip;]<\/p>\n","protected":false},"author":2,"featured_media":0,"parent":0,"menu_order":0,"comment_status":"closed","ping_status":"closed","template":"","meta":{"footnotes":""},"class_list":["post-15705","page","type-page","status-publish","hentry"],"blocksy_meta":[],"jetpack_sharing_enabled":true,"_links":{"self":[{"href":"https:\/\/ko-tropfen-kaufen.com\/nb\/wp-json\/wp\/v2\/pages\/15705","targetHints":{"allow":["GET"]}}],"collection":[{"href":"https:\/\/ko-tropfen-kaufen.com\/nb\/wp-json\/wp\/v2\/pages"}],"about":[{"href":"https:\/\/ko-tropfen-kaufen.com\/nb\/wp-json\/wp\/v2\/types\/page"}],"author":[{"embeddable":true,"href":"https:\/\/ko-tropfen-kaufen.com\/nb\/wp-json\/wp\/v2\/users\/2"}],"replies":[{"embeddable":true,"href":"https:\/\/ko-tropfen-kaufen.com\/nb\/wp-json\/wp\/v2\/comments?post=15705"}],"version-history":[{"count":2,"href":"https:\/\/ko-tropfen-kaufen.com\/nb\/wp-json\/wp\/v2\/pages\/15705\/revisions"}],"predecessor-version":[{"id":15831,"href":"https:\/\/ko-tropfen-kaufen.com\/nb\/wp-json\/wp\/v2\/pages\/15705\/revisions\/15831"}],"wp:attachment":[{"href":"https:\/\/ko-tropfen-kaufen.com\/nb\/wp-json\/wp\/v2\/media?parent=15705"}],"curies":[{"name":"wp","href":"https:\/\/api.w.org\/{rel}","templated":true}]}}